{"id":1907,"date":"2022-07-28T14:07:22","date_gmt":"2022-07-28T12:07:22","guid":{"rendered":"https:\/\/webkrea.kiwanisbelux.site\/template\/?page_id=1907"},"modified":"2022-09-08T14:50:33","modified_gmt":"2022-09-08T12:50:33","slug":"lieu-des-reunions","status":"publish","type":"page","link":"https:\/\/webkrea.kiwanisbelux.site\/template\/le-club\/lieu-des-reunions\/","title":{"rendered":"Lieu des r\u00e9unions"},"content":{"rendered":"<p>[et_pb_section fb_built=\u00a0\u00bb1&Prime; admin_label=\u00a0\u00bbsection\u00a0\u00bb _builder_version=\u00a0\u00bb4.16&Prime; global_colors_info=\u00a0\u00bb{}\u00a0\u00bb][et_pb_row admin_label=\u00a0\u00bbrow\u00a0\u00bb _builder_version=\u00a0\u00bb4.16&Prime; background_size=\u00a0\u00bbinitial\u00a0\u00bb background_position=\u00a0\u00bbtop_left\u00a0\u00bb background_repeat=\u00a0\u00bbrepeat\u00a0\u00bb global_colors_info=\u00a0\u00bb{}\u00a0\u00bb][et_pb_column type=\u00a0\u00bb4_4&Prime; _builder_version=\u00a0\u00bb4.16&Prime; custom_padding=\u00a0\u00bb|||\u00a0\u00bb global_colors_info=\u00a0\u00bb{}\u00a0\u00bb custom_padding__hover=\u00a0\u00bb|||\u00a0\u00bb][et_pb_text admin_label=\u00a0\u00bbText\u00a0\u00bb _builder_version=\u00a0\u00bb4.18.0&Prime; background_size=\u00a0\u00bbinitial\u00a0\u00bb background_position=\u00a0\u00bbtop_left\u00a0\u00bb background_repeat=\u00a0\u00bbrepeat\u00a0\u00bb hover_enabled=\u00a0\u00bb0&Prime; global_colors_info=\u00a0\u00bb{}\u00a0\u00bb sticky_enabled=\u00a0\u00bb0&Prime;][\/et_pb_text][\/et_pb_column][\/et_pb_row][\/et_pb_section]<\/p>\n","protected":false},"excerpt":{"rendered":"","protected":false},"author":2,"featured_media":0,"parent":1899,"menu_order":0,"comment_status":"closed","ping_status":"closed","template":"","meta":{"_et_pb_use_builder":"on","_et_pb_old_content":"<!-- wp:paragraph -->\n<p><em>Tous les&nbsp;deuxi\u00e8me et quatri\u00e8me jeudi de mois \u00e0 19h30<\/em><\/p>\n<!-- \/wp:paragraph -->\n\n<!-- wp:paragraph -->\n<p>Rosweg, 19<br>1750 Lennik<\/p>\n<!-- \/wp:paragraph -->\n\n<!-- wp:image {\"id\":1908,\"sizeSlug\":\"full\",\"linkDestination\":\"none\"} -->\n<figure class=\"wp-block-image size-full\"><img src=\"https:\/\/webkrea.kiwanisbelux.site\/template\/wp-content\/uploads\/sites\/23\/2022\/07\/resto-axel-dewit.jpg\" alt=\"\" class=\"wp-image-1908\" \/><\/figure>\n<!-- \/wp:image -->\n\n<!-- wp:paragraph -->\n<p><\/p>\n<!-- \/wp:paragraph -->","_et_gb_content_width":""},"yoast_head":"<!-- This site is optimized with the Yoast SEO plugin v19.8 - https:\/\/yoast.com\/wordpress\/plugins\/seo\/ -->\n<title>Lieu des r\u00e9unions - Kiwanis LOCAL SITE TEMPLATE -<\/title>\n<meta name=\"robots\" content=\"noindex, follow, max-snippet:-1, max-image-preview:large, max-video-preview:-1\" \/>\n<meta property=\"og:locale\" content=\"fr_FR\" \/>\n<meta property=\"og:type\" content=\"article\" \/>\n<meta property=\"og:title\" content=\"Lieu des r\u00e9unions - Kiwanis LOCAL SITE TEMPLATE -\" \/>\n<meta property=\"og:url\" content=\"https:\/\/webkrea.kiwanisbelux.site\/template\/le-club\/lieu-des-reunions\/\" \/>\n<meta property=\"og:site_name\" content=\"- Kiwanis LOCAL SITE TEMPLATE -\" \/>\n<meta property=\"article:modified_time\" content=\"2022-09-08T12:50:33+00:00\" \/>\n<meta name=\"twitter:card\" content=\"summary_large_image\" \/>\n<meta name=\"twitter:label1\" content=\"Dur\u00e9e de lecture estim\u00e9e\" \/>\n\t<meta name=\"twitter:data1\" content=\"1 minute\" \/>\n<script type=\"application\/ld+json\" class=\"yoast-schema-graph\">{\"@context\":\"https:\/\/schema.org\",\"@graph\":[{\"@type\":\"WebPage\",\"@id\":\"https:\/\/webkrea.kiwanisbelux.site\/template\/le-club\/lieu-des-reunions\/\",\"url\":\"https:\/\/webkrea.kiwanisbelux.site\/template\/le-club\/lieu-des-reunions\/\",\"name\":\"Lieu des r\u00e9unions - Kiwanis LOCAL SITE TEMPLATE -\",\"isPartOf\":{\"@id\":\"https:\/\/webkrea.kiwanisbelux.site\/template\/#website\"},\"datePublished\":\"2022-07-28T12:07:22+00:00\",\"dateModified\":\"2022-09-08T12:50:33+00:00\",\"breadcrumb\":{\"@id\":\"https:\/\/webkrea.kiwanisbelux.site\/template\/le-club\/lieu-des-reunions\/#breadcrumb\"},\"inLanguage\":\"fr-FR\",\"potentialAction\":[{\"@type\":\"ReadAction\",\"target\":[\"https:\/\/webkrea.kiwanisbelux.site\/template\/le-club\/lieu-des-reunions\/\"]}]},{\"@type\":\"BreadcrumbList\",\"@id\":\"https:\/\/webkrea.kiwanisbelux.site\/template\/le-club\/lieu-des-reunions\/#breadcrumb\",\"itemListElement\":[{\"@type\":\"ListItem\",\"position\":1,\"name\":\"Home\",\"item\":\"https:\/\/webkrea.kiwanisbelux.site\/template\/\"},{\"@type\":\"ListItem\",\"position\":2,\"name\":\"Le club\",\"item\":\"https:\/\/webkrea.kiwanisbelux.site\/template\/le-club\/\"},{\"@type\":\"ListItem\",\"position\":3,\"name\":\"Lieu des r\u00e9unions\"}]},{\"@type\":\"WebSite\",\"@id\":\"https:\/\/webkrea.kiwanisbelux.site\/template\/#website\",\"url\":\"https:\/\/webkrea.kiwanisbelux.site\/template\/\",\"name\":\"- Kiwanis LOCAL SITE TEMPLATE -\",\"description\":\"\",\"publisher\":{\"@id\":\"https:\/\/webkrea.kiwanisbelux.site\/template\/#organization\"},\"potentialAction\":[{\"@type\":\"SearchAction\",\"target\":{\"@type\":\"EntryPoint\",\"urlTemplate\":\"https:\/\/webkrea.kiwanisbelux.site\/template\/?s={search_term_string}\"},\"query-input\":\"required name=search_term_string\"}],\"inLanguage\":\"fr-FR\"},{\"@type\":\"Organization\",\"@id\":\"https:\/\/webkrea.kiwanisbelux.site\/template\/#organization\",\"name\":\"Kiwanis\",\"url\":\"https:\/\/webkrea.kiwanisbelux.site\/template\/\",\"sameAs\":[],\"logo\":{\"@type\":\"ImageObject\",\"inLanguage\":\"fr-FR\",\"@id\":\"https:\/\/webkrea.kiwanisbelux.site\/template\/#\/schema\/logo\/image\/\",\"url\":\"https:\/\/webkrea.kiwanisbelux.site\/template\/wp-content\/uploads\/sites\/23\/2021\/04\/kiwanis-logo@2x.png\",\"contentUrl\":\"https:\/\/webkrea.kiwanisbelux.site\/template\/wp-content\/uploads\/sites\/23\/2021\/04\/kiwanis-logo@2x.png\",\"width\":555,\"height\":100,\"caption\":\"Kiwanis\"},\"image\":{\"@id\":\"https:\/\/webkrea.kiwanisbelux.site\/template\/#\/schema\/logo\/image\/\"}}]}<\/script>\n<!-- \/ Yoast SEO plugin. -->","yoast_head_json":{"title":"Lieu des r\u00e9unions - Kiwanis LOCAL SITE TEMPLATE -","robots":{"index":"noindex","follow":"follow","max-snippet":"max-snippet:-1","max-image-preview":"max-image-preview:large","max-video-preview":"max-video-preview:-1"},"og_locale":"fr_FR","og_type":"article","og_title":"Lieu des r\u00e9unions - Kiwanis LOCAL SITE TEMPLATE -","og_url":"https:\/\/webkrea.kiwanisbelux.site\/template\/le-club\/lieu-des-reunions\/","og_site_name":"- Kiwanis LOCAL SITE TEMPLATE -","article_modified_time":"2022-09-08T12:50:33+00:00","twitter_card":"summary_large_image","twitter_misc":{"Dur\u00e9e de lecture estim\u00e9e":"1 minute"},"schema":{"@context":"https:\/\/schema.org","@graph":[{"@type":"WebPage","@id":"https:\/\/webkrea.kiwanisbelux.site\/template\/le-club\/lieu-des-reunions\/","url":"https:\/\/webkrea.kiwanisbelux.site\/template\/le-club\/lieu-des-reunions\/","name":"Lieu des r\u00e9unions - Kiwanis LOCAL SITE TEMPLATE -","isPartOf":{"@id":"https:\/\/webkrea.kiwanisbelux.site\/template\/#website"},"datePublished":"2022-07-28T12:07:22+00:00","dateModified":"2022-09-08T12:50:33+00:00","breadcrumb":{"@id":"https:\/\/webkrea.kiwanisbelux.site\/template\/le-club\/lieu-des-reunions\/#breadcrumb"},"inLanguage":"fr-FR","potentialAction":[{"@type":"ReadAction","target":["https:\/\/webkrea.kiwanisbelux.site\/template\/le-club\/lieu-des-reunions\/"]}]},{"@type":"BreadcrumbList","@id":"https:\/\/webkrea.kiwanisbelux.site\/template\/le-club\/lieu-des-reunions\/#breadcrumb","itemListElement":[{"@type":"ListItem","position":1,"name":"Home","item":"https:\/\/webkrea.kiwanisbelux.site\/template\/"},{"@type":"ListItem","position":2,"name":"Le club","item":"https:\/\/webkrea.kiwanisbelux.site\/template\/le-club\/"},{"@type":"ListItem","position":3,"name":"Lieu des r\u00e9unions"}]},{"@type":"WebSite","@id":"https:\/\/webkrea.kiwanisbelux.site\/template\/#website","url":"https:\/\/webkrea.kiwanisbelux.site\/template\/","name":"- Kiwanis LOCAL SITE TEMPLATE -","description":"","publisher":{"@id":"https:\/\/webkrea.kiwanisbelux.site\/template\/#organization"},"potentialAction":[{"@type":"SearchAction","target":{"@type":"EntryPoint","urlTemplate":"https:\/\/webkrea.kiwanisbelux.site\/template\/?s={search_term_string}"},"query-input":"required name=search_term_string"}],"inLanguage":"fr-FR"},{"@type":"Organization","@id":"https:\/\/webkrea.kiwanisbelux.site\/template\/#organization","name":"Kiwanis","url":"https:\/\/webkrea.kiwanisbelux.site\/template\/","sameAs":[],"logo":{"@type":"ImageObject","inLanguage":"fr-FR","@id":"https:\/\/webkrea.kiwanisbelux.site\/template\/#\/schema\/logo\/image\/","url":"https:\/\/webkrea.kiwanisbelux.site\/template\/wp-content\/uploads\/sites\/23\/2021\/04\/kiwanis-logo@2x.png","contentUrl":"https:\/\/webkrea.kiwanisbelux.site\/template\/wp-content\/uploads\/sites\/23\/2021\/04\/kiwanis-logo@2x.png","width":555,"height":100,"caption":"Kiwanis"},"image":{"@id":"https:\/\/webkrea.kiwanisbelux.site\/template\/#\/schema\/logo\/image\/"}}]}},"_links":{"self":[{"href":"https:\/\/webkrea.kiwanisbelux.site\/template\/wp-json\/wp\/v2\/pages\/1907"}],"collection":[{"href":"https:\/\/webkrea.kiwanisbelux.site\/template\/wp-json\/wp\/v2\/pages"}],"about":[{"href":"https:\/\/webkrea.kiwanisbelux.site\/template\/wp-json\/wp\/v2\/types\/page"}],"author":[{"embeddable":true,"href":"https:\/\/webkrea.kiwanisbelux.site\/template\/wp-json\/wp\/v2\/users\/2"}],"replies":[{"embeddable":true,"href":"https:\/\/webkrea.kiwanisbelux.site\/template\/wp-json\/wp\/v2\/comments?post=1907"}],"version-history":[{"count":9,"href":"https:\/\/webkrea.kiwanisbelux.site\/template\/wp-json\/wp\/v2\/pages\/1907\/revisions"}],"predecessor-version":[{"id":2543,"href":"https:\/\/webkrea.kiwanisbelux.site\/template\/wp-json\/wp\/v2\/pages\/1907\/revisions\/2543"}],"up":[{"embeddable":true,"href":"https:\/\/webkrea.kiwanisbelux.site\/template\/wp-json\/wp\/v2\/pages\/1899"}],"wp:attachment":[{"href":"https:\/\/webkrea.kiwanisbelux.site\/template\/wp-json\/wp\/v2\/media?parent=1907"}],"curies":[{"name":"wp","href":"https:\/\/api.w.org\/{rel}","templated":true}]}}