{"id":2351,"date":"2022-08-21T12:24:37","date_gmt":"2022-08-21T10:24:37","guid":{"rendered":"https:\/\/webkrea.kiwanisbelux.site\/template\/?page_id=2351"},"modified":"2022-08-21T12:24:38","modified_gmt":"2022-08-21T10:24:38","slug":"historiek","status":"publish","type":"page","link":"https:\/\/webkrea.kiwanisbelux.site\/template\/nl\/historiek\/","title":{"rendered":"Historiek"},"content":{"rendered":"\n[et_pb_section fb_built=&#8221;1&#8243; admin_label=&#8221;section&#8221; _builder_version=&#8221;4.16&#8243; global_colors_info=&#8221;{}&#8221;][et_pb_row admin_label=&#8221;row&#8221; _builder_version=&#8221;4.16&#8243; background_size=&#8221;initial&#8221; background_position=&#8221;top_left&#8221; background_repeat=&#8221;repeat&#8221; global_colors_info=&#8221;{}&#8221;][et_pb_column type=&#8221;4_4&#8243; _builder_version=&#8221;4.16&#8243; custom_padding=&#8221;|||&#8221; global_colors_info=&#8221;{}&#8221; custom_padding__hover=&#8221;|||&#8221;][et_pb_text admin_label=&#8221;Text&#8221; _builder_version=&#8221;4.16&#8243; background_size=&#8221;initial&#8221; background_position=&#8221;top_left&#8221; background_repeat=&#8221;repeat&#8221; global_colors_info=&#8221;{}&#8221;]<p><!-- divi:paragraph --><\/p>\n<p><strong>Premi\u00e8re r\u00e9union<\/strong><br \/>\u00a029 janvier 1975<\/p>\n<p><!-- \/divi:paragraph --><\/p>\n<p><!-- divi:paragraph --><\/p>\n<p><strong>Formation du club et 53i\u00e8me r\u00e9union<\/strong><br \/>\u00a023 juin\u00a0 1977<\/p>\n<p><!-- \/divi:paragraph --><\/p>\n<p><!-- divi:paragraph --><\/p>\n<p><strong>Organisation du club \u00e0 la 78i\u00e8me r\u00e9union<\/strong><br \/>\u00a021 juillet 1978<\/p>\n<p><!-- \/divi:paragraph --><\/p>\n<p><!-- divi:paragraph --><\/p>\n<p><strong>Chartage<\/strong><br \/>\u00a07 october 1978<\/p>\n<p><!-- \/divi:paragraph --><\/p>\n<p><!-- divi:paragraph --><\/p>\n<p><strong>100i\u00e8me r\u00e9union statutaire<\/strong><br \/>\u00a012 juillet\u00a0 1979<\/p>\n<p><!-- \/divi:paragraph --><\/p>\n<p><!-- divi:paragraph --><\/p>\n<p><strong>Iier lustrum et 197i\u00e8me r\u00e9union<\/strong><br \/>\u00a08 octobre 1983<\/p>\n<p><!-- \/divi:paragraph --><\/p>\n<p><!-- divi:paragraph --><\/p>\n<p><strong>200i\u00e8me r\u00e9union statutaire<\/strong><br \/>\u00a024 novembre 1983<\/p>\n<p><!-- \/divi:paragraph --><\/p>\n<p><!-- divi:paragraph --><\/p>\n<p><strong>300i\u00e8me r\u00e9union statutaire<\/strong><br \/>\u00a014 avril 1988<\/p>\n<p><!-- \/divi:paragraph --><\/p>\n<p><!-- divi:paragraph --><\/p>\n<p><strong>2i\u00e8me lustrum<\/strong><br \/>\u00a022 october 1988<\/p>\n<p><!-- \/divi:paragraph --><\/p>\n<p><!-- divi:paragraph --><\/p>\n<p><strong>Festivit\u00e9s du 20i\u00e8me anniversaire<\/strong><br \/>\u00a09 janvier\u00a0 1999<\/p>\n<p><!-- \/divi:paragraph --><\/p>\n<p><!-- divi:paragraph --><\/p>\n<p><strong>Festivit\u00e9s du 25i\u00e8me anniversaire<\/strong><br \/>\u00a018 juin 2003<\/p>\n<p><!-- \/divi:paragraph --><\/p>\n<p><!-- divi:paragraph --><\/p>\n<p><strong>700i\u00e8me r\u00e9union statutaire<\/strong><br \/>\u00a012 janvier 2006<\/p>\n<p><!-- \/divi:paragraph --><\/p>\n<p><!-- divi:paragraph --><\/p>\n<p><strong>30i\u00e8me anniversaire\u00a0 Festivit\u00e9s<\/strong><br \/>\u00a07 septembre 2008<\/p>\n<p><!-- \/divi:paragraph --><\/p>\n<p><!-- divi:paragraph --><\/p>\n<p><strong>800i\u00e8me r\u00e9union statutaire<\/strong><br \/>\u00a024 juin 2010<\/p>\n<p><!-- \/divi:paragraph --><\/p>\n<p><!-- divi:paragraph --><\/p>\n<p><strong>35i\u00e8me anniversaire\u00a0 Festivit\u00e9s<\/strong><br \/>\u00a019 septembre 2012<\/p>\n<p><!-- \/divi:paragraph --><\/p>\n<p><!-- divi:paragraph --><\/p>\n<p><strong>900i\u00e8me r\u00e9union statutaire<\/strong><br \/>\u00a025 septembre 2014<\/p>\n<p><strong>1000i\u00e8me r\u00e9union statutaire<\/strong><br \/>\u00a013 d\u00e9cembre 2018<\/p>\n<p><!-- \/divi:paragraph --><\/p>[\/et_pb_text][\/et_pb_column][\/et_pb_row][\/et_pb_section]\n","protected":false},"excerpt":{"rendered":"<p>Premi\u00e8re r\u00e9union\u00a029 janvier 1975 Formation du club et 53i\u00e8me r\u00e9union\u00a023 juin\u00a0 1977 Organisation du club \u00e0 la 78i\u00e8me r\u00e9union\u00a021 juillet 1978 Chartage\u00a07 october 1978 100i\u00e8me r\u00e9union statutaire\u00a012 juillet\u00a0 1979 Iier [&hellip;]<\/p>\n","protected":false},"author":6,"featured_media":0,"parent":0,"menu_order":6,"comment_status":"closed","ping_status":"closed","template":"","meta":{"_et_pb_use_builder":"on","_et_pb_old_content":"","_et_gb_content_width":""},"yoast_head":"<!-- This site is optimized with the Yoast SEO plugin v19.8 - https:\/\/yoast.com\/wordpress\/plugins\/seo\/ -->\n<title>Historiek - Kiwanis LOCAL SITE TEMPLATE -<\/title>\n<meta name=\"robots\" content=\"noindex, follow, max-snippet:-1, max-image-preview:large, max-video-preview:-1\" \/>\n<meta property=\"og:locale\" content=\"nl_NL\" \/>\n<meta property=\"og:type\" content=\"article\" \/>\n<meta property=\"og:title\" content=\"Historiek - Kiwanis LOCAL SITE TEMPLATE -\" \/>\n<meta property=\"og:description\" content=\"Premi\u00e8re r\u00e9union\u00a029 janvier 1975 Formation du club et 53i\u00e8me r\u00e9union\u00a023 juin\u00a0 1977 Organisation du club \u00e0 la 78i\u00e8me r\u00e9union\u00a021 juillet 1978 Chartage\u00a07 october 1978 100i\u00e8me r\u00e9union statutaire\u00a012 juillet\u00a0 1979 Iier [&hellip;]\" \/>\n<meta property=\"og:url\" content=\"https:\/\/webkrea.kiwanisbelux.site\/template\/nl\/historiek\/\" \/>\n<meta property=\"og:site_name\" content=\"- Kiwanis LOCAL SITE TEMPLATE -\" \/>\n<meta property=\"article:modified_time\" content=\"2022-08-21T10:24:38+00:00\" \/>\n<meta name=\"twitter:card\" content=\"summary_large_image\" \/>\n<meta name=\"twitter:label1\" content=\"Geschatte leestijd\" \/>\n\t<meta name=\"twitter:data1\" content=\"1 minuut\" \/>\n<script type=\"application\/ld+json\" class=\"yoast-schema-graph\">{\"@context\":\"https:\/\/schema.org\",\"@graph\":[{\"@type\":\"WebPage\",\"@id\":\"https:\/\/webkrea.kiwanisbelux.site\/template\/nl\/historiek\/\",\"url\":\"https:\/\/webkrea.kiwanisbelux.site\/template\/nl\/historiek\/\",\"name\":\"Historiek - Kiwanis LOCAL SITE TEMPLATE -\",\"isPartOf\":{\"@id\":\"https:\/\/webkrea.kiwanisbelux.site\/template\/nl\/#website\"},\"datePublished\":\"2022-08-21T10:24:37+00:00\",\"dateModified\":\"2022-08-21T10:24:38+00:00\",\"breadcrumb\":{\"@id\":\"https:\/\/webkrea.kiwanisbelux.site\/template\/nl\/historiek\/#breadcrumb\"},\"inLanguage\":\"nl\",\"potentialAction\":[{\"@type\":\"ReadAction\",\"target\":[\"https:\/\/webkrea.kiwanisbelux.site\/template\/nl\/historiek\/\"]}]},{\"@type\":\"BreadcrumbList\",\"@id\":\"https:\/\/webkrea.kiwanisbelux.site\/template\/nl\/historiek\/#breadcrumb\",\"itemListElement\":[{\"@type\":\"ListItem\",\"position\":1,\"name\":\"Home\",\"item\":\"https:\/\/webkrea.kiwanisbelux.site\/template\/nl\/\"},{\"@type\":\"ListItem\",\"position\":2,\"name\":\"Historiek\"}]},{\"@type\":\"WebSite\",\"@id\":\"https:\/\/webkrea.kiwanisbelux.site\/template\/nl\/#website\",\"url\":\"https:\/\/webkrea.kiwanisbelux.site\/template\/nl\/\",\"name\":\"- Kiwanis LOCAL SITE TEMPLATE -\",\"description\":\"\",\"publisher\":{\"@id\":\"https:\/\/webkrea.kiwanisbelux.site\/template\/nl\/#organization\"},\"potentialAction\":[{\"@type\":\"SearchAction\",\"target\":{\"@type\":\"EntryPoint\",\"urlTemplate\":\"https:\/\/webkrea.kiwanisbelux.site\/template\/nl\/?s={search_term_string}\"},\"query-input\":\"required name=search_term_string\"}],\"inLanguage\":\"nl\"},{\"@type\":\"Organization\",\"@id\":\"https:\/\/webkrea.kiwanisbelux.site\/template\/nl\/#organization\",\"name\":\"Kiwanis\",\"url\":\"https:\/\/webkrea.kiwanisbelux.site\/template\/nl\/\",\"sameAs\":[],\"logo\":{\"@type\":\"ImageObject\",\"inLanguage\":\"nl\",\"@id\":\"https:\/\/webkrea.kiwanisbelux.site\/template\/nl\/#\/schema\/logo\/image\/\",\"url\":\"https:\/\/webkrea.kiwanisbelux.site\/template\/wp-content\/uploads\/sites\/23\/2021\/04\/kiwanis-logo@2x.png\",\"contentUrl\":\"https:\/\/webkrea.kiwanisbelux.site\/template\/wp-content\/uploads\/sites\/23\/2021\/04\/kiwanis-logo@2x.png\",\"width\":555,\"height\":100,\"caption\":\"Kiwanis\"},\"image\":{\"@id\":\"https:\/\/webkrea.kiwanisbelux.site\/template\/nl\/#\/schema\/logo\/image\/\"}}]}<\/script>\n<!-- \/ Yoast SEO plugin. -->","yoast_head_json":{"title":"Historiek - Kiwanis LOCAL SITE TEMPLATE -","robots":{"index":"noindex","follow":"follow","max-snippet":"max-snippet:-1","max-image-preview":"max-image-preview:large","max-video-preview":"max-video-preview:-1"},"og_locale":"nl_NL","og_type":"article","og_title":"Historiek - Kiwanis LOCAL SITE TEMPLATE -","og_description":"Premi\u00e8re r\u00e9union\u00a029 janvier 1975 Formation du club et 53i\u00e8me r\u00e9union\u00a023 juin\u00a0 1977 Organisation du club \u00e0 la 78i\u00e8me r\u00e9union\u00a021 juillet 1978 Chartage\u00a07 october 1978 100i\u00e8me r\u00e9union statutaire\u00a012 juillet\u00a0 1979 Iier [&hellip;]","og_url":"https:\/\/webkrea.kiwanisbelux.site\/template\/nl\/historiek\/","og_site_name":"- Kiwanis LOCAL SITE TEMPLATE -","article_modified_time":"2022-08-21T10:24:38+00:00","twitter_card":"summary_large_image","twitter_misc":{"Geschatte leestijd":"1 minuut"},"schema":{"@context":"https:\/\/schema.org","@graph":[{"@type":"WebPage","@id":"https:\/\/webkrea.kiwanisbelux.site\/template\/nl\/historiek\/","url":"https:\/\/webkrea.kiwanisbelux.site\/template\/nl\/historiek\/","name":"Historiek - Kiwanis LOCAL SITE TEMPLATE -","isPartOf":{"@id":"https:\/\/webkrea.kiwanisbelux.site\/template\/nl\/#website"},"datePublished":"2022-08-21T10:24:37+00:00","dateModified":"2022-08-21T10:24:38+00:00","breadcrumb":{"@id":"https:\/\/webkrea.kiwanisbelux.site\/template\/nl\/historiek\/#breadcrumb"},"inLanguage":"nl","potentialAction":[{"@type":"ReadAction","target":["https:\/\/webkrea.kiwanisbelux.site\/template\/nl\/historiek\/"]}]},{"@type":"BreadcrumbList","@id":"https:\/\/webkrea.kiwanisbelux.site\/template\/nl\/historiek\/#breadcrumb","itemListElement":[{"@type":"ListItem","position":1,"name":"Home","item":"https:\/\/webkrea.kiwanisbelux.site\/template\/nl\/"},{"@type":"ListItem","position":2,"name":"Historiek"}]},{"@type":"WebSite","@id":"https:\/\/webkrea.kiwanisbelux.site\/template\/nl\/#website","url":"https:\/\/webkrea.kiwanisbelux.site\/template\/nl\/","name":"- Kiwanis LOCAL SITE TEMPLATE -","description":"","publisher":{"@id":"https:\/\/webkrea.kiwanisbelux.site\/template\/nl\/#organization"},"potentialAction":[{"@type":"SearchAction","target":{"@type":"EntryPoint","urlTemplate":"https:\/\/webkrea.kiwanisbelux.site\/template\/nl\/?s={search_term_string}"},"query-input":"required name=search_term_string"}],"inLanguage":"nl"},{"@type":"Organization","@id":"https:\/\/webkrea.kiwanisbelux.site\/template\/nl\/#organization","name":"Kiwanis","url":"https:\/\/webkrea.kiwanisbelux.site\/template\/nl\/","sameAs":[],"logo":{"@type":"ImageObject","inLanguage":"nl","@id":"https:\/\/webkrea.kiwanisbelux.site\/template\/nl\/#\/schema\/logo\/image\/","url":"https:\/\/webkrea.kiwanisbelux.site\/template\/wp-content\/uploads\/sites\/23\/2021\/04\/kiwanis-logo@2x.png","contentUrl":"https:\/\/webkrea.kiwanisbelux.site\/template\/wp-content\/uploads\/sites\/23\/2021\/04\/kiwanis-logo@2x.png","width":555,"height":100,"caption":"Kiwanis"},"image":{"@id":"https:\/\/webkrea.kiwanisbelux.site\/template\/nl\/#\/schema\/logo\/image\/"}}]}},"_links":{"self":[{"href":"https:\/\/webkrea.kiwanisbelux.site\/template\/nl\/wp-json\/wp\/v2\/pages\/2351"}],"collection":[{"href":"https:\/\/webkrea.kiwanisbelux.site\/template\/nl\/wp-json\/wp\/v2\/pages"}],"about":[{"href":"https:\/\/webkrea.kiwanisbelux.site\/template\/nl\/wp-json\/wp\/v2\/types\/page"}],"author":[{"embeddable":true,"href":"https:\/\/webkrea.kiwanisbelux.site\/template\/nl\/wp-json\/wp\/v2\/users\/6"}],"replies":[{"embeddable":true,"href":"https:\/\/webkrea.kiwanisbelux.site\/template\/nl\/wp-json\/wp\/v2\/comments?post=2351"}],"version-history":[{"count":1,"href":"https:\/\/webkrea.kiwanisbelux.site\/template\/nl\/wp-json\/wp\/v2\/pages\/2351\/revisions"}],"predecessor-version":[{"id":2352,"href":"https:\/\/webkrea.kiwanisbelux.site\/template\/nl\/wp-json\/wp\/v2\/pages\/2351\/revisions\/2352"}],"wp:attachment":[{"href":"https:\/\/webkrea.kiwanisbelux.site\/template\/nl\/wp-json\/wp\/v2\/media?parent=2351"}],"curies":[{"name":"wp","href":"https:\/\/api.w.org\/{rel}","templated":true}]}}