{"id":2303,"date":"2022-08-21T11:30:41","date_gmt":"2022-08-21T09:30:41","guid":{"rendered":"https:\/\/webkrea.kiwanisbelux.site\/template\/?page_id=2303"},"modified":"2022-08-21T11:30:42","modified_gmt":"2022-08-21T09:30:42","slug":"toegang","status":"publish","type":"page","link":"https:\/\/webkrea.kiwanisbelux.site\/template\/nl\/hommage-a-brel\/toegang\/","title":{"rendered":"Toegang"},"content":{"rendered":"\n<figure class=\"wp-block-image\"><img src=\"https:\/\/kiwanis-bruegel.mttn.be\/wp-content\/uploads\/2022\/07\/Hommage-a-brel-filip-jordens-www-header-1024x113.png\" alt=\"\" class=\"wp-image-110\" \/><\/figure>\n\n\n\n<h2>Auditorium Jacques Brel<\/h2>\n\n\n\n<p>&nbsp;Avenue Emile Grizon,1<br>1070 Anderlecht<\/p>\n\n\n\n<p>Transports en commun:<br>M\u00e9tro : ligne 5 direction Erasme, arr\u00eat station Ceria\/Coovi<br>Bus : 75<\/p>\n\n\n\n<div class=\"wp-container-3 wp-block-columns are-vertically-aligned-top\">\n<div class=\"wp-container-1 wp-block-column is-vertically-aligned-top\" style=\"flex-basis:33.33%\">\n<figure class=\"wp-block-image size-full is-resized\"><img loading=\"lazy\" src=\"https:\/\/webkrea.kiwanisbelux.site\/template\/wp-content\/uploads\/sites\/23\/2022\/07\/logo1-12_cle815111-400x380-1.jpg\" alt=\"\" class=\"wp-image-2049\" width=\"105\" height=\"99\" srcset=\"https:\/\/webkrea.kiwanisbelux.site\/template\/wp-content\/uploads\/sites\/23\/2022\/07\/logo1-12_cle815111-400x380-1.jpg 400w, https:\/\/webkrea.kiwanisbelux.site\/template\/wp-content\/uploads\/sites\/23\/2022\/07\/logo1-12_cle815111-400x380-1-300x285.jpg 300w\" sizes=\"(max-width: 105px) 100vw, 105px\" \/><\/figure>\n<\/div>\n\n\n\n<div class=\"wp-container-2 wp-block-column is-vertically-aligned-top\" style=\"flex-basis:66.66%\">\n<p>Le parking se situe \u00e0 l\u2019ext\u00e9rieur du campus CERIA. On acc\u00e8de \u00e0 l\u2019auditorium soit \u00e0 pied (350m), soit via une navette qui sera organis\u00e9e. L\u2019acc\u00e8s en voiture jusqu\u2019\u00e0 l\u2019entr\u00e9e est possible pour une dizaine de personnes \u00e0 mobilit\u00e9 r\u00e9duite. Si vous d\u00e9sirez b\u00e9n\u00e9ficier de cette possibilit\u00e9, veuillez nous en informer en pr\u00e9cisant votre nom et votre plaque d\u2019immatriculation via :<br><a href=\"mailto:KiwanisDB@gmail.com?subject=ACCES%20PMR &amp;bcc=mattonjl@gmail.com  &amp;body=Bonjour\">KiwanisDB@gmail.com<\/a><\/p>\n<\/div>\n<\/div>\n\n\n\n<p>Le parking se situe \u00e0 l\u2019ext\u00e9rieur du campus CERIA. On acc\u00e8de \u00e0 l\u2019auditorium soit \u00e0 pied (350m), soit via une navette qui sera organis\u00e9e. L\u2019acc\u00e8s en voiture jusqu\u2019\u00e0 l\u2019entr\u00e9e est possible pour une dizaine de personnes \u00e0 mobilit\u00e9 r\u00e9duite. Si vous d\u00e9sirez b\u00e9n\u00e9ficier de cette possibilit\u00e9, veuillez nous en informer en pr\u00e9cisant votre nom et votre plaque d\u2019immatriculation via :<br><a href=\"mailto:KiwanisDB@gmail.com?subject=ACCES%20PMR &amp;bcc=mattonjl@gmail.com  &amp;body=Bonjour\">KiwanisDB@gmail.com<\/a><\/p>\n\n\n\n<figure class=\"wp-block-image\"><img src=\"https:\/\/kiwanis-bruegel.mttn.be\/wp-content\/uploads\/2022\/07\/entree-ceria-1024x337.jpg\" alt=\"\" class=\"wp-image-122\" \/><\/figure>\n\n\n\n<figure class=\"wp-block-embed\"><div class=\"wp-block-embed__wrapper\">\nhttps:\/\/maps.google.be\/maps?ie=UTF8&#038;cid=1951645464928102023&#038;q=Auditorium+Jacques+Brel&#038;gl=BE&#038;hl=fr&#038;t=m&#038;source=embed&#038;ll=50.81548,4.294453&#038;spn=0.05423,0.085659&#038;z=13&#038;iwloc=A&#038;output=embed\n<\/div><\/figure>\n","protected":false},"excerpt":{"rendered":"<p>Auditorium Jacques Brel &nbsp;Avenue Emile Grizon,11070 Anderlecht Transports en commun:M\u00e9tro : ligne 5 direction Erasme, arr\u00eat station Ceria\/CooviBus : 75 Le parking se situe \u00e0 l\u2019ext\u00e9rieur du campus CERIA. On [&hellip;]<\/p>\n","protected":false},"author":6,"featured_media":2421,"parent":2294,"menu_order":1,"comment_status":"closed","ping_status":"closed","template":"","meta":{"_et_pb_use_builder":"off","_et_pb_old_content":"","_et_gb_content_width":""},"yoast_head":"<!-- This site is optimized with the Yoast SEO plugin v19.8 - https:\/\/yoast.com\/wordpress\/plugins\/seo\/ -->\n<title>Toegang - Kiwanis LOCAL SITE TEMPLATE -<\/title>\n<meta name=\"robots\" content=\"noindex, follow, max-snippet:-1, max-image-preview:large, max-video-preview:-1\" \/>\n<meta property=\"og:locale\" content=\"nl_NL\" \/>\n<meta property=\"og:type\" content=\"article\" \/>\n<meta property=\"og:title\" content=\"Toegang - Kiwanis LOCAL SITE TEMPLATE -\" \/>\n<meta property=\"og:description\" content=\"Auditorium Jacques Brel &nbsp;Avenue Emile Grizon,11070 Anderlecht Transports en commun:M\u00e9tro : ligne 5 direction Erasme, arr\u00eat station Ceria\/CooviBus : 75 Le parking se situe \u00e0 l\u2019ext\u00e9rieur du campus CERIA. On [&hellip;]\" \/>\n<meta property=\"og:url\" content=\"https:\/\/webkrea.kiwanisbelux.site\/template\/nl\/hommage-a-brel\/toegang\/\" \/>\n<meta property=\"og:site_name\" content=\"- Kiwanis LOCAL SITE TEMPLATE -\" \/>\n<meta property=\"article:modified_time\" content=\"2022-08-21T09:30:42+00:00\" \/>\n<meta property=\"og:image\" content=\"https:\/\/webkrea.kiwanisbelux.site\/template\/wp-content\/uploads\/sites\/23\/2022\/08\/hommage-brel-wp.jpg\" \/>\n\t<meta property=\"og:image:width\" content=\"1358\" \/>\n\t<meta property=\"og:image:height\" content=\"339\" \/>\n\t<meta property=\"og:image:type\" content=\"image\/jpeg\" \/>\n<meta name=\"twitter:card\" content=\"summary_large_image\" \/>\n<meta name=\"twitter:label1\" content=\"Geschatte leestijd\" \/>\n\t<meta name=\"twitter:data1\" content=\"2 minuten\" \/>\n<script type=\"application\/ld+json\" class=\"yoast-schema-graph\">{\"@context\":\"https:\/\/schema.org\",\"@graph\":[{\"@type\":\"WebPage\",\"@id\":\"https:\/\/webkrea.kiwanisbelux.site\/template\/nl\/hommage-a-brel\/toegang\/\",\"url\":\"https:\/\/webkrea.kiwanisbelux.site\/template\/nl\/hommage-a-brel\/toegang\/\",\"name\":\"Toegang - Kiwanis LOCAL SITE TEMPLATE -\",\"isPartOf\":{\"@id\":\"https:\/\/webkrea.kiwanisbelux.site\/template\/nl\/#website\"},\"datePublished\":\"2022-08-21T09:30:41+00:00\",\"dateModified\":\"2022-08-21T09:30:42+00:00\",\"breadcrumb\":{\"@id\":\"https:\/\/webkrea.kiwanisbelux.site\/template\/nl\/hommage-a-brel\/toegang\/#breadcrumb\"},\"inLanguage\":\"nl\",\"potentialAction\":[{\"@type\":\"ReadAction\",\"target\":[\"https:\/\/webkrea.kiwanisbelux.site\/template\/nl\/hommage-a-brel\/toegang\/\"]}]},{\"@type\":\"BreadcrumbList\",\"@id\":\"https:\/\/webkrea.kiwanisbelux.site\/template\/nl\/hommage-a-brel\/toegang\/#breadcrumb\",\"itemListElement\":[{\"@type\":\"ListItem\",\"position\":1,\"name\":\"Home\",\"item\":\"https:\/\/webkrea.kiwanisbelux.site\/template\/nl\/\"},{\"@type\":\"ListItem\",\"position\":2,\"name\":\"Hommage \u00e0 BREL\",\"item\":\"https:\/\/webkrea.kiwanisbelux.site\/template\/nl\/hommage-a-brel\/\"},{\"@type\":\"ListItem\",\"position\":3,\"name\":\"Toegang\"}]},{\"@type\":\"WebSite\",\"@id\":\"https:\/\/webkrea.kiwanisbelux.site\/template\/nl\/#website\",\"url\":\"https:\/\/webkrea.kiwanisbelux.site\/template\/nl\/\",\"name\":\"- Kiwanis LOCAL SITE TEMPLATE -\",\"description\":\"\",\"publisher\":{\"@id\":\"https:\/\/webkrea.kiwanisbelux.site\/template\/nl\/#organization\"},\"potentialAction\":[{\"@type\":\"SearchAction\",\"target\":{\"@type\":\"EntryPoint\",\"urlTemplate\":\"https:\/\/webkrea.kiwanisbelux.site\/template\/nl\/?s={search_term_string}\"},\"query-input\":\"required name=search_term_string\"}],\"inLanguage\":\"nl\"},{\"@type\":\"Organization\",\"@id\":\"https:\/\/webkrea.kiwanisbelux.site\/template\/nl\/#organization\",\"name\":\"Kiwanis\",\"url\":\"https:\/\/webkrea.kiwanisbelux.site\/template\/nl\/\",\"sameAs\":[],\"logo\":{\"@type\":\"ImageObject\",\"inLanguage\":\"nl\",\"@id\":\"https:\/\/webkrea.kiwanisbelux.site\/template\/nl\/#\/schema\/logo\/image\/\",\"url\":\"https:\/\/webkrea.kiwanisbelux.site\/template\/wp-content\/uploads\/sites\/23\/2021\/04\/kiwanis-logo@2x.png\",\"contentUrl\":\"https:\/\/webkrea.kiwanisbelux.site\/template\/wp-content\/uploads\/sites\/23\/2021\/04\/kiwanis-logo@2x.png\",\"width\":555,\"height\":100,\"caption\":\"Kiwanis\"},\"image\":{\"@id\":\"https:\/\/webkrea.kiwanisbelux.site\/template\/nl\/#\/schema\/logo\/image\/\"}}]}<\/script>\n<!-- \/ Yoast SEO plugin. -->","yoast_head_json":{"title":"Toegang - Kiwanis LOCAL SITE TEMPLATE -","robots":{"index":"noindex","follow":"follow","max-snippet":"max-snippet:-1","max-image-preview":"max-image-preview:large","max-video-preview":"max-video-preview:-1"},"og_locale":"nl_NL","og_type":"article","og_title":"Toegang - Kiwanis LOCAL SITE TEMPLATE -","og_description":"Auditorium Jacques Brel &nbsp;Avenue Emile Grizon,11070 Anderlecht Transports en commun:M\u00e9tro : ligne 5 direction Erasme, arr\u00eat station Ceria\/CooviBus : 75 Le parking se situe \u00e0 l\u2019ext\u00e9rieur du campus CERIA. On [&hellip;]","og_url":"https:\/\/webkrea.kiwanisbelux.site\/template\/nl\/hommage-a-brel\/toegang\/","og_site_name":"- Kiwanis LOCAL SITE TEMPLATE -","article_modified_time":"2022-08-21T09:30:42+00:00","og_image":[{"width":1358,"height":339,"url":"https:\/\/webkrea.kiwanisbelux.site\/template\/wp-content\/uploads\/sites\/23\/2022\/08\/hommage-brel-wp.jpg","type":"image\/jpeg"}],"twitter_card":"summary_large_image","twitter_misc":{"Geschatte leestijd":"2 minuten"},"schema":{"@context":"https:\/\/schema.org","@graph":[{"@type":"WebPage","@id":"https:\/\/webkrea.kiwanisbelux.site\/template\/nl\/hommage-a-brel\/toegang\/","url":"https:\/\/webkrea.kiwanisbelux.site\/template\/nl\/hommage-a-brel\/toegang\/","name":"Toegang - Kiwanis LOCAL SITE TEMPLATE -","isPartOf":{"@id":"https:\/\/webkrea.kiwanisbelux.site\/template\/nl\/#website"},"datePublished":"2022-08-21T09:30:41+00:00","dateModified":"2022-08-21T09:30:42+00:00","breadcrumb":{"@id":"https:\/\/webkrea.kiwanisbelux.site\/template\/nl\/hommage-a-brel\/toegang\/#breadcrumb"},"inLanguage":"nl","potentialAction":[{"@type":"ReadAction","target":["https:\/\/webkrea.kiwanisbelux.site\/template\/nl\/hommage-a-brel\/toegang\/"]}]},{"@type":"BreadcrumbList","@id":"https:\/\/webkrea.kiwanisbelux.site\/template\/nl\/hommage-a-brel\/toegang\/#breadcrumb","itemListElement":[{"@type":"ListItem","position":1,"name":"Home","item":"https:\/\/webkrea.kiwanisbelux.site\/template\/nl\/"},{"@type":"ListItem","position":2,"name":"Hommage \u00e0 BREL","item":"https:\/\/webkrea.kiwanisbelux.site\/template\/nl\/hommage-a-brel\/"},{"@type":"ListItem","position":3,"name":"Toegang"}]},{"@type":"WebSite","@id":"https:\/\/webkrea.kiwanisbelux.site\/template\/nl\/#website","url":"https:\/\/webkrea.kiwanisbelux.site\/template\/nl\/","name":"- Kiwanis LOCAL SITE TEMPLATE -","description":"","publisher":{"@id":"https:\/\/webkrea.kiwanisbelux.site\/template\/nl\/#organization"},"potentialAction":[{"@type":"SearchAction","target":{"@type":"EntryPoint","urlTemplate":"https:\/\/webkrea.kiwanisbelux.site\/template\/nl\/?s={search_term_string}"},"query-input":"required name=search_term_string"}],"inLanguage":"nl"},{"@type":"Organization","@id":"https:\/\/webkrea.kiwanisbelux.site\/template\/nl\/#organization","name":"Kiwanis","url":"https:\/\/webkrea.kiwanisbelux.site\/template\/nl\/","sameAs":[],"logo":{"@type":"ImageObject","inLanguage":"nl","@id":"https:\/\/webkrea.kiwanisbelux.site\/template\/nl\/#\/schema\/logo\/image\/","url":"https:\/\/webkrea.kiwanisbelux.site\/template\/wp-content\/uploads\/sites\/23\/2021\/04\/kiwanis-logo@2x.png","contentUrl":"https:\/\/webkrea.kiwanisbelux.site\/template\/wp-content\/uploads\/sites\/23\/2021\/04\/kiwanis-logo@2x.png","width":555,"height":100,"caption":"Kiwanis"},"image":{"@id":"https:\/\/webkrea.kiwanisbelux.site\/template\/nl\/#\/schema\/logo\/image\/"}}]}},"_links":{"self":[{"href":"https:\/\/webkrea.kiwanisbelux.site\/template\/nl\/wp-json\/wp\/v2\/pages\/2303"}],"collection":[{"href":"https:\/\/webkrea.kiwanisbelux.site\/template\/nl\/wp-json\/wp\/v2\/pages"}],"about":[{"href":"https:\/\/webkrea.kiwanisbelux.site\/template\/nl\/wp-json\/wp\/v2\/types\/page"}],"author":[{"embeddable":true,"href":"https:\/\/webkrea.kiwanisbelux.site\/template\/nl\/wp-json\/wp\/v2\/users\/6"}],"replies":[{"embeddable":true,"href":"https:\/\/webkrea.kiwanisbelux.site\/template\/nl\/wp-json\/wp\/v2\/comments?post=2303"}],"version-history":[{"count":1,"href":"https:\/\/webkrea.kiwanisbelux.site\/template\/nl\/wp-json\/wp\/v2\/pages\/2303\/revisions"}],"predecessor-version":[{"id":2304,"href":"https:\/\/webkrea.kiwanisbelux.site\/template\/nl\/wp-json\/wp\/v2\/pages\/2303\/revisions\/2304"}],"up":[{"embeddable":true,"href":"https:\/\/webkrea.kiwanisbelux.site\/template\/nl\/wp-json\/wp\/v2\/pages\/2294"}],"wp:featuredmedia":[{"embeddable":true,"href":"https:\/\/webkrea.kiwanisbelux.site\/template\/nl\/wp-json\/wp\/v2\/media\/2421"}],"wp:attachment":[{"href":"https:\/\/webkrea.kiwanisbelux.site\/template\/nl\/wp-json\/wp\/v2\/media?parent=2303"}],"curies":[{"name":"wp","href":"https:\/\/api.w.org\/{rel}","templated":true}]}}