{"id":2298,"date":"2022-08-21T11:21:28","date_gmt":"2022-08-21T09:21:28","guid":{"rendered":"https:\/\/webkrea.kiwanisbelux.site\/template\/?page_id=2298"},"modified":"2022-08-23T12:18:55","modified_gmt":"2022-08-23T10:18:55","slug":"ticketing","status":"publish","type":"page","link":"https:\/\/webkrea.kiwanisbelux.site\/template\/nl\/hommage-a-brel\/ticketing\/","title":{"rendered":"Ticketing"},"content":{"rendered":"\n[et_pb_section][et_pb_row][et_pb_column type=&#8221;4_4&#8243;][et_pb_text]<!-- divi:image {\"id\":118} -->\n<figure class=\"wp-block-image\"><img src=\"https:\/\/kiwanis-bruegel.mttn.be\/wp-content\/uploads\/2022\/07\/Hommage-a-brel-filip-jordens-www-header-1024x113.png\" alt=\"\" class=\"wp-image-118\" \/><\/figure>\n<!-- \/divi:image -->\n\n<!-- divi:columns -->\n<div class=\"wp-block-columns\"><!-- divi:column {\"width\":\"33.33%\"} -->\n<div class=\"wp-block-column\" style=\"flex-basis:33.33%\"><!-- divi:paragraph -->\n<p>2<sup>\u00e8me<\/sup> balcon lat\u00e9ral et fond 15 \u20ac<\/p>\n<!-- \/divi:paragraph -->\n\n<!-- divi:paragraph -->\n<p><\/p>\n<!-- \/divi:paragraph -->\n\n<!-- divi:paragraph -->\n<p><\/p>\n<!-- \/divi:paragraph -->\n\n<!-- divi:paragraph -->\n<p>2<sup>\u00e8me<\/sup> balcon centre&nbsp; 25 \u20ac<\/p>\n<!-- \/divi:paragraph -->\n\n<!-- divi:paragraph -->\n<p><\/p>\n<!-- \/divi:paragraph -->\n\n<!-- divi:paragraph -->\n<p><\/p>\n<!-- \/divi:paragraph -->\n\n<!-- divi:paragraph -->\n<p>premier balcon 25 \u20ac<\/p>\n<!-- \/divi:paragraph -->\n\n<!-- divi:paragraph -->\n<p><\/p>\n<!-- \/divi:paragraph -->\n\n<!-- divi:paragraph -->\n<p>parterre 35 \u20ac<\/p>\n<!-- \/divi:paragraph -->\n\n<!-- divi:paragraph -->\n<p><\/p>\n<!-- \/divi:paragraph -->\n\n<!-- divi:paragraph -->\n<p><\/p>\n<!-- \/divi:paragraph -->\n\n<!-- divi:paragraph -->\n<p><\/p>\n<!-- \/divi:paragraph -->\n\n<!-- divi:paragraph -->\n<p><\/p>\n<!-- \/divi:paragraph -->\n\n<!-- divi:paragraph -->\n<p><\/p>\n<!-- \/divi:paragraph -->\n\n<!-- divi:paragraph -->\n<p><\/p>\n<!-- \/divi:paragraph -->\n\n<!-- divi:paragraph -->\n<p><strong>Gold \/ Vip 50\u20ac<\/strong>&nbsp;<br>Inclus: &nbsp; &nbsp;<br>1 verre de champagne&nbsp;<br>2 sandwiches<\/p>\n<!-- \/divi:paragraph --><\/div>\n<!-- \/divi:column -->\n\n<!-- divi:column {\"width\":\"66.66%\"} -->\n<div class=\"wp-block-column\" style=\"flex-basis:66.66%\"><!-- divi:image {\"id\":2026,\"sizeSlug\":\"large\",\"linkDestination\":\"none\"} -->\n<figure class=\"wp-block-image size-large\"><img loading=\"lazy\" width=\"733\" height=\"1024\" src=\"https:\/\/webkrea.kiwanisbelux.site\/template\/wp-content\/uploads\/sites\/23\/2022\/07\/plan-salle-www-733x1024.png\" alt=\"\" class=\"wp-image-2026\" srcset=\"https:\/\/webkrea.kiwanisbelux.site\/template\/wp-content\/uploads\/sites\/23\/2022\/07\/plan-salle-www-733x1024.png 733w, https:\/\/webkrea.kiwanisbelux.site\/template\/wp-content\/uploads\/sites\/23\/2022\/07\/plan-salle-www-480x671.png 480w\" sizes=\"(min-width: 0px) and (max-width: 480px) 480px, (min-width: 481px) 733px, 100vw\" \/><\/figure>\n<!-- \/divi:image --><\/div>\n<!-- \/divi:column --><\/div>\n<!-- \/divi:columns -->\n\n<!-- divi:paragraph -->\n<p><\/p>\n<!-- \/divi:paragraph -->\n\n<!-- divi:paragraph {\"align\":\"center\",\"backgroundColor\":\"pale-cyan-blue\",\"textColor\":\"vivid-red\"} -->\n<p class=\"has-text-align-center has-vivid-red-color has-pale-cyan-blue-background-color has-text-color has-background\"><strong>Achat sur place ajoutez 5\u20ac par place<\/strong><\/p>\n<!-- \/divi:paragraph -->\n\n<!-- divi:image {\"align\":\"center\",\"id\":139,\"linkDestination\":\"custom\"} -->\n<figure class=\"wp-block-image aligncenter\"><a href=\"https:\/\/kiwanis-bruegel.mttn.be\/reservation\/\"><img src=\"https:\/\/kiwanis-bruegel.mttn.be\/wp-content\/uploads\/2022\/07\/reservez-maintenant.png\" alt=\"\" class=\"wp-image-139\" \/><\/a><\/figure>\n<!-- \/divi:image -->\n\n<!-- divi:separator -->\n<hr class=\"wp-block-separator has-alpha-channel-opacity\" \/>\n<!-- \/divi:separator -->\n\n<!-- divi:heading {\"level\":5} -->\n<h5>Emp\u00each\u00e9 ? Vous pouvez aussi nous soutenir par<\/h5>\n<!-- \/divi:heading -->\n\n<!-- divi:list -->\n<ul><li>Une promesse de don <a href=\"https:\/\/kiwanis-bruegel.mttn.be\/faire-un-don\">ici<\/a><\/li><li>Insertion d\u2019une publicit\u00e9 dans le programme<\/li><li>M\u00e9c\u00e9nats en sponsorisant la soir\u00e9e<\/li><\/ul>\n<!-- \/divi:list -->\n\n<!-- divi:paragraph -->\n<p>Toutes les informations <a href=\"https:\/\/kiwanis-bruegel.mttn.be\/soutien\/\">ici<\/a><\/p>\n<!-- \/divi:paragraph -->\n\n<!-- divi:paragraph -->\n<p>Mise \u00e0 jour le 1<sup>er<\/sup> mai 2022<\/p>\n<!-- \/divi:paragraph -->[\/et_pb_text][\/et_pb_column][\/et_pb_row][\/et_pb_section]\n","protected":false},"excerpt":{"rendered":"<p><div class=\"et_pb_section et_pb_section_0 et_section_regular\" >\n\t\t\t\t\n\t\t\t\t\n\t\t\t\t\n\t\t\t\t\n\t\t\t\t\n\t\t\t\t\n\t\t\t\t\n\t\t\t\t\n\t\t\t\t\n\t\t\t<\/div><div class=\"et_pb_row et_pb_row_0 et_pb_row_empty\">\n\t\t\t\t\n\t\t\t\t\n\t\t\t\t\n\t\t\t\t\n\t\t\t\t\n\t\t\t<\/div><div class=\"et_pb_module et_pb_text et_pb_text_0  et_pb_text_align_left et_pb_bg_layout_light\">\n\t\t\t\t\n\t\t\t\t\n\t\t\t\t\n\t\t\t\t\n\t\t\t\t\n\t\t\t<\/div> 2\u00e8me balcon lat\u00e9ral et fond 15 \u20ac 2\u00e8me balcon centre&nbsp; 25 \u20ac premier balcon 25 \u20ac parterre 35 \u20ac Gold \/ Vip 50\u20ac&nbsp;Inclus: &nbsp; &nbsp;1 verre de champagne&nbsp;2 sandwiches [&hellip;]<\/p>\n","protected":false},"author":6,"featured_media":2421,"parent":2294,"menu_order":0,"comment_status":"closed","ping_status":"closed","template":"","meta":{"_et_pb_use_builder":"on","_et_pb_old_content":"","_et_gb_content_width":""},"yoast_head":"<!-- This site is optimized with the Yoast SEO plugin v19.8 - https:\/\/yoast.com\/wordpress\/plugins\/seo\/ -->\n<title>Ticketing - Kiwanis LOCAL SITE TEMPLATE -<\/title>\n<meta name=\"robots\" content=\"noindex, follow, max-snippet:-1, max-image-preview:large, max-video-preview:-1\" \/>\n<meta property=\"og:locale\" content=\"nl_NL\" \/>\n<meta property=\"og:type\" content=\"article\" \/>\n<meta property=\"og:title\" content=\"Ticketing - Kiwanis LOCAL SITE TEMPLATE -\" \/>\n<meta property=\"og:description\" content=\"2\u00e8me balcon lat\u00e9ral et fond 15 \u20ac 2\u00e8me balcon centre&nbsp; 25 \u20ac premier balcon 25 \u20ac parterre 35 \u20ac Gold \/ Vip 50\u20ac&nbsp;Inclus: &nbsp; &nbsp;1 verre de champagne&nbsp;2 sandwiches [&hellip;]\" \/>\n<meta property=\"og:url\" content=\"https:\/\/webkrea.kiwanisbelux.site\/template\/nl\/hommage-a-brel\/ticketing\/\" \/>\n<meta property=\"og:site_name\" content=\"- Kiwanis LOCAL SITE TEMPLATE -\" \/>\n<meta property=\"article:modified_time\" content=\"2022-08-23T10:18:55+00:00\" \/>\n<meta property=\"og:image\" content=\"https:\/\/webkrea.kiwanisbelux.site\/template\/wp-content\/uploads\/sites\/23\/2022\/08\/hommage-brel-wp.jpg\" \/>\n\t<meta property=\"og:image:width\" content=\"1358\" \/>\n\t<meta property=\"og:image:height\" content=\"339\" \/>\n\t<meta property=\"og:image:type\" content=\"image\/jpeg\" \/>\n<meta name=\"twitter:card\" content=\"summary_large_image\" \/>\n<meta name=\"twitter:label1\" content=\"Geschatte leestijd\" \/>\n\t<meta name=\"twitter:data1\" content=\"1 minuut\" \/>\n<script type=\"application\/ld+json\" class=\"yoast-schema-graph\">{\"@context\":\"https:\/\/schema.org\",\"@graph\":[{\"@type\":\"WebPage\",\"@id\":\"https:\/\/webkrea.kiwanisbelux.site\/template\/nl\/hommage-a-brel\/ticketing\/\",\"url\":\"https:\/\/webkrea.kiwanisbelux.site\/template\/nl\/hommage-a-brel\/ticketing\/\",\"name\":\"Ticketing - Kiwanis LOCAL SITE TEMPLATE -\",\"isPartOf\":{\"@id\":\"https:\/\/webkrea.kiwanisbelux.site\/template\/nl\/#website\"},\"datePublished\":\"2022-08-21T09:21:28+00:00\",\"dateModified\":\"2022-08-23T10:18:55+00:00\",\"breadcrumb\":{\"@id\":\"https:\/\/webkrea.kiwanisbelux.site\/template\/nl\/hommage-a-brel\/ticketing\/#breadcrumb\"},\"inLanguage\":\"nl\",\"potentialAction\":[{\"@type\":\"ReadAction\",\"target\":[\"https:\/\/webkrea.kiwanisbelux.site\/template\/nl\/hommage-a-brel\/ticketing\/\"]}]},{\"@type\":\"BreadcrumbList\",\"@id\":\"https:\/\/webkrea.kiwanisbelux.site\/template\/nl\/hommage-a-brel\/ticketing\/#breadcrumb\",\"itemListElement\":[{\"@type\":\"ListItem\",\"position\":1,\"name\":\"Home\",\"item\":\"https:\/\/webkrea.kiwanisbelux.site\/template\/nl\/\"},{\"@type\":\"ListItem\",\"position\":2,\"name\":\"Hommage \u00e0 BREL\",\"item\":\"https:\/\/webkrea.kiwanisbelux.site\/template\/nl\/hommage-a-brel\/\"},{\"@type\":\"ListItem\",\"position\":3,\"name\":\"Ticketing\"}]},{\"@type\":\"WebSite\",\"@id\":\"https:\/\/webkrea.kiwanisbelux.site\/template\/nl\/#website\",\"url\":\"https:\/\/webkrea.kiwanisbelux.site\/template\/nl\/\",\"name\":\"- Kiwanis LOCAL SITE TEMPLATE -\",\"description\":\"\",\"publisher\":{\"@id\":\"https:\/\/webkrea.kiwanisbelux.site\/template\/nl\/#organization\"},\"potentialAction\":[{\"@type\":\"SearchAction\",\"target\":{\"@type\":\"EntryPoint\",\"urlTemplate\":\"https:\/\/webkrea.kiwanisbelux.site\/template\/nl\/?s={search_term_string}\"},\"query-input\":\"required name=search_term_string\"}],\"inLanguage\":\"nl\"},{\"@type\":\"Organization\",\"@id\":\"https:\/\/webkrea.kiwanisbelux.site\/template\/nl\/#organization\",\"name\":\"Kiwanis\",\"url\":\"https:\/\/webkrea.kiwanisbelux.site\/template\/nl\/\",\"sameAs\":[],\"logo\":{\"@type\":\"ImageObject\",\"inLanguage\":\"nl\",\"@id\":\"https:\/\/webkrea.kiwanisbelux.site\/template\/nl\/#\/schema\/logo\/image\/\",\"url\":\"https:\/\/webkrea.kiwanisbelux.site\/template\/wp-content\/uploads\/sites\/23\/2021\/04\/kiwanis-logo@2x.png\",\"contentUrl\":\"https:\/\/webkrea.kiwanisbelux.site\/template\/wp-content\/uploads\/sites\/23\/2021\/04\/kiwanis-logo@2x.png\",\"width\":555,\"height\":100,\"caption\":\"Kiwanis\"},\"image\":{\"@id\":\"https:\/\/webkrea.kiwanisbelux.site\/template\/nl\/#\/schema\/logo\/image\/\"}}]}<\/script>\n<!-- \/ Yoast SEO plugin. -->","yoast_head_json":{"title":"Ticketing - Kiwanis LOCAL SITE TEMPLATE -","robots":{"index":"noindex","follow":"follow","max-snippet":"max-snippet:-1","max-image-preview":"max-image-preview:large","max-video-preview":"max-video-preview:-1"},"og_locale":"nl_NL","og_type":"article","og_title":"Ticketing - Kiwanis LOCAL SITE TEMPLATE -","og_description":"2\u00e8me balcon lat\u00e9ral et fond 15 \u20ac 2\u00e8me balcon centre&nbsp; 25 \u20ac premier balcon 25 \u20ac parterre 35 \u20ac Gold \/ Vip 50\u20ac&nbsp;Inclus: &nbsp; &nbsp;1 verre de champagne&nbsp;2 sandwiches [&hellip;]","og_url":"https:\/\/webkrea.kiwanisbelux.site\/template\/nl\/hommage-a-brel\/ticketing\/","og_site_name":"- Kiwanis LOCAL SITE TEMPLATE -","article_modified_time":"2022-08-23T10:18:55+00:00","og_image":[{"width":1358,"height":339,"url":"https:\/\/webkrea.kiwanisbelux.site\/template\/wp-content\/uploads\/sites\/23\/2022\/08\/hommage-brel-wp.jpg","type":"image\/jpeg"}],"twitter_card":"summary_large_image","twitter_misc":{"Geschatte leestijd":"1 minuut"},"schema":{"@context":"https:\/\/schema.org","@graph":[{"@type":"WebPage","@id":"https:\/\/webkrea.kiwanisbelux.site\/template\/nl\/hommage-a-brel\/ticketing\/","url":"https:\/\/webkrea.kiwanisbelux.site\/template\/nl\/hommage-a-brel\/ticketing\/","name":"Ticketing - Kiwanis LOCAL SITE TEMPLATE -","isPartOf":{"@id":"https:\/\/webkrea.kiwanisbelux.site\/template\/nl\/#website"},"datePublished":"2022-08-21T09:21:28+00:00","dateModified":"2022-08-23T10:18:55+00:00","breadcrumb":{"@id":"https:\/\/webkrea.kiwanisbelux.site\/template\/nl\/hommage-a-brel\/ticketing\/#breadcrumb"},"inLanguage":"nl","potentialAction":[{"@type":"ReadAction","target":["https:\/\/webkrea.kiwanisbelux.site\/template\/nl\/hommage-a-brel\/ticketing\/"]}]},{"@type":"BreadcrumbList","@id":"https:\/\/webkrea.kiwanisbelux.site\/template\/nl\/hommage-a-brel\/ticketing\/#breadcrumb","itemListElement":[{"@type":"ListItem","position":1,"name":"Home","item":"https:\/\/webkrea.kiwanisbelux.site\/template\/nl\/"},{"@type":"ListItem","position":2,"name":"Hommage \u00e0 BREL","item":"https:\/\/webkrea.kiwanisbelux.site\/template\/nl\/hommage-a-brel\/"},{"@type":"ListItem","position":3,"name":"Ticketing"}]},{"@type":"WebSite","@id":"https:\/\/webkrea.kiwanisbelux.site\/template\/nl\/#website","url":"https:\/\/webkrea.kiwanisbelux.site\/template\/nl\/","name":"- Kiwanis LOCAL SITE TEMPLATE -","description":"","publisher":{"@id":"https:\/\/webkrea.kiwanisbelux.site\/template\/nl\/#organization"},"potentialAction":[{"@type":"SearchAction","target":{"@type":"EntryPoint","urlTemplate":"https:\/\/webkrea.kiwanisbelux.site\/template\/nl\/?s={search_term_string}"},"query-input":"required name=search_term_string"}],"inLanguage":"nl"},{"@type":"Organization","@id":"https:\/\/webkrea.kiwanisbelux.site\/template\/nl\/#organization","name":"Kiwanis","url":"https:\/\/webkrea.kiwanisbelux.site\/template\/nl\/","sameAs":[],"logo":{"@type":"ImageObject","inLanguage":"nl","@id":"https:\/\/webkrea.kiwanisbelux.site\/template\/nl\/#\/schema\/logo\/image\/","url":"https:\/\/webkrea.kiwanisbelux.site\/template\/wp-content\/uploads\/sites\/23\/2021\/04\/kiwanis-logo@2x.png","contentUrl":"https:\/\/webkrea.kiwanisbelux.site\/template\/wp-content\/uploads\/sites\/23\/2021\/04\/kiwanis-logo@2x.png","width":555,"height":100,"caption":"Kiwanis"},"image":{"@id":"https:\/\/webkrea.kiwanisbelux.site\/template\/nl\/#\/schema\/logo\/image\/"}}]}},"_links":{"self":[{"href":"https:\/\/webkrea.kiwanisbelux.site\/template\/nl\/wp-json\/wp\/v2\/pages\/2298"}],"collection":[{"href":"https:\/\/webkrea.kiwanisbelux.site\/template\/nl\/wp-json\/wp\/v2\/pages"}],"about":[{"href":"https:\/\/webkrea.kiwanisbelux.site\/template\/nl\/wp-json\/wp\/v2\/types\/page"}],"author":[{"embeddable":true,"href":"https:\/\/webkrea.kiwanisbelux.site\/template\/nl\/wp-json\/wp\/v2\/users\/6"}],"replies":[{"embeddable":true,"href":"https:\/\/webkrea.kiwanisbelux.site\/template\/nl\/wp-json\/wp\/v2\/comments?post=2298"}],"version-history":[{"count":3,"href":"https:\/\/webkrea.kiwanisbelux.site\/template\/nl\/wp-json\/wp\/v2\/pages\/2298\/revisions"}],"predecessor-version":[{"id":2424,"href":"https:\/\/webkrea.kiwanisbelux.site\/template\/nl\/wp-json\/wp\/v2\/pages\/2298\/revisions\/2424"}],"up":[{"embeddable":true,"href":"https:\/\/webkrea.kiwanisbelux.site\/template\/nl\/wp-json\/wp\/v2\/pages\/2294"}],"wp:featuredmedia":[{"embeddable":true,"href":"https:\/\/webkrea.kiwanisbelux.site\/template\/nl\/wp-json\/wp\/v2\/media\/2421"}],"wp:attachment":[{"href":"https:\/\/webkrea.kiwanisbelux.site\/template\/nl\/wp-json\/wp\/v2\/media?parent=2298"}],"curies":[{"name":"wp","href":"https:\/\/api.w.org\/{rel}","templated":true}]}}