{"id":3332,"date":"2022-10-21T09:58:14","date_gmt":"2022-10-21T07:58:14","guid":{"rendered":"https:\/\/webkrea.kiwanisbelux.site\/reunions-en-ligne\/"},"modified":"2022-10-21T09:58:16","modified_gmt":"2022-10-21T07:58:16","slug":"reunions-en-ligne","status":"publish","type":"page","link":"https:\/\/webkrea.kiwanisbelux.site\/nl\/reunions-en-ligne\/","title":{"rendered":"R\u00e9unions en ligne"},"content":{"rendered":"<p>[et_pb_section fb_built=&#8221;1&#8243; _builder_version=&#8221;4.18.0&#8243; _module_preset=&#8221;default&#8221; global_colors_info=&#8221;{}&#8221; theme_builder_area=&#8221;post_content&#8221;][et_pb_row _builder_version=&#8221;4.18.0&#8243; _module_preset=&#8221;default&#8221; theme_builder_area=&#8221;post_content&#8221; column_structure=&#8221;1_3,1_3,1_3&#8243;][et_pb_column _builder_version=&#8221;4.18.0&#8243; _module_preset=&#8221;default&#8221; type=&#8221;1_3&#8243; theme_builder_area=&#8221;post_content&#8221;][et_pb_text _builder_version=&#8221;4.18.0&#8243; _module_preset=&#8221;default&#8221; theme_builder_area=&#8221;post_content&#8221; hover_enabled=&#8221;0&#8243; sticky_enabled=&#8221;0&#8243;][\/et_pb_text][\/et_pb_column][et_pb_column _builder_version=&#8221;4.18.0&#8243; _module_preset=&#8221;default&#8221; type=&#8221;1_3&#8243; theme_builder_area=&#8221;post_content&#8221;][et_pb_text _builder_version=&#8221;4.18.0&#8243; _module_preset=&#8221;default&#8221; theme_builder_area=&#8221;post_content&#8221; hover_enabled=&#8221;0&#8243; sticky_enabled=&#8221;0&#8243;]<\/p>\n<p><img loading=\"lazy\" src=\"https:\/\/webkrea.kiwanisbelux.site\/wp-content\/uploads\/2022\/10\/zoom-logo-main.jpeg\" width=\"204\" height=\"82\" alt=\"\" class=\"wp-image-3046 alignnone size-full\" style=\"display: block;margin-left: auto;margin-right: auto\"><\/p>\n<p>[\/et_pb_text][\/et_pb_column][et_pb_column _builder_version=&#8221;4.18.0&#8243; _module_preset=&#8221;default&#8221; type=&#8221;1_3&#8243; theme_builder_area=&#8221;post_content&#8221;][et_pb_text _builder_version=&#8221;4.18.0&#8243; _module_preset=&#8221;default&#8221; theme_builder_area=&#8221;post_content&#8221; hover_enabled=&#8221;0&#8243; sticky_enabled=&#8221;0&#8243;][\/et_pb_text][\/et_pb_column][\/et_pb_row][et_pb_row column_structure=&#8221;1_2,1_2&#8243; _builder_version=&#8221;4.18.0&#8243; _module_preset=&#8221;default&#8221; global_colors_info=&#8221;{}&#8221; theme_builder_area=&#8221;post_content&#8221;][et_pb_column type=&#8221;1_2&#8243; _builder_version=&#8221;4.18.0&#8243; _module_preset=&#8221;default&#8221; global_colors_info=&#8221;{}&#8221; theme_builder_area=&#8221;post_content&#8221;][et_pb_text _builder_version=&#8221;4.18.0&#8243; _module_preset=&#8221;default&#8221; hover_enabled=&#8221;0&#8243; global_colors_info=&#8221;{}&#8221; theme_builder_area=&#8221;post_content&#8221; sticky_enabled=&#8221;0&#8243;]<\/p>\n<p>Nous proposons ZOOM comme plateforme num\u00e9rique pour les r\u00e9unions en ligne.<br \/>Vous pouvez le t\u00e9l\u00e9charger sur l&#8217;Appstore (IOS) ou le Playstore (Android).<br \/>Une version pour MacOS peut \u00eatre t\u00e9l\u00e9charg\u00e9e <a href=\"https:\/\/zoom.us\/support\/download?os=mac\">ici<\/a>.<br \/>Pour Windows, vous pouvez le t\u00e9l\u00e9charger <a href=\"https:\/\/zoom-us-zoom.en.uptodown.com\/windows\/download\">ici<\/a>.<\/p>\n<p>[\/et_pb_text][\/et_pb_column][et_pb_column type=&#8221;1_2&#8243; _builder_version=&#8221;4.18.0&#8243; _module_preset=&#8221;default&#8221; global_colors_info=&#8221;{}&#8221; theme_builder_area=&#8221;post_content&#8221;][et_pb_text _builder_version=&#8221;4.18.0&#8243; _module_preset=&#8221;default&#8221; hover_enabled=&#8221;0&#8243; global_colors_info=&#8221;{}&#8221; theme_builder_area=&#8221;post_content&#8221; sticky_enabled=&#8221;0&#8243;]<\/p>\n<ol>\n<li>T\u00e9l\u00e9charger le programme<\/li>\n<li>S&#8217;inscrire<\/li>\n<li>Il est tr\u00e8s facile \u00e0 utiliser et vous permettra d&#8217;organiser vos r\u00e9unions en ligne.<\/li>\n<li>Il existe des vid\u00e9os avec des explications.<\/li>\n<\/ol>\n<p>[\/et_pb_text][\/et_pb_column][\/et_pb_row][\/et_pb_section]<\/p>\n","protected":false},"excerpt":{"rendered":"<p>Nous proposons ZOOM comme plateforme num\u00e9rique pour les r\u00e9unions en ligne.Vous pouvez le t\u00e9l\u00e9charger sur l&#8217;Appstore (IOS) ou le Playstore (Android).Une version pour MacOS peut \u00eatre t\u00e9l\u00e9charg\u00e9e ici.Pour Windows, vous [&hellip;]<\/p>\n","protected":false},"author":14,"featured_media":3040,"parent":0,"menu_order":0,"comment_status":"closed","ping_status":"closed","template":"","meta":{"_et_pb_use_builder":"on","_et_pb_old_content":"","_et_gb_content_width":""},"yoast_head":"<!-- This site is optimized with the Yoast SEO plugin v19.8 - https:\/\/yoast.com\/wordpress\/plugins\/seo\/ -->\n<title>R\u00e9unions en ligne - Kiwanis<\/title>\n<meta name=\"robots\" content=\"noindex, follow, max-snippet:-1, max-image-preview:large, max-video-preview:-1\" \/>\n<meta property=\"og:locale\" content=\"nl_NL\" \/>\n<meta property=\"og:type\" content=\"article\" \/>\n<meta property=\"og:title\" content=\"R\u00e9unions en ligne - Kiwanis\" \/>\n<meta property=\"og:description\" content=\"Nous proposons ZOOM comme plateforme num\u00e9rique pour les r\u00e9unions en ligne.Vous pouvez le t\u00e9l\u00e9charger sur l&#039;Appstore (IOS) ou le Playstore (Android).Une version pour MacOS peut \u00eatre t\u00e9l\u00e9charg\u00e9e ici.Pour Windows, vous [&hellip;]\" \/>\n<meta property=\"og:url\" content=\"https:\/\/webkrea.kiwanisbelux.site\/nl\/reunions-en-ligne\/\" \/>\n<meta property=\"og:site_name\" content=\"Kiwanis\" \/>\n<meta property=\"article:modified_time\" content=\"2022-10-21T07:58:16+00:00\" \/>\n<meta property=\"og:image\" content=\"https:\/\/webkrea.kiwanisbelux.site\/wp-content\/uploads\/2022\/10\/pexels-julia-m-cameron-4145190.jpg\" \/>\n\t<meta property=\"og:image:width\" content=\"1701\" \/>\n\t<meta property=\"og:image:height\" content=\"826\" \/>\n\t<meta property=\"og:image:type\" content=\"image\/jpeg\" \/>\n<meta name=\"twitter:card\" content=\"summary_large_image\" \/>\n<meta name=\"twitter:label1\" content=\"Geschatte leestijd\" \/>\n\t<meta name=\"twitter:data1\" content=\"2 minuten\" \/>\n<script type=\"application\/ld+json\" class=\"yoast-schema-graph\">{\"@context\":\"https:\/\/schema.org\",\"@graph\":[{\"@type\":\"WebPage\",\"@id\":\"https:\/\/webkrea.kiwanisbelux.site\/nl\/reunions-en-ligne\/\",\"url\":\"https:\/\/webkrea.kiwanisbelux.site\/nl\/reunions-en-ligne\/\",\"name\":\"R\u00e9unions en ligne - Kiwanis\",\"isPartOf\":{\"@id\":\"https:\/\/webkrea.kiwanisbelux.site\/nl\/#website\"},\"datePublished\":\"2022-10-21T07:58:14+00:00\",\"dateModified\":\"2022-10-21T07:58:16+00:00\",\"breadcrumb\":{\"@id\":\"https:\/\/webkrea.kiwanisbelux.site\/nl\/reunions-en-ligne\/#breadcrumb\"},\"inLanguage\":\"nl\",\"potentialAction\":[{\"@type\":\"ReadAction\",\"target\":[\"https:\/\/webkrea.kiwanisbelux.site\/nl\/reunions-en-ligne\/\"]}]},{\"@type\":\"BreadcrumbList\",\"@id\":\"https:\/\/webkrea.kiwanisbelux.site\/nl\/reunions-en-ligne\/#breadcrumb\",\"itemListElement\":[{\"@type\":\"ListItem\",\"position\":1,\"name\":\"Home\",\"item\":\"https:\/\/webkrea.kiwanisbelux.site\/nl\/\"},{\"@type\":\"ListItem\",\"position\":2,\"name\":\"R\u00e9unions en ligne\"}]},{\"@type\":\"WebSite\",\"@id\":\"https:\/\/webkrea.kiwanisbelux.site\/nl\/#website\",\"url\":\"https:\/\/webkrea.kiwanisbelux.site\/nl\/\",\"name\":\"Kiwanis\",\"description\":\"\",\"publisher\":{\"@id\":\"https:\/\/webkrea.kiwanisbelux.site\/nl\/#organization\"},\"potentialAction\":[{\"@type\":\"SearchAction\",\"target\":{\"@type\":\"EntryPoint\",\"urlTemplate\":\"https:\/\/webkrea.kiwanisbelux.site\/nl\/?s={search_term_string}\"},\"query-input\":\"required name=search_term_string\"}],\"inLanguage\":\"nl\"},{\"@type\":\"Organization\",\"@id\":\"https:\/\/webkrea.kiwanisbelux.site\/nl\/#organization\",\"name\":\"Kiwanis\",\"url\":\"https:\/\/webkrea.kiwanisbelux.site\/nl\/\",\"sameAs\":[],\"logo\":{\"@type\":\"ImageObject\",\"inLanguage\":\"nl\",\"@id\":\"https:\/\/webkrea.kiwanisbelux.site\/nl\/#\/schema\/logo\/image\/\",\"url\":\"https:\/\/webkrea.kiwanisbelux.site\/wp-content\/uploads\/2021\/04\/kiwanis-logo@2x.png\",\"contentUrl\":\"https:\/\/webkrea.kiwanisbelux.site\/wp-content\/uploads\/2021\/04\/kiwanis-logo@2x.png\",\"width\":555,\"height\":100,\"caption\":\"Kiwanis\"},\"image\":{\"@id\":\"https:\/\/webkrea.kiwanisbelux.site\/nl\/#\/schema\/logo\/image\/\"}}]}<\/script>\n<!-- \/ Yoast SEO plugin. -->","yoast_head_json":{"title":"R\u00e9unions en ligne - Kiwanis","robots":{"index":"noindex","follow":"follow","max-snippet":"max-snippet:-1","max-image-preview":"max-image-preview:large","max-video-preview":"max-video-preview:-1"},"og_locale":"nl_NL","og_type":"article","og_title":"R\u00e9unions en ligne - Kiwanis","og_description":"Nous proposons ZOOM comme plateforme num\u00e9rique pour les r\u00e9unions en ligne.Vous pouvez le t\u00e9l\u00e9charger sur l'Appstore (IOS) ou le Playstore (Android).Une version pour MacOS peut \u00eatre t\u00e9l\u00e9charg\u00e9e ici.Pour Windows, vous [&hellip;]","og_url":"https:\/\/webkrea.kiwanisbelux.site\/nl\/reunions-en-ligne\/","og_site_name":"Kiwanis","article_modified_time":"2022-10-21T07:58:16+00:00","og_image":[{"width":1701,"height":826,"url":"https:\/\/webkrea.kiwanisbelux.site\/wp-content\/uploads\/2022\/10\/pexels-julia-m-cameron-4145190.jpg","type":"image\/jpeg"}],"twitter_card":"summary_large_image","twitter_misc":{"Geschatte leestijd":"2 minuten"},"schema":{"@context":"https:\/\/schema.org","@graph":[{"@type":"WebPage","@id":"https:\/\/webkrea.kiwanisbelux.site\/nl\/reunions-en-ligne\/","url":"https:\/\/webkrea.kiwanisbelux.site\/nl\/reunions-en-ligne\/","name":"R\u00e9unions en ligne - Kiwanis","isPartOf":{"@id":"https:\/\/webkrea.kiwanisbelux.site\/nl\/#website"},"datePublished":"2022-10-21T07:58:14+00:00","dateModified":"2022-10-21T07:58:16+00:00","breadcrumb":{"@id":"https:\/\/webkrea.kiwanisbelux.site\/nl\/reunions-en-ligne\/#breadcrumb"},"inLanguage":"nl","potentialAction":[{"@type":"ReadAction","target":["https:\/\/webkrea.kiwanisbelux.site\/nl\/reunions-en-ligne\/"]}]},{"@type":"BreadcrumbList","@id":"https:\/\/webkrea.kiwanisbelux.site\/nl\/reunions-en-ligne\/#breadcrumb","itemListElement":[{"@type":"ListItem","position":1,"name":"Home","item":"https:\/\/webkrea.kiwanisbelux.site\/nl\/"},{"@type":"ListItem","position":2,"name":"R\u00e9unions en ligne"}]},{"@type":"WebSite","@id":"https:\/\/webkrea.kiwanisbelux.site\/nl\/#website","url":"https:\/\/webkrea.kiwanisbelux.site\/nl\/","name":"Kiwanis","description":"","publisher":{"@id":"https:\/\/webkrea.kiwanisbelux.site\/nl\/#organization"},"potentialAction":[{"@type":"SearchAction","target":{"@type":"EntryPoint","urlTemplate":"https:\/\/webkrea.kiwanisbelux.site\/nl\/?s={search_term_string}"},"query-input":"required name=search_term_string"}],"inLanguage":"nl"},{"@type":"Organization","@id":"https:\/\/webkrea.kiwanisbelux.site\/nl\/#organization","name":"Kiwanis","url":"https:\/\/webkrea.kiwanisbelux.site\/nl\/","sameAs":[],"logo":{"@type":"ImageObject","inLanguage":"nl","@id":"https:\/\/webkrea.kiwanisbelux.site\/nl\/#\/schema\/logo\/image\/","url":"https:\/\/webkrea.kiwanisbelux.site\/wp-content\/uploads\/2021\/04\/kiwanis-logo@2x.png","contentUrl":"https:\/\/webkrea.kiwanisbelux.site\/wp-content\/uploads\/2021\/04\/kiwanis-logo@2x.png","width":555,"height":100,"caption":"Kiwanis"},"image":{"@id":"https:\/\/webkrea.kiwanisbelux.site\/nl\/#\/schema\/logo\/image\/"}}]}},"_links":{"self":[{"href":"https:\/\/webkrea.kiwanisbelux.site\/nl\/wp-json\/wp\/v2\/pages\/3332"}],"collection":[{"href":"https:\/\/webkrea.kiwanisbelux.site\/nl\/wp-json\/wp\/v2\/pages"}],"about":[{"href":"https:\/\/webkrea.kiwanisbelux.site\/nl\/wp-json\/wp\/v2\/types\/page"}],"author":[{"embeddable":true,"href":"https:\/\/webkrea.kiwanisbelux.site\/nl\/wp-json\/wp\/v2\/users\/14"}],"replies":[{"embeddable":true,"href":"https:\/\/webkrea.kiwanisbelux.site\/nl\/wp-json\/wp\/v2\/comments?post=3332"}],"version-history":[{"count":5,"href":"https:\/\/webkrea.kiwanisbelux.site\/nl\/wp-json\/wp\/v2\/pages\/3332\/revisions"}],"predecessor-version":[{"id":3338,"href":"https:\/\/webkrea.kiwanisbelux.site\/nl\/wp-json\/wp\/v2\/pages\/3332\/revisions\/3338"}],"wp:featuredmedia":[{"embeddable":true,"href":"https:\/\/webkrea.kiwanisbelux.site\/nl\/wp-json\/wp\/v2\/media\/3040"}],"wp:attachment":[{"href":"https:\/\/webkrea.kiwanisbelux.site\/nl\/wp-json\/wp\/v2\/media?parent=3332"}],"curies":[{"name":"wp","href":"https:\/\/api.w.org\/{rel}","templated":true}]}}