{"id":3329,"date":"2022-10-21T09:57:55","date_gmt":"2022-10-21T07:57:55","guid":{"rendered":"https:\/\/webkrea.kiwanisbelux.site\/reglement-gegevensbescherming-2\/"},"modified":"2022-10-21T10:21:47","modified_gmt":"2022-10-21T08:21:47","slug":"reglement-gegevensbescherming","status":"publish","type":"page","link":"https:\/\/webkrea.kiwanisbelux.site\/nl\/reglement-gegevensbescherming\/","title":{"rendered":"Reglement gegevensbescherming"},"content":{"rendered":"<p>[et_pb_section fb_built=&#8221;1&#8243; _builder_version=&#8221;4.16&#8243; global_colors_info=&#8221;{}&#8221; theme_builder_area=&#8221;post_content&#8221;][et_pb_row column_structure=&#8221;1_2,1_2&#8243; _builder_version=&#8221;4.16&#8243; background_size=&#8221;initial&#8221; background_position=&#8221;top_left&#8221; background_repeat=&#8221;repeat&#8221; global_colors_info=&#8221;{}&#8221; theme_builder_area=&#8221;post_content&#8221;][et_pb_column type=&#8221;1_2&#8243; _builder_version=&#8221;4.16&#8243; custom_padding=&#8221;|||&#8221; global_colors_info=&#8221;{}&#8221; custom_padding__hover=&#8221;|||&#8221; theme_builder_area=&#8221;post_content&#8221;][et_pb_text _builder_version=&#8221;4.18.0&#8243; background_size=&#8221;initial&#8221; background_position=&#8221;top_left&#8221; background_repeat=&#8221;repeat&#8221; hover_enabled=&#8221;0&#8243; global_colors_info=&#8221;{}&#8221; theme_builder_area=&#8221;post_content&#8221; sticky_enabled=&#8221;0&#8243;]<\/p>\n<p>Cliquez sur l\u2019image et remplissez le formulaire au plus vite<\/p>\n<p>Zoals u allen hebt gemerkt, worden wij momenteel geconfronteerd met de naleving van de nieuwe Europese verordening inzake gegevensbescherming, die heel wat inkt zal doen vloeien.<\/p>\n<p>Hoewel de genoemde verordening oorspronkelijk bedoeld was om particulieren te beschermen tegen het gedrag van grote economische en commerci\u00eble groepen, worden zelfs verenigingen door de algemene formulering van de tekst gedwongen passende maatregelen te nemen, ook al zijn deze maatregelen niet altijd even duidelijk en kunnen zij in verhouding tot de context overdreven lijken.<\/p>\n<p>Met het oog op transparantie en naleving is in ons district besloten om als volgt te werk te gaan:<\/p>\n<ul>\n<li>Chaque membre recevra un formulaire \u00e0 remplir et \u00e0 signer, qui d\u00e9taille les informations collect\u00e9es, conserv\u00e9es, utilis\u00e9es et stock\u00e9es par le Kiwanis et la mani\u00e8re dont les informations sont trait\u00e9es (cliquez sur l\u2019ic\u00f4ne de la colonne de droite et remplissez le formulaire).<\/li>\n<\/ul>\n<p>[\/et_pb_text][\/et_pb_column][et_pb_column type=&#8221;1_2&#8243; _builder_version=&#8221;4.18.0&#8243; _module_preset=&#8221;default&#8221; global_colors_info=&#8221;{}&#8221; theme_builder_area=&#8221;post_content&#8221;][et_pb_text _builder_version=&#8221;4.18.0&#8243; _module_preset=&#8221;default&#8221; hover_enabled=&#8221;0&#8243; global_colors_info=&#8221;{}&#8221; theme_builder_area=&#8221;post_content&#8221; sticky_enabled=&#8221;0&#8243;]<\/p>\n<ul>\n<li>Elk lid wordt verzocht dit formulier in te vullen en te ondertekenen en het aan de clubsecretaris toe te zenden.<\/li>\n<li>Le secr\u00e9taire du club conservera ledit document en original, et transf\u00e9rera une version<span> <\/span><strong>scann\u00e9e du document sign\u00e9 au responsable de la base de donn\u00e9es du district<\/strong>, en la personne de Chris Decorte email<span> <\/span><strong>c@decorte.org<\/strong><\/li>\n<li><strong>De leden die hun fiche niet hebben<\/strong> ingediend op <strong>30\/09\/2018<\/strong> ten laatste zullen zowel in de <span>papieren<\/span> <span>Directory<\/span> als in de <span>database<\/span> <strong>enkel vermeld worden met hun initialen zonder verdere precisie<\/strong>.<\/li>\n<li>Alle nieuwe leden moeten uiterlijk op het moment van toetreding het ondertekende originele formulier inleveren bij hun clubsecretaris.<\/li>\n<\/ul>\n<p><strong>Er zij op gewezen dat er in de praktijk niets verandert met betrekking tot het verzamelen, verwerken, gebruiken en opslaan van gegevens in het verleden, aangezien alles altijd is gedaan met als enig doel Kiwanis te leiden, in overeenstemming met de statuten, en dus met als enig doel kinderen overal ter wereld te helpen.<\/strong><\/p>\n<p>Voor vragen en <span>suggesties<\/span> contacteer <strong><span>Nathalie Frisch<\/span><\/strong> <strong><span>emailfrischnathalie@yourlaw.lu<\/span><\/strong><\/p>\n<h4><\/h4>\n<address>\n<address><\/address>\n<\/address>\n<p>[\/et_pb_text][\/et_pb_column][\/et_pb_row][\/et_pb_section]<\/p>\n","protected":false},"excerpt":{"rendered":"<p>Cliquez sur l\u2019image et remplissez le formulaire au plus vite Zoals u allen hebt gemerkt, worden wij momenteel geconfronteerd met de naleving van de nieuwe Europese verordening inzake gegevensbescherming, die [&hellip;]<\/p>\n","protected":false},"author":14,"featured_media":2565,"parent":0,"menu_order":0,"comment_status":"closed","ping_status":"closed","template":"","meta":{"_et_pb_use_builder":"on","_et_pb_old_content":"","_et_gb_content_width":""},"yoast_head":"<!-- This site is optimized with the Yoast SEO plugin v19.8 - https:\/\/yoast.com\/wordpress\/plugins\/seo\/ -->\n<title>Reglement gegevensbescherming - Kiwanis<\/title>\n<meta name=\"robots\" content=\"noindex, follow, max-snippet:-1, max-image-preview:large, max-video-preview:-1\" \/>\n<meta property=\"og:locale\" content=\"nl_NL\" \/>\n<meta property=\"og:type\" content=\"article\" \/>\n<meta property=\"og:title\" content=\"Reglement gegevensbescherming - Kiwanis\" \/>\n<meta property=\"og:description\" content=\"Cliquez sur l\u2019image et remplissez le formulaire au plus vite Zoals u allen hebt gemerkt, worden wij momenteel geconfronteerd met de naleving van de nieuwe Europese verordening inzake gegevensbescherming, die [&hellip;]\" \/>\n<meta property=\"og:url\" content=\"https:\/\/webkrea.kiwanisbelux.site\/nl\/reglement-gegevensbescherming\/\" \/>\n<meta property=\"og:site_name\" content=\"Kiwanis\" \/>\n<meta property=\"article:modified_time\" content=\"2022-10-21T08:21:47+00:00\" \/>\n<meta property=\"og:image\" content=\"https:\/\/webkrea.kiwanisbelux.site\/wp-content\/uploads\/2022\/10\/AdobeStock_290458445.jpg\" \/>\n\t<meta property=\"og:image:width\" content=\"1701\" \/>\n\t<meta property=\"og:image:height\" content=\"737\" \/>\n\t<meta property=\"og:image:type\" content=\"image\/jpeg\" \/>\n<meta name=\"twitter:card\" content=\"summary_large_image\" \/>\n<meta name=\"twitter:label1\" content=\"Geschatte leestijd\" \/>\n\t<meta name=\"twitter:data1\" content=\"2 minuten\" \/>\n<script type=\"application\/ld+json\" class=\"yoast-schema-graph\">{\"@context\":\"https:\/\/schema.org\",\"@graph\":[{\"@type\":\"WebPage\",\"@id\":\"https:\/\/webkrea.kiwanisbelux.site\/nl\/reglement-gegevensbescherming\/\",\"url\":\"https:\/\/webkrea.kiwanisbelux.site\/nl\/reglement-gegevensbescherming\/\",\"name\":\"Reglement gegevensbescherming - Kiwanis\",\"isPartOf\":{\"@id\":\"https:\/\/webkrea.kiwanisbelux.site\/nl\/#website\"},\"datePublished\":\"2022-10-21T07:57:55+00:00\",\"dateModified\":\"2022-10-21T08:21:47+00:00\",\"breadcrumb\":{\"@id\":\"https:\/\/webkrea.kiwanisbelux.site\/nl\/reglement-gegevensbescherming\/#breadcrumb\"},\"inLanguage\":\"nl\",\"potentialAction\":[{\"@type\":\"ReadAction\",\"target\":[\"https:\/\/webkrea.kiwanisbelux.site\/nl\/reglement-gegevensbescherming\/\"]}]},{\"@type\":\"BreadcrumbList\",\"@id\":\"https:\/\/webkrea.kiwanisbelux.site\/nl\/reglement-gegevensbescherming\/#breadcrumb\",\"itemListElement\":[{\"@type\":\"ListItem\",\"position\":1,\"name\":\"Home\",\"item\":\"https:\/\/webkrea.kiwanisbelux.site\/nl\/\"},{\"@type\":\"ListItem\",\"position\":2,\"name\":\"Reglement gegevensbescherming\"}]},{\"@type\":\"WebSite\",\"@id\":\"https:\/\/webkrea.kiwanisbelux.site\/nl\/#website\",\"url\":\"https:\/\/webkrea.kiwanisbelux.site\/nl\/\",\"name\":\"Kiwanis\",\"description\":\"\",\"publisher\":{\"@id\":\"https:\/\/webkrea.kiwanisbelux.site\/nl\/#organization\"},\"potentialAction\":[{\"@type\":\"SearchAction\",\"target\":{\"@type\":\"EntryPoint\",\"urlTemplate\":\"https:\/\/webkrea.kiwanisbelux.site\/nl\/?s={search_term_string}\"},\"query-input\":\"required name=search_term_string\"}],\"inLanguage\":\"nl\"},{\"@type\":\"Organization\",\"@id\":\"https:\/\/webkrea.kiwanisbelux.site\/nl\/#organization\",\"name\":\"Kiwanis\",\"url\":\"https:\/\/webkrea.kiwanisbelux.site\/nl\/\",\"sameAs\":[],\"logo\":{\"@type\":\"ImageObject\",\"inLanguage\":\"nl\",\"@id\":\"https:\/\/webkrea.kiwanisbelux.site\/nl\/#\/schema\/logo\/image\/\",\"url\":\"https:\/\/webkrea.kiwanisbelux.site\/wp-content\/uploads\/2021\/04\/kiwanis-logo@2x.png\",\"contentUrl\":\"https:\/\/webkrea.kiwanisbelux.site\/wp-content\/uploads\/2021\/04\/kiwanis-logo@2x.png\",\"width\":555,\"height\":100,\"caption\":\"Kiwanis\"},\"image\":{\"@id\":\"https:\/\/webkrea.kiwanisbelux.site\/nl\/#\/schema\/logo\/image\/\"}}]}<\/script>\n<!-- \/ Yoast SEO plugin. -->","yoast_head_json":{"title":"Reglement gegevensbescherming - Kiwanis","robots":{"index":"noindex","follow":"follow","max-snippet":"max-snippet:-1","max-image-preview":"max-image-preview:large","max-video-preview":"max-video-preview:-1"},"og_locale":"nl_NL","og_type":"article","og_title":"Reglement gegevensbescherming - Kiwanis","og_description":"Cliquez sur l\u2019image et remplissez le formulaire au plus vite Zoals u allen hebt gemerkt, worden wij momenteel geconfronteerd met de naleving van de nieuwe Europese verordening inzake gegevensbescherming, die [&hellip;]","og_url":"https:\/\/webkrea.kiwanisbelux.site\/nl\/reglement-gegevensbescherming\/","og_site_name":"Kiwanis","article_modified_time":"2022-10-21T08:21:47+00:00","og_image":[{"width":1701,"height":737,"url":"https:\/\/webkrea.kiwanisbelux.site\/wp-content\/uploads\/2022\/10\/AdobeStock_290458445.jpg","type":"image\/jpeg"}],"twitter_card":"summary_large_image","twitter_misc":{"Geschatte leestijd":"2 minuten"},"schema":{"@context":"https:\/\/schema.org","@graph":[{"@type":"WebPage","@id":"https:\/\/webkrea.kiwanisbelux.site\/nl\/reglement-gegevensbescherming\/","url":"https:\/\/webkrea.kiwanisbelux.site\/nl\/reglement-gegevensbescherming\/","name":"Reglement gegevensbescherming - Kiwanis","isPartOf":{"@id":"https:\/\/webkrea.kiwanisbelux.site\/nl\/#website"},"datePublished":"2022-10-21T07:57:55+00:00","dateModified":"2022-10-21T08:21:47+00:00","breadcrumb":{"@id":"https:\/\/webkrea.kiwanisbelux.site\/nl\/reglement-gegevensbescherming\/#breadcrumb"},"inLanguage":"nl","potentialAction":[{"@type":"ReadAction","target":["https:\/\/webkrea.kiwanisbelux.site\/nl\/reglement-gegevensbescherming\/"]}]},{"@type":"BreadcrumbList","@id":"https:\/\/webkrea.kiwanisbelux.site\/nl\/reglement-gegevensbescherming\/#breadcrumb","itemListElement":[{"@type":"ListItem","position":1,"name":"Home","item":"https:\/\/webkrea.kiwanisbelux.site\/nl\/"},{"@type":"ListItem","position":2,"name":"Reglement gegevensbescherming"}]},{"@type":"WebSite","@id":"https:\/\/webkrea.kiwanisbelux.site\/nl\/#website","url":"https:\/\/webkrea.kiwanisbelux.site\/nl\/","name":"Kiwanis","description":"","publisher":{"@id":"https:\/\/webkrea.kiwanisbelux.site\/nl\/#organization"},"potentialAction":[{"@type":"SearchAction","target":{"@type":"EntryPoint","urlTemplate":"https:\/\/webkrea.kiwanisbelux.site\/nl\/?s={search_term_string}"},"query-input":"required name=search_term_string"}],"inLanguage":"nl"},{"@type":"Organization","@id":"https:\/\/webkrea.kiwanisbelux.site\/nl\/#organization","name":"Kiwanis","url":"https:\/\/webkrea.kiwanisbelux.site\/nl\/","sameAs":[],"logo":{"@type":"ImageObject","inLanguage":"nl","@id":"https:\/\/webkrea.kiwanisbelux.site\/nl\/#\/schema\/logo\/image\/","url":"https:\/\/webkrea.kiwanisbelux.site\/wp-content\/uploads\/2021\/04\/kiwanis-logo@2x.png","contentUrl":"https:\/\/webkrea.kiwanisbelux.site\/wp-content\/uploads\/2021\/04\/kiwanis-logo@2x.png","width":555,"height":100,"caption":"Kiwanis"},"image":{"@id":"https:\/\/webkrea.kiwanisbelux.site\/nl\/#\/schema\/logo\/image\/"}}]}},"_links":{"self":[{"href":"https:\/\/webkrea.kiwanisbelux.site\/nl\/wp-json\/wp\/v2\/pages\/3329"}],"collection":[{"href":"https:\/\/webkrea.kiwanisbelux.site\/nl\/wp-json\/wp\/v2\/pages"}],"about":[{"href":"https:\/\/webkrea.kiwanisbelux.site\/nl\/wp-json\/wp\/v2\/types\/page"}],"author":[{"embeddable":true,"href":"https:\/\/webkrea.kiwanisbelux.site\/nl\/wp-json\/wp\/v2\/users\/14"}],"replies":[{"embeddable":true,"href":"https:\/\/webkrea.kiwanisbelux.site\/nl\/wp-json\/wp\/v2\/comments?post=3329"}],"version-history":[{"count":2,"href":"https:\/\/webkrea.kiwanisbelux.site\/nl\/wp-json\/wp\/v2\/pages\/3329\/revisions"}],"predecessor-version":[{"id":3395,"href":"https:\/\/webkrea.kiwanisbelux.site\/nl\/wp-json\/wp\/v2\/pages\/3329\/revisions\/3395"}],"wp:featuredmedia":[{"embeddable":true,"href":"https:\/\/webkrea.kiwanisbelux.site\/nl\/wp-json\/wp\/v2\/media\/2565"}],"wp:attachment":[{"href":"https:\/\/webkrea.kiwanisbelux.site\/nl\/wp-json\/wp\/v2\/media?parent=3329"}],"curies":[{"name":"wp","href":"https:\/\/api.w.org\/{rel}","templated":true}]}}