{"id":1939,"date":"2022-09-12T10:46:35","date_gmt":"2022-09-12T08:46:35","guid":{"rendered":"https:\/\/webkrea.kiwanisbelux.site\/comites\/"},"modified":"2022-10-21T10:01:32","modified_gmt":"2022-10-21T08:01:32","slug":"comites","status":"publish","type":"page","link":"https:\/\/webkrea.kiwanisbelux.site\/nl\/comites\/","title":{"rendered":"Comit\u00e9s"},"content":{"rendered":"\n[et_pb_section admin_label=&#8221;section&#8221;]\n\t\t\t[et_pb_row admin_label=&#8221;row&#8221;]\n\t\t\t\t[et_pb_column type=&#8221;4_4&#8243;][et_pb_text admin_label=&#8221;Text&#8221;]<h2>Wat zijn de Kiwanis comit\u00e9s?<\/h2>\nDe comit\u00e9s zijn groepen van leden die belast zijn met de voorbereiding, ontwikkeling en uitvoering van de deelactiviteiten van het district. Een comit\u00e9 en zijn leden hebben geen beslissingsbevoegdheid, maar werken onder toezicht en verantwoordelijkheid van een districtsambtenaar (d.w.z. een lid van het bestuur).\n\nLes comit\u00e9s sont des groupes de membres qui sont charg\u00e9s de la pr\u00e9paration, de l&#8217;\u00e9laboration et de la r\u00e9alisation des sous-activit\u00e9s du district. Une commission et ses membres n&#8217;ont pas le pouvoir de d\u00e9cision, mais travaillent sous la supervision et la responsabilit\u00e9 d&#8217;un officier du district (c.\u00e0.d. un membre du conseil).[\/et_pb_text][\/et_pb_column]\n\t\t\t[\/et_pb_row]\n\t\t[\/et_pb_section]\n","protected":false},"excerpt":{"rendered":"<p>Wat zijn de Kiwanis comit\u00e9s? De comit\u00e9s zijn groepen van leden die belast zijn met de voorbereiding, ontwikkeling en uitvoering van de deelactiviteiten van het district. Een comit\u00e9 en zijn [&hellip;]<\/p>\n","protected":false},"author":2,"featured_media":2415,"parent":0,"menu_order":11,"comment_status":"closed","ping_status":"closed","template":"","meta":{"_et_pb_use_builder":"on","_et_pb_old_content":"","_et_gb_content_width":"1200"},"yoast_head":"<!-- This site is optimized with the Yoast SEO plugin v19.8 - https:\/\/yoast.com\/wordpress\/plugins\/seo\/ -->\n<title>Comit\u00e9s - Kiwanis<\/title>\n<meta name=\"robots\" content=\"noindex, follow, max-snippet:-1, max-image-preview:large, max-video-preview:-1\" \/>\n<meta property=\"og:locale\" content=\"nl_NL\" \/>\n<meta property=\"og:type\" content=\"article\" \/>\n<meta property=\"og:title\" content=\"Comit\u00e9s - Kiwanis\" \/>\n<meta property=\"og:description\" content=\"Wat zijn de Kiwanis comit\u00e9s? De comit\u00e9s zijn groepen van leden die belast zijn met de voorbereiding, ontwikkeling en uitvoering van de deelactiviteiten van het district. Een comit\u00e9 en zijn [&hellip;]\" \/>\n<meta property=\"og:url\" content=\"https:\/\/webkrea.kiwanisbelux.site\/nl\/comites\/\" \/>\n<meta property=\"og:site_name\" content=\"Kiwanis\" \/>\n<meta property=\"article:modified_time\" content=\"2022-10-21T08:01:32+00:00\" \/>\n<meta property=\"og:image\" content=\"https:\/\/webkrea.kiwanisbelux.site\/wp-content\/uploads\/2022\/10\/AdobeStock_182814051.jpeg\" \/>\n\t<meta property=\"og:image:width\" content=\"1613\" \/>\n\t<meta property=\"og:image:height\" content=\"833\" \/>\n\t<meta property=\"og:image:type\" content=\"image\/jpeg\" \/>\n<meta name=\"twitter:card\" content=\"summary_large_image\" \/>\n<meta name=\"twitter:label1\" content=\"Geschatte leestijd\" \/>\n\t<meta name=\"twitter:data1\" content=\"1 minuut\" \/>\n<script type=\"application\/ld+json\" class=\"yoast-schema-graph\">{\"@context\":\"https:\/\/schema.org\",\"@graph\":[{\"@type\":\"WebPage\",\"@id\":\"https:\/\/webkrea.kiwanisbelux.site\/nl\/comites\/\",\"url\":\"https:\/\/webkrea.kiwanisbelux.site\/nl\/comites\/\",\"name\":\"Comit\u00e9s - Kiwanis\",\"isPartOf\":{\"@id\":\"https:\/\/webkrea.kiwanisbelux.site\/nl\/#website\"},\"datePublished\":\"2022-09-12T08:46:35+00:00\",\"dateModified\":\"2022-10-21T08:01:32+00:00\",\"breadcrumb\":{\"@id\":\"https:\/\/webkrea.kiwanisbelux.site\/nl\/comites\/#breadcrumb\"},\"inLanguage\":\"nl\",\"potentialAction\":[{\"@type\":\"ReadAction\",\"target\":[\"https:\/\/webkrea.kiwanisbelux.site\/nl\/comites\/\"]}]},{\"@type\":\"BreadcrumbList\",\"@id\":\"https:\/\/webkrea.kiwanisbelux.site\/nl\/comites\/#breadcrumb\",\"itemListElement\":[{\"@type\":\"ListItem\",\"position\":1,\"name\":\"Home\",\"item\":\"https:\/\/webkrea.kiwanisbelux.site\/nl\/\"},{\"@type\":\"ListItem\",\"position\":2,\"name\":\"Comit\u00e9s\"}]},{\"@type\":\"WebSite\",\"@id\":\"https:\/\/webkrea.kiwanisbelux.site\/nl\/#website\",\"url\":\"https:\/\/webkrea.kiwanisbelux.site\/nl\/\",\"name\":\"Kiwanis\",\"description\":\"\",\"publisher\":{\"@id\":\"https:\/\/webkrea.kiwanisbelux.site\/nl\/#organization\"},\"potentialAction\":[{\"@type\":\"SearchAction\",\"target\":{\"@type\":\"EntryPoint\",\"urlTemplate\":\"https:\/\/webkrea.kiwanisbelux.site\/nl\/?s={search_term_string}\"},\"query-input\":\"required name=search_term_string\"}],\"inLanguage\":\"nl\"},{\"@type\":\"Organization\",\"@id\":\"https:\/\/webkrea.kiwanisbelux.site\/nl\/#organization\",\"name\":\"Kiwanis\",\"url\":\"https:\/\/webkrea.kiwanisbelux.site\/nl\/\",\"sameAs\":[],\"logo\":{\"@type\":\"ImageObject\",\"inLanguage\":\"nl\",\"@id\":\"https:\/\/webkrea.kiwanisbelux.site\/nl\/#\/schema\/logo\/image\/\",\"url\":\"https:\/\/webkrea.kiwanisbelux.site\/wp-content\/uploads\/2021\/04\/kiwanis-logo@2x.png\",\"contentUrl\":\"https:\/\/webkrea.kiwanisbelux.site\/wp-content\/uploads\/2021\/04\/kiwanis-logo@2x.png\",\"width\":555,\"height\":100,\"caption\":\"Kiwanis\"},\"image\":{\"@id\":\"https:\/\/webkrea.kiwanisbelux.site\/nl\/#\/schema\/logo\/image\/\"}}]}<\/script>\n<!-- \/ Yoast SEO plugin. -->","yoast_head_json":{"title":"Comit\u00e9s - Kiwanis","robots":{"index":"noindex","follow":"follow","max-snippet":"max-snippet:-1","max-image-preview":"max-image-preview:large","max-video-preview":"max-video-preview:-1"},"og_locale":"nl_NL","og_type":"article","og_title":"Comit\u00e9s - Kiwanis","og_description":"Wat zijn de Kiwanis comit\u00e9s? De comit\u00e9s zijn groepen van leden die belast zijn met de voorbereiding, ontwikkeling en uitvoering van de deelactiviteiten van het district. Een comit\u00e9 en zijn [&hellip;]","og_url":"https:\/\/webkrea.kiwanisbelux.site\/nl\/comites\/","og_site_name":"Kiwanis","article_modified_time":"2022-10-21T08:01:32+00:00","og_image":[{"width":1613,"height":833,"url":"https:\/\/webkrea.kiwanisbelux.site\/wp-content\/uploads\/2022\/10\/AdobeStock_182814051.jpeg","type":"image\/jpeg"}],"twitter_card":"summary_large_image","twitter_misc":{"Geschatte leestijd":"1 minuut"},"schema":{"@context":"https:\/\/schema.org","@graph":[{"@type":"WebPage","@id":"https:\/\/webkrea.kiwanisbelux.site\/nl\/comites\/","url":"https:\/\/webkrea.kiwanisbelux.site\/nl\/comites\/","name":"Comit\u00e9s - Kiwanis","isPartOf":{"@id":"https:\/\/webkrea.kiwanisbelux.site\/nl\/#website"},"datePublished":"2022-09-12T08:46:35+00:00","dateModified":"2022-10-21T08:01:32+00:00","breadcrumb":{"@id":"https:\/\/webkrea.kiwanisbelux.site\/nl\/comites\/#breadcrumb"},"inLanguage":"nl","potentialAction":[{"@type":"ReadAction","target":["https:\/\/webkrea.kiwanisbelux.site\/nl\/comites\/"]}]},{"@type":"BreadcrumbList","@id":"https:\/\/webkrea.kiwanisbelux.site\/nl\/comites\/#breadcrumb","itemListElement":[{"@type":"ListItem","position":1,"name":"Home","item":"https:\/\/webkrea.kiwanisbelux.site\/nl\/"},{"@type":"ListItem","position":2,"name":"Comit\u00e9s"}]},{"@type":"WebSite","@id":"https:\/\/webkrea.kiwanisbelux.site\/nl\/#website","url":"https:\/\/webkrea.kiwanisbelux.site\/nl\/","name":"Kiwanis","description":"","publisher":{"@id":"https:\/\/webkrea.kiwanisbelux.site\/nl\/#organization"},"potentialAction":[{"@type":"SearchAction","target":{"@type":"EntryPoint","urlTemplate":"https:\/\/webkrea.kiwanisbelux.site\/nl\/?s={search_term_string}"},"query-input":"required name=search_term_string"}],"inLanguage":"nl"},{"@type":"Organization","@id":"https:\/\/webkrea.kiwanisbelux.site\/nl\/#organization","name":"Kiwanis","url":"https:\/\/webkrea.kiwanisbelux.site\/nl\/","sameAs":[],"logo":{"@type":"ImageObject","inLanguage":"nl","@id":"https:\/\/webkrea.kiwanisbelux.site\/nl\/#\/schema\/logo\/image\/","url":"https:\/\/webkrea.kiwanisbelux.site\/wp-content\/uploads\/2021\/04\/kiwanis-logo@2x.png","contentUrl":"https:\/\/webkrea.kiwanisbelux.site\/wp-content\/uploads\/2021\/04\/kiwanis-logo@2x.png","width":555,"height":100,"caption":"Kiwanis"},"image":{"@id":"https:\/\/webkrea.kiwanisbelux.site\/nl\/#\/schema\/logo\/image\/"}}]}},"_links":{"self":[{"href":"https:\/\/webkrea.kiwanisbelux.site\/nl\/wp-json\/wp\/v2\/pages\/1939"}],"collection":[{"href":"https:\/\/webkrea.kiwanisbelux.site\/nl\/wp-json\/wp\/v2\/pages"}],"about":[{"href":"https:\/\/webkrea.kiwanisbelux.site\/nl\/wp-json\/wp\/v2\/types\/page"}],"author":[{"embeddable":true,"href":"https:\/\/webkrea.kiwanisbelux.site\/nl\/wp-json\/wp\/v2\/users\/2"}],"replies":[{"embeddable":true,"href":"https:\/\/webkrea.kiwanisbelux.site\/nl\/wp-json\/wp\/v2\/comments?post=1939"}],"version-history":[{"count":7,"href":"https:\/\/webkrea.kiwanisbelux.site\/nl\/wp-json\/wp\/v2\/pages\/1939\/revisions"}],"predecessor-version":[{"id":3367,"href":"https:\/\/webkrea.kiwanisbelux.site\/nl\/wp-json\/wp\/v2\/pages\/1939\/revisions\/3367"}],"wp:featuredmedia":[{"embeddable":true,"href":"https:\/\/webkrea.kiwanisbelux.site\/nl\/wp-json\/wp\/v2\/media\/2415"}],"wp:attachment":[{"href":"https:\/\/webkrea.kiwanisbelux.site\/nl\/wp-json\/wp\/v2\/media?parent=1939"}],"curies":[{"name":"wp","href":"https:\/\/api.w.org\/{rel}","templated":true}]}}