{"id":1903,"date":"2022-08-23T20:18:31","date_gmt":"2022-08-23T18:18:31","guid":{"rendered":"https:\/\/webkrea.kiwanisbelux.site\/nl-devenir-membre\/"},"modified":"2022-10-14T21:07:03","modified_gmt":"2022-10-14T19:07:03","slug":"nl-devenir-membre","status":"publish","type":"page","link":"https:\/\/webkrea.kiwanisbelux.site\/nl\/nl-devenir-membre\/","title":{"rendered":"Lid Worden"},"content":{"rendered":"<p>[et_pb_section fb_built=&#8221;1&#8243; admin_label=&#8221;section&#8221; _builder_version=&#8221;4.16&#8243; global_colors_info=&#8221;{}&#8221;][et_pb_row admin_label=&#8221;row&#8221; _builder_version=&#8221;4.16&#8243; background_size=&#8221;initial&#8221; background_position=&#8221;top_left&#8221; background_repeat=&#8221;repeat&#8221; global_colors_info=&#8221;{}&#8221;][et_pb_column type=&#8221;4_4&#8243; _builder_version=&#8221;4.16&#8243; custom_padding=&#8221;|||&#8221; global_colors_info=&#8221;{}&#8221; custom_padding__hover=&#8221;|||&#8221;][et_pb_text admin_label=&#8221;Text&#8221; _builder_version=&#8221;4.18.0&#8243; background_size=&#8221;initial&#8221; background_position=&#8221;top_left&#8221; background_repeat=&#8221;repeat&#8221; hover_enabled=&#8221;0&#8243; global_colors_info=&#8221;{}&#8221; sticky_enabled=&#8221;0&#8243;]<\/p>\n<h2>Wil je meer weten over Kiwanis? Denk je er zelfs aan om mee te doen?<\/h2>\n<p>Vul het onderstaande formulier in. Het zal worden doorgestuurd naar de Kiwanis club die het dichtst bij uw woonplaats ligt. Een lid van die club zal contact met u opnemen. U en de club bepalen vervolgens of lidmaatschap mogelijk is, rekening houdend met het profiel van de club, de professionele diversiteit, de gemiddelde leeftijd of de gendermix.<\/p>\n<p>[\/et_pb_text][\/et_pb_column][\/et_pb_row][et_pb_row _builder_version=&#8221;4.17.6&#8243; _module_preset=&#8221;default&#8221; global_colors_info=&#8221;{}&#8221;][et_pb_column type=&#8221;4_4&#8243; _builder_version=&#8221;4.17.6&#8243; _module_preset=&#8221;default&#8221; global_colors_info=&#8221;{}&#8221;][et_pb_code _builder_version=&#8221;4.17.6&#8243; _module_preset=&#8221;default&#8221; global_colors_info=&#8221;{}&#8221;]<div class=\"forminator-ui forminator-custom-form forminator-custom-form-282 forminator-design--default  forminator_ajax\" data-forminator-render=\"0\" data-form=\"forminator-module-282\" data-uid=\"69f53c62c9936\"><br\/><\/div><form\r\n\t\t\t\tid=\"forminator-module-282\"\r\n\t\t\t\tclass=\"forminator-ui forminator-custom-form forminator-custom-form-282 forminator-design--default  forminator_ajax\"\r\n\t\t\t\tmethod=\"post\"\r\n\t\t\t\tdata-forminator-render=\"0\"\r\n\t\t\t\tdata-form-id=\"282\"\r\n\t\t\t\t\r\n\t\t\t\tdata-design=\"default\"\r\n\t\t\t\t\r\n\t\t\t\t\r\n\t\t\t\t\r\n\t\t\t\tdata-grid=\"open\"\r\n\t\t\t\t\r\n\t\t\t\t\r\n\t\t\t\tstyle=\"display: none;\"\r\n\t\t\t\t\r\n\t\t\t\tdata-uid=\"69f53c62c9936\"\r\n\t\t\t><div role=\"alert\" aria-live=\"polite\" class=\"forminator-response-message forminator-error\" aria-hidden=\"true\"><\/div><div class=\"forminator-row\"><div id=\"select-1\" class=\"forminator-field-select forminator-col forminator-col-4 \"><div class=\"forminator-field\"><label for=\"forminator-form-282__field--select-1_69f53c62c9936\" id=\"forminator-form-282__field--select-1_69f53c62c9936-label\" class=\"forminator-label\">Salutation<\/label><select id=\"forminator-form-282__field--select-1_69f53c62c9936\" class=\"forminator-select--field forminator-select2\" data-required=\"\" name=\"select-1\" data-default-value=\"\" data-placeholder=\"\" data-search=\"false\" aria-labelledby=\"forminator-form-282__field--select-1_69f53c62c9936-label\" aria-describedby=\"forminator-form-282__field--select-1_69f53c62c9936-description\"><option value=\"monsieur\"  data-calculation=\"0\">Monsieur<\/option><option value=\"madame\"  data-calculation=\"0\">Madame<\/option><\/select><\/div><\/div><div id=\"name-1\" class=\"forminator-field-name forminator-col forminator-col-4 \"><div class=\"forminator-field\"><label for=\"forminator-field-name-1_69f53c62c9936\" id=\"forminator-field-name-1_69f53c62c9936-label\" class=\"forminator-label\">Pr\u00e9nom <span class=\"forminator-required\">*<\/span><\/label><input type=\"text\" name=\"name-1\" value=\"\" placeholder=\"\" id=\"forminator-field-name-1_69f53c62c9936\" class=\"forminator-input forminator-name--field\" aria-required=\"true\" \/><\/div><\/div><div id=\"name-2\" class=\"forminator-field-name forminator-col forminator-col-4 \"><div class=\"forminator-field\"><label for=\"forminator-field-name-2_69f53c62c9936\" id=\"forminator-field-name-2_69f53c62c9936-label\" class=\"forminator-label\">Nom <span class=\"forminator-required\">*<\/span><\/label><input type=\"text\" name=\"name-2\" value=\"\" placeholder=\"\" id=\"forminator-field-name-2_69f53c62c9936\" class=\"forminator-input forminator-name--field\" aria-required=\"true\" \/><\/div><\/div><\/div><div class=\"forminator-row\"><div id=\"email-1\" class=\"forminator-field-email forminator-col forminator-col-6 \"><div class=\"forminator-field\"><label for=\"forminator-field-email-1_69f53c62c9936\" id=\"forminator-field-email-1_69f53c62c9936-label\" class=\"forminator-label\">Adresse e-mail <span class=\"forminator-required\">*<\/span><\/label><input type=\"email\" name=\"email-1\" value=\"\" placeholder=\"\" id=\"forminator-field-email-1_69f53c62c9936\" class=\"forminator-input forminator-email--field\" data-required=\"true\" aria-required=\"true\" \/><\/div><\/div><div id=\"phone-1\" class=\"forminator-field-phone forminator-col forminator-col-6 \"><div class=\"forminator-field\"><label for=\"forminator-field-phone-1_69f53c62c9936\" id=\"forminator-field-phone-1_69f53c62c9936-label\" class=\"forminator-label\">Num\u00e9ro de t\u00e9l\u00e9phone<\/label><input type=\"text\" name=\"phone-1\" value=\"\" placeholder=\"\" id=\"forminator-field-phone-1_69f53c62c9936\" class=\"forminator-input forminator-field--phone\" data-required=\"\" aria-required=\"false\" autocomplete=\"off\" \/><\/div><\/div><\/div><div class=\"forminator-row\"><div id=\"date-1\" class=\"forminator-field-date forminator-col forminator-col-6 \"><label for=\"forminator-field-date-1\" id=\"forminator-field-date-1-label\" class=\"forminator-label\">Date de naissance<\/label><div class=\"forminator-date-input\"><div class=\"forminator-row\" data-multiple=\"true\"><div id=\"date-1-day\" class=\"forminator-col\"><div class=\"forminator-field\"><input type=\"number\" min=\"1\" max=\"31\" name=\"date-1-day\" value=\"\" placeholder=\"Jour\" id=\"forminator-field-date-1-day_69f53c62c9936\" class=\"forminator-input\" data-field=\"day\" data-format=\"dd-mm-yy\" data-parent=\"date-1\" aria-describedby=\"forminator-field-date-1_69f53c62c9936-description\" \/><\/div><\/div><div id=\"date-1-month\" class=\"forminator-col\"><div class=\"forminator-field\"><input type=\"number\" min=\"1\" max=\"12\" name=\"date-1-month\" value=\"\" placeholder=\"Mois\" id=\"forminator-field-date-1-month_69f53c62c9936\" class=\"forminator-input\" data-field=\"month\" data-format=\"dd-mm-yy\" data-parent=\"date-1\" aria-describedby=\"forminator-field-date-1_69f53c62c9936-description\" \/><\/div><\/div><div id=\"date-1-year\" class=\"forminator-col\"><div class=\"forminator-field\"><input type=\"number\" min=\"1\" name=\"date-1-year\" placeholder=\"Ann\u00e9e\" id=\"forminator-field-date-1-year_69f53c62c9936\" class=\"forminator-input\" data-field=\"year\" value=\"\" data-format=\"dd-mm-yy\" data-parent=\"date-1\" aria-describedby=\"forminator-field-date-1_69f53c62c9936-description\" \/><\/div><\/div><\/div><\/div><\/div><div id=\"text-1\" class=\"forminator-field-text forminator-col forminator-col-6 \"><div class=\"forminator-field\"><label for=\"forminator-field-text-1_69f53c62c9936\" id=\"forminator-field-text-1_69f53c62c9936-label\" class=\"forminator-label\">Lieu de r\u00e9sidence <span class=\"forminator-required\">*<\/span><\/label><input type=\"text\" name=\"text-1\" value=\"\" placeholder=\"\" id=\"forminator-field-text-1_69f53c62c9936\" class=\"forminator-input forminator-name--field\" data-required=\"1\" \/><\/div><\/div><\/div><div class=\"forminator-row\"><div id=\"textarea-1\" class=\"forminator-field-textarea forminator-col forminator-col-12 \"><div class=\"forminator-field\"><label for=\"forminator-field-textarea-1_69f53c62c9936\" id=\"forminator-field-textarea-1_69f53c62c9936-label\" class=\"forminator-label\">Question ou remarque<\/label><textarea name=\"textarea-1\" placeholder=\"\" id=\"forminator-field-textarea-1_69f53c62c9936\" class=\"forminator-textarea\" rows=\"6\" style=\"min-height:140px;\" ><\/textarea><span id=\"forminator-field-textarea-1_69f53c62c9936-description\" class=\"forminator-description\"><span data-limit=\"60\" data-type=\"words\">0 \/ 60<\/span><\/span><\/div><\/div><\/div><input type=\"hidden\" name=\"referer_url\" value=\"\" \/><div class=\"forminator-row forminator-row-last\"><div class=\"forminator-col\"><div class=\"forminator-field\"><button class=\"forminator-button forminator-button-submit\">Envoyer<\/button><\/div><\/div><\/div><input type=\"hidden\" id=\"forminator_nonce\" name=\"forminator_nonce\" value=\"3b5d7026db\" \/><input type=\"hidden\" name=\"_wp_http_referer\" value=\"\/nl\/wp-json\/wp\/v2\/pages\/1903\" \/><input type=\"hidden\" name=\"form_id\" value=\"282\"><input type=\"hidden\" name=\"page_id\" value=\"1903\"><input type=\"hidden\" name=\"form_type\" value=\"default\"><input type=\"hidden\" name=\"current_url\" value=\"https:\/\/webkrea.kiwanisbelux.site\/nl\/nl-devenir-membre\/\"><input type=\"hidden\" name=\"render_id\" value=\"0\"><input type=\"hidden\" name=\"action\" value=\"forminator_submit_form_custom-forms\"><\/form>[\/et_pb_code][\/et_pb_column][\/et_pb_row][\/et_pb_section]<\/p>\n","protected":false},"excerpt":{"rendered":"<p>Wil je meer weten over Kiwanis? Denk je er zelfs aan om mee te doen? Vul het onderstaande formulier in. Het zal worden doorgestuurd naar de Kiwanis club die het [&hellip;]<\/p>\n","protected":false},"author":1,"featured_media":66,"parent":0,"menu_order":20,"comment_status":"closed","ping_status":"closed","template":"","meta":{"_et_pb_use_builder":"on","_et_pb_old_content":"","_et_gb_content_width":""},"yoast_head":"<!-- This site is optimized with the Yoast SEO plugin v19.8 - https:\/\/yoast.com\/wordpress\/plugins\/seo\/ -->\n<title>Lid Worden - Kiwanis<\/title>\n<meta name=\"robots\" content=\"noindex, follow, max-snippet:-1, max-image-preview:large, max-video-preview:-1\" \/>\n<meta property=\"og:locale\" content=\"nl_NL\" \/>\n<meta property=\"og:type\" content=\"article\" \/>\n<meta property=\"og:title\" content=\"Lid Worden - Kiwanis\" \/>\n<meta property=\"og:description\" content=\"Wil je meer weten over Kiwanis? Denk je er zelfs aan om mee te doen? Vul het onderstaande formulier in. Het zal worden doorgestuurd naar de Kiwanis club die het [&hellip;]\" \/>\n<meta property=\"og:url\" content=\"https:\/\/webkrea.kiwanisbelux.site\/nl\/nl-devenir-membre\/\" \/>\n<meta property=\"og:site_name\" content=\"Kiwanis\" \/>\n<meta property=\"article:modified_time\" content=\"2022-10-14T19:07:03+00:00\" \/>\n<meta property=\"og:image\" content=\"https:\/\/webkrea.kiwanisbelux.site\/wp-content\/uploads\/2021\/04\/illustration2.jpg\" \/>\n\t<meta property=\"og:image:width\" content=\"1800\" \/>\n\t<meta property=\"og:image:height\" content=\"904\" \/>\n\t<meta property=\"og:image:type\" content=\"image\/jpeg\" \/>\n<meta name=\"twitter:card\" content=\"summary_large_image\" \/>\n<meta name=\"twitter:label1\" content=\"Geschatte leestijd\" \/>\n\t<meta name=\"twitter:data1\" content=\"1 minuut\" \/>\n<script type=\"application\/ld+json\" class=\"yoast-schema-graph\">{\"@context\":\"https:\/\/schema.org\",\"@graph\":[{\"@type\":\"WebPage\",\"@id\":\"https:\/\/webkrea.kiwanisbelux.site\/nl\/nl-devenir-membre\/\",\"url\":\"https:\/\/webkrea.kiwanisbelux.site\/nl\/nl-devenir-membre\/\",\"name\":\"Lid Worden - Kiwanis\",\"isPartOf\":{\"@id\":\"https:\/\/webkrea.kiwanisbelux.site\/nl\/#website\"},\"datePublished\":\"2022-08-23T18:18:31+00:00\",\"dateModified\":\"2022-10-14T19:07:03+00:00\",\"breadcrumb\":{\"@id\":\"https:\/\/webkrea.kiwanisbelux.site\/nl\/nl-devenir-membre\/#breadcrumb\"},\"inLanguage\":\"nl\",\"potentialAction\":[{\"@type\":\"ReadAction\",\"target\":[\"https:\/\/webkrea.kiwanisbelux.site\/nl\/nl-devenir-membre\/\"]}]},{\"@type\":\"BreadcrumbList\",\"@id\":\"https:\/\/webkrea.kiwanisbelux.site\/nl\/nl-devenir-membre\/#breadcrumb\",\"itemListElement\":[{\"@type\":\"ListItem\",\"position\":1,\"name\":\"Home\",\"item\":\"https:\/\/webkrea.kiwanisbelux.site\/nl\/\"},{\"@type\":\"ListItem\",\"position\":2,\"name\":\"Lid Worden\"}]},{\"@type\":\"WebSite\",\"@id\":\"https:\/\/webkrea.kiwanisbelux.site\/nl\/#website\",\"url\":\"https:\/\/webkrea.kiwanisbelux.site\/nl\/\",\"name\":\"Kiwanis\",\"description\":\"\",\"publisher\":{\"@id\":\"https:\/\/webkrea.kiwanisbelux.site\/nl\/#organization\"},\"potentialAction\":[{\"@type\":\"SearchAction\",\"target\":{\"@type\":\"EntryPoint\",\"urlTemplate\":\"https:\/\/webkrea.kiwanisbelux.site\/nl\/?s={search_term_string}\"},\"query-input\":\"required name=search_term_string\"}],\"inLanguage\":\"nl\"},{\"@type\":\"Organization\",\"@id\":\"https:\/\/webkrea.kiwanisbelux.site\/nl\/#organization\",\"name\":\"Kiwanis\",\"url\":\"https:\/\/webkrea.kiwanisbelux.site\/nl\/\",\"sameAs\":[],\"logo\":{\"@type\":\"ImageObject\",\"inLanguage\":\"nl\",\"@id\":\"https:\/\/webkrea.kiwanisbelux.site\/nl\/#\/schema\/logo\/image\/\",\"url\":\"https:\/\/webkrea.kiwanisbelux.site\/wp-content\/uploads\/2021\/04\/kiwanis-logo@2x.png\",\"contentUrl\":\"https:\/\/webkrea.kiwanisbelux.site\/wp-content\/uploads\/2021\/04\/kiwanis-logo@2x.png\",\"width\":555,\"height\":100,\"caption\":\"Kiwanis\"},\"image\":{\"@id\":\"https:\/\/webkrea.kiwanisbelux.site\/nl\/#\/schema\/logo\/image\/\"}}]}<\/script>\n<!-- \/ Yoast SEO plugin. -->","yoast_head_json":{"title":"Lid Worden - Kiwanis","robots":{"index":"noindex","follow":"follow","max-snippet":"max-snippet:-1","max-image-preview":"max-image-preview:large","max-video-preview":"max-video-preview:-1"},"og_locale":"nl_NL","og_type":"article","og_title":"Lid Worden - Kiwanis","og_description":"Wil je meer weten over Kiwanis? Denk je er zelfs aan om mee te doen? Vul het onderstaande formulier in. Het zal worden doorgestuurd naar de Kiwanis club die het [&hellip;]","og_url":"https:\/\/webkrea.kiwanisbelux.site\/nl\/nl-devenir-membre\/","og_site_name":"Kiwanis","article_modified_time":"2022-10-14T19:07:03+00:00","og_image":[{"width":1800,"height":904,"url":"https:\/\/webkrea.kiwanisbelux.site\/wp-content\/uploads\/2021\/04\/illustration2.jpg","type":"image\/jpeg"}],"twitter_card":"summary_large_image","twitter_misc":{"Geschatte leestijd":"1 minuut"},"schema":{"@context":"https:\/\/schema.org","@graph":[{"@type":"WebPage","@id":"https:\/\/webkrea.kiwanisbelux.site\/nl\/nl-devenir-membre\/","url":"https:\/\/webkrea.kiwanisbelux.site\/nl\/nl-devenir-membre\/","name":"Lid Worden - Kiwanis","isPartOf":{"@id":"https:\/\/webkrea.kiwanisbelux.site\/nl\/#website"},"datePublished":"2022-08-23T18:18:31+00:00","dateModified":"2022-10-14T19:07:03+00:00","breadcrumb":{"@id":"https:\/\/webkrea.kiwanisbelux.site\/nl\/nl-devenir-membre\/#breadcrumb"},"inLanguage":"nl","potentialAction":[{"@type":"ReadAction","target":["https:\/\/webkrea.kiwanisbelux.site\/nl\/nl-devenir-membre\/"]}]},{"@type":"BreadcrumbList","@id":"https:\/\/webkrea.kiwanisbelux.site\/nl\/nl-devenir-membre\/#breadcrumb","itemListElement":[{"@type":"ListItem","position":1,"name":"Home","item":"https:\/\/webkrea.kiwanisbelux.site\/nl\/"},{"@type":"ListItem","position":2,"name":"Lid Worden"}]},{"@type":"WebSite","@id":"https:\/\/webkrea.kiwanisbelux.site\/nl\/#website","url":"https:\/\/webkrea.kiwanisbelux.site\/nl\/","name":"Kiwanis","description":"","publisher":{"@id":"https:\/\/webkrea.kiwanisbelux.site\/nl\/#organization"},"potentialAction":[{"@type":"SearchAction","target":{"@type":"EntryPoint","urlTemplate":"https:\/\/webkrea.kiwanisbelux.site\/nl\/?s={search_term_string}"},"query-input":"required name=search_term_string"}],"inLanguage":"nl"},{"@type":"Organization","@id":"https:\/\/webkrea.kiwanisbelux.site\/nl\/#organization","name":"Kiwanis","url":"https:\/\/webkrea.kiwanisbelux.site\/nl\/","sameAs":[],"logo":{"@type":"ImageObject","inLanguage":"nl","@id":"https:\/\/webkrea.kiwanisbelux.site\/nl\/#\/schema\/logo\/image\/","url":"https:\/\/webkrea.kiwanisbelux.site\/wp-content\/uploads\/2021\/04\/kiwanis-logo@2x.png","contentUrl":"https:\/\/webkrea.kiwanisbelux.site\/wp-content\/uploads\/2021\/04\/kiwanis-logo@2x.png","width":555,"height":100,"caption":"Kiwanis"},"image":{"@id":"https:\/\/webkrea.kiwanisbelux.site\/nl\/#\/schema\/logo\/image\/"}}]}},"_links":{"self":[{"href":"https:\/\/webkrea.kiwanisbelux.site\/nl\/wp-json\/wp\/v2\/pages\/1903"}],"collection":[{"href":"https:\/\/webkrea.kiwanisbelux.site\/nl\/wp-json\/wp\/v2\/pages"}],"about":[{"href":"https:\/\/webkrea.kiwanisbelux.site\/nl\/wp-json\/wp\/v2\/types\/page"}],"author":[{"embeddable":true,"href":"https:\/\/webkrea.kiwanisbelux.site\/nl\/wp-json\/wp\/v2\/users\/1"}],"replies":[{"embeddable":true,"href":"https:\/\/webkrea.kiwanisbelux.site\/nl\/wp-json\/wp\/v2\/comments?post=1903"}],"version-history":[{"count":7,"href":"https:\/\/webkrea.kiwanisbelux.site\/nl\/wp-json\/wp\/v2\/pages\/1903\/revisions"}],"predecessor-version":[{"id":2763,"href":"https:\/\/webkrea.kiwanisbelux.site\/nl\/wp-json\/wp\/v2\/pages\/1903\/revisions\/2763"}],"wp:featuredmedia":[{"embeddable":true,"href":"https:\/\/webkrea.kiwanisbelux.site\/nl\/wp-json\/wp\/v2\/media\/66"}],"wp:attachment":[{"href":"https:\/\/webkrea.kiwanisbelux.site\/nl\/wp-json\/wp\/v2\/media?parent=1903"}],"curies":[{"name":"wp","href":"https:\/\/api.w.org\/{rel}","templated":true}]}}