{"id":806,"date":"2021-08-31T10:05:20","date_gmt":"2021-08-31T08:05:20","guid":{"rendered":"https:\/\/clients.webkrea.be\/kiwanis\/?page_id=806"},"modified":"2021-08-31T17:47:43","modified_gmt":"2021-08-31T15:47:43","slug":"formation","status":"publish","type":"page","link":"https:\/\/webkrea.kiwanisbelux.site\/bruegel\/downloads\/formation\/","title":{"rendered":"Formation"},"content":{"rendered":"<p>Formation des officiers de Club 2020-2021<\/p>\n<ul type=\"disc\">\n<li><a href=\"https:\/\/clients.webkrea.be\/kiwanis\/wp-content\/uploads\/sites\/22\/2021\/08\/01.-Introduction-Formation-Officiers-2020-1.pdf\">Introduction<\/a><\/li>\n<li><a href=\"https:\/\/clients.webkrea.be\/kiwanis\/wp-content\/uploads\/sites\/22\/2021\/08\/02.-Les-Fondamentaux-Formation-Officiers-2020-1.pdf\">Les Fondamentaux du Kiwanis<\/a><\/li>\n<li><a href=\"https:\/\/clients.webkrea.be\/kiwanis\/wp-content\/uploads\/sites\/22\/2021\/08\/03.-Statuts-Re\u0300glements-Formation-Officiers-2020-1.pdf\">Les Statuts et R\u00e8glements Int\u00e9rieurs<\/a><\/li>\n<li><a href=\"https:\/\/clients.webkrea.be\/kiwanis\/wp-content\/uploads\/sites\/22\/2021\/08\/04.-Le-Ro\u0302le-du-Lt-Gouverneur-Formation-Officiers-2020-1.pdf\">Le R\u00f4le du Lt-Gouverneur<\/a><\/li>\n<li><a href=\"https:\/\/clients.webkrea.be\/kiwanis\/wp-content\/uploads\/sites\/22\/2021\/08\/05.-Kiwanis-MSC-Formation-Officiers-2020.pdf\">Centre MSC<\/a><\/li>\n<li><a href=\"https:\/\/clients.webkrea.be\/kiwanis\/wp-content\/uploads\/sites\/22\/2021\/08\/06.-La-Gestion-de-Conflit-Formation-Officiers-2020-1.pdf\">Gestion de conflits<\/a><\/li>\n<li><a href=\"https:\/\/clients.webkrea.be\/kiwanis\/wp-content\/uploads\/sites\/22\/2021\/08\/07.-Formation-Pre\u0301sident-Formation-Officiers-2020-1.pdf\">La Fonction de Pr\u00e9sident<\/a><\/li>\n<li><a href=\"https:\/\/clients.webkrea.be\/kiwanis\/wp-content\/uploads\/sites\/22\/2021\/08\/08.-Formation-Secre\u0301taire-Formation-Officiers-2020-1.pdf\">La fonction de secr\u00e9taire<\/a><\/li>\n<li><a href=\"https:\/\/clients.webkrea.be\/kiwanis\/wp-content\/uploads\/sites\/22\/2021\/08\/10.-Formation-Protocole-Formation-Officiers-2020-1.pdf\">La fonction de protocole<\/a><\/li>\n<li><a href=\"https:\/\/clients.webkrea.be\/kiwanis\/wp-content\/uploads\/sites\/22\/2021\/08\/09.pdf\">la fonction de tr\u00e9sorier<\/a><\/li>\n<li><a href=\"https:\/\/clients.webkrea.be\/kiwanis\/wp-content\/uploads\/sites\/22\/2021\/08\/11.-La-Marque-Kiwanis-Formation-Officiers-2020.pdf\">La Marque Kiwanis<\/a><\/li>\n<li><a href=\"https:\/\/clients.webkrea.be\/kiwanis\/wp-content\/uploads\/sites\/22\/2021\/08\/12.-Les-Re\u0301seaux-Sociaux-Formation-Officiers-2020-1.pdf\">Les r\u00e9seaux sociaux<\/a><\/li>\n<li><a href=\"https:\/\/clients.webkrea.be\/kiwanis\/wp-content\/uploads\/sites\/22\/2021\/08\/FR-conseils-et-outils.pdf\">Conseils &amp; Outils<\/a><\/li>\n<li><a href=\"https:\/\/clients.webkrea.be\/kiwanis\/wp-content\/uploads\/sites\/22\/2021\/08\/A03_branding_fr-2.pptx\">Pr\u00e9sentation Powerpoint du Club<\/a><\/li>\n<li><a href=\"https:\/\/clients.webkrea.be\/kiwanis\/wp-content\/uploads\/sites\/22\/2021\/08\/Fiche_membre.xlsx\">Fiche Membre<\/a><\/li>\n<li><a href=\"https:\/\/clients.webkrea.be\/kiwanis\/wp-content\/uploads\/sites\/22\/2021\/08\/rapport_e\u0301lection.xlsx\">Rapport d&rsquo;\u00e9lection<\/a><\/li>\n<\/ul>\n","protected":false},"excerpt":{"rendered":"<p>Formation des officiers de Club 2020-2021 Introduction Les Fondamentaux du Kiwanis Les Statuts et R\u00e8glements Int\u00e9rieurs Le R\u00f4le du Lt-Gouverneur Centre MSC Gestion de conflits La Fonction de Pr\u00e9sident La [&hellip;]<\/p>\n","protected":false},"author":2,"featured_media":0,"parent":400,"menu_order":11,"comment_status":"closed","ping_status":"closed","template":"","meta":{"_et_pb_use_builder":"","_et_pb_old_content":"","_et_gb_content_width":""},"yoast_head":"<!-- This site is optimized with the Yoast SEO plugin v19.8 - https:\/\/yoast.com\/wordpress\/plugins\/seo\/ -->\n<title>Formation - Kiwanis Dilbeek Bruegel<\/title>\n<meta name=\"robots\" content=\"noindex, follow, max-snippet:-1, max-image-preview:large, max-video-preview:-1\" \/>\n<meta property=\"og:locale\" content=\"fr_FR\" \/>\n<meta property=\"og:type\" content=\"article\" \/>\n<meta property=\"og:title\" content=\"Formation - Kiwanis Dilbeek Bruegel\" \/>\n<meta property=\"og:description\" content=\"Formation des officiers de Club 2020-2021 Introduction Les Fondamentaux du Kiwanis Les Statuts et R\u00e8glements Int\u00e9rieurs Le R\u00f4le du Lt-Gouverneur Centre MSC Gestion de conflits La Fonction de Pr\u00e9sident La [&hellip;]\" \/>\n<meta property=\"og:url\" content=\"https:\/\/webkrea.kiwanisbelux.site\/bruegel\/downloads\/formation\/\" \/>\n<meta property=\"og:site_name\" content=\"Kiwanis Dilbeek Bruegel\" \/>\n<meta property=\"article:modified_time\" content=\"2021-08-31T15:47:43+00:00\" \/>\n<meta name=\"twitter:card\" content=\"summary_large_image\" \/>\n<script type=\"application\/ld+json\" class=\"yoast-schema-graph\">{\"@context\":\"https:\/\/schema.org\",\"@graph\":[{\"@type\":\"WebPage\",\"@id\":\"https:\/\/webkrea.kiwanisbelux.site\/bruegel\/downloads\/formation\/\",\"url\":\"https:\/\/webkrea.kiwanisbelux.site\/bruegel\/downloads\/formation\/\",\"name\":\"Formation - Kiwanis Dilbeek Bruegel\",\"isPartOf\":{\"@id\":\"https:\/\/webkrea.kiwanisbelux.site\/bruegel\/#website\"},\"datePublished\":\"2021-08-31T08:05:20+00:00\",\"dateModified\":\"2021-08-31T15:47:43+00:00\",\"breadcrumb\":{\"@id\":\"https:\/\/webkrea.kiwanisbelux.site\/bruegel\/downloads\/formation\/#breadcrumb\"},\"inLanguage\":\"fr-FR\",\"potentialAction\":[{\"@type\":\"ReadAction\",\"target\":[\"https:\/\/webkrea.kiwanisbelux.site\/bruegel\/downloads\/formation\/\"]}]},{\"@type\":\"BreadcrumbList\",\"@id\":\"https:\/\/webkrea.kiwanisbelux.site\/bruegel\/downloads\/formation\/#breadcrumb\",\"itemListElement\":[{\"@type\":\"ListItem\",\"position\":1,\"name\":\"Home\",\"item\":\"https:\/\/webkrea.kiwanisbelux.site\/bruegel\/\"},{\"@type\":\"ListItem\",\"position\":2,\"name\":\"Downloads\",\"item\":\"https:\/\/webkrea.kiwanisbelux.site\/bruegel\/downloads\/\"},{\"@type\":\"ListItem\",\"position\":3,\"name\":\"Formation\"}]},{\"@type\":\"WebSite\",\"@id\":\"https:\/\/webkrea.kiwanisbelux.site\/bruegel\/#website\",\"url\":\"https:\/\/webkrea.kiwanisbelux.site\/bruegel\/\",\"name\":\"Kiwanis Dilbeek Bruegel\",\"description\":\"\",\"publisher\":{\"@id\":\"https:\/\/webkrea.kiwanisbelux.site\/bruegel\/#organization\"},\"potentialAction\":[{\"@type\":\"SearchAction\",\"target\":{\"@type\":\"EntryPoint\",\"urlTemplate\":\"https:\/\/webkrea.kiwanisbelux.site\/bruegel\/?s={search_term_string}\"},\"query-input\":\"required name=search_term_string\"}],\"inLanguage\":\"fr-FR\"},{\"@type\":\"Organization\",\"@id\":\"https:\/\/webkrea.kiwanisbelux.site\/bruegel\/#organization\",\"name\":\"Kiwanis\",\"url\":\"https:\/\/webkrea.kiwanisbelux.site\/bruegel\/\",\"sameAs\":[],\"logo\":{\"@type\":\"ImageObject\",\"inLanguage\":\"fr-FR\",\"@id\":\"https:\/\/webkrea.kiwanisbelux.site\/bruegel\/#\/schema\/logo\/image\/\",\"url\":\"https:\/\/webkrea.kiwanisbelux.site\/bruegel\/wp-content\/uploads\/sites\/22\/2021\/04\/kiwanis-logo@2x.png\",\"contentUrl\":\"https:\/\/webkrea.kiwanisbelux.site\/bruegel\/wp-content\/uploads\/sites\/22\/2021\/04\/kiwanis-logo@2x.png\",\"width\":555,\"height\":100,\"caption\":\"Kiwanis\"},\"image\":{\"@id\":\"https:\/\/webkrea.kiwanisbelux.site\/bruegel\/#\/schema\/logo\/image\/\"}}]}<\/script>\n<!-- \/ Yoast SEO plugin. -->","yoast_head_json":{"title":"Formation - Kiwanis Dilbeek Bruegel","robots":{"index":"noindex","follow":"follow","max-snippet":"max-snippet:-1","max-image-preview":"max-image-preview:large","max-video-preview":"max-video-preview:-1"},"og_locale":"fr_FR","og_type":"article","og_title":"Formation - Kiwanis Dilbeek Bruegel","og_description":"Formation des officiers de Club 2020-2021 Introduction Les Fondamentaux du Kiwanis Les Statuts et R\u00e8glements Int\u00e9rieurs Le R\u00f4le du Lt-Gouverneur Centre MSC Gestion de conflits La Fonction de Pr\u00e9sident La [&hellip;]","og_url":"https:\/\/webkrea.kiwanisbelux.site\/bruegel\/downloads\/formation\/","og_site_name":"Kiwanis Dilbeek Bruegel","article_modified_time":"2021-08-31T15:47:43+00:00","twitter_card":"summary_large_image","schema":{"@context":"https:\/\/schema.org","@graph":[{"@type":"WebPage","@id":"https:\/\/webkrea.kiwanisbelux.site\/bruegel\/downloads\/formation\/","url":"https:\/\/webkrea.kiwanisbelux.site\/bruegel\/downloads\/formation\/","name":"Formation - Kiwanis Dilbeek Bruegel","isPartOf":{"@id":"https:\/\/webkrea.kiwanisbelux.site\/bruegel\/#website"},"datePublished":"2021-08-31T08:05:20+00:00","dateModified":"2021-08-31T15:47:43+00:00","breadcrumb":{"@id":"https:\/\/webkrea.kiwanisbelux.site\/bruegel\/downloads\/formation\/#breadcrumb"},"inLanguage":"fr-FR","potentialAction":[{"@type":"ReadAction","target":["https:\/\/webkrea.kiwanisbelux.site\/bruegel\/downloads\/formation\/"]}]},{"@type":"BreadcrumbList","@id":"https:\/\/webkrea.kiwanisbelux.site\/bruegel\/downloads\/formation\/#breadcrumb","itemListElement":[{"@type":"ListItem","position":1,"name":"Home","item":"https:\/\/webkrea.kiwanisbelux.site\/bruegel\/"},{"@type":"ListItem","position":2,"name":"Downloads","item":"https:\/\/webkrea.kiwanisbelux.site\/bruegel\/downloads\/"},{"@type":"ListItem","position":3,"name":"Formation"}]},{"@type":"WebSite","@id":"https:\/\/webkrea.kiwanisbelux.site\/bruegel\/#website","url":"https:\/\/webkrea.kiwanisbelux.site\/bruegel\/","name":"Kiwanis Dilbeek Bruegel","description":"","publisher":{"@id":"https:\/\/webkrea.kiwanisbelux.site\/bruegel\/#organization"},"potentialAction":[{"@type":"SearchAction","target":{"@type":"EntryPoint","urlTemplate":"https:\/\/webkrea.kiwanisbelux.site\/bruegel\/?s={search_term_string}"},"query-input":"required name=search_term_string"}],"inLanguage":"fr-FR"},{"@type":"Organization","@id":"https:\/\/webkrea.kiwanisbelux.site\/bruegel\/#organization","name":"Kiwanis","url":"https:\/\/webkrea.kiwanisbelux.site\/bruegel\/","sameAs":[],"logo":{"@type":"ImageObject","inLanguage":"fr-FR","@id":"https:\/\/webkrea.kiwanisbelux.site\/bruegel\/#\/schema\/logo\/image\/","url":"https:\/\/webkrea.kiwanisbelux.site\/bruegel\/wp-content\/uploads\/sites\/22\/2021\/04\/kiwanis-logo@2x.png","contentUrl":"https:\/\/webkrea.kiwanisbelux.site\/bruegel\/wp-content\/uploads\/sites\/22\/2021\/04\/kiwanis-logo@2x.png","width":555,"height":100,"caption":"Kiwanis"},"image":{"@id":"https:\/\/webkrea.kiwanisbelux.site\/bruegel\/#\/schema\/logo\/image\/"}}]}},"_links":{"self":[{"href":"https:\/\/webkrea.kiwanisbelux.site\/bruegel\/wp-json\/wp\/v2\/pages\/806"}],"collection":[{"href":"https:\/\/webkrea.kiwanisbelux.site\/bruegel\/wp-json\/wp\/v2\/pages"}],"about":[{"href":"https:\/\/webkrea.kiwanisbelux.site\/bruegel\/wp-json\/wp\/v2\/types\/page"}],"author":[{"embeddable":true,"href":"https:\/\/webkrea.kiwanisbelux.site\/bruegel\/wp-json\/wp\/v2\/users\/2"}],"replies":[{"embeddable":true,"href":"https:\/\/webkrea.kiwanisbelux.site\/bruegel\/wp-json\/wp\/v2\/comments?post=806"}],"version-history":[{"count":7,"href":"https:\/\/webkrea.kiwanisbelux.site\/bruegel\/wp-json\/wp\/v2\/pages\/806\/revisions"}],"predecessor-version":[{"id":839,"href":"https:\/\/webkrea.kiwanisbelux.site\/bruegel\/wp-json\/wp\/v2\/pages\/806\/revisions\/839"}],"up":[{"embeddable":true,"href":"https:\/\/webkrea.kiwanisbelux.site\/bruegel\/wp-json\/wp\/v2\/pages\/400"}],"wp:attachment":[{"href":"https:\/\/webkrea.kiwanisbelux.site\/bruegel\/wp-json\/wp\/v2\/media?parent=806"}],"curies":[{"name":"wp","href":"https:\/\/api.w.org\/{rel}","templated":true}]}}