{"id":773,"date":"2021-08-31T09:49:25","date_gmt":"2021-08-31T07:49:25","guid":{"rendered":"https:\/\/clients.webkrea.be\/kiwanis\/?page_id=773"},"modified":"2021-08-31T10:06:55","modified_gmt":"2021-08-31T08:06:55","slug":"kiwanis-history","status":"publish","type":"page","link":"https:\/\/webkrea.kiwanisbelux.site\/bruegel\/downloads\/kiwanis-history\/","title":{"rendered":"Kiwanis History"},"content":{"rendered":"<p><strong>Cliquez <a href=\"https:\/\/clients.webkrea.be\/kiwanis\/wp-content\/uploads\/sites\/22\/2021\/08\/KIWANISHISTORY-1.pdf\">ici<\/a> pour t\u00e9l\u00e9charger l&rsquo;historique du Kiwanis Belgium-Luxembourg sur :<\/strong><\/p>\n<p><img loading=\"lazy\" class=\"alignnone size-medium wp-image-778\" src=\"https:\/\/clients.webkrea.be\/kiwanis\/wp-content\/uploads\/sites\/22\/2021\/08\/KI_District-Belgium-Luxembourg_BLUEGOLD-300x74.jpg\" alt=\"\" width=\"300\" height=\"74\" srcset=\"https:\/\/webkrea.kiwanisbelux.site\/bruegel\/wp-content\/uploads\/sites\/22\/2021\/08\/KI_District-Belgium-Luxembourg_BLUEGOLD-300x74.jpg 300w, https:\/\/webkrea.kiwanisbelux.site\/bruegel\/wp-content\/uploads\/sites\/22\/2021\/08\/KI_District-Belgium-Luxembourg_BLUEGOLD-1024x251.jpg 1024w, https:\/\/webkrea.kiwanisbelux.site\/bruegel\/wp-content\/uploads\/sites\/22\/2021\/08\/KI_District-Belgium-Luxembourg_BLUEGOLD-768x188.jpg 768w, https:\/\/webkrea.kiwanisbelux.site\/bruegel\/wp-content\/uploads\/sites\/22\/2021\/08\/KI_District-Belgium-Luxembourg_BLUEGOLD-1536x377.jpg 1536w, https:\/\/webkrea.kiwanisbelux.site\/bruegel\/wp-content\/uploads\/sites\/22\/2021\/08\/KI_District-Belgium-Luxembourg_BLUEGOLD-200x49.jpg 200w, https:\/\/webkrea.kiwanisbelux.site\/bruegel\/wp-content\/uploads\/sites\/22\/2021\/08\/KI_District-Belgium-Luxembourg_BLUEGOLD-400x98.jpg 400w, https:\/\/webkrea.kiwanisbelux.site\/bruegel\/wp-content\/uploads\/sites\/22\/2021\/08\/KI_District-Belgium-Luxembourg_BLUEGOLD-600x147.jpg 600w, https:\/\/webkrea.kiwanisbelux.site\/bruegel\/wp-content\/uploads\/sites\/22\/2021\/08\/KI_District-Belgium-Luxembourg_BLUEGOLD-800x196.jpg 800w, https:\/\/webkrea.kiwanisbelux.site\/bruegel\/wp-content\/uploads\/sites\/22\/2021\/08\/KI_District-Belgium-Luxembourg_BLUEGOLD-1200x294.jpg 1200w, https:\/\/webkrea.kiwanisbelux.site\/bruegel\/wp-content\/uploads\/sites\/22\/2021\/08\/KI_District-Belgium-Luxembourg_BLUEGOLD.jpg 1668w\" sizes=\"(max-width: 300px) 100vw, 300px\" \/><\/p>\n<p><a href=\"https:\/\/clients.webkrea.be\/kiwanis\/wp-content\/uploads\/sites\/22\/2021\/08\/Clubs_BeLux_History.pdf\">Clubs<\/a><\/p>\n<p><a href=\"https:\/\/clients.webkrea.be\/kiwanis\/wp-content\/uploads\/sites\/22\/2021\/08\/Ltg_History.pdf\">Les_Lieutenant-Gouverneurs<\/a><\/p>\n<p><a href=\"https:\/\/clients.webkrea.be\/kiwanis\/wp-content\/uploads\/sites\/22\/2021\/08\/Board_Congres_BeLux_History.pdf\">Gouverneurs-secr\u00e9taires-tr\u00e9sorier-Congr\u00e8s_du_district<\/a><\/p>\n<p><a href=\"https:\/\/clients.webkrea.be\/kiwanis\/wp-content\/uploads\/sites\/22\/2021\/08\/Adm_secretary_BeLux_History.pdf\">Secr\u00e9taires_administratif_District<\/a><\/p>\n<p><a href=\"https:\/\/clients.webkrea.be\/kiwanis\/wp-content\/uploads\/sites\/22\/2021\/08\/KIEF_president_BeLux_History.pdf\">Pr\u00e9sidents_KIEF<\/a><\/p>\n<p><a href=\"https:\/\/clients.webkrea.be\/kiwanis\/wp-content\/uploads\/sites\/22\/2021\/08\/KI_president_BeLux_Histrory.pdf\">Pr\u00e9sident_KI<\/a><\/p>\n<p><a href=\"https:\/\/clients.webkrea.be\/kiwanis\/wp-content\/uploads\/sites\/22\/2021\/08\/Trustee_BelLux_History.pdf\">Trustee_KI<\/a><\/p>\n","protected":false},"excerpt":{"rendered":"<p>Cliquez ici pour t\u00e9l\u00e9charger l&rsquo;historique du Kiwanis Belgium-Luxembourg sur : Clubs Les_Lieutenant-Gouverneurs Gouverneurs-secr\u00e9taires-tr\u00e9sorier-Congr\u00e8s_du_district Secr\u00e9taires_administratif_District Pr\u00e9sidents_KIEF Pr\u00e9sident_KI Trustee_KI<\/p>\n","protected":false},"author":2,"featured_media":0,"parent":400,"menu_order":10,"comment_status":"closed","ping_status":"closed","template":"","meta":{"_et_pb_use_builder":"","_et_pb_old_content":"","_et_gb_content_width":""},"yoast_head":"<!-- This site is optimized with the Yoast SEO plugin v19.8 - https:\/\/yoast.com\/wordpress\/plugins\/seo\/ -->\n<title>Kiwanis History - Kiwanis Dilbeek Bruegel<\/title>\n<meta name=\"robots\" content=\"noindex, follow, max-snippet:-1, max-image-preview:large, max-video-preview:-1\" \/>\n<meta property=\"og:locale\" content=\"fr_FR\" \/>\n<meta property=\"og:type\" content=\"article\" \/>\n<meta property=\"og:title\" content=\"Kiwanis History - Kiwanis Dilbeek Bruegel\" \/>\n<meta property=\"og:description\" content=\"Cliquez ici pour t\u00e9l\u00e9charger l&rsquo;historique du Kiwanis Belgium-Luxembourg sur : Clubs Les_Lieutenant-Gouverneurs Gouverneurs-secr\u00e9taires-tr\u00e9sorier-Congr\u00e8s_du_district Secr\u00e9taires_administratif_District Pr\u00e9sidents_KIEF Pr\u00e9sident_KI Trustee_KI\" \/>\n<meta property=\"og:url\" content=\"https:\/\/webkrea.kiwanisbelux.site\/bruegel\/downloads\/kiwanis-history\/\" \/>\n<meta property=\"og:site_name\" content=\"Kiwanis Dilbeek Bruegel\" \/>\n<meta property=\"article:modified_time\" content=\"2021-08-31T08:06:55+00:00\" \/>\n<meta property=\"og:image\" content=\"https:\/\/clients.webkrea.be\/kiwanis\/wp-content\/uploads\/sites\/22\/2021\/08\/KI_District-Belgium-Luxembourg_BLUEGOLD-300x74.jpg\" \/>\n<meta name=\"twitter:card\" content=\"summary_large_image\" \/>\n<script type=\"application\/ld+json\" class=\"yoast-schema-graph\">{\"@context\":\"https:\/\/schema.org\",\"@graph\":[{\"@type\":\"WebPage\",\"@id\":\"https:\/\/webkrea.kiwanisbelux.site\/bruegel\/downloads\/kiwanis-history\/\",\"url\":\"https:\/\/webkrea.kiwanisbelux.site\/bruegel\/downloads\/kiwanis-history\/\",\"name\":\"Kiwanis History - Kiwanis Dilbeek Bruegel\",\"isPartOf\":{\"@id\":\"https:\/\/webkrea.kiwanisbelux.site\/bruegel\/#website\"},\"datePublished\":\"2021-08-31T07:49:25+00:00\",\"dateModified\":\"2021-08-31T08:06:55+00:00\",\"breadcrumb\":{\"@id\":\"https:\/\/webkrea.kiwanisbelux.site\/bruegel\/downloads\/kiwanis-history\/#breadcrumb\"},\"inLanguage\":\"fr-FR\",\"potentialAction\":[{\"@type\":\"ReadAction\",\"target\":[\"https:\/\/webkrea.kiwanisbelux.site\/bruegel\/downloads\/kiwanis-history\/\"]}]},{\"@type\":\"BreadcrumbList\",\"@id\":\"https:\/\/webkrea.kiwanisbelux.site\/bruegel\/downloads\/kiwanis-history\/#breadcrumb\",\"itemListElement\":[{\"@type\":\"ListItem\",\"position\":1,\"name\":\"Home\",\"item\":\"https:\/\/webkrea.kiwanisbelux.site\/bruegel\/\"},{\"@type\":\"ListItem\",\"position\":2,\"name\":\"Downloads\",\"item\":\"https:\/\/webkrea.kiwanisbelux.site\/bruegel\/downloads\/\"},{\"@type\":\"ListItem\",\"position\":3,\"name\":\"Kiwanis History\"}]},{\"@type\":\"WebSite\",\"@id\":\"https:\/\/webkrea.kiwanisbelux.site\/bruegel\/#website\",\"url\":\"https:\/\/webkrea.kiwanisbelux.site\/bruegel\/\",\"name\":\"Kiwanis Dilbeek Bruegel\",\"description\":\"\",\"publisher\":{\"@id\":\"https:\/\/webkrea.kiwanisbelux.site\/bruegel\/#organization\"},\"potentialAction\":[{\"@type\":\"SearchAction\",\"target\":{\"@type\":\"EntryPoint\",\"urlTemplate\":\"https:\/\/webkrea.kiwanisbelux.site\/bruegel\/?s={search_term_string}\"},\"query-input\":\"required name=search_term_string\"}],\"inLanguage\":\"fr-FR\"},{\"@type\":\"Organization\",\"@id\":\"https:\/\/webkrea.kiwanisbelux.site\/bruegel\/#organization\",\"name\":\"Kiwanis\",\"url\":\"https:\/\/webkrea.kiwanisbelux.site\/bruegel\/\",\"sameAs\":[],\"logo\":{\"@type\":\"ImageObject\",\"inLanguage\":\"fr-FR\",\"@id\":\"https:\/\/webkrea.kiwanisbelux.site\/bruegel\/#\/schema\/logo\/image\/\",\"url\":\"https:\/\/webkrea.kiwanisbelux.site\/bruegel\/wp-content\/uploads\/sites\/22\/2021\/04\/kiwanis-logo@2x.png\",\"contentUrl\":\"https:\/\/webkrea.kiwanisbelux.site\/bruegel\/wp-content\/uploads\/sites\/22\/2021\/04\/kiwanis-logo@2x.png\",\"width\":555,\"height\":100,\"caption\":\"Kiwanis\"},\"image\":{\"@id\":\"https:\/\/webkrea.kiwanisbelux.site\/bruegel\/#\/schema\/logo\/image\/\"}}]}<\/script>\n<!-- \/ Yoast SEO plugin. -->","yoast_head_json":{"title":"Kiwanis History - Kiwanis Dilbeek Bruegel","robots":{"index":"noindex","follow":"follow","max-snippet":"max-snippet:-1","max-image-preview":"max-image-preview:large","max-video-preview":"max-video-preview:-1"},"og_locale":"fr_FR","og_type":"article","og_title":"Kiwanis History - Kiwanis Dilbeek Bruegel","og_description":"Cliquez ici pour t\u00e9l\u00e9charger l&rsquo;historique du Kiwanis Belgium-Luxembourg sur : Clubs Les_Lieutenant-Gouverneurs Gouverneurs-secr\u00e9taires-tr\u00e9sorier-Congr\u00e8s_du_district Secr\u00e9taires_administratif_District Pr\u00e9sidents_KIEF Pr\u00e9sident_KI Trustee_KI","og_url":"https:\/\/webkrea.kiwanisbelux.site\/bruegel\/downloads\/kiwanis-history\/","og_site_name":"Kiwanis Dilbeek Bruegel","article_modified_time":"2021-08-31T08:06:55+00:00","og_image":[{"url":"https:\/\/clients.webkrea.be\/kiwanis\/wp-content\/uploads\/sites\/22\/2021\/08\/KI_District-Belgium-Luxembourg_BLUEGOLD-300x74.jpg"}],"twitter_card":"summary_large_image","schema":{"@context":"https:\/\/schema.org","@graph":[{"@type":"WebPage","@id":"https:\/\/webkrea.kiwanisbelux.site\/bruegel\/downloads\/kiwanis-history\/","url":"https:\/\/webkrea.kiwanisbelux.site\/bruegel\/downloads\/kiwanis-history\/","name":"Kiwanis History - Kiwanis Dilbeek Bruegel","isPartOf":{"@id":"https:\/\/webkrea.kiwanisbelux.site\/bruegel\/#website"},"datePublished":"2021-08-31T07:49:25+00:00","dateModified":"2021-08-31T08:06:55+00:00","breadcrumb":{"@id":"https:\/\/webkrea.kiwanisbelux.site\/bruegel\/downloads\/kiwanis-history\/#breadcrumb"},"inLanguage":"fr-FR","potentialAction":[{"@type":"ReadAction","target":["https:\/\/webkrea.kiwanisbelux.site\/bruegel\/downloads\/kiwanis-history\/"]}]},{"@type":"BreadcrumbList","@id":"https:\/\/webkrea.kiwanisbelux.site\/bruegel\/downloads\/kiwanis-history\/#breadcrumb","itemListElement":[{"@type":"ListItem","position":1,"name":"Home","item":"https:\/\/webkrea.kiwanisbelux.site\/bruegel\/"},{"@type":"ListItem","position":2,"name":"Downloads","item":"https:\/\/webkrea.kiwanisbelux.site\/bruegel\/downloads\/"},{"@type":"ListItem","position":3,"name":"Kiwanis History"}]},{"@type":"WebSite","@id":"https:\/\/webkrea.kiwanisbelux.site\/bruegel\/#website","url":"https:\/\/webkrea.kiwanisbelux.site\/bruegel\/","name":"Kiwanis Dilbeek Bruegel","description":"","publisher":{"@id":"https:\/\/webkrea.kiwanisbelux.site\/bruegel\/#organization"},"potentialAction":[{"@type":"SearchAction","target":{"@type":"EntryPoint","urlTemplate":"https:\/\/webkrea.kiwanisbelux.site\/bruegel\/?s={search_term_string}"},"query-input":"required name=search_term_string"}],"inLanguage":"fr-FR"},{"@type":"Organization","@id":"https:\/\/webkrea.kiwanisbelux.site\/bruegel\/#organization","name":"Kiwanis","url":"https:\/\/webkrea.kiwanisbelux.site\/bruegel\/","sameAs":[],"logo":{"@type":"ImageObject","inLanguage":"fr-FR","@id":"https:\/\/webkrea.kiwanisbelux.site\/bruegel\/#\/schema\/logo\/image\/","url":"https:\/\/webkrea.kiwanisbelux.site\/bruegel\/wp-content\/uploads\/sites\/22\/2021\/04\/kiwanis-logo@2x.png","contentUrl":"https:\/\/webkrea.kiwanisbelux.site\/bruegel\/wp-content\/uploads\/sites\/22\/2021\/04\/kiwanis-logo@2x.png","width":555,"height":100,"caption":"Kiwanis"},"image":{"@id":"https:\/\/webkrea.kiwanisbelux.site\/bruegel\/#\/schema\/logo\/image\/"}}]}},"_links":{"self":[{"href":"https:\/\/webkrea.kiwanisbelux.site\/bruegel\/wp-json\/wp\/v2\/pages\/773"}],"collection":[{"href":"https:\/\/webkrea.kiwanisbelux.site\/bruegel\/wp-json\/wp\/v2\/pages"}],"about":[{"href":"https:\/\/webkrea.kiwanisbelux.site\/bruegel\/wp-json\/wp\/v2\/types\/page"}],"author":[{"embeddable":true,"href":"https:\/\/webkrea.kiwanisbelux.site\/bruegel\/wp-json\/wp\/v2\/users\/2"}],"replies":[{"embeddable":true,"href":"https:\/\/webkrea.kiwanisbelux.site\/bruegel\/wp-json\/wp\/v2\/comments?post=773"}],"version-history":[{"count":5,"href":"https:\/\/webkrea.kiwanisbelux.site\/bruegel\/wp-json\/wp\/v2\/pages\/773\/revisions"}],"predecessor-version":[{"id":805,"href":"https:\/\/webkrea.kiwanisbelux.site\/bruegel\/wp-json\/wp\/v2\/pages\/773\/revisions\/805"}],"up":[{"embeddable":true,"href":"https:\/\/webkrea.kiwanisbelux.site\/bruegel\/wp-json\/wp\/v2\/pages\/400"}],"wp:attachment":[{"href":"https:\/\/webkrea.kiwanisbelux.site\/bruegel\/wp-json\/wp\/v2\/media?parent=773"}],"curies":[{"name":"wp","href":"https:\/\/api.w.org\/{rel}","templated":true}]}}