{"id":2094,"date":"2022-07-30T09:24:27","date_gmt":"2022-07-30T07:24:27","guid":{"rendered":"https:\/\/webkrea.kiwanisbelux.site\/bruegel\/?page_id=2094"},"modified":"2022-08-31T14:54:55","modified_gmt":"2022-08-31T12:54:55","slug":"nous-soutenir","status":"publish","type":"page","link":"https:\/\/webkrea.kiwanisbelux.site\/bruegel\/hommage-a-brel\/nous-soutenir\/","title":{"rendered":"Nous soutenir"},"content":{"rendered":"[et_pb_section fb_built=\u00a0\u00bb1&Prime; admin_label=\u00a0\u00bbsection\u00a0\u00bb _builder_version=\u00a0\u00bb4.16&Prime; global_colors_info=\u00a0\u00bb{}\u00a0\u00bb][et_pb_row admin_label=\u00a0\u00bbrow\u00a0\u00bb _builder_version=\u00a0\u00bb4.16&Prime; background_size=\u00a0\u00bbinitial\u00a0\u00bb background_position=\u00a0\u00bbtop_left\u00a0\u00bb background_repeat=\u00a0\u00bbrepeat\u00a0\u00bb global_colors_info=\u00a0\u00bb{}\u00a0\u00bb][et_pb_column type=\u00a0\u00bb4_4&Prime; _builder_version=\u00a0\u00bb4.16&Prime; custom_padding=\u00a0\u00bb|||\u00a0\u00bb global_colors_info=\u00a0\u00bb{}\u00a0\u00bb custom_padding__hover=\u00a0\u00bb|||\u00a0\u00bb][et_pb_text admin_label=\u00a0\u00bbText\u00a0\u00bb _builder_version=\u00a0\u00bb4.18.0&Prime; background_size=\u00a0\u00bbinitial\u00a0\u00bb background_position=\u00a0\u00bbtop_left\u00a0\u00bb background_repeat=\u00a0\u00bbrepeat\u00a0\u00bb hover_enabled=\u00a0\u00bb0&Prime; global_colors_info=\u00a0\u00bb{}\u00a0\u00bb sticky_enabled=\u00a0\u00bb0&Prime;]<p><\/p>\n<figure class=\"wp-block-image\"><img src=\"https:\/\/kiwanis-bruegel.mttn.be\/wp-content\/uploads\/2022\/07\/Hommage-a-brel-filip-jordens-www-header-1024x113.png\" alt=\"\" class=\"wp-image-118\" \/><\/figure>\n<p><\/p>\n<p><\/p>\n<h5>Emp\u00each\u00e9 ?\u00a0\u00a0 Vous pouvez aussi nous soutenir par<\/h5>\n<p><\/p>\n<p><\/p>\n<ul>\n<li>Une promesse de don <a href=\"https:\/\/webkrea.kiwanisbelux.site\/bruegel\/faire-un-don\/\">ici<\/a><\/li>\n<li>Insertion d\u2019une publicit\u00e9 dans le programme\n<ul>\n<li><strong>Page Centrale ou 4\u00e8me de couverture<\/strong> 450 \u20ac inclus deux entr\u00e9es pour le spectacle<\/li>\n<li><strong>Page enti\u00e8re A4<\/strong> 380 \u20ac\u00a0 inclus deux entr\u00e9es pour le spectacle<\/li>\n<li><strong>\u00bd Page A4<\/strong> 275 \u20ac<\/li>\n<li><strong>\u00bc Page A4<\/strong> 150 \u20ac<\/li>\n<\/ul>\n<\/li>\n<\/ul>\n<p><\/p>\n<p><\/p>\n<ul>\n<li>M\u00e9c\u00e9nat par un sponsoring annuel de nos activit\u00e9s .<br \/>Toutes les informations <a href=\"https:\/\/kiwanis-bruegel.mttn.be\/wp-content\/uploads\/2022\/07\/KDB-Sponsorship-2020-v1-FR.pdf\">ici<\/a><\/li>\n<li><a href=\"..\/contact\/\">Nous contacter<\/a><\/li>\n<\/ul>\n<p><\/p>[\/et_pb_text][et_pb_text _builder_version=\u00a0\u00bb4.18.0&Prime; _module_preset=\u00a0\u00bbdefault\u00a0\u00bb _dynamic_attributes=\u00a0\u00bbcontent\u00a0\u00bb hover_enabled=\u00a0\u00bb0&Prime; sticky_enabled=\u00a0\u00bb0&Prime;]@ET-DC@eyJkeW5hbWljIjp0cnVlLCJjb250ZW50IjoiY3VycmVudF9kYXRlIiwic2V0dGluZ3MiOnsiYmVmb3JlIjoiTWlzZSDDoCBqb3VyIGxlICIsImFmdGVyIjoiIiwiZGF0ZV9mb3JtYXQiOiJkZWZhdWx0IiwiY3VzdG9tX2RhdGVfZm9ybWF0IjoiIn19@[\/et_pb_text][\/et_pb_column][\/et_pb_row][\/et_pb_section]","protected":false},"excerpt":{"rendered":"<p>Emp\u00each\u00e9 ?\u00a0\u00a0 Vous pouvez aussi nous soutenir par Une promesse de don ici Insertion d\u2019une publicit\u00e9 dans le programme Page Centrale ou 4\u00e8me de couverture 450 \u20ac inclus deux entr\u00e9es [&hellip;]<\/p>\n","protected":false},"author":6,"featured_media":2423,"parent":1890,"menu_order":3,"comment_status":"closed","ping_status":"closed","template":"","meta":{"_et_pb_use_builder":"on","_et_pb_old_content":"<!-- wp:image {\"id\":118} -->\n<figure class=\"wp-block-image\"><img src=\"https:\/\/kiwanis-bruegel.mttn.be\/wp-content\/uploads\/2022\/07\/Hommage-a-brel-filip-jordens-www-header-1024x113.png\" alt=\"\" class=\"wp-image-118\" \/><\/figure>\n<!-- \/wp:image -->\n\n<!-- wp:heading {\"level\":5} -->\n<h5>Emp\u00each\u00e9 ?&nbsp;&nbsp; Vous pouvez aussi nous soutenir par<\/h5>\n<!-- \/wp:heading -->\n\n<!-- wp:list -->\n<ul><li>Une promesse de don <a href=\"https:\/\/webkrea.kiwanisbelux.site\/bruegel\/faire-un-don\/\">ici<\/a><\/li><li>Insertion d\u2019une publicit\u00e9 dans le programme<ul><li><strong>Page Centrale ou 4\u00e8me de couverture<\/strong> 450 \u20ac inclus deux entr\u00e9es pour le spectacle<\/li><li><strong>Page enti\u00e8re A4<\/strong> 380 \u20ac&nbsp; inclus deux entr\u00e9es pour le spectacle<\/li><li><strong>\u00bd Page A4<\/strong> 275 \u20ac<\/li><li><strong>\u00bc Page A4<\/strong> 150 \u20ac<\/li><\/ul><\/li><\/ul>\n<!-- \/wp:list -->\n\n<!-- wp:list -->\n<ul><li>M\u00e9c\u00e9nat par un sponsoring annuel de nos activit\u00e9s .<br>Toutes les informations <a href=\"https:\/\/kiwanis-bruegel.mttn.be\/wp-content\/uploads\/2022\/07\/KDB-Sponsorship-2020-v1-FR.pdf\">ici<\/a><\/li><li><a href=\"https:\/\/kiwanis-bruegel.mttn.be\/contact\/\">Nous contacter<\/a><\/li><\/ul>\n<!-- \/wp:list -->","_et_gb_content_width":""},"yoast_head":"<!-- This site is optimized with the Yoast SEO plugin v19.8 - https:\/\/yoast.com\/wordpress\/plugins\/seo\/ -->\n<title>Nous soutenir - Kiwanis Dilbeek Bruegel<\/title>\n<meta name=\"robots\" content=\"noindex, follow, max-snippet:-1, max-image-preview:large, max-video-preview:-1\" \/>\n<meta property=\"og:locale\" content=\"fr_FR\" \/>\n<meta property=\"og:type\" content=\"article\" \/>\n<meta property=\"og:title\" content=\"Nous soutenir - Kiwanis Dilbeek Bruegel\" \/>\n<meta property=\"og:description\" content=\"Emp\u00each\u00e9 ?\u00a0\u00a0 Vous pouvez aussi nous soutenir par Une promesse de don ici Insertion d\u2019une publicit\u00e9 dans le programme Page Centrale ou 4\u00e8me de couverture 450 \u20ac inclus deux entr\u00e9es [&hellip;]\" \/>\n<meta property=\"og:url\" content=\"https:\/\/webkrea.kiwanisbelux.site\/bruegel\/hommage-a-brel\/nous-soutenir\/\" \/>\n<meta property=\"og:site_name\" content=\"Kiwanis Dilbeek Bruegel\" \/>\n<meta property=\"article:modified_time\" content=\"2022-08-31T12:54:55+00:00\" \/>\n<meta property=\"og:image\" content=\"https:\/\/webkrea.kiwanisbelux.site\/bruegel\/wp-content\/uploads\/sites\/22\/2022\/08\/hommage-brel-wp.jpg\" \/>\n\t<meta property=\"og:image:width\" content=\"1358\" \/>\n\t<meta property=\"og:image:height\" content=\"339\" \/>\n\t<meta property=\"og:image:type\" content=\"image\/jpeg\" \/>\n<meta name=\"twitter:card\" content=\"summary_large_image\" \/>\n<meta name=\"twitter:label1\" content=\"Dur\u00e9e de lecture estim\u00e9e\" \/>\n\t<meta name=\"twitter:data1\" content=\"1 minute\" \/>\n<script type=\"application\/ld+json\" class=\"yoast-schema-graph\">{\"@context\":\"https:\/\/schema.org\",\"@graph\":[{\"@type\":\"WebPage\",\"@id\":\"https:\/\/webkrea.kiwanisbelux.site\/bruegel\/hommage-a-brel\/nous-soutenir\/\",\"url\":\"https:\/\/webkrea.kiwanisbelux.site\/bruegel\/hommage-a-brel\/nous-soutenir\/\",\"name\":\"Nous soutenir - Kiwanis Dilbeek Bruegel\",\"isPartOf\":{\"@id\":\"https:\/\/webkrea.kiwanisbelux.site\/bruegel\/#website\"},\"datePublished\":\"2022-07-30T07:24:27+00:00\",\"dateModified\":\"2022-08-31T12:54:55+00:00\",\"breadcrumb\":{\"@id\":\"https:\/\/webkrea.kiwanisbelux.site\/bruegel\/hommage-a-brel\/nous-soutenir\/#breadcrumb\"},\"inLanguage\":\"fr-FR\",\"potentialAction\":[{\"@type\":\"ReadAction\",\"target\":[\"https:\/\/webkrea.kiwanisbelux.site\/bruegel\/hommage-a-brel\/nous-soutenir\/\"]}]},{\"@type\":\"BreadcrumbList\",\"@id\":\"https:\/\/webkrea.kiwanisbelux.site\/bruegel\/hommage-a-brel\/nous-soutenir\/#breadcrumb\",\"itemListElement\":[{\"@type\":\"ListItem\",\"position\":1,\"name\":\"Home\",\"item\":\"https:\/\/webkrea.kiwanisbelux.site\/bruegel\/\"},{\"@type\":\"ListItem\",\"position\":2,\"name\":\"Hommage \u00e0 BREL\",\"item\":\"https:\/\/webkrea.kiwanisbelux.site\/bruegel\/hommage-a-brel\/\"},{\"@type\":\"ListItem\",\"position\":3,\"name\":\"Nous soutenir\"}]},{\"@type\":\"WebSite\",\"@id\":\"https:\/\/webkrea.kiwanisbelux.site\/bruegel\/#website\",\"url\":\"https:\/\/webkrea.kiwanisbelux.site\/bruegel\/\",\"name\":\"Kiwanis Dilbeek Bruegel\",\"description\":\"\",\"publisher\":{\"@id\":\"https:\/\/webkrea.kiwanisbelux.site\/bruegel\/#organization\"},\"potentialAction\":[{\"@type\":\"SearchAction\",\"target\":{\"@type\":\"EntryPoint\",\"urlTemplate\":\"https:\/\/webkrea.kiwanisbelux.site\/bruegel\/?s={search_term_string}\"},\"query-input\":\"required name=search_term_string\"}],\"inLanguage\":\"fr-FR\"},{\"@type\":\"Organization\",\"@id\":\"https:\/\/webkrea.kiwanisbelux.site\/bruegel\/#organization\",\"name\":\"Kiwanis\",\"url\":\"https:\/\/webkrea.kiwanisbelux.site\/bruegel\/\",\"sameAs\":[],\"logo\":{\"@type\":\"ImageObject\",\"inLanguage\":\"fr-FR\",\"@id\":\"https:\/\/webkrea.kiwanisbelux.site\/bruegel\/#\/schema\/logo\/image\/\",\"url\":\"https:\/\/webkrea.kiwanisbelux.site\/bruegel\/wp-content\/uploads\/sites\/22\/2021\/04\/kiwanis-logo@2x.png\",\"contentUrl\":\"https:\/\/webkrea.kiwanisbelux.site\/bruegel\/wp-content\/uploads\/sites\/22\/2021\/04\/kiwanis-logo@2x.png\",\"width\":555,\"height\":100,\"caption\":\"Kiwanis\"},\"image\":{\"@id\":\"https:\/\/webkrea.kiwanisbelux.site\/bruegel\/#\/schema\/logo\/image\/\"}}]}<\/script>\n<!-- \/ Yoast SEO plugin. -->","yoast_head_json":{"title":"Nous soutenir - Kiwanis Dilbeek Bruegel","robots":{"index":"noindex","follow":"follow","max-snippet":"max-snippet:-1","max-image-preview":"max-image-preview:large","max-video-preview":"max-video-preview:-1"},"og_locale":"fr_FR","og_type":"article","og_title":"Nous soutenir - Kiwanis Dilbeek Bruegel","og_description":"Emp\u00each\u00e9 ?\u00a0\u00a0 Vous pouvez aussi nous soutenir par Une promesse de don ici Insertion d\u2019une publicit\u00e9 dans le programme Page Centrale ou 4\u00e8me de couverture 450 \u20ac inclus deux entr\u00e9es [&hellip;]","og_url":"https:\/\/webkrea.kiwanisbelux.site\/bruegel\/hommage-a-brel\/nous-soutenir\/","og_site_name":"Kiwanis Dilbeek Bruegel","article_modified_time":"2022-08-31T12:54:55+00:00","og_image":[{"width":1358,"height":339,"url":"https:\/\/webkrea.kiwanisbelux.site\/bruegel\/wp-content\/uploads\/sites\/22\/2022\/08\/hommage-brel-wp.jpg","type":"image\/jpeg"}],"twitter_card":"summary_large_image","twitter_misc":{"Dur\u00e9e de lecture estim\u00e9e":"1 minute"},"schema":{"@context":"https:\/\/schema.org","@graph":[{"@type":"WebPage","@id":"https:\/\/webkrea.kiwanisbelux.site\/bruegel\/hommage-a-brel\/nous-soutenir\/","url":"https:\/\/webkrea.kiwanisbelux.site\/bruegel\/hommage-a-brel\/nous-soutenir\/","name":"Nous soutenir - Kiwanis Dilbeek Bruegel","isPartOf":{"@id":"https:\/\/webkrea.kiwanisbelux.site\/bruegel\/#website"},"datePublished":"2022-07-30T07:24:27+00:00","dateModified":"2022-08-31T12:54:55+00:00","breadcrumb":{"@id":"https:\/\/webkrea.kiwanisbelux.site\/bruegel\/hommage-a-brel\/nous-soutenir\/#breadcrumb"},"inLanguage":"fr-FR","potentialAction":[{"@type":"ReadAction","target":["https:\/\/webkrea.kiwanisbelux.site\/bruegel\/hommage-a-brel\/nous-soutenir\/"]}]},{"@type":"BreadcrumbList","@id":"https:\/\/webkrea.kiwanisbelux.site\/bruegel\/hommage-a-brel\/nous-soutenir\/#breadcrumb","itemListElement":[{"@type":"ListItem","position":1,"name":"Home","item":"https:\/\/webkrea.kiwanisbelux.site\/bruegel\/"},{"@type":"ListItem","position":2,"name":"Hommage \u00e0 BREL","item":"https:\/\/webkrea.kiwanisbelux.site\/bruegel\/hommage-a-brel\/"},{"@type":"ListItem","position":3,"name":"Nous soutenir"}]},{"@type":"WebSite","@id":"https:\/\/webkrea.kiwanisbelux.site\/bruegel\/#website","url":"https:\/\/webkrea.kiwanisbelux.site\/bruegel\/","name":"Kiwanis Dilbeek Bruegel","description":"","publisher":{"@id":"https:\/\/webkrea.kiwanisbelux.site\/bruegel\/#organization"},"potentialAction":[{"@type":"SearchAction","target":{"@type":"EntryPoint","urlTemplate":"https:\/\/webkrea.kiwanisbelux.site\/bruegel\/?s={search_term_string}"},"query-input":"required name=search_term_string"}],"inLanguage":"fr-FR"},{"@type":"Organization","@id":"https:\/\/webkrea.kiwanisbelux.site\/bruegel\/#organization","name":"Kiwanis","url":"https:\/\/webkrea.kiwanisbelux.site\/bruegel\/","sameAs":[],"logo":{"@type":"ImageObject","inLanguage":"fr-FR","@id":"https:\/\/webkrea.kiwanisbelux.site\/bruegel\/#\/schema\/logo\/image\/","url":"https:\/\/webkrea.kiwanisbelux.site\/bruegel\/wp-content\/uploads\/sites\/22\/2021\/04\/kiwanis-logo@2x.png","contentUrl":"https:\/\/webkrea.kiwanisbelux.site\/bruegel\/wp-content\/uploads\/sites\/22\/2021\/04\/kiwanis-logo@2x.png","width":555,"height":100,"caption":"Kiwanis"},"image":{"@id":"https:\/\/webkrea.kiwanisbelux.site\/bruegel\/#\/schema\/logo\/image\/"}}]}},"_links":{"self":[{"href":"https:\/\/webkrea.kiwanisbelux.site\/bruegel\/wp-json\/wp\/v2\/pages\/2094"}],"collection":[{"href":"https:\/\/webkrea.kiwanisbelux.site\/bruegel\/wp-json\/wp\/v2\/pages"}],"about":[{"href":"https:\/\/webkrea.kiwanisbelux.site\/bruegel\/wp-json\/wp\/v2\/types\/page"}],"author":[{"embeddable":true,"href":"https:\/\/webkrea.kiwanisbelux.site\/bruegel\/wp-json\/wp\/v2\/users\/6"}],"replies":[{"embeddable":true,"href":"https:\/\/webkrea.kiwanisbelux.site\/bruegel\/wp-json\/wp\/v2\/comments?post=2094"}],"version-history":[{"count":8,"href":"https:\/\/webkrea.kiwanisbelux.site\/bruegel\/wp-json\/wp\/v2\/pages\/2094\/revisions"}],"predecessor-version":[{"id":2641,"href":"https:\/\/webkrea.kiwanisbelux.site\/bruegel\/wp-json\/wp\/v2\/pages\/2094\/revisions\/2641"}],"up":[{"embeddable":true,"href":"https:\/\/webkrea.kiwanisbelux.site\/bruegel\/wp-json\/wp\/v2\/pages\/1890"}],"wp:featuredmedia":[{"embeddable":true,"href":"https:\/\/webkrea.kiwanisbelux.site\/bruegel\/wp-json\/wp\/v2\/media\/2423"}],"wp:attachment":[{"href":"https:\/\/webkrea.kiwanisbelux.site\/bruegel\/wp-json\/wp\/v2\/media?parent=2094"}],"curies":[{"name":"wp","href":"https:\/\/api.w.org\/{rel}","templated":true}]}}