{"id":2017,"date":"2022-07-29T23:43:56","date_gmt":"2022-07-29T21:43:56","guid":{"rendered":"https:\/\/webkrea.kiwanisbelux.site\/bruegel\/?page_id=2017"},"modified":"2022-09-06T19:53:14","modified_gmt":"2022-09-06T17:53:14","slug":"billeterie","status":"publish","type":"page","link":"https:\/\/webkrea.kiwanisbelux.site\/bruegel\/hommage-a-brel\/billeterie\/","title":{"rendered":"Billeterie"},"content":{"rendered":"<p>[et_pb_section fb_built=\u00a0\u00bb1&Prime; _builder_version=\u00a0\u00bb4.16&Prime; global_colors_info=\u00a0\u00bb{}\u00a0\u00bb][et_pb_row _builder_version=\u00a0\u00bb4.17.6&Prime; _module_preset=\u00a0\u00bbdefault\u00a0\u00bb global_colors_info=\u00a0\u00bb{}\u00a0\u00bb][et_pb_column type=\u00a0\u00bb4_4&Prime; _builder_version=\u00a0\u00bb4.17.6&Prime; _module_preset=\u00a0\u00bbdefault\u00a0\u00bb global_colors_info=\u00a0\u00bb{}\u00a0\u00bb][et_pb_image src=\u00a0\u00bbhttps:\/\/webkrea.kiwanisbelux.site\/bruegel\/wp-content\/uploads\/sites\/22\/2022\/08\/Hommage-a-brel-filip-jordens-www-header.png\u00a0\u00bb title_text=\u00a0\u00bbHommage-a-brel-filip-jordens-www-header\u00a0\u00bb _builder_version=\u00a0\u00bb4.17.6&Prime; _module_preset=\u00a0\u00bbdefault\u00a0\u00bb global_colors_info=\u00a0\u00bb{}\u00a0\u00bb][\/et_pb_image][\/et_pb_column][\/et_pb_row][et_pb_row column_structure=\u00a0\u00bb1_2,1_2&Prime; _builder_version=\u00a0\u00bb4.17.6&Prime; _module_preset=\u00a0\u00bbdefault\u00a0\u00bb global_colors_info=\u00a0\u00bb{}\u00a0\u00bb][et_pb_column type=\u00a0\u00bb1_2&Prime; _builder_version=\u00a0\u00bb4.17.6&Prime; _module_preset=\u00a0\u00bbdefault\u00a0\u00bb global_colors_info=\u00a0\u00bb{}\u00a0\u00bb][et_pb_text _builder_version=\u00a0\u00bb4.18.0&Prime; _module_preset=\u00a0\u00bbdefault\u00a0\u00bb min_height=\u00a0\u00bb117.2px\u00a0\u00bb hover_enabled=\u00a0\u00bb0&Prime; locked=\u00a0\u00bboff\u00a0\u00bb global_colors_info=\u00a0\u00bb{}\u00a0\u00bb sticky_enabled=\u00a0\u00bb0&Prime;]<\/p>\n<p style=\"text-align: right;\"><span style=\"color: #337ab7;\"><\/span><\/p>\n<p style=\"text-align: right;\"><span style=\"color: #337ab7;\">2<sup>\u00e8me<\/sup> balcon lat\u00e9ral et fond 15 \u20ac<\/span><\/p>\n<p>[\/et_pb_text][et_pb_text _builder_version=\u00a0\u00bb4.17.6&Prime; _module_preset=\u00a0\u00bbdefault\u00a0\u00bb custom_margin=\u00a0\u00bb||95px|||\u00a0\u00bb global_colors_info=\u00a0\u00bb{}\u00a0\u00bb]<\/p>\n<p style=\"text-align: right\"><span style=\"color: #eba721\">&nbsp;2<sup>\u00e8me<\/sup> balcon centre&nbsp; 25 \u20ac <\/span><\/p>\n<p>[\/et_pb_text][et_pb_text _builder_version=\u00a0\u00bb4.17.6&Prime; _module_preset=\u00a0\u00bbdefault\u00a0\u00bb min_height=\u00a0\u00bb221.2px\u00a0\u00bb global_colors_info=\u00a0\u00bb{}\u00a0\u00bb]<\/p>\n<p style=\"text-align: right\"><span style=\"color: #e92dff\">premier balcon 25 \u20ac<\/span><\/p>\n<p>[\/et_pb_text][et_pb_text _builder_version=\u00a0\u00bb4.17.6&Prime; _module_preset=\u00a0\u00bbdefault\u00a0\u00bb min_height=\u00a0\u00bb94.2px\u00a0\u00bb global_colors_info=\u00a0\u00bb{}\u00a0\u00bb]<\/p>\n<p style=\"text-align: right\"><span style=\"color: #004179\"><span style=\"color: #44b6ae\">parterre 35 \u20ac<\/span><\/span><\/p>\n<p>[\/et_pb_text][et_pb_text _builder_version=\u00a0\u00bb4.17.6&Prime; _module_preset=\u00a0\u00bbdefault\u00a0\u00bb custom_margin=\u00a0\u00bb||-13px|||\u00a0\u00bb global_colors_info=\u00a0\u00bb{}\u00a0\u00bb]<\/p>\n<p style=\"text-align: right\"><span style=\"color: #b49759\"><strong>Gold \/ Vip 50\u20ac<\/strong><br \/>Inclus:<br \/>1 verre de champagne<br \/>2 sandwiches<\/span><\/p>\n<p>[\/et_pb_text][\/et_pb_column][et_pb_column type=\u00a0\u00bb1_2&Prime; _builder_version=\u00a0\u00bb4.17.6&Prime; _module_preset=\u00a0\u00bbdefault\u00a0\u00bb global_colors_info=\u00a0\u00bb{}\u00a0\u00bb][et_pb_image src=\u00a0\u00bbhttps:\/\/webkrea.kiwanisbelux.site\/bruegel\/wp-content\/uploads\/sites\/22\/2022\/07\/plan-salle-www-1.png\u00a0\u00bb alt=\u00a0\u00bbPlan de la salle Jacque BREL\u00a0\u00bb title_text=\u00a0\u00bbplan-salle-www\u00a0\u00bb _builder_version=\u00a0\u00bb4.17.6&Prime; _module_preset=\u00a0\u00bbdefault\u00a0\u00bb global_colors_info=\u00a0\u00bb{}\u00a0\u00bb][\/et_pb_image][\/et_pb_column][\/et_pb_row][et_pb_row _builder_version=\u00a0\u00bb4.17.6&Prime; _module_preset=\u00a0\u00bbdefault\u00a0\u00bb custom_padding=\u00a0\u00bb||3px|||\u00a0\u00bb global_colors_info=\u00a0\u00bb{}\u00a0\u00bb][et_pb_column type=\u00a0\u00bb4_4&Prime; _builder_version=\u00a0\u00bb4.17.6&Prime; _module_preset=\u00a0\u00bbdefault\u00a0\u00bb global_colors_info=\u00a0\u00bb{}\u00a0\u00bb][et_pb_text _builder_version=\u00a0\u00bb4.17.6&Prime; _module_preset=\u00a0\u00bbdefault\u00a0\u00bb text_text_color=\u00a0\u00bb#FFFFFF\u00a0\u00bb global_colors_info=\u00a0\u00bb{}\u00a0\u00bb]<\/p>\n<p style=\"text-align: center;background-color: #003874\">Achat sur place ajoutez 5\u20ac par place<\/p>\n<p>[\/et_pb_text][et_pb_text _builder_version=\u00a0\u00bb4.17.6&Prime; _module_preset=\u00a0\u00bbdefault\u00a0\u00bb global_colors_info=\u00a0\u00bb{}\u00a0\u00bb]<\/p>\n<p><a href=\"\/kiwanis2\/bruegel\/wp-content\/uploads\/sites\/22\/2022\/07\/plan-salle-www-1.png\"><span style=\"color: #004179\">Agrandir le plan de la salle ici <\/span><\/a><\/p>\n<p>[\/et_pb_text][et_pb_image src=\u00a0\u00bbhttps:\/\/webkrea.kiwanisbelux.site\/bruegel\/wp-content\/uploads\/sites\/22\/2022\/07\/reservez-maintenant.png\u00a0\u00bb title_text=\u00a0\u00bbreservez-maintenant\u00a0\u00bb url=\u00a0\u00bbhttps:\/\/webkrea.kiwanisbelux.site\/bruegel\/hommage-a-brel\/reservation\/\u00a0\u00bb align=\u00a0\u00bbcenter\u00a0\u00bb _builder_version=\u00a0\u00bb4.17.6&Prime; _module_preset=\u00a0\u00bbdefault\u00a0\u00bb global_colors_info=\u00a0\u00bb{}\u00a0\u00bb][\/et_pb_image][et_pb_divider _builder_version=\u00a0\u00bb4.17.6&Prime; _module_preset=\u00a0\u00bbdefault\u00a0\u00bb global_colors_info=\u00a0\u00bb{}\u00a0\u00bb][\/et_pb_divider][et_pb_text _builder_version=\u00a0\u00bb4.17.6&Prime; _module_preset=\u00a0\u00bbdefault\u00a0\u00bb width=\u00a0\u00bb100%\u00a0\u00bb max_width=\u00a0\u00bb100%\u00a0\u00bb global_module=\u00a0\u00bb2377&Prime; saved_tabs=\u00a0\u00bball\u00a0\u00bb global_colors_info=\u00a0\u00bb{}\u00a0\u00bb]<\/p>\n<h5>Emp\u00each\u00e9 ? Vous pouvez aussi nous soutenir par<\/h5>\n<ul>\n<li>Une promesse de don <a href=\"..\/faire-un-don\">ici<\/a><\/li>\n<li>Insertion d&rsquo;une publicit\u00e9 dans le programme<\/li>\n<li>M\u00e9c\u00e9nats en sponsorisant la soir\u00e9e<\/li>\n<\/ul>\n<p>Toutes les informations <a href=\"..\/nous-soutenir\">ici<\/a><\/p>\n<p>[\/et_pb_text][\/et_pb_column][\/et_pb_row][\/et_pb_section][et_pb_section fb_built=\u00a0\u00bb1&Prime; _builder_version=\u00a0\u00bb4.17.6&Prime; _module_preset=\u00a0\u00bbdefault\u00a0\u00bb global_colors_info=\u00a0\u00bb{}\u00a0\u00bb][\/et_pb_section]<\/p>\n","protected":false},"excerpt":{"rendered":"<p>2\u00e8me balcon lat\u00e9ral et fond 15 \u20ac&nbsp;2\u00e8me balcon centre&nbsp; 25 \u20ac premier balcon 25 \u20acparterre 35 \u20acGold \/ Vip 50\u20acInclus:1 verre de champagne2 sandwichesAchat sur place ajoutez 5\u20ac par placeAgrandir [&hellip;]<\/p>\n","protected":false},"author":6,"featured_media":2423,"parent":1890,"menu_order":0,"comment_status":"closed","ping_status":"closed","template":"","meta":{"_et_pb_use_builder":"on","_et_pb_old_content":"<!-- wp:divi\/placeholder -->\n[et_pb_section fb_built=\"1\" _builder_version=\"4.16\" global_colors_info=\"{}\"][et_pb_row _builder_version=\"4.17.6\" _module_preset=\"default\"][et_pb_column _builder_version=\"4.17.6\" _module_preset=\"default\" type=\"4_4\"][et_pb_image src=\"https:\/\/webkrea.kiwanisbelux.site\/bruegel\/wp-content\/uploads\/sites\/22\/2022\/08\/Hommage-a-brel-filip-jordens-www-header.png\" _builder_version=\"4.17.6\" _module_preset=\"default\" title_text=\"Hommage-a-brel-filip-jordens-www-header\" hover_enabled=\"0\" sticky_enabled=\"0\"][\/et_pb_image][\/et_pb_column][\/et_pb_row][et_pb_row column_structure=\"1_2,1_2\" _builder_version=\"4.17.6\" _module_preset=\"default\" global_colors_info=\"{}\"][et_pb_column type=\"1_2\" _builder_version=\"4.17.6\" _module_preset=\"default\" global_colors_info=\"{}\"][et_pb_text _builder_version=\"4.17.6\" _module_preset=\"default\" min_height=\"117.2px\" locked=\"off\" global_colors_info=\"{}\"]<p style=\"text-align: right\"><span style=\"color: #337ab7\"><\/span><\/p>\n<p style=\"text-align: right\"><span style=\"color: #337ab7\">2<sup>de<\/sup> balkon&nbsp;zijdeling en achtergrond 15 \u20ac<\/span><\/p>[\/et_pb_text][et_pb_text _builder_version=\"4.17.6\" _module_preset=\"default\" global_colors_info=\"{}\" custom_margin=\"||95px|||\"]<p style=\"text-align: right\"><span style=\"color: #eba721\">&nbsp;2<sup>\u00e8me<\/sup> balcon centre&nbsp; 25 \u20ac <\/span><\/p>[\/et_pb_text][et_pb_text _builder_version=\"4.17.6\" _module_preset=\"default\" global_colors_info=\"{}\" min_height=\"221.2px\"]<p style=\"text-align: right\"><span style=\"color: #e92dff\">premier balcon 25 \u20ac<\/span><\/p>[\/et_pb_text][et_pb_text _builder_version=\"4.17.6\" _module_preset=\"default\" global_colors_info=\"{}\" min_height=\"94.2px\"]<p style=\"text-align: right\"><span style=\"color: #004179\"><span style=\"color: #44b6ae\">parterre 35 \u20ac<\/span><\/span><\/p>[\/et_pb_text][et_pb_text _builder_version=\"4.17.6\" _module_preset=\"default\" hover_enabled=\"0\" global_colors_info=\"{}\" sticky_enabled=\"0\" custom_margin=\"||-13px|||\"]<p style=\"text-align: right\"><span style=\"color: #b49759\"><strong>Gold \/ Vip 50\u20ac<\/strong><br>Inclus:<br>1 verre de champagne<br>2 sandwiches<\/span><\/p>[\/et_pb_text][\/et_pb_column][et_pb_column type=\"1_2\" _builder_version=\"4.17.6\" _module_preset=\"default\" global_colors_info=\"{}\"][et_pb_image src=\"https:\/\/webkrea.kiwanisbelux.site\/bruegel\/wp-content\/uploads\/sites\/22\/2022\/07\/plan-salle-www-1.png\" alt=\"Plan de la salle Jacque BREL\" title_text=\"plan-salle-www\" _builder_version=\"4.17.6\" _module_preset=\"default\" global_colors_info=\"{}\"][\/et_pb_image][\/et_pb_column][\/et_pb_row][et_pb_row _builder_version=\"4.17.6\" _module_preset=\"default\"][et_pb_column _builder_version=\"4.17.6\" _module_preset=\"default\" type=\"4_4\"][et_pb_text _builder_version=\"4.17.6\" _module_preset=\"default\" hover_enabled=\"0\" sticky_enabled=\"0\" text_text_color=\"#FFFFFF\"]<p style=\"text-align: center;background-color: #003874\">Achat sur place ajoutez 5\u20ac par place<\/p>[\/et_pb_text][et_pb_text _builder_version=\"4.17.6\" _module_preset=\"default\" hover_enabled=\"0\" sticky_enabled=\"0\"]<p><a href=\"\/kiwanis2\/bruegel\/wp-content\/uploads\/sites\/22\/2022\/07\/plan-salle-www-1.png\"><span style=\"color: #004179\">Agrandir le plan de la salle ici <\/span><\/a><\/p>[\/et_pb_text][et_pb_image src=\"https:\/\/webkrea.kiwanisbelux.site\/bruegel\/wp-content\/uploads\/sites\/22\/2022\/07\/reservez-maintenant.png\" _builder_version=\"4.17.6\" _module_preset=\"default\" title_text=\"reservez-maintenant\" url=\"hommage-a-brel\/reservation\/\" hover_enabled=\"0\" sticky_enabled=\"0\" align=\"center\"][\/et_pb_image][et_pb_divider _builder_version=\"4.17.6\" _module_preset=\"default\" hover_enabled=\"0\" sticky_enabled=\"0\"][\/et_pb_divider][et_pb_text _builder_version=\"4.17.6\" _module_preset=\"default\" width=\"100%\" max_width=\"100%\" saved_tabs=\"all\" global_colors_info=\"{}\" global_module=\"2377\" theme_builder_area=\"post_content\"]<h5>Emp\u00each\u00e9 ? Vous pouvez aussi nous soutenir par<\/h5>\n<ul>\n<li>Une promesse de don <a href=\"..\/faire-un-don\">ici<\/a><\/li>\n<li>Insertion d'une publicit\u00e9 dans le programme<\/li>\n<li>M\u00e9c\u00e9nats en sponsorisant la soir\u00e9e<\/li>\n<\/ul>\n<p>Toutes les informations <a href=\"..\/nous-soutenir\">ici<\/a><\/p>[\/et_pb_text][\/et_pb_column][\/et_pb_row][\/et_pb_section][et_pb_section fb_built=\"1\" _builder_version=\"4.17.6\" _module_preset=\"default\" global_colors_info=\"{}\"][\/et_pb_section]\n<!-- \/wp:divi\/placeholder -->","_et_gb_content_width":""},"yoast_head":"<!-- This site is optimized with the Yoast SEO plugin v19.8 - https:\/\/yoast.com\/wordpress\/plugins\/seo\/ -->\n<title>Billeterie - Kiwanis Dilbeek Bruegel<\/title>\n<meta name=\"robots\" content=\"noindex, follow, max-snippet:-1, max-image-preview:large, max-video-preview:-1\" \/>\n<meta property=\"og:locale\" content=\"fr_FR\" \/>\n<meta property=\"og:type\" content=\"article\" \/>\n<meta property=\"og:title\" content=\"Billeterie - Kiwanis Dilbeek Bruegel\" \/>\n<meta property=\"og:description\" content=\"2\u00e8me balcon lat\u00e9ral et fond 15 \u20ac&nbsp;2\u00e8me balcon centre&nbsp; 25 \u20ac premier balcon 25 \u20acparterre 35 \u20acGold \/ Vip 50\u20acInclus:1 verre de champagne2 sandwichesAchat sur place ajoutez 5\u20ac par placeAgrandir [&hellip;]\" \/>\n<meta property=\"og:url\" content=\"https:\/\/webkrea.kiwanisbelux.site\/bruegel\/hommage-a-brel\/billeterie\/\" \/>\n<meta property=\"og:site_name\" content=\"Kiwanis Dilbeek Bruegel\" \/>\n<meta property=\"article:modified_time\" content=\"2022-09-06T17:53:14+00:00\" \/>\n<meta property=\"og:image\" content=\"https:\/\/webkrea.kiwanisbelux.site\/bruegel\/wp-content\/uploads\/sites\/22\/2022\/08\/hommage-brel-wp.jpg\" \/>\n\t<meta property=\"og:image:width\" content=\"1358\" \/>\n\t<meta property=\"og:image:height\" content=\"339\" \/>\n\t<meta property=\"og:image:type\" content=\"image\/jpeg\" \/>\n<meta name=\"twitter:card\" content=\"summary_large_image\" \/>\n<meta name=\"twitter:label1\" content=\"Dur\u00e9e de lecture estim\u00e9e\" \/>\n\t<meta name=\"twitter:data1\" content=\"1 minute\" \/>\n<script type=\"application\/ld+json\" class=\"yoast-schema-graph\">{\"@context\":\"https:\/\/schema.org\",\"@graph\":[{\"@type\":\"WebPage\",\"@id\":\"https:\/\/webkrea.kiwanisbelux.site\/bruegel\/hommage-a-brel\/billeterie\/\",\"url\":\"https:\/\/webkrea.kiwanisbelux.site\/bruegel\/hommage-a-brel\/billeterie\/\",\"name\":\"Billeterie - Kiwanis Dilbeek Bruegel\",\"isPartOf\":{\"@id\":\"https:\/\/webkrea.kiwanisbelux.site\/bruegel\/#website\"},\"datePublished\":\"2022-07-29T21:43:56+00:00\",\"dateModified\":\"2022-09-06T17:53:14+00:00\",\"breadcrumb\":{\"@id\":\"https:\/\/webkrea.kiwanisbelux.site\/bruegel\/hommage-a-brel\/billeterie\/#breadcrumb\"},\"inLanguage\":\"fr-FR\",\"potentialAction\":[{\"@type\":\"ReadAction\",\"target\":[\"https:\/\/webkrea.kiwanisbelux.site\/bruegel\/hommage-a-brel\/billeterie\/\"]}]},{\"@type\":\"BreadcrumbList\",\"@id\":\"https:\/\/webkrea.kiwanisbelux.site\/bruegel\/hommage-a-brel\/billeterie\/#breadcrumb\",\"itemListElement\":[{\"@type\":\"ListItem\",\"position\":1,\"name\":\"Home\",\"item\":\"https:\/\/webkrea.kiwanisbelux.site\/bruegel\/\"},{\"@type\":\"ListItem\",\"position\":2,\"name\":\"Hommage \u00e0 BREL\",\"item\":\"https:\/\/webkrea.kiwanisbelux.site\/bruegel\/hommage-a-brel\/\"},{\"@type\":\"ListItem\",\"position\":3,\"name\":\"Billeterie\"}]},{\"@type\":\"WebSite\",\"@id\":\"https:\/\/webkrea.kiwanisbelux.site\/bruegel\/#website\",\"url\":\"https:\/\/webkrea.kiwanisbelux.site\/bruegel\/\",\"name\":\"Kiwanis Dilbeek Bruegel\",\"description\":\"\",\"publisher\":{\"@id\":\"https:\/\/webkrea.kiwanisbelux.site\/bruegel\/#organization\"},\"potentialAction\":[{\"@type\":\"SearchAction\",\"target\":{\"@type\":\"EntryPoint\",\"urlTemplate\":\"https:\/\/webkrea.kiwanisbelux.site\/bruegel\/?s={search_term_string}\"},\"query-input\":\"required name=search_term_string\"}],\"inLanguage\":\"fr-FR\"},{\"@type\":\"Organization\",\"@id\":\"https:\/\/webkrea.kiwanisbelux.site\/bruegel\/#organization\",\"name\":\"Kiwanis\",\"url\":\"https:\/\/webkrea.kiwanisbelux.site\/bruegel\/\",\"sameAs\":[],\"logo\":{\"@type\":\"ImageObject\",\"inLanguage\":\"fr-FR\",\"@id\":\"https:\/\/webkrea.kiwanisbelux.site\/bruegel\/#\/schema\/logo\/image\/\",\"url\":\"https:\/\/webkrea.kiwanisbelux.site\/bruegel\/wp-content\/uploads\/sites\/22\/2021\/04\/kiwanis-logo@2x.png\",\"contentUrl\":\"https:\/\/webkrea.kiwanisbelux.site\/bruegel\/wp-content\/uploads\/sites\/22\/2021\/04\/kiwanis-logo@2x.png\",\"width\":555,\"height\":100,\"caption\":\"Kiwanis\"},\"image\":{\"@id\":\"https:\/\/webkrea.kiwanisbelux.site\/bruegel\/#\/schema\/logo\/image\/\"}}]}<\/script>\n<!-- \/ Yoast SEO plugin. -->","yoast_head_json":{"title":"Billeterie - Kiwanis Dilbeek Bruegel","robots":{"index":"noindex","follow":"follow","max-snippet":"max-snippet:-1","max-image-preview":"max-image-preview:large","max-video-preview":"max-video-preview:-1"},"og_locale":"fr_FR","og_type":"article","og_title":"Billeterie - Kiwanis Dilbeek Bruegel","og_description":"2\u00e8me balcon lat\u00e9ral et fond 15 \u20ac&nbsp;2\u00e8me balcon centre&nbsp; 25 \u20ac premier balcon 25 \u20acparterre 35 \u20acGold \/ Vip 50\u20acInclus:1 verre de champagne2 sandwichesAchat sur place ajoutez 5\u20ac par placeAgrandir [&hellip;]","og_url":"https:\/\/webkrea.kiwanisbelux.site\/bruegel\/hommage-a-brel\/billeterie\/","og_site_name":"Kiwanis Dilbeek Bruegel","article_modified_time":"2022-09-06T17:53:14+00:00","og_image":[{"width":1358,"height":339,"url":"https:\/\/webkrea.kiwanisbelux.site\/bruegel\/wp-content\/uploads\/sites\/22\/2022\/08\/hommage-brel-wp.jpg","type":"image\/jpeg"}],"twitter_card":"summary_large_image","twitter_misc":{"Dur\u00e9e de lecture estim\u00e9e":"1 minute"},"schema":{"@context":"https:\/\/schema.org","@graph":[{"@type":"WebPage","@id":"https:\/\/webkrea.kiwanisbelux.site\/bruegel\/hommage-a-brel\/billeterie\/","url":"https:\/\/webkrea.kiwanisbelux.site\/bruegel\/hommage-a-brel\/billeterie\/","name":"Billeterie - Kiwanis Dilbeek Bruegel","isPartOf":{"@id":"https:\/\/webkrea.kiwanisbelux.site\/bruegel\/#website"},"datePublished":"2022-07-29T21:43:56+00:00","dateModified":"2022-09-06T17:53:14+00:00","breadcrumb":{"@id":"https:\/\/webkrea.kiwanisbelux.site\/bruegel\/hommage-a-brel\/billeterie\/#breadcrumb"},"inLanguage":"fr-FR","potentialAction":[{"@type":"ReadAction","target":["https:\/\/webkrea.kiwanisbelux.site\/bruegel\/hommage-a-brel\/billeterie\/"]}]},{"@type":"BreadcrumbList","@id":"https:\/\/webkrea.kiwanisbelux.site\/bruegel\/hommage-a-brel\/billeterie\/#breadcrumb","itemListElement":[{"@type":"ListItem","position":1,"name":"Home","item":"https:\/\/webkrea.kiwanisbelux.site\/bruegel\/"},{"@type":"ListItem","position":2,"name":"Hommage \u00e0 BREL","item":"https:\/\/webkrea.kiwanisbelux.site\/bruegel\/hommage-a-brel\/"},{"@type":"ListItem","position":3,"name":"Billeterie"}]},{"@type":"WebSite","@id":"https:\/\/webkrea.kiwanisbelux.site\/bruegel\/#website","url":"https:\/\/webkrea.kiwanisbelux.site\/bruegel\/","name":"Kiwanis Dilbeek Bruegel","description":"","publisher":{"@id":"https:\/\/webkrea.kiwanisbelux.site\/bruegel\/#organization"},"potentialAction":[{"@type":"SearchAction","target":{"@type":"EntryPoint","urlTemplate":"https:\/\/webkrea.kiwanisbelux.site\/bruegel\/?s={search_term_string}"},"query-input":"required name=search_term_string"}],"inLanguage":"fr-FR"},{"@type":"Organization","@id":"https:\/\/webkrea.kiwanisbelux.site\/bruegel\/#organization","name":"Kiwanis","url":"https:\/\/webkrea.kiwanisbelux.site\/bruegel\/","sameAs":[],"logo":{"@type":"ImageObject","inLanguage":"fr-FR","@id":"https:\/\/webkrea.kiwanisbelux.site\/bruegel\/#\/schema\/logo\/image\/","url":"https:\/\/webkrea.kiwanisbelux.site\/bruegel\/wp-content\/uploads\/sites\/22\/2021\/04\/kiwanis-logo@2x.png","contentUrl":"https:\/\/webkrea.kiwanisbelux.site\/bruegel\/wp-content\/uploads\/sites\/22\/2021\/04\/kiwanis-logo@2x.png","width":555,"height":100,"caption":"Kiwanis"},"image":{"@id":"https:\/\/webkrea.kiwanisbelux.site\/bruegel\/#\/schema\/logo\/image\/"}}]}},"_links":{"self":[{"href":"https:\/\/webkrea.kiwanisbelux.site\/bruegel\/wp-json\/wp\/v2\/pages\/2017"}],"collection":[{"href":"https:\/\/webkrea.kiwanisbelux.site\/bruegel\/wp-json\/wp\/v2\/pages"}],"about":[{"href":"https:\/\/webkrea.kiwanisbelux.site\/bruegel\/wp-json\/wp\/v2\/types\/page"}],"author":[{"embeddable":true,"href":"https:\/\/webkrea.kiwanisbelux.site\/bruegel\/wp-json\/wp\/v2\/users\/6"}],"replies":[{"embeddable":true,"href":"https:\/\/webkrea.kiwanisbelux.site\/bruegel\/wp-json\/wp\/v2\/comments?post=2017"}],"version-history":[{"count":10,"href":"https:\/\/webkrea.kiwanisbelux.site\/bruegel\/wp-json\/wp\/v2\/pages\/2017\/revisions"}],"predecessor-version":[{"id":2753,"href":"https:\/\/webkrea.kiwanisbelux.site\/bruegel\/wp-json\/wp\/v2\/pages\/2017\/revisions\/2753"}],"up":[{"embeddable":true,"href":"https:\/\/webkrea.kiwanisbelux.site\/bruegel\/wp-json\/wp\/v2\/pages\/1890"}],"wp:featuredmedia":[{"embeddable":true,"href":"https:\/\/webkrea.kiwanisbelux.site\/bruegel\/wp-json\/wp\/v2\/media\/2423"}],"wp:attachment":[{"href":"https:\/\/webkrea.kiwanisbelux.site\/bruegel\/wp-json\/wp\/v2\/media?parent=2017"}],"curies":[{"name":"wp","href":"https:\/\/api.w.org\/{rel}","templated":true}]}}