{"id":1953,"date":"2022-07-28T14:28:34","date_gmt":"2022-07-28T12:28:34","guid":{"rendered":"https:\/\/webkrea.kiwanisbelux.site\/bruegel\/?page_id=1953"},"modified":"2022-08-21T10:55:33","modified_gmt":"2022-08-21T08:55:33","slug":"st-nicolas-ecole-les-acacias-2017","status":"publish","type":"page","link":"https:\/\/webkrea.kiwanisbelux.site\/bruegel\/nos-actions\/st-nicolas-ecole-les-acacias-2017\/","title":{"rendered":"St Nicolas \u00e9cole les ACACIAS 2017"},"content":{"rendered":"\n<p>Voil\u00e0 depuis bien des ann\u00e9es que notre club soutien l&rsquo;\u00e9cole des Acacias \u00e0 Anderlecht. Action remarquable puisque orient\u00e9e vers 150 enfants en difficult\u00e9s (type 1 et 2 ainsi qu&rsquo;autistes).<\/p>\n\n\n\n<p>Pour cette action du club Dilbeek-Bruegel il faut mentionner qu&rsquo;il s&rsquo;agit d&rsquo;un soutien financier orient\u00e9 \u00e0 100% vers des enfants (objectif principal du K.) L&rsquo;op\u00e9ration propose en effet une aide financi\u00e8re autant que physique, quelques membres accompagnant St.Nicolas lors de sa visite, qui a eu lieu cette ann\u00e9e le 7\/12\/17.<\/p>\n\n\n\n<p>St. Nicolas et les Kiwaniens visitent toutes les classes o\u00f9 les jouets sont expos\u00e9s, des \u00a0\u00bbbonbons\u00a0\u00bb sont distribu\u00e9s et l&rsquo;accueil se fait avec les chansons d&rsquo;usages. Certaines classes nous remettent de petits cadeaux, des dessins faits par les enfants.<br>Cette actions r\u00e9chauffe les c\u0153urs des participants et les yeux pleins de bonheur des enfants permettent aux participants de rentrer avec le sentiment d&rsquo;une \u00a0\u00bbvraie\u00a0\u00bb bonne action accomplie.<\/p>\n\n\n\n<p><img loading=\"lazy\" width=\"2560\" height=\"1571\" class=\"wp-image-1954\" style=\"width: 300px\" src=\"https:\/\/webkrea.kiwanisbelux.site\/bruegel\/wp-content\/uploads\/sites\/22\/2022\/07\/IMG_3992crp-lr-scaled.jpg\" alt=\"\" srcset=\"https:\/\/webkrea.kiwanisbelux.site\/bruegel\/wp-content\/uploads\/sites\/22\/2022\/07\/IMG_3992crp-lr-scaled.jpg 2560w, https:\/\/webkrea.kiwanisbelux.site\/bruegel\/wp-content\/uploads\/sites\/22\/2022\/07\/IMG_3992crp-lr-1280x786.jpg 1280w, https:\/\/webkrea.kiwanisbelux.site\/bruegel\/wp-content\/uploads\/sites\/22\/2022\/07\/IMG_3992crp-lr-980x601.jpg 980w, https:\/\/webkrea.kiwanisbelux.site\/bruegel\/wp-content\/uploads\/sites\/22\/2022\/07\/IMG_3992crp-lr-480x295.jpg 480w\" sizes=\"(min-width: 0px) and (max-width: 480px) 480px, (min-width: 481px) and (max-width: 980px) 980px, (min-width: 981px) and (max-width: 1280px) 1280px, (min-width: 1281px) 2560px, 100vw\" \/> <img loading=\"lazy\" width=\"2560\" height=\"1747\" class=\"wp-image-1957\" style=\"width: 300px\" src=\"https:\/\/webkrea.kiwanisbelux.site\/bruegel\/wp-content\/uploads\/sites\/22\/2022\/07\/IMG_3990crp-lr-scaled.jpg\" alt=\"\" srcset=\"https:\/\/webkrea.kiwanisbelux.site\/bruegel\/wp-content\/uploads\/sites\/22\/2022\/07\/IMG_3990crp-lr-scaled.jpg 2560w, https:\/\/webkrea.kiwanisbelux.site\/bruegel\/wp-content\/uploads\/sites\/22\/2022\/07\/IMG_3990crp-lr-1280x874.jpg 1280w, https:\/\/webkrea.kiwanisbelux.site\/bruegel\/wp-content\/uploads\/sites\/22\/2022\/07\/IMG_3990crp-lr-980x669.jpg 980w, https:\/\/webkrea.kiwanisbelux.site\/bruegel\/wp-content\/uploads\/sites\/22\/2022\/07\/IMG_3990crp-lr-480x328.jpg 480w\" sizes=\"(min-width: 0px) and (max-width: 480px) 480px, (min-width: 481px) and (max-width: 980px) 980px, (min-width: 981px) and (max-width: 1280px) 1280px, (min-width: 1281px) 2560px, 100vw\" \/><\/p>\n","protected":false},"excerpt":{"rendered":"<p>Voil\u00e0 depuis bien des ann\u00e9es que notre club soutien l&rsquo;\u00e9cole des Acacias \u00e0 Anderlecht. Action remarquable puisque orient\u00e9e vers 150 enfants en difficult\u00e9s (type 1 et 2 ainsi qu&rsquo;autistes). Pour [&hellip;]<\/p>\n","protected":false},"author":2,"featured_media":0,"parent":1923,"menu_order":4,"comment_status":"closed","ping_status":"closed","template":"","meta":{"_et_pb_use_builder":"off","_et_pb_old_content":"","_et_gb_content_width":""},"yoast_head":"<!-- This site is optimized with the Yoast SEO plugin v19.8 - https:\/\/yoast.com\/wordpress\/plugins\/seo\/ -->\n<title>St Nicolas \u00e9cole les ACACIAS 2017 - Kiwanis Dilbeek Bruegel<\/title>\n<meta name=\"robots\" content=\"noindex, follow, max-snippet:-1, max-image-preview:large, max-video-preview:-1\" \/>\n<meta property=\"og:locale\" content=\"fr_FR\" \/>\n<meta property=\"og:type\" content=\"article\" \/>\n<meta property=\"og:title\" content=\"St Nicolas \u00e9cole les ACACIAS 2017 - Kiwanis Dilbeek Bruegel\" \/>\n<meta property=\"og:description\" content=\"Voil\u00e0 depuis bien des ann\u00e9es que notre club soutien l&rsquo;\u00e9cole des Acacias \u00e0 Anderlecht. Action remarquable puisque orient\u00e9e vers 150 enfants en difficult\u00e9s (type 1 et 2 ainsi qu&rsquo;autistes). Pour [&hellip;]\" \/>\n<meta property=\"og:url\" content=\"https:\/\/webkrea.kiwanisbelux.site\/bruegel\/nos-actions\/st-nicolas-ecole-les-acacias-2017\/\" \/>\n<meta property=\"og:site_name\" content=\"Kiwanis Dilbeek Bruegel\" \/>\n<meta property=\"article:modified_time\" content=\"2022-08-21T08:55:33+00:00\" \/>\n<meta property=\"og:image\" content=\"https:\/\/webkrea.kiwanisbelux.site\/bruegel\/wp-content\/uploads\/sites\/22\/2022\/07\/IMG_3992crp-lr-scaled.jpg\" \/>\n<meta name=\"twitter:card\" content=\"summary_large_image\" \/>\n<meta name=\"twitter:label1\" content=\"Dur\u00e9e de lecture estim\u00e9e\" \/>\n\t<meta name=\"twitter:data1\" content=\"2 minutes\" \/>\n<script type=\"application\/ld+json\" class=\"yoast-schema-graph\">{\"@context\":\"https:\/\/schema.org\",\"@graph\":[{\"@type\":\"WebPage\",\"@id\":\"https:\/\/webkrea.kiwanisbelux.site\/bruegel\/nos-actions\/st-nicolas-ecole-les-acacias-2017\/\",\"url\":\"https:\/\/webkrea.kiwanisbelux.site\/bruegel\/nos-actions\/st-nicolas-ecole-les-acacias-2017\/\",\"name\":\"St Nicolas \u00e9cole les ACACIAS 2017 - Kiwanis Dilbeek Bruegel\",\"isPartOf\":{\"@id\":\"https:\/\/webkrea.kiwanisbelux.site\/bruegel\/#website\"},\"datePublished\":\"2022-07-28T12:28:34+00:00\",\"dateModified\":\"2022-08-21T08:55:33+00:00\",\"breadcrumb\":{\"@id\":\"https:\/\/webkrea.kiwanisbelux.site\/bruegel\/nos-actions\/st-nicolas-ecole-les-acacias-2017\/#breadcrumb\"},\"inLanguage\":\"fr-FR\",\"potentialAction\":[{\"@type\":\"ReadAction\",\"target\":[\"https:\/\/webkrea.kiwanisbelux.site\/bruegel\/nos-actions\/st-nicolas-ecole-les-acacias-2017\/\"]}]},{\"@type\":\"BreadcrumbList\",\"@id\":\"https:\/\/webkrea.kiwanisbelux.site\/bruegel\/nos-actions\/st-nicolas-ecole-les-acacias-2017\/#breadcrumb\",\"itemListElement\":[{\"@type\":\"ListItem\",\"position\":1,\"name\":\"Home\",\"item\":\"https:\/\/webkrea.kiwanisbelux.site\/bruegel\/\"},{\"@type\":\"ListItem\",\"position\":2,\"name\":\"Nos actions\",\"item\":\"https:\/\/webkrea.kiwanisbelux.site\/bruegel\/nos-actions\/\"},{\"@type\":\"ListItem\",\"position\":3,\"name\":\"St Nicolas \u00e9cole les ACACIAS 2017\"}]},{\"@type\":\"WebSite\",\"@id\":\"https:\/\/webkrea.kiwanisbelux.site\/bruegel\/#website\",\"url\":\"https:\/\/webkrea.kiwanisbelux.site\/bruegel\/\",\"name\":\"Kiwanis Dilbeek Bruegel\",\"description\":\"\",\"publisher\":{\"@id\":\"https:\/\/webkrea.kiwanisbelux.site\/bruegel\/#organization\"},\"potentialAction\":[{\"@type\":\"SearchAction\",\"target\":{\"@type\":\"EntryPoint\",\"urlTemplate\":\"https:\/\/webkrea.kiwanisbelux.site\/bruegel\/?s={search_term_string}\"},\"query-input\":\"required name=search_term_string\"}],\"inLanguage\":\"fr-FR\"},{\"@type\":\"Organization\",\"@id\":\"https:\/\/webkrea.kiwanisbelux.site\/bruegel\/#organization\",\"name\":\"Kiwanis\",\"url\":\"https:\/\/webkrea.kiwanisbelux.site\/bruegel\/\",\"sameAs\":[],\"logo\":{\"@type\":\"ImageObject\",\"inLanguage\":\"fr-FR\",\"@id\":\"https:\/\/webkrea.kiwanisbelux.site\/bruegel\/#\/schema\/logo\/image\/\",\"url\":\"https:\/\/webkrea.kiwanisbelux.site\/bruegel\/wp-content\/uploads\/sites\/22\/2021\/04\/kiwanis-logo@2x.png\",\"contentUrl\":\"https:\/\/webkrea.kiwanisbelux.site\/bruegel\/wp-content\/uploads\/sites\/22\/2021\/04\/kiwanis-logo@2x.png\",\"width\":555,\"height\":100,\"caption\":\"Kiwanis\"},\"image\":{\"@id\":\"https:\/\/webkrea.kiwanisbelux.site\/bruegel\/#\/schema\/logo\/image\/\"}}]}<\/script>\n<!-- \/ Yoast SEO plugin. -->","yoast_head_json":{"title":"St Nicolas \u00e9cole les ACACIAS 2017 - Kiwanis Dilbeek Bruegel","robots":{"index":"noindex","follow":"follow","max-snippet":"max-snippet:-1","max-image-preview":"max-image-preview:large","max-video-preview":"max-video-preview:-1"},"og_locale":"fr_FR","og_type":"article","og_title":"St Nicolas \u00e9cole les ACACIAS 2017 - Kiwanis Dilbeek Bruegel","og_description":"Voil\u00e0 depuis bien des ann\u00e9es que notre club soutien l&rsquo;\u00e9cole des Acacias \u00e0 Anderlecht. Action remarquable puisque orient\u00e9e vers 150 enfants en difficult\u00e9s (type 1 et 2 ainsi qu&rsquo;autistes). Pour [&hellip;]","og_url":"https:\/\/webkrea.kiwanisbelux.site\/bruegel\/nos-actions\/st-nicolas-ecole-les-acacias-2017\/","og_site_name":"Kiwanis Dilbeek Bruegel","article_modified_time":"2022-08-21T08:55:33+00:00","og_image":[{"url":"https:\/\/webkrea.kiwanisbelux.site\/bruegel\/wp-content\/uploads\/sites\/22\/2022\/07\/IMG_3992crp-lr-scaled.jpg"}],"twitter_card":"summary_large_image","twitter_misc":{"Dur\u00e9e de lecture estim\u00e9e":"2 minutes"},"schema":{"@context":"https:\/\/schema.org","@graph":[{"@type":"WebPage","@id":"https:\/\/webkrea.kiwanisbelux.site\/bruegel\/nos-actions\/st-nicolas-ecole-les-acacias-2017\/","url":"https:\/\/webkrea.kiwanisbelux.site\/bruegel\/nos-actions\/st-nicolas-ecole-les-acacias-2017\/","name":"St Nicolas \u00e9cole les ACACIAS 2017 - Kiwanis Dilbeek Bruegel","isPartOf":{"@id":"https:\/\/webkrea.kiwanisbelux.site\/bruegel\/#website"},"datePublished":"2022-07-28T12:28:34+00:00","dateModified":"2022-08-21T08:55:33+00:00","breadcrumb":{"@id":"https:\/\/webkrea.kiwanisbelux.site\/bruegel\/nos-actions\/st-nicolas-ecole-les-acacias-2017\/#breadcrumb"},"inLanguage":"fr-FR","potentialAction":[{"@type":"ReadAction","target":["https:\/\/webkrea.kiwanisbelux.site\/bruegel\/nos-actions\/st-nicolas-ecole-les-acacias-2017\/"]}]},{"@type":"BreadcrumbList","@id":"https:\/\/webkrea.kiwanisbelux.site\/bruegel\/nos-actions\/st-nicolas-ecole-les-acacias-2017\/#breadcrumb","itemListElement":[{"@type":"ListItem","position":1,"name":"Home","item":"https:\/\/webkrea.kiwanisbelux.site\/bruegel\/"},{"@type":"ListItem","position":2,"name":"Nos actions","item":"https:\/\/webkrea.kiwanisbelux.site\/bruegel\/nos-actions\/"},{"@type":"ListItem","position":3,"name":"St Nicolas \u00e9cole les ACACIAS 2017"}]},{"@type":"WebSite","@id":"https:\/\/webkrea.kiwanisbelux.site\/bruegel\/#website","url":"https:\/\/webkrea.kiwanisbelux.site\/bruegel\/","name":"Kiwanis Dilbeek Bruegel","description":"","publisher":{"@id":"https:\/\/webkrea.kiwanisbelux.site\/bruegel\/#organization"},"potentialAction":[{"@type":"SearchAction","target":{"@type":"EntryPoint","urlTemplate":"https:\/\/webkrea.kiwanisbelux.site\/bruegel\/?s={search_term_string}"},"query-input":"required name=search_term_string"}],"inLanguage":"fr-FR"},{"@type":"Organization","@id":"https:\/\/webkrea.kiwanisbelux.site\/bruegel\/#organization","name":"Kiwanis","url":"https:\/\/webkrea.kiwanisbelux.site\/bruegel\/","sameAs":[],"logo":{"@type":"ImageObject","inLanguage":"fr-FR","@id":"https:\/\/webkrea.kiwanisbelux.site\/bruegel\/#\/schema\/logo\/image\/","url":"https:\/\/webkrea.kiwanisbelux.site\/bruegel\/wp-content\/uploads\/sites\/22\/2021\/04\/kiwanis-logo@2x.png","contentUrl":"https:\/\/webkrea.kiwanisbelux.site\/bruegel\/wp-content\/uploads\/sites\/22\/2021\/04\/kiwanis-logo@2x.png","width":555,"height":100,"caption":"Kiwanis"},"image":{"@id":"https:\/\/webkrea.kiwanisbelux.site\/bruegel\/#\/schema\/logo\/image\/"}}]}},"_links":{"self":[{"href":"https:\/\/webkrea.kiwanisbelux.site\/bruegel\/wp-json\/wp\/v2\/pages\/1953"}],"collection":[{"href":"https:\/\/webkrea.kiwanisbelux.site\/bruegel\/wp-json\/wp\/v2\/pages"}],"about":[{"href":"https:\/\/webkrea.kiwanisbelux.site\/bruegel\/wp-json\/wp\/v2\/types\/page"}],"author":[{"embeddable":true,"href":"https:\/\/webkrea.kiwanisbelux.site\/bruegel\/wp-json\/wp\/v2\/users\/2"}],"replies":[{"embeddable":true,"href":"https:\/\/webkrea.kiwanisbelux.site\/bruegel\/wp-json\/wp\/v2\/comments?post=1953"}],"version-history":[{"count":2,"href":"https:\/\/webkrea.kiwanisbelux.site\/bruegel\/wp-json\/wp\/v2\/pages\/1953\/revisions"}],"predecessor-version":[{"id":2281,"href":"https:\/\/webkrea.kiwanisbelux.site\/bruegel\/wp-json\/wp\/v2\/pages\/1953\/revisions\/2281"}],"up":[{"embeddable":true,"href":"https:\/\/webkrea.kiwanisbelux.site\/bruegel\/wp-json\/wp\/v2\/pages\/1923"}],"wp:attachment":[{"href":"https:\/\/webkrea.kiwanisbelux.site\/bruegel\/wp-json\/wp\/v2\/media?parent=1953"}],"curies":[{"name":"wp","href":"https:\/\/api.w.org\/{rel}","templated":true}]}}