{"id":1948,"date":"2022-07-28T14:23:41","date_gmt":"2022-07-28T12:23:41","guid":{"rendered":"https:\/\/webkrea.kiwanisbelux.site\/bruegel\/?page_id=1948"},"modified":"2022-08-21T10:56:26","modified_gmt":"2022-08-21T08:56:26","slug":"noel-kiwanis-dans-la-cite-2017","status":"publish","type":"page","link":"https:\/\/webkrea.kiwanisbelux.site\/bruegel\/nos-actions\/noel-kiwanis-dans-la-cite-2017\/","title":{"rendered":"No\u00ebl Kiwanis dans la cit\u00e9 2017"},"content":{"rendered":"\n<p>Qu&rsquo;il vente, g\u00e8le \u00e0 pierre fendre, qu&rsquo;il neige et qu&rsquo;un verglas par endroit rend les routes dangereuses, les petits gars du club de Dilbeek \u00e9taient fid\u00e8les au poste. T\u00e2ches qui ont \u00e9t\u00e9 \u00e9tablies suivant un horaire&nbsp; pour la journ\u00e9e. D\u00e8s le matin t\u00f4t quelques volontaires peaufinent par un froid de canard un minimum de confort pour accueillir les b\u00e9n\u00e9voles. N&rsquo;oublions pas le caf\u00e9-th\u00e9 et la soupe pr\u00e9par\u00e9s par une des \u00a0\u00bbtr\u00e8s\u00a0\u00bb charmantes \u00e9pouses. Rappelons \u00e9galement que quelques jours avant l&rsquo;op\u00e9ration certains membres ont distribu\u00e9 des \u00a0\u00bbflyers\u00a0\u00bb dans les bo\u00eetes aux lettres des environs et distribu\u00e9 avec commentaires aux visiteurs du march\u00e9 de No\u00ebl au ch\u00e2teau du Karreveld.<\/p>\n\n\n\n<figure class=\"wp-block-image size-large is-resized\"><img loading=\"lazy\" src=\"https:\/\/webkrea.kiwanisbelux.site\/bruegel\/wp-content\/uploads\/sites\/22\/2022\/07\/IMG_20171210_104249crop-lr-1024x747.jpg\" alt=\"\" class=\"wp-image-1949\" width=\"318\" height=\"231\" \/><figcaption>dav<\/figcaption><\/figure>\n\n\n\n<p>Tr\u00e8s rapidement les chalands se sont pr\u00e9sent\u00e9s avec les dons, jouets, habillement pour enfants de tous \u00e2ges, alimentation non p\u00e9rissable etc&#8230;.&nbsp; Nous avons \u00e9galement b\u00e9n\u00e9fici\u00e9 de la visite de notre Lt. Gouverneur et comme chaque ann\u00e9e en milieu de journ\u00e9e un bus de la STIB accompagn\u00e9 de tr\u00e8s charmantes h\u00f4tesses \u00a0\u00bbradio Nostalgie\u00a0\u00bb a charg\u00e9 les dons d\u00e9j\u00e0 r\u00e9colt\u00e9s pour les amener au lieu de rassemblement o\u00f9 plusieurs \u0153uvres ont pu faire leurs choix.Bien que la quantit\u00e9 de dons recueillis fut l\u00e9g\u00e8rement moindre que l&rsquo;an pass\u00e9 ce fut une magnifique journ\u00e9e r\u00e9pondant parfaitement \u00e0 nos objectifs sociaux.<\/p>\n\n\n\n<p>Bravo et merci \u00e0 tous.&nbsp;<\/p>\n","protected":false},"excerpt":{"rendered":"<p>Qu&rsquo;il vente, g\u00e8le \u00e0 pierre fendre, qu&rsquo;il neige et qu&rsquo;un verglas par endroit rend les routes dangereuses, les petits gars du club de Dilbeek \u00e9taient fid\u00e8les au poste. T\u00e2ches qui [&hellip;]<\/p>\n","protected":false},"author":2,"featured_media":0,"parent":1923,"menu_order":3,"comment_status":"closed","ping_status":"closed","template":"","meta":{"_et_pb_use_builder":"off","_et_pb_old_content":"","_et_gb_content_width":""},"yoast_head":"<!-- This site is optimized with the Yoast SEO plugin v19.8 - https:\/\/yoast.com\/wordpress\/plugins\/seo\/ -->\n<title>No\u00ebl Kiwanis dans la cit\u00e9 2017 - Kiwanis Dilbeek Bruegel<\/title>\n<meta name=\"robots\" content=\"noindex, follow, max-snippet:-1, max-image-preview:large, max-video-preview:-1\" \/>\n<meta property=\"og:locale\" content=\"fr_FR\" \/>\n<meta property=\"og:type\" content=\"article\" \/>\n<meta property=\"og:title\" content=\"No\u00ebl Kiwanis dans la cit\u00e9 2017 - Kiwanis Dilbeek Bruegel\" \/>\n<meta property=\"og:description\" content=\"Qu&rsquo;il vente, g\u00e8le \u00e0 pierre fendre, qu&rsquo;il neige et qu&rsquo;un verglas par endroit rend les routes dangereuses, les petits gars du club de Dilbeek \u00e9taient fid\u00e8les au poste. T\u00e2ches qui [&hellip;]\" \/>\n<meta property=\"og:url\" content=\"https:\/\/webkrea.kiwanisbelux.site\/bruegel\/nos-actions\/noel-kiwanis-dans-la-cite-2017\/\" \/>\n<meta property=\"og:site_name\" content=\"Kiwanis Dilbeek Bruegel\" \/>\n<meta property=\"article:modified_time\" content=\"2022-08-21T08:56:26+00:00\" \/>\n<meta property=\"og:image\" content=\"https:\/\/webkrea.kiwanisbelux.site\/bruegel\/wp-content\/uploads\/sites\/22\/2022\/07\/IMG_20171210_104249crop-lr-1024x747.jpg\" \/>\n<meta name=\"twitter:card\" content=\"summary_large_image\" \/>\n<meta name=\"twitter:label1\" content=\"Dur\u00e9e de lecture estim\u00e9e\" \/>\n\t<meta name=\"twitter:data1\" content=\"2 minutes\" \/>\n<script type=\"application\/ld+json\" class=\"yoast-schema-graph\">{\"@context\":\"https:\/\/schema.org\",\"@graph\":[{\"@type\":\"WebPage\",\"@id\":\"https:\/\/webkrea.kiwanisbelux.site\/bruegel\/nos-actions\/noel-kiwanis-dans-la-cite-2017\/\",\"url\":\"https:\/\/webkrea.kiwanisbelux.site\/bruegel\/nos-actions\/noel-kiwanis-dans-la-cite-2017\/\",\"name\":\"No\u00ebl Kiwanis dans la cit\u00e9 2017 - Kiwanis Dilbeek Bruegel\",\"isPartOf\":{\"@id\":\"https:\/\/webkrea.kiwanisbelux.site\/bruegel\/#website\"},\"datePublished\":\"2022-07-28T12:23:41+00:00\",\"dateModified\":\"2022-08-21T08:56:26+00:00\",\"breadcrumb\":{\"@id\":\"https:\/\/webkrea.kiwanisbelux.site\/bruegel\/nos-actions\/noel-kiwanis-dans-la-cite-2017\/#breadcrumb\"},\"inLanguage\":\"fr-FR\",\"potentialAction\":[{\"@type\":\"ReadAction\",\"target\":[\"https:\/\/webkrea.kiwanisbelux.site\/bruegel\/nos-actions\/noel-kiwanis-dans-la-cite-2017\/\"]}]},{\"@type\":\"BreadcrumbList\",\"@id\":\"https:\/\/webkrea.kiwanisbelux.site\/bruegel\/nos-actions\/noel-kiwanis-dans-la-cite-2017\/#breadcrumb\",\"itemListElement\":[{\"@type\":\"ListItem\",\"position\":1,\"name\":\"Home\",\"item\":\"https:\/\/webkrea.kiwanisbelux.site\/bruegel\/\"},{\"@type\":\"ListItem\",\"position\":2,\"name\":\"Nos actions\",\"item\":\"https:\/\/webkrea.kiwanisbelux.site\/bruegel\/nos-actions\/\"},{\"@type\":\"ListItem\",\"position\":3,\"name\":\"No\u00ebl Kiwanis dans la cit\u00e9 2017\"}]},{\"@type\":\"WebSite\",\"@id\":\"https:\/\/webkrea.kiwanisbelux.site\/bruegel\/#website\",\"url\":\"https:\/\/webkrea.kiwanisbelux.site\/bruegel\/\",\"name\":\"Kiwanis Dilbeek Bruegel\",\"description\":\"\",\"publisher\":{\"@id\":\"https:\/\/webkrea.kiwanisbelux.site\/bruegel\/#organization\"},\"potentialAction\":[{\"@type\":\"SearchAction\",\"target\":{\"@type\":\"EntryPoint\",\"urlTemplate\":\"https:\/\/webkrea.kiwanisbelux.site\/bruegel\/?s={search_term_string}\"},\"query-input\":\"required name=search_term_string\"}],\"inLanguage\":\"fr-FR\"},{\"@type\":\"Organization\",\"@id\":\"https:\/\/webkrea.kiwanisbelux.site\/bruegel\/#organization\",\"name\":\"Kiwanis\",\"url\":\"https:\/\/webkrea.kiwanisbelux.site\/bruegel\/\",\"sameAs\":[],\"logo\":{\"@type\":\"ImageObject\",\"inLanguage\":\"fr-FR\",\"@id\":\"https:\/\/webkrea.kiwanisbelux.site\/bruegel\/#\/schema\/logo\/image\/\",\"url\":\"https:\/\/webkrea.kiwanisbelux.site\/bruegel\/wp-content\/uploads\/sites\/22\/2021\/04\/kiwanis-logo@2x.png\",\"contentUrl\":\"https:\/\/webkrea.kiwanisbelux.site\/bruegel\/wp-content\/uploads\/sites\/22\/2021\/04\/kiwanis-logo@2x.png\",\"width\":555,\"height\":100,\"caption\":\"Kiwanis\"},\"image\":{\"@id\":\"https:\/\/webkrea.kiwanisbelux.site\/bruegel\/#\/schema\/logo\/image\/\"}}]}<\/script>\n<!-- \/ Yoast SEO plugin. -->","yoast_head_json":{"title":"No\u00ebl Kiwanis dans la cit\u00e9 2017 - Kiwanis Dilbeek Bruegel","robots":{"index":"noindex","follow":"follow","max-snippet":"max-snippet:-1","max-image-preview":"max-image-preview:large","max-video-preview":"max-video-preview:-1"},"og_locale":"fr_FR","og_type":"article","og_title":"No\u00ebl Kiwanis dans la cit\u00e9 2017 - Kiwanis Dilbeek Bruegel","og_description":"Qu&rsquo;il vente, g\u00e8le \u00e0 pierre fendre, qu&rsquo;il neige et qu&rsquo;un verglas par endroit rend les routes dangereuses, les petits gars du club de Dilbeek \u00e9taient fid\u00e8les au poste. T\u00e2ches qui [&hellip;]","og_url":"https:\/\/webkrea.kiwanisbelux.site\/bruegel\/nos-actions\/noel-kiwanis-dans-la-cite-2017\/","og_site_name":"Kiwanis Dilbeek Bruegel","article_modified_time":"2022-08-21T08:56:26+00:00","og_image":[{"url":"https:\/\/webkrea.kiwanisbelux.site\/bruegel\/wp-content\/uploads\/sites\/22\/2022\/07\/IMG_20171210_104249crop-lr-1024x747.jpg"}],"twitter_card":"summary_large_image","twitter_misc":{"Dur\u00e9e de lecture estim\u00e9e":"2 minutes"},"schema":{"@context":"https:\/\/schema.org","@graph":[{"@type":"WebPage","@id":"https:\/\/webkrea.kiwanisbelux.site\/bruegel\/nos-actions\/noel-kiwanis-dans-la-cite-2017\/","url":"https:\/\/webkrea.kiwanisbelux.site\/bruegel\/nos-actions\/noel-kiwanis-dans-la-cite-2017\/","name":"No\u00ebl Kiwanis dans la cit\u00e9 2017 - Kiwanis Dilbeek Bruegel","isPartOf":{"@id":"https:\/\/webkrea.kiwanisbelux.site\/bruegel\/#website"},"datePublished":"2022-07-28T12:23:41+00:00","dateModified":"2022-08-21T08:56:26+00:00","breadcrumb":{"@id":"https:\/\/webkrea.kiwanisbelux.site\/bruegel\/nos-actions\/noel-kiwanis-dans-la-cite-2017\/#breadcrumb"},"inLanguage":"fr-FR","potentialAction":[{"@type":"ReadAction","target":["https:\/\/webkrea.kiwanisbelux.site\/bruegel\/nos-actions\/noel-kiwanis-dans-la-cite-2017\/"]}]},{"@type":"BreadcrumbList","@id":"https:\/\/webkrea.kiwanisbelux.site\/bruegel\/nos-actions\/noel-kiwanis-dans-la-cite-2017\/#breadcrumb","itemListElement":[{"@type":"ListItem","position":1,"name":"Home","item":"https:\/\/webkrea.kiwanisbelux.site\/bruegel\/"},{"@type":"ListItem","position":2,"name":"Nos actions","item":"https:\/\/webkrea.kiwanisbelux.site\/bruegel\/nos-actions\/"},{"@type":"ListItem","position":3,"name":"No\u00ebl Kiwanis dans la cit\u00e9 2017"}]},{"@type":"WebSite","@id":"https:\/\/webkrea.kiwanisbelux.site\/bruegel\/#website","url":"https:\/\/webkrea.kiwanisbelux.site\/bruegel\/","name":"Kiwanis Dilbeek Bruegel","description":"","publisher":{"@id":"https:\/\/webkrea.kiwanisbelux.site\/bruegel\/#organization"},"potentialAction":[{"@type":"SearchAction","target":{"@type":"EntryPoint","urlTemplate":"https:\/\/webkrea.kiwanisbelux.site\/bruegel\/?s={search_term_string}"},"query-input":"required name=search_term_string"}],"inLanguage":"fr-FR"},{"@type":"Organization","@id":"https:\/\/webkrea.kiwanisbelux.site\/bruegel\/#organization","name":"Kiwanis","url":"https:\/\/webkrea.kiwanisbelux.site\/bruegel\/","sameAs":[],"logo":{"@type":"ImageObject","inLanguage":"fr-FR","@id":"https:\/\/webkrea.kiwanisbelux.site\/bruegel\/#\/schema\/logo\/image\/","url":"https:\/\/webkrea.kiwanisbelux.site\/bruegel\/wp-content\/uploads\/sites\/22\/2021\/04\/kiwanis-logo@2x.png","contentUrl":"https:\/\/webkrea.kiwanisbelux.site\/bruegel\/wp-content\/uploads\/sites\/22\/2021\/04\/kiwanis-logo@2x.png","width":555,"height":100,"caption":"Kiwanis"},"image":{"@id":"https:\/\/webkrea.kiwanisbelux.site\/bruegel\/#\/schema\/logo\/image\/"}}]}},"_links":{"self":[{"href":"https:\/\/webkrea.kiwanisbelux.site\/bruegel\/wp-json\/wp\/v2\/pages\/1948"}],"collection":[{"href":"https:\/\/webkrea.kiwanisbelux.site\/bruegel\/wp-json\/wp\/v2\/pages"}],"about":[{"href":"https:\/\/webkrea.kiwanisbelux.site\/bruegel\/wp-json\/wp\/v2\/types\/page"}],"author":[{"embeddable":true,"href":"https:\/\/webkrea.kiwanisbelux.site\/bruegel\/wp-json\/wp\/v2\/users\/2"}],"replies":[{"embeddable":true,"href":"https:\/\/webkrea.kiwanisbelux.site\/bruegel\/wp-json\/wp\/v2\/comments?post=1948"}],"version-history":[{"count":2,"href":"https:\/\/webkrea.kiwanisbelux.site\/bruegel\/wp-json\/wp\/v2\/pages\/1948\/revisions"}],"predecessor-version":[{"id":2282,"href":"https:\/\/webkrea.kiwanisbelux.site\/bruegel\/wp-json\/wp\/v2\/pages\/1948\/revisions\/2282"}],"up":[{"embeddable":true,"href":"https:\/\/webkrea.kiwanisbelux.site\/bruegel\/wp-json\/wp\/v2\/pages\/1923"}],"wp:attachment":[{"href":"https:\/\/webkrea.kiwanisbelux.site\/bruegel\/wp-json\/wp\/v2\/media?parent=1948"}],"curies":[{"name":"wp","href":"https:\/\/api.w.org\/{rel}","templated":true}]}}