{"id":1943,"date":"2022-07-28T14:20:45","date_gmt":"2022-07-28T12:20:45","guid":{"rendered":"https:\/\/webkrea.kiwanisbelux.site\/bruegel\/?page_id=1943"},"modified":"2022-08-19T08:19:18","modified_gmt":"2022-08-19T06:19:18","slug":"a-p-e-a-d","status":"publish","type":"page","link":"https:\/\/webkrea.kiwanisbelux.site\/bruegel\/a-p-e-a-d\/","title":{"rendered":"A.P.E.A.D."},"content":{"rendered":"[et_pb_section admin_label=\u00a0\u00bbsection\u00a0\u00bb]\n\t\t\t[et_pb_row admin_label=\u00a0\u00bbrow\u00a0\u00bb]\n\t\t\t\t[et_pb_column type=\u00a0\u00bb4_4&Prime;][et_pb_text admin_label=\u00a0\u00bbText\u00a0\u00bb]\n<p class=\"has-text-align-center\"><img loading=\"lazy\" width=\"702\" height=\"160\" class=\"wp-image-1944\" style=\"width: 600px\" src=\"https:\/\/webkrea.kiwanisbelux.site\/bruegel\/wp-content\/uploads\/sites\/22\/2022\/07\/head-intern.png\" alt=\"\" srcset=\"https:\/\/webkrea.kiwanisbelux.site\/bruegel\/wp-content\/uploads\/sites\/22\/2022\/07\/head-intern.png 702w, https:\/\/webkrea.kiwanisbelux.site\/bruegel\/wp-content\/uploads\/sites\/22\/2022\/07\/head-intern-480x109.png 480w\" sizes=\"(min-width: 0px) and (max-width: 480px) 480px, (min-width: 481px) 702px, 100vw\" \/><\/p>\n\n\n\n<p>L&rsquo;APEAD, <em>Association de Parents d&rsquo;Enfants Aphasiques et Dysphasiques<\/em> (cr\u00e9\u00e9e en 1983) est une association dont le but est, d&rsquo;aider les parents et les r\u00e9\u00e9ducateurs \u00e0 mieux comprendre le long processus de revalidation d&rsquo;enfants dysphasiques et ainsi leurs permettre de s&rsquo;int\u00e9grer d&rsquo;une mani\u00e8re active dans la soci\u00e9t\u00e9.<br><br>La dysphasie est un trouble primaire et s\u00e9v\u00e8re du langage qui va jusqu&rsquo;\u00e0 priver l&rsquo;enfant de \u201clangue maternelle\u201d et pourtant ce sont des enfants qui veulent communiquer, elle est caract\u00e9ris\u00e9e par des probl\u00e8mes graves de la compr\u00e9hension et\/ou de l&rsquo;expression du langage parl\u00e9, en l&rsquo;absence de perte auditive, de d\u00e9ficience mentale ou d&rsquo;un trouble \u00e9motionnel\u201d.<br><br>L&rsquo;association a donc les objectifs suivants :<br>Donner aux parents l&rsquo;opportunit\u00e9 de se rencontrer pour \u00e9changer leur v\u00e9cu, leurs espoirs, afin qu&rsquo;ils ne se sentent plus isol\u00e9s, mal aid\u00e9s et mal compris, via nos journ\u00e9es de formation aux parents et nos journ\u00e9es famille.<br>Sensibiliser les personnes concern\u00e9es par l&rsquo;importance du diagnostic diff\u00e9rentiel de dysphasie primaire chez l&rsquo;enfant.<br>Pr\u00e9senter aux logop\u00e8des, enseignants, kin\u00e9sith\u00e9rapeutes, \u2026 des techniques originales de revalidation par le biais de publications, de conf\u00e9rences, de vid\u00e9os,&#8230;<br><br>Soutenir des \u00e9quipes p\u00e9dagogiques qui prennent en charge ces enfants.<br>Agir au niveau des pouvoirs politiques afin d&rsquo;obtenir l&rsquo;encadrement p\u00e9dagogique le mieux adapt\u00e9 aux difficult\u00e9s d&rsquo;apprentissage que pr\u00e9sentent les enfants aphasiques et dysphasiques.<br><\/p>\n[\/et_pb_text][\/et_pb_column]\n\t\t\t[\/et_pb_row]\n\t\t[\/et_pb_section]","protected":false},"excerpt":{"rendered":"<p>L&rsquo;APEAD, Association de Parents d&rsquo;Enfants Aphasiques et Dysphasiques (cr\u00e9\u00e9e en 1983) est une association dont le but est, d&rsquo;aider les parents et les r\u00e9\u00e9ducateurs \u00e0 mieux comprendre le long processus [&hellip;]<\/p>\n","protected":false},"author":2,"featured_media":0,"parent":0,"menu_order":8,"comment_status":"closed","ping_status":"closed","template":"","meta":{"_et_pb_use_builder":"on","_et_pb_old_content":"<!-- wp:paragraph {\"align\":\"center\"} -->\n<p class=\"has-text-align-center\"><img class=\"wp-image-1944\" style=\"width: 600px;\" src=\"https:\/\/webkrea.kiwanisbelux.site\/bruegel\/wp-content\/uploads\/sites\/22\/2022\/07\/head-intern.png\" alt=\"\"><\/p>\n<!-- \/wp:paragraph -->\n\n<!-- wp:paragraph -->\n<p>L'APEAD, <em>Association de Parents d'Enfants Aphasiques et Dysphasiques<\/em> (cr\u00e9\u00e9e en 1983) est une association dont le but est, d'aider les parents et les r\u00e9\u00e9ducateurs \u00e0 mieux comprendre le long processus de revalidation d'enfants dysphasiques et ainsi leurs permettre de s'int\u00e9grer d'une mani\u00e8re active dans la soci\u00e9t\u00e9.<br><br>La dysphasie est un trouble primaire et s\u00e9v\u00e8re du langage qui va jusqu'\u00e0 priver l'enfant de \u201clangue maternelle\u201d et pourtant ce sont des enfants qui veulent communiquer, elle est caract\u00e9ris\u00e9e par des probl\u00e8mes graves de la compr\u00e9hension et\/ou de l'expression du langage parl\u00e9, en l'absence de perte auditive, de d\u00e9ficience mentale ou d'un trouble \u00e9motionnel\u201d.<br><br>L'association a donc les objectifs suivants :<br>Donner aux parents l'opportunit\u00e9 de se rencontrer pour \u00e9changer leur v\u00e9cu, leurs espoirs, afin qu'ils ne se sentent plus isol\u00e9s, mal aid\u00e9s et mal compris, via nos journ\u00e9es de formation aux parents et nos journ\u00e9es famille.<br>Sensibiliser les personnes concern\u00e9es par l'importance du diagnostic diff\u00e9rentiel de dysphasie primaire chez l'enfant.<br>Pr\u00e9senter aux logop\u00e8des, enseignants, kin\u00e9sith\u00e9rapeutes, \u2026 des techniques originales de revalidation par le biais de publications, de conf\u00e9rences, de vid\u00e9os,...<br><br>Soutenir des \u00e9quipes p\u00e9dagogiques qui prennent en charge ces enfants.<br>Agir au niveau des pouvoirs politiques afin d'obtenir l'encadrement p\u00e9dagogique le mieux adapt\u00e9 aux difficult\u00e9s d'apprentissage que pr\u00e9sentent les enfants aphasiques et dysphasiques.<br><\/p>\n<!-- \/wp:paragraph -->","_et_gb_content_width":""},"yoast_head":"<!-- This site is optimized with the Yoast SEO plugin v19.8 - https:\/\/yoast.com\/wordpress\/plugins\/seo\/ -->\n<title>A.P.E.A.D. - Kiwanis Dilbeek Bruegel<\/title>\n<meta name=\"robots\" content=\"noindex, follow, max-snippet:-1, max-image-preview:large, max-video-preview:-1\" \/>\n<meta property=\"og:locale\" content=\"fr_FR\" \/>\n<meta property=\"og:type\" content=\"article\" \/>\n<meta property=\"og:title\" content=\"A.P.E.A.D. - Kiwanis Dilbeek Bruegel\" \/>\n<meta property=\"og:description\" content=\"L&#039;APEAD, Association de Parents d&#039;Enfants Aphasiques et Dysphasiques (cr\u00e9\u00e9e en 1983) est une association dont le but est, d&#039;aider les parents et les r\u00e9\u00e9ducateurs \u00e0 mieux comprendre le long processus [&hellip;]\" \/>\n<meta property=\"og:url\" content=\"https:\/\/webkrea.kiwanisbelux.site\/bruegel\/a-p-e-a-d\/\" \/>\n<meta property=\"og:site_name\" content=\"Kiwanis Dilbeek Bruegel\" \/>\n<meta property=\"article:modified_time\" content=\"2022-08-19T06:19:18+00:00\" \/>\n<meta property=\"og:image\" content=\"https:\/\/webkrea.kiwanisbelux.site\/bruegel\/wp-content\/uploads\/sites\/22\/2022\/07\/head-intern.png\" \/>\n<meta name=\"twitter:card\" content=\"summary_large_image\" \/>\n<meta name=\"twitter:label1\" content=\"Dur\u00e9e de lecture estim\u00e9e\" \/>\n\t<meta name=\"twitter:data1\" content=\"2 minutes\" \/>\n<script type=\"application\/ld+json\" class=\"yoast-schema-graph\">{\"@context\":\"https:\/\/schema.org\",\"@graph\":[{\"@type\":\"WebPage\",\"@id\":\"https:\/\/webkrea.kiwanisbelux.site\/bruegel\/a-p-e-a-d\/\",\"url\":\"https:\/\/webkrea.kiwanisbelux.site\/bruegel\/a-p-e-a-d\/\",\"name\":\"A.P.E.A.D. - Kiwanis Dilbeek Bruegel\",\"isPartOf\":{\"@id\":\"https:\/\/webkrea.kiwanisbelux.site\/bruegel\/#website\"},\"datePublished\":\"2022-07-28T12:20:45+00:00\",\"dateModified\":\"2022-08-19T06:19:18+00:00\",\"breadcrumb\":{\"@id\":\"https:\/\/webkrea.kiwanisbelux.site\/bruegel\/a-p-e-a-d\/#breadcrumb\"},\"inLanguage\":\"fr-FR\",\"potentialAction\":[{\"@type\":\"ReadAction\",\"target\":[\"https:\/\/webkrea.kiwanisbelux.site\/bruegel\/a-p-e-a-d\/\"]}]},{\"@type\":\"BreadcrumbList\",\"@id\":\"https:\/\/webkrea.kiwanisbelux.site\/bruegel\/a-p-e-a-d\/#breadcrumb\",\"itemListElement\":[{\"@type\":\"ListItem\",\"position\":1,\"name\":\"Home\",\"item\":\"https:\/\/webkrea.kiwanisbelux.site\/bruegel\/\"},{\"@type\":\"ListItem\",\"position\":2,\"name\":\"A.P.E.A.D.\"}]},{\"@type\":\"WebSite\",\"@id\":\"https:\/\/webkrea.kiwanisbelux.site\/bruegel\/#website\",\"url\":\"https:\/\/webkrea.kiwanisbelux.site\/bruegel\/\",\"name\":\"Kiwanis Dilbeek Bruegel\",\"description\":\"\",\"publisher\":{\"@id\":\"https:\/\/webkrea.kiwanisbelux.site\/bruegel\/#organization\"},\"potentialAction\":[{\"@type\":\"SearchAction\",\"target\":{\"@type\":\"EntryPoint\",\"urlTemplate\":\"https:\/\/webkrea.kiwanisbelux.site\/bruegel\/?s={search_term_string}\"},\"query-input\":\"required name=search_term_string\"}],\"inLanguage\":\"fr-FR\"},{\"@type\":\"Organization\",\"@id\":\"https:\/\/webkrea.kiwanisbelux.site\/bruegel\/#organization\",\"name\":\"Kiwanis\",\"url\":\"https:\/\/webkrea.kiwanisbelux.site\/bruegel\/\",\"sameAs\":[],\"logo\":{\"@type\":\"ImageObject\",\"inLanguage\":\"fr-FR\",\"@id\":\"https:\/\/webkrea.kiwanisbelux.site\/bruegel\/#\/schema\/logo\/image\/\",\"url\":\"https:\/\/webkrea.kiwanisbelux.site\/bruegel\/wp-content\/uploads\/sites\/22\/2021\/04\/kiwanis-logo@2x.png\",\"contentUrl\":\"https:\/\/webkrea.kiwanisbelux.site\/bruegel\/wp-content\/uploads\/sites\/22\/2021\/04\/kiwanis-logo@2x.png\",\"width\":555,\"height\":100,\"caption\":\"Kiwanis\"},\"image\":{\"@id\":\"https:\/\/webkrea.kiwanisbelux.site\/bruegel\/#\/schema\/logo\/image\/\"}}]}<\/script>\n<!-- \/ Yoast SEO plugin. -->","yoast_head_json":{"title":"A.P.E.A.D. - Kiwanis Dilbeek Bruegel","robots":{"index":"noindex","follow":"follow","max-snippet":"max-snippet:-1","max-image-preview":"max-image-preview:large","max-video-preview":"max-video-preview:-1"},"og_locale":"fr_FR","og_type":"article","og_title":"A.P.E.A.D. - Kiwanis Dilbeek Bruegel","og_description":"L'APEAD, Association de Parents d'Enfants Aphasiques et Dysphasiques (cr\u00e9\u00e9e en 1983) est une association dont le but est, d'aider les parents et les r\u00e9\u00e9ducateurs \u00e0 mieux comprendre le long processus [&hellip;]","og_url":"https:\/\/webkrea.kiwanisbelux.site\/bruegel\/a-p-e-a-d\/","og_site_name":"Kiwanis Dilbeek Bruegel","article_modified_time":"2022-08-19T06:19:18+00:00","og_image":[{"url":"https:\/\/webkrea.kiwanisbelux.site\/bruegel\/wp-content\/uploads\/sites\/22\/2022\/07\/head-intern.png"}],"twitter_card":"summary_large_image","twitter_misc":{"Dur\u00e9e de lecture estim\u00e9e":"2 minutes"},"schema":{"@context":"https:\/\/schema.org","@graph":[{"@type":"WebPage","@id":"https:\/\/webkrea.kiwanisbelux.site\/bruegel\/a-p-e-a-d\/","url":"https:\/\/webkrea.kiwanisbelux.site\/bruegel\/a-p-e-a-d\/","name":"A.P.E.A.D. - Kiwanis Dilbeek Bruegel","isPartOf":{"@id":"https:\/\/webkrea.kiwanisbelux.site\/bruegel\/#website"},"datePublished":"2022-07-28T12:20:45+00:00","dateModified":"2022-08-19T06:19:18+00:00","breadcrumb":{"@id":"https:\/\/webkrea.kiwanisbelux.site\/bruegel\/a-p-e-a-d\/#breadcrumb"},"inLanguage":"fr-FR","potentialAction":[{"@type":"ReadAction","target":["https:\/\/webkrea.kiwanisbelux.site\/bruegel\/a-p-e-a-d\/"]}]},{"@type":"BreadcrumbList","@id":"https:\/\/webkrea.kiwanisbelux.site\/bruegel\/a-p-e-a-d\/#breadcrumb","itemListElement":[{"@type":"ListItem","position":1,"name":"Home","item":"https:\/\/webkrea.kiwanisbelux.site\/bruegel\/"},{"@type":"ListItem","position":2,"name":"A.P.E.A.D."}]},{"@type":"WebSite","@id":"https:\/\/webkrea.kiwanisbelux.site\/bruegel\/#website","url":"https:\/\/webkrea.kiwanisbelux.site\/bruegel\/","name":"Kiwanis Dilbeek Bruegel","description":"","publisher":{"@id":"https:\/\/webkrea.kiwanisbelux.site\/bruegel\/#organization"},"potentialAction":[{"@type":"SearchAction","target":{"@type":"EntryPoint","urlTemplate":"https:\/\/webkrea.kiwanisbelux.site\/bruegel\/?s={search_term_string}"},"query-input":"required name=search_term_string"}],"inLanguage":"fr-FR"},{"@type":"Organization","@id":"https:\/\/webkrea.kiwanisbelux.site\/bruegel\/#organization","name":"Kiwanis","url":"https:\/\/webkrea.kiwanisbelux.site\/bruegel\/","sameAs":[],"logo":{"@type":"ImageObject","inLanguage":"fr-FR","@id":"https:\/\/webkrea.kiwanisbelux.site\/bruegel\/#\/schema\/logo\/image\/","url":"https:\/\/webkrea.kiwanisbelux.site\/bruegel\/wp-content\/uploads\/sites\/22\/2021\/04\/kiwanis-logo@2x.png","contentUrl":"https:\/\/webkrea.kiwanisbelux.site\/bruegel\/wp-content\/uploads\/sites\/22\/2021\/04\/kiwanis-logo@2x.png","width":555,"height":100,"caption":"Kiwanis"},"image":{"@id":"https:\/\/webkrea.kiwanisbelux.site\/bruegel\/#\/schema\/logo\/image\/"}}]}},"_links":{"self":[{"href":"https:\/\/webkrea.kiwanisbelux.site\/bruegel\/wp-json\/wp\/v2\/pages\/1943"}],"collection":[{"href":"https:\/\/webkrea.kiwanisbelux.site\/bruegel\/wp-json\/wp\/v2\/pages"}],"about":[{"href":"https:\/\/webkrea.kiwanisbelux.site\/bruegel\/wp-json\/wp\/v2\/types\/page"}],"author":[{"embeddable":true,"href":"https:\/\/webkrea.kiwanisbelux.site\/bruegel\/wp-json\/wp\/v2\/users\/2"}],"replies":[{"embeddable":true,"href":"https:\/\/webkrea.kiwanisbelux.site\/bruegel\/wp-json\/wp\/v2\/comments?post=1943"}],"version-history":[{"count":2,"href":"https:\/\/webkrea.kiwanisbelux.site\/bruegel\/wp-json\/wp\/v2\/pages\/1943\/revisions"}],"predecessor-version":[{"id":2224,"href":"https:\/\/webkrea.kiwanisbelux.site\/bruegel\/wp-json\/wp\/v2\/pages\/1943\/revisions\/2224"}],"wp:attachment":[{"href":"https:\/\/webkrea.kiwanisbelux.site\/bruegel\/wp-json\/wp\/v2\/media?parent=1943"}],"curies":[{"name":"wp","href":"https:\/\/api.w.org\/{rel}","templated":true}]}}