{"id":1925,"date":"2022-07-28T14:11:36","date_gmt":"2022-07-28T12:11:36","guid":{"rendered":"https:\/\/webkrea.kiwanisbelux.site\/bruegel\/?page_id=1925"},"modified":"2022-08-21T10:52:39","modified_gmt":"2022-08-21T08:52:39","slug":"ecole-les-acacias","status":"publish","type":"page","link":"https:\/\/webkrea.kiwanisbelux.site\/bruegel\/nos-actions\/ecole-les-acacias\/","title":{"rendered":"Ecole les ACACIAS"},"content":{"rendered":"\n<figure class=\"wp-block-image size-full\"><img loading=\"lazy\" width=\"1024\" height=\"445\" src=\"https:\/\/webkrea.kiwanisbelux.site\/bruegel\/wp-content\/uploads\/sites\/22\/2022\/07\/les_acacias-crp.jpg\" alt=\"\" class=\"wp-image-1926\" srcset=\"https:\/\/webkrea.kiwanisbelux.site\/bruegel\/wp-content\/uploads\/sites\/22\/2022\/07\/les_acacias-crp.jpg 1024w, https:\/\/webkrea.kiwanisbelux.site\/bruegel\/wp-content\/uploads\/sites\/22\/2022\/07\/les_acacias-crp-980x426.jpg 980w, https:\/\/webkrea.kiwanisbelux.site\/bruegel\/wp-content\/uploads\/sites\/22\/2022\/07\/les_acacias-crp-480x209.jpg 480w\" sizes=\"(min-width: 0px) and (max-width: 480px) 480px, (min-width: 481px) and (max-width: 980px) 980px, (min-width: 981px) 1024px, 100vw\" \/><\/figure>\n\n\n\n<p>L\u2019\u00e9cole \u00ab&nbsp;Les ACACIAS&nbsp;\u00bb est une \u00e9cole sp\u00e9cialis\u00e9e de Type 1 et 2 avec \u00e9galement des classes sp\u00e9cifiques pour enfants autistes.<\/p>\n\n\n\n<p>Son projet est de placer l\u2019\u00e9l\u00e8ve au centre de l\u2019action p\u00e9dagogique en mettant l\u2019accent sur la r\u00e9ussite et la valorisation de l\u2019effort.<\/p>\n\n\n\n<p>L\u2019\u00e9cole est un lieu d\u2019ouverture o\u00f9 la qualit\u00e9 de l\u2019accueil tant des parents que des \u00e9l\u00e8ves permet de cr\u00e9er un partenariat avec les parents mais aussi aux \u00e9l\u00e8ves d\u2019accepter leur diff\u00e9rence et &nbsp;de les amener \u00e0 d\u00e9velopper leurs potentiels scolaires et\/ou non scolaires.<\/p>\n\n\n\n<p>L\u2019\u00e9cole est consciente de sa mission p\u00e9dagogique. Elle favorise la concertation entre tous les acteurs des \u00e9quipes p\u00e9dagogiques, param\u00e9dicales, sociales et des partenaires ext\u00e9rieurs.<\/p>\n\n\n\n<p>Elle identifie les besoins en formation des enseignants et du personnel param\u00e9dical et soutient les initiatives prises en ce domaine.<\/p>\n\n\n\n<p>Pour atteindre ses objectifs, l\u2019\u00e9cole applique la d\u00e9marche \u00ab\u00a0TEACCH\u00a0\u00bb ( <em>Treatment and Education of Autistic and Related Communications Handicapped Children<\/em>).<\/p>\n","protected":false},"excerpt":{"rendered":"<p>L\u2019\u00e9cole \u00ab&nbsp;Les ACACIAS&nbsp;\u00bb est une \u00e9cole sp\u00e9cialis\u00e9e de Type 1 et 2 avec \u00e9galement des classes sp\u00e9cifiques pour enfants autistes. Son projet est de placer l\u2019\u00e9l\u00e8ve au centre de l\u2019action [&hellip;]<\/p>\n","protected":false},"author":2,"featured_media":0,"parent":1923,"menu_order":0,"comment_status":"closed","ping_status":"closed","template":"","meta":{"_et_pb_use_builder":"off","_et_pb_old_content":"","_et_gb_content_width":""},"yoast_head":"<!-- This site is optimized with the Yoast SEO plugin v19.8 - https:\/\/yoast.com\/wordpress\/plugins\/seo\/ -->\n<title>Ecole les ACACIAS - Kiwanis Dilbeek Bruegel<\/title>\n<meta name=\"robots\" content=\"noindex, follow, max-snippet:-1, max-image-preview:large, max-video-preview:-1\" \/>\n<meta property=\"og:locale\" content=\"fr_FR\" \/>\n<meta property=\"og:type\" content=\"article\" \/>\n<meta property=\"og:title\" content=\"Ecole les ACACIAS - Kiwanis Dilbeek Bruegel\" \/>\n<meta property=\"og:description\" content=\"L\u2019\u00e9cole \u00ab&nbsp;Les ACACIAS&nbsp;\u00bb est une \u00e9cole sp\u00e9cialis\u00e9e de Type 1 et 2 avec \u00e9galement des classes sp\u00e9cifiques pour enfants autistes. Son projet est de placer l\u2019\u00e9l\u00e8ve au centre de l\u2019action [&hellip;]\" \/>\n<meta property=\"og:url\" content=\"https:\/\/webkrea.kiwanisbelux.site\/bruegel\/nos-actions\/ecole-les-acacias\/\" \/>\n<meta property=\"og:site_name\" content=\"Kiwanis Dilbeek Bruegel\" \/>\n<meta property=\"article:modified_time\" content=\"2022-08-21T08:52:39+00:00\" \/>\n<meta property=\"og:image\" content=\"https:\/\/webkrea.kiwanisbelux.site\/bruegel\/wp-content\/uploads\/sites\/22\/2022\/07\/les_acacias-crp.jpg\" \/>\n<meta name=\"twitter:card\" content=\"summary_large_image\" \/>\n<meta name=\"twitter:label1\" content=\"Dur\u00e9e de lecture estim\u00e9e\" \/>\n\t<meta name=\"twitter:data1\" content=\"1 minute\" \/>\n<script type=\"application\/ld+json\" class=\"yoast-schema-graph\">{\"@context\":\"https:\/\/schema.org\",\"@graph\":[{\"@type\":\"WebPage\",\"@id\":\"https:\/\/webkrea.kiwanisbelux.site\/bruegel\/nos-actions\/ecole-les-acacias\/\",\"url\":\"https:\/\/webkrea.kiwanisbelux.site\/bruegel\/nos-actions\/ecole-les-acacias\/\",\"name\":\"Ecole les ACACIAS - Kiwanis Dilbeek Bruegel\",\"isPartOf\":{\"@id\":\"https:\/\/webkrea.kiwanisbelux.site\/bruegel\/#website\"},\"datePublished\":\"2022-07-28T12:11:36+00:00\",\"dateModified\":\"2022-08-21T08:52:39+00:00\",\"breadcrumb\":{\"@id\":\"https:\/\/webkrea.kiwanisbelux.site\/bruegel\/nos-actions\/ecole-les-acacias\/#breadcrumb\"},\"inLanguage\":\"fr-FR\",\"potentialAction\":[{\"@type\":\"ReadAction\",\"target\":[\"https:\/\/webkrea.kiwanisbelux.site\/bruegel\/nos-actions\/ecole-les-acacias\/\"]}]},{\"@type\":\"BreadcrumbList\",\"@id\":\"https:\/\/webkrea.kiwanisbelux.site\/bruegel\/nos-actions\/ecole-les-acacias\/#breadcrumb\",\"itemListElement\":[{\"@type\":\"ListItem\",\"position\":1,\"name\":\"Home\",\"item\":\"https:\/\/webkrea.kiwanisbelux.site\/bruegel\/\"},{\"@type\":\"ListItem\",\"position\":2,\"name\":\"Nos actions\",\"item\":\"https:\/\/webkrea.kiwanisbelux.site\/bruegel\/nos-actions\/\"},{\"@type\":\"ListItem\",\"position\":3,\"name\":\"Ecole les ACACIAS\"}]},{\"@type\":\"WebSite\",\"@id\":\"https:\/\/webkrea.kiwanisbelux.site\/bruegel\/#website\",\"url\":\"https:\/\/webkrea.kiwanisbelux.site\/bruegel\/\",\"name\":\"Kiwanis Dilbeek Bruegel\",\"description\":\"\",\"publisher\":{\"@id\":\"https:\/\/webkrea.kiwanisbelux.site\/bruegel\/#organization\"},\"potentialAction\":[{\"@type\":\"SearchAction\",\"target\":{\"@type\":\"EntryPoint\",\"urlTemplate\":\"https:\/\/webkrea.kiwanisbelux.site\/bruegel\/?s={search_term_string}\"},\"query-input\":\"required name=search_term_string\"}],\"inLanguage\":\"fr-FR\"},{\"@type\":\"Organization\",\"@id\":\"https:\/\/webkrea.kiwanisbelux.site\/bruegel\/#organization\",\"name\":\"Kiwanis\",\"url\":\"https:\/\/webkrea.kiwanisbelux.site\/bruegel\/\",\"sameAs\":[],\"logo\":{\"@type\":\"ImageObject\",\"inLanguage\":\"fr-FR\",\"@id\":\"https:\/\/webkrea.kiwanisbelux.site\/bruegel\/#\/schema\/logo\/image\/\",\"url\":\"https:\/\/webkrea.kiwanisbelux.site\/bruegel\/wp-content\/uploads\/sites\/22\/2021\/04\/kiwanis-logo@2x.png\",\"contentUrl\":\"https:\/\/webkrea.kiwanisbelux.site\/bruegel\/wp-content\/uploads\/sites\/22\/2021\/04\/kiwanis-logo@2x.png\",\"width\":555,\"height\":100,\"caption\":\"Kiwanis\"},\"image\":{\"@id\":\"https:\/\/webkrea.kiwanisbelux.site\/bruegel\/#\/schema\/logo\/image\/\"}}]}<\/script>\n<!-- \/ Yoast SEO plugin. -->","yoast_head_json":{"title":"Ecole les ACACIAS - Kiwanis Dilbeek Bruegel","robots":{"index":"noindex","follow":"follow","max-snippet":"max-snippet:-1","max-image-preview":"max-image-preview:large","max-video-preview":"max-video-preview:-1"},"og_locale":"fr_FR","og_type":"article","og_title":"Ecole les ACACIAS - Kiwanis Dilbeek Bruegel","og_description":"L\u2019\u00e9cole \u00ab&nbsp;Les ACACIAS&nbsp;\u00bb est une \u00e9cole sp\u00e9cialis\u00e9e de Type 1 et 2 avec \u00e9galement des classes sp\u00e9cifiques pour enfants autistes. Son projet est de placer l\u2019\u00e9l\u00e8ve au centre de l\u2019action [&hellip;]","og_url":"https:\/\/webkrea.kiwanisbelux.site\/bruegel\/nos-actions\/ecole-les-acacias\/","og_site_name":"Kiwanis Dilbeek Bruegel","article_modified_time":"2022-08-21T08:52:39+00:00","og_image":[{"url":"https:\/\/webkrea.kiwanisbelux.site\/bruegel\/wp-content\/uploads\/sites\/22\/2022\/07\/les_acacias-crp.jpg"}],"twitter_card":"summary_large_image","twitter_misc":{"Dur\u00e9e de lecture estim\u00e9e":"1 minute"},"schema":{"@context":"https:\/\/schema.org","@graph":[{"@type":"WebPage","@id":"https:\/\/webkrea.kiwanisbelux.site\/bruegel\/nos-actions\/ecole-les-acacias\/","url":"https:\/\/webkrea.kiwanisbelux.site\/bruegel\/nos-actions\/ecole-les-acacias\/","name":"Ecole les ACACIAS - Kiwanis Dilbeek Bruegel","isPartOf":{"@id":"https:\/\/webkrea.kiwanisbelux.site\/bruegel\/#website"},"datePublished":"2022-07-28T12:11:36+00:00","dateModified":"2022-08-21T08:52:39+00:00","breadcrumb":{"@id":"https:\/\/webkrea.kiwanisbelux.site\/bruegel\/nos-actions\/ecole-les-acacias\/#breadcrumb"},"inLanguage":"fr-FR","potentialAction":[{"@type":"ReadAction","target":["https:\/\/webkrea.kiwanisbelux.site\/bruegel\/nos-actions\/ecole-les-acacias\/"]}]},{"@type":"BreadcrumbList","@id":"https:\/\/webkrea.kiwanisbelux.site\/bruegel\/nos-actions\/ecole-les-acacias\/#breadcrumb","itemListElement":[{"@type":"ListItem","position":1,"name":"Home","item":"https:\/\/webkrea.kiwanisbelux.site\/bruegel\/"},{"@type":"ListItem","position":2,"name":"Nos actions","item":"https:\/\/webkrea.kiwanisbelux.site\/bruegel\/nos-actions\/"},{"@type":"ListItem","position":3,"name":"Ecole les ACACIAS"}]},{"@type":"WebSite","@id":"https:\/\/webkrea.kiwanisbelux.site\/bruegel\/#website","url":"https:\/\/webkrea.kiwanisbelux.site\/bruegel\/","name":"Kiwanis Dilbeek Bruegel","description":"","publisher":{"@id":"https:\/\/webkrea.kiwanisbelux.site\/bruegel\/#organization"},"potentialAction":[{"@type":"SearchAction","target":{"@type":"EntryPoint","urlTemplate":"https:\/\/webkrea.kiwanisbelux.site\/bruegel\/?s={search_term_string}"},"query-input":"required name=search_term_string"}],"inLanguage":"fr-FR"},{"@type":"Organization","@id":"https:\/\/webkrea.kiwanisbelux.site\/bruegel\/#organization","name":"Kiwanis","url":"https:\/\/webkrea.kiwanisbelux.site\/bruegel\/","sameAs":[],"logo":{"@type":"ImageObject","inLanguage":"fr-FR","@id":"https:\/\/webkrea.kiwanisbelux.site\/bruegel\/#\/schema\/logo\/image\/","url":"https:\/\/webkrea.kiwanisbelux.site\/bruegel\/wp-content\/uploads\/sites\/22\/2021\/04\/kiwanis-logo@2x.png","contentUrl":"https:\/\/webkrea.kiwanisbelux.site\/bruegel\/wp-content\/uploads\/sites\/22\/2021\/04\/kiwanis-logo@2x.png","width":555,"height":100,"caption":"Kiwanis"},"image":{"@id":"https:\/\/webkrea.kiwanisbelux.site\/bruegel\/#\/schema\/logo\/image\/"}}]}},"_links":{"self":[{"href":"https:\/\/webkrea.kiwanisbelux.site\/bruegel\/wp-json\/wp\/v2\/pages\/1925"}],"collection":[{"href":"https:\/\/webkrea.kiwanisbelux.site\/bruegel\/wp-json\/wp\/v2\/pages"}],"about":[{"href":"https:\/\/webkrea.kiwanisbelux.site\/bruegel\/wp-json\/wp\/v2\/types\/page"}],"author":[{"embeddable":true,"href":"https:\/\/webkrea.kiwanisbelux.site\/bruegel\/wp-json\/wp\/v2\/users\/2"}],"replies":[{"embeddable":true,"href":"https:\/\/webkrea.kiwanisbelux.site\/bruegel\/wp-json\/wp\/v2\/comments?post=1925"}],"version-history":[{"count":2,"href":"https:\/\/webkrea.kiwanisbelux.site\/bruegel\/wp-json\/wp\/v2\/pages\/1925\/revisions"}],"predecessor-version":[{"id":2278,"href":"https:\/\/webkrea.kiwanisbelux.site\/bruegel\/wp-json\/wp\/v2\/pages\/1925\/revisions\/2278"}],"up":[{"embeddable":true,"href":"https:\/\/webkrea.kiwanisbelux.site\/bruegel\/wp-json\/wp\/v2\/pages\/1923"}],"wp:attachment":[{"href":"https:\/\/webkrea.kiwanisbelux.site\/bruegel\/wp-json\/wp\/v2\/media?parent=1925"}],"curies":[{"name":"wp","href":"https:\/\/api.w.org\/{rel}","templated":true}]}}