{"id":1914,"date":"2022-07-28T14:08:44","date_gmt":"2022-07-28T12:08:44","guid":{"rendered":"https:\/\/webkrea.kiwanisbelux.site\/bruegel\/?page_id=1914"},"modified":"2022-08-23T08:27:05","modified_gmt":"2022-08-23T06:27:05","slug":"presidents","status":"publish","type":"page","link":"https:\/\/webkrea.kiwanisbelux.site\/bruegel\/le-club\/presidents\/","title":{"rendered":"Pr\u00e9sidents"},"content":{"rendered":"\n<figure class=\"wp-block-table alignleft is-style-stripes\"><table><tbody><tr><th>Ann\u00e9e<\/th><th>&nbsp;<\/th><th>&nbsp;Pr\u00e9sident<\/th><\/tr><tr><td>2022  <\/td><td>2023  <\/td><td>Christian Eggermont<\/td><\/tr><tr><td>2021<\/td><td>2022<\/td><td>Philippe Thonnard<\/td><\/tr><tr><td>2020<\/td><td>2021<\/td><td>Philippe Thonnard<\/td><\/tr><tr><td>2019<\/td><td>2020<\/td><td>Alfredo Bonafede<\/td><\/tr><tr><td>2018<\/td><td>2019<\/td><td>Thierry Navarre<\/td><\/tr><tr><td>2017<\/td><td>2018<\/td><td>Serge Vandenhaute<\/td><\/tr><tr><td>2016<\/td><td>2017<\/td><td>Michel reuliaux<\/td><\/tr><tr><td>2015<\/td><td>2016<\/td><td>Jean-Louis Matton<\/td><\/tr><tr><td>2014<\/td><td>2015<\/td><td>Christian Eggermont<\/td><\/tr><tr><td>2013<\/td><td>2014<\/td><td>Alfredo Bonafede<\/td><\/tr><tr><td>2012<\/td><td>2013<\/td><td>Pierre Catfolis<\/td><\/tr><tr><td>2011<\/td><td>2012<\/td><td>Emile De Beys<\/td><\/tr><tr><td>2010<\/td><td>2011<\/td><td>Freddy Vesters<\/td><\/tr><tr><td>2009<\/td><td>2010<\/td><td>Hugo Bellens<\/td><\/tr><tr><td>2008<\/td><td>2009<\/td><td>Frans Van Muysewinkel<\/td><\/tr><tr><td>2007<\/td><td>2008<\/td><td>Christian Devall\u00e9e<\/td><\/tr><tr><td>2006<\/td><td>2007<\/td><td>Pierre Catfolis<\/td><\/tr><tr><td>2005<\/td><td>2006<\/td><td>No\u00ebl Verschelden<\/td><\/tr><tr><td>2004<\/td><td>2005<\/td><td>Fran\u00e7ois Bruggemans<\/td><\/tr><tr><td>2003<\/td><td>2004<\/td><td>Emile De Beys<\/td><\/tr><tr><td>2002<\/td><td>2003<\/td><td>Bob Schiettecatte<\/td><\/tr><tr><td>2001<\/td><td>2002<\/td><td>Hugo Bellens<\/td><\/tr><tr><td>2000<\/td><td>2001<\/td><td>Freddy Vesters<\/td><\/tr><tr><td>1999<\/td><td>2000<\/td><td>Robert Bourgonjon<\/td><\/tr><tr><td>1998<\/td><td>1999<\/td><td>Adrien Vergeylen<\/td><\/tr><tr><td>1997<\/td><td>1998<\/td><td>Michel Troger<\/td><\/tr><tr><td>1996<\/td><td>1997<\/td><td>Emile De Beys<\/td><\/tr><tr><td>1995<\/td><td>1996<\/td><td>Peter Annegarn<\/td><\/tr><tr><td>1994<\/td><td>1995<\/td><td>Jacques Garin<\/td><\/tr><tr><td>1993<\/td><td>1994<\/td><td>Jean Schietekat<\/td><\/tr><tr><td>1992<\/td><td>1993<\/td><td>Emiel De Cort<\/td><\/tr><tr><td>1991<\/td><td>1992<\/td><td>No\u00ebl Verschelden<\/td><\/tr><tr><td>1990<\/td><td>1991<\/td><td>Christian Devall\u00e9e<\/td><\/tr><tr><td>1989<\/td><td>1990<\/td><td>Jean-Pierre VandenHoute<\/td><\/tr><tr><td>1988<\/td><td>1989<\/td><td>Frans Mollaert<\/td><\/tr><tr><td>1987<\/td><td>1988<\/td><td>Pierre Catfolis<\/td><\/tr><tr><td>1986<\/td><td>1987<\/td><td>Jean-Pierre Delstanche<\/td><\/tr><tr><td>1985<\/td><td>1986<\/td><td>Jacques Plumier<\/td><\/tr><tr><td>1984<\/td><td>1985<\/td><td>Frans Van Vaerenbergh<\/td><\/tr><tr><td>1983<\/td><td>1984<\/td><td>Freddy Vesters<\/td><\/tr><tr><td>1982<\/td><td>1983<\/td><td>Guy Beeckman<\/td><\/tr><tr><td>1981<\/td><td>1982<\/td><td>Robert Bourgonjon<\/td><\/tr><tr><td>1980<\/td><td>1981<\/td><td>Hugo Bellens<\/td><\/tr><tr><td>1979<\/td><td>1980<\/td><td>Jean Robben<\/td><\/tr><tr><td>1978<\/td><td>1979<\/td><td>Bob Schiettecatte<\/td><\/tr><\/tbody><\/table><\/figure>\n","protected":false},"excerpt":{"rendered":"<p>Ann\u00e9e &nbsp; &nbsp;Pr\u00e9sident 2022 2023 Christian Eggermont 2021 2022 Philippe Thonnard 2020 2021 Philippe Thonnard 2019 2020 Alfredo Bonafede 2018 2019 Thierry Navarre 2017 2018 Serge Vandenhaute 2016 2017 Michel [&hellip;]<\/p>\n","protected":false},"author":2,"featured_media":0,"parent":1899,"menu_order":2,"comment_status":"closed","ping_status":"closed","template":"","meta":{"_et_pb_use_builder":"off","_et_pb_old_content":"","_et_gb_content_width":""},"yoast_head":"<!-- This site is optimized with the Yoast SEO plugin v19.8 - https:\/\/yoast.com\/wordpress\/plugins\/seo\/ -->\n<title>Pr\u00e9sidents - Kiwanis Dilbeek Bruegel<\/title>\n<meta name=\"robots\" content=\"noindex, follow, max-snippet:-1, max-image-preview:large, max-video-preview:-1\" \/>\n<meta property=\"og:locale\" content=\"fr_FR\" \/>\n<meta property=\"og:type\" content=\"article\" \/>\n<meta property=\"og:title\" content=\"Pr\u00e9sidents - Kiwanis Dilbeek Bruegel\" \/>\n<meta property=\"og:description\" content=\"Ann\u00e9e &nbsp; &nbsp;Pr\u00e9sident 2022 2023 Christian Eggermont 2021 2022 Philippe Thonnard 2020 2021 Philippe Thonnard 2019 2020 Alfredo Bonafede 2018 2019 Thierry Navarre 2017 2018 Serge Vandenhaute 2016 2017 Michel [&hellip;]\" \/>\n<meta property=\"og:url\" content=\"https:\/\/webkrea.kiwanisbelux.site\/bruegel\/le-club\/presidents\/\" \/>\n<meta property=\"og:site_name\" content=\"Kiwanis Dilbeek Bruegel\" \/>\n<meta property=\"article:modified_time\" content=\"2022-08-23T06:27:05+00:00\" \/>\n<meta name=\"twitter:card\" content=\"summary_large_image\" \/>\n<meta name=\"twitter:label1\" content=\"Dur\u00e9e de lecture estim\u00e9e\" \/>\n\t<meta name=\"twitter:data1\" content=\"1 minute\" \/>\n<script type=\"application\/ld+json\" class=\"yoast-schema-graph\">{\"@context\":\"https:\/\/schema.org\",\"@graph\":[{\"@type\":\"WebPage\",\"@id\":\"https:\/\/webkrea.kiwanisbelux.site\/bruegel\/le-club\/presidents\/\",\"url\":\"https:\/\/webkrea.kiwanisbelux.site\/bruegel\/le-club\/presidents\/\",\"name\":\"Pr\u00e9sidents - Kiwanis Dilbeek Bruegel\",\"isPartOf\":{\"@id\":\"https:\/\/webkrea.kiwanisbelux.site\/bruegel\/#website\"},\"datePublished\":\"2022-07-28T12:08:44+00:00\",\"dateModified\":\"2022-08-23T06:27:05+00:00\",\"breadcrumb\":{\"@id\":\"https:\/\/webkrea.kiwanisbelux.site\/bruegel\/le-club\/presidents\/#breadcrumb\"},\"inLanguage\":\"fr-FR\",\"potentialAction\":[{\"@type\":\"ReadAction\",\"target\":[\"https:\/\/webkrea.kiwanisbelux.site\/bruegel\/le-club\/presidents\/\"]}]},{\"@type\":\"BreadcrumbList\",\"@id\":\"https:\/\/webkrea.kiwanisbelux.site\/bruegel\/le-club\/presidents\/#breadcrumb\",\"itemListElement\":[{\"@type\":\"ListItem\",\"position\":1,\"name\":\"Home\",\"item\":\"https:\/\/webkrea.kiwanisbelux.site\/bruegel\/\"},{\"@type\":\"ListItem\",\"position\":2,\"name\":\"Le club\",\"item\":\"https:\/\/webkrea.kiwanisbelux.site\/bruegel\/le-club\/\"},{\"@type\":\"ListItem\",\"position\":3,\"name\":\"Pr\u00e9sidents\"}]},{\"@type\":\"WebSite\",\"@id\":\"https:\/\/webkrea.kiwanisbelux.site\/bruegel\/#website\",\"url\":\"https:\/\/webkrea.kiwanisbelux.site\/bruegel\/\",\"name\":\"Kiwanis Dilbeek Bruegel\",\"description\":\"\",\"publisher\":{\"@id\":\"https:\/\/webkrea.kiwanisbelux.site\/bruegel\/#organization\"},\"potentialAction\":[{\"@type\":\"SearchAction\",\"target\":{\"@type\":\"EntryPoint\",\"urlTemplate\":\"https:\/\/webkrea.kiwanisbelux.site\/bruegel\/?s={search_term_string}\"},\"query-input\":\"required name=search_term_string\"}],\"inLanguage\":\"fr-FR\"},{\"@type\":\"Organization\",\"@id\":\"https:\/\/webkrea.kiwanisbelux.site\/bruegel\/#organization\",\"name\":\"Kiwanis\",\"url\":\"https:\/\/webkrea.kiwanisbelux.site\/bruegel\/\",\"sameAs\":[],\"logo\":{\"@type\":\"ImageObject\",\"inLanguage\":\"fr-FR\",\"@id\":\"https:\/\/webkrea.kiwanisbelux.site\/bruegel\/#\/schema\/logo\/image\/\",\"url\":\"https:\/\/webkrea.kiwanisbelux.site\/bruegel\/wp-content\/uploads\/sites\/22\/2021\/04\/kiwanis-logo@2x.png\",\"contentUrl\":\"https:\/\/webkrea.kiwanisbelux.site\/bruegel\/wp-content\/uploads\/sites\/22\/2021\/04\/kiwanis-logo@2x.png\",\"width\":555,\"height\":100,\"caption\":\"Kiwanis\"},\"image\":{\"@id\":\"https:\/\/webkrea.kiwanisbelux.site\/bruegel\/#\/schema\/logo\/image\/\"}}]}<\/script>\n<!-- \/ Yoast SEO plugin. -->","yoast_head_json":{"title":"Pr\u00e9sidents - Kiwanis Dilbeek Bruegel","robots":{"index":"noindex","follow":"follow","max-snippet":"max-snippet:-1","max-image-preview":"max-image-preview:large","max-video-preview":"max-video-preview:-1"},"og_locale":"fr_FR","og_type":"article","og_title":"Pr\u00e9sidents - Kiwanis Dilbeek Bruegel","og_description":"Ann\u00e9e &nbsp; &nbsp;Pr\u00e9sident 2022 2023 Christian Eggermont 2021 2022 Philippe Thonnard 2020 2021 Philippe Thonnard 2019 2020 Alfredo Bonafede 2018 2019 Thierry Navarre 2017 2018 Serge Vandenhaute 2016 2017 Michel [&hellip;]","og_url":"https:\/\/webkrea.kiwanisbelux.site\/bruegel\/le-club\/presidents\/","og_site_name":"Kiwanis Dilbeek Bruegel","article_modified_time":"2022-08-23T06:27:05+00:00","twitter_card":"summary_large_image","twitter_misc":{"Dur\u00e9e de lecture estim\u00e9e":"1 minute"},"schema":{"@context":"https:\/\/schema.org","@graph":[{"@type":"WebPage","@id":"https:\/\/webkrea.kiwanisbelux.site\/bruegel\/le-club\/presidents\/","url":"https:\/\/webkrea.kiwanisbelux.site\/bruegel\/le-club\/presidents\/","name":"Pr\u00e9sidents - Kiwanis Dilbeek Bruegel","isPartOf":{"@id":"https:\/\/webkrea.kiwanisbelux.site\/bruegel\/#website"},"datePublished":"2022-07-28T12:08:44+00:00","dateModified":"2022-08-23T06:27:05+00:00","breadcrumb":{"@id":"https:\/\/webkrea.kiwanisbelux.site\/bruegel\/le-club\/presidents\/#breadcrumb"},"inLanguage":"fr-FR","potentialAction":[{"@type":"ReadAction","target":["https:\/\/webkrea.kiwanisbelux.site\/bruegel\/le-club\/presidents\/"]}]},{"@type":"BreadcrumbList","@id":"https:\/\/webkrea.kiwanisbelux.site\/bruegel\/le-club\/presidents\/#breadcrumb","itemListElement":[{"@type":"ListItem","position":1,"name":"Home","item":"https:\/\/webkrea.kiwanisbelux.site\/bruegel\/"},{"@type":"ListItem","position":2,"name":"Le club","item":"https:\/\/webkrea.kiwanisbelux.site\/bruegel\/le-club\/"},{"@type":"ListItem","position":3,"name":"Pr\u00e9sidents"}]},{"@type":"WebSite","@id":"https:\/\/webkrea.kiwanisbelux.site\/bruegel\/#website","url":"https:\/\/webkrea.kiwanisbelux.site\/bruegel\/","name":"Kiwanis Dilbeek Bruegel","description":"","publisher":{"@id":"https:\/\/webkrea.kiwanisbelux.site\/bruegel\/#organization"},"potentialAction":[{"@type":"SearchAction","target":{"@type":"EntryPoint","urlTemplate":"https:\/\/webkrea.kiwanisbelux.site\/bruegel\/?s={search_term_string}"},"query-input":"required name=search_term_string"}],"inLanguage":"fr-FR"},{"@type":"Organization","@id":"https:\/\/webkrea.kiwanisbelux.site\/bruegel\/#organization","name":"Kiwanis","url":"https:\/\/webkrea.kiwanisbelux.site\/bruegel\/","sameAs":[],"logo":{"@type":"ImageObject","inLanguage":"fr-FR","@id":"https:\/\/webkrea.kiwanisbelux.site\/bruegel\/#\/schema\/logo\/image\/","url":"https:\/\/webkrea.kiwanisbelux.site\/bruegel\/wp-content\/uploads\/sites\/22\/2021\/04\/kiwanis-logo@2x.png","contentUrl":"https:\/\/webkrea.kiwanisbelux.site\/bruegel\/wp-content\/uploads\/sites\/22\/2021\/04\/kiwanis-logo@2x.png","width":555,"height":100,"caption":"Kiwanis"},"image":{"@id":"https:\/\/webkrea.kiwanisbelux.site\/bruegel\/#\/schema\/logo\/image\/"}}]}},"_links":{"self":[{"href":"https:\/\/webkrea.kiwanisbelux.site\/bruegel\/wp-json\/wp\/v2\/pages\/1914"}],"collection":[{"href":"https:\/\/webkrea.kiwanisbelux.site\/bruegel\/wp-json\/wp\/v2\/pages"}],"about":[{"href":"https:\/\/webkrea.kiwanisbelux.site\/bruegel\/wp-json\/wp\/v2\/types\/page"}],"author":[{"embeddable":true,"href":"https:\/\/webkrea.kiwanisbelux.site\/bruegel\/wp-json\/wp\/v2\/users\/2"}],"replies":[{"embeddable":true,"href":"https:\/\/webkrea.kiwanisbelux.site\/bruegel\/wp-json\/wp\/v2\/comments?post=1914"}],"version-history":[{"count":2,"href":"https:\/\/webkrea.kiwanisbelux.site\/bruegel\/wp-json\/wp\/v2\/pages\/1914\/revisions"}],"predecessor-version":[{"id":2416,"href":"https:\/\/webkrea.kiwanisbelux.site\/bruegel\/wp-json\/wp\/v2\/pages\/1914\/revisions\/2416"}],"up":[{"embeddable":true,"href":"https:\/\/webkrea.kiwanisbelux.site\/bruegel\/wp-json\/wp\/v2\/pages\/1899"}],"wp:attachment":[{"href":"https:\/\/webkrea.kiwanisbelux.site\/bruegel\/wp-json\/wp\/v2\/media?parent=1914"}],"curies":[{"name":"wp","href":"https:\/\/api.w.org\/{rel}","templated":true}]}}