{"id":174,"date":"2021-04-19T17:07:17","date_gmt":"2021-04-19T15:07:17","guid":{"rendered":"https:\/\/clients.webkrea.be\/kiwanis\/projets-5\/"},"modified":"2021-06-11T11:53:06","modified_gmt":"2021-06-11T09:53:06","slug":"contactez-nous","status":"publish","type":"page","link":"https:\/\/webkrea.kiwanisbelux.site\/bruegel\/contactez-nous\/","title":{"rendered":"Contactez-nous"},"content":{"rendered":"<p>[fusion_builder_container type=\u00a0\u00bbflex\u00a0\u00bb hundred_percent=\u00a0\u00bbno\u00a0\u00bb hundred_percent_height=\u00a0\u00bbno\u00a0\u00bb hundred_percent_height_scroll=\u00a0\u00bbno\u00a0\u00bb align_content=\u00a0\u00bbstretch\u00a0\u00bb flex_align_items=\u00a0\u00bbflex-start\u00a0\u00bb flex_justify_content=\u00a0\u00bbflex-start\u00a0\u00bb hundred_percent_height_center_content=\u00a0\u00bbyes\u00a0\u00bb equal_height_columns=\u00a0\u00bbno\u00a0\u00bb container_tag=\u00a0\u00bbdiv\u00a0\u00bb hide_on_mobile=\u00a0\u00bbsmall-visibility,medium-visibility,large-visibility\u00a0\u00bb status=\u00a0\u00bbpublished\u00a0\u00bb border_style=\u00a0\u00bbsolid\u00a0\u00bb box_shadow=\u00a0\u00bbno\u00a0\u00bb box_shadow_blur=\u00a0\u00bb0&Prime; box_shadow_spread=\u00a0\u00bb0&Prime; gradient_start_position=\u00a0\u00bb0&Prime; gradient_end_position=\u00a0\u00bb100&Prime; gradient_type=\u00a0\u00bblinear\u00a0\u00bb radial_direction=\u00a0\u00bbcenter center\u00a0\u00bb linear_angle=\u00a0\u00bb180&Prime; background_position=\u00a0\u00bbcenter center\u00a0\u00bb background_repeat=\u00a0\u00bbno-repeat\u00a0\u00bb fade=\u00a0\u00bbno\u00a0\u00bb background_parallax=\u00a0\u00bbnone\u00a0\u00bb enable_mobile=\u00a0\u00bbno\u00a0\u00bb parallax_speed=\u00a0\u00bb0.3&Prime; background_blend_mode=\u00a0\u00bbnone\u00a0\u00bb video_aspect_ratio=\u00a0\u00bb16:9&Prime; video_loop=\u00a0\u00bbyes\u00a0\u00bb video_mute=\u00a0\u00bbyes\u00a0\u00bb absolute=\u00a0\u00bboff\u00a0\u00bb absolute_devices=\u00a0\u00bbsmall,medium,large\u00a0\u00bb sticky=\u00a0\u00bboff\u00a0\u00bb sticky_devices=\u00a0\u00bbsmall-visibility,medium-visibility,large-visibility\u00a0\u00bb sticky_transition_offset=\u00a0\u00bb0&Prime; scroll_offset=\u00a0\u00bb0&Prime; animation_direction=\u00a0\u00bbleft\u00a0\u00bb animation_speed=\u00a0\u00bb0.3&Prime; filter_hue=\u00a0\u00bb0&Prime; filter_saturation=\u00a0\u00bb100&Prime; filter_brightness=\u00a0\u00bb100&Prime; filter_contrast=\u00a0\u00bb100&Prime; filter_invert=\u00a0\u00bb0&Prime; filter_sepia=\u00a0\u00bb0&Prime; filter_opacity=\u00a0\u00bb100&Prime; filter_blur=\u00a0\u00bb0&Prime; filter_hue_hover=\u00a0\u00bb0&Prime; filter_saturation_hover=\u00a0\u00bb100&Prime; filter_brightness_hover=\u00a0\u00bb100&Prime; filter_contrast_hover=\u00a0\u00bb100&Prime; filter_invert_hover=\u00a0\u00bb0&Prime; filter_sepia_hover=\u00a0\u00bb0&Prime; filter_opacity_hover=\u00a0\u00bb100&Prime; filter_blur_hover=\u00a0\u00bb0&Prime;][fusion_builder_row][fusion_builder_column type=\u00a0\u00bb2_3&Prime; type=\u00a0\u00bb2_3&Prime; align_self=\u00a0\u00bbauto\u00a0\u00bb content_layout=\u00a0\u00bbcolumn\u00a0\u00bb align_content=\u00a0\u00bbflex-start\u00a0\u00bb valign_content=\u00a0\u00bbflex-start\u00a0\u00bb content_wrap=\u00a0\u00bbwrap\u00a0\u00bb spacing=\u00a0\u00bb\u00a0\u00bb center_content=\u00a0\u00bbno\u00a0\u00bb link=\u00a0\u00bb\u00a0\u00bb target=\u00a0\u00bb_self\u00a0\u00bb min_height=\u00a0\u00bb\u00a0\u00bb hide_on_mobile=\u00a0\u00bbsmall-visibility,medium-visibility,large-visibility\u00a0\u00bb sticky_display=\u00a0\u00bbnormal,sticky\u00a0\u00bb class=\u00a0\u00bb\u00a0\u00bb id=\u00a0\u00bb\u00a0\u00bb background_image_id=\u00a0\u00bb\u00a0\u00bb type_medium=\u00a0\u00bb\u00a0\u00bb type_small=\u00a0\u00bb\u00a0\u00bb order_medium=\u00a0\u00bb0&Prime; order_small=\u00a0\u00bb0&Prime; spacing_left_medium=\u00a0\u00bb\u00a0\u00bb spacing_right_medium=\u00a0\u00bb\u00a0\u00bb spacing_left_small=\u00a0\u00bb\u00a0\u00bb spacing_right_small=\u00a0\u00bb\u00a0\u00bb spacing_left=\u00a0\u00bb\u00a0\u00bb spacing_right=\u00a0\u00bb\u00a0\u00bb margin_top_medium=\u00a0\u00bb\u00a0\u00bb margin_bottom_medium=\u00a0\u00bb\u00a0\u00bb margin_top_small=\u00a0\u00bb\u00a0\u00bb margin_bottom_small=\u00a0\u00bb\u00a0\u00bb margin_top=\u00a0\u00bb40px\u00a0\u00bb margin_bottom=\u00a0\u00bb\u00a0\u00bb padding_top_medium=\u00a0\u00bb\u00a0\u00bb padding_right_medium=\u00a0\u00bb\u00a0\u00bb padding_bottom_medium=\u00a0\u00bb\u00a0\u00bb padding_left_medium=\u00a0\u00bb\u00a0\u00bb padding_top_small=\u00a0\u00bb\u00a0\u00bb padding_right_small=\u00a0\u00bb\u00a0\u00bb padding_bottom_small=\u00a0\u00bb\u00a0\u00bb padding_left_small=\u00a0\u00bb\u00a0\u00bb padding_top=\u00a0\u00bb40px\u00a0\u00bb padding_right=\u00a0\u00bb\u00a0\u00bb padding_bottom=\u00a0\u00bb\u00a0\u00bb padding_left=\u00a0\u00bb\u00a0\u00bb hover_type=\u00a0\u00bbnone\u00a0\u00bb border_sizes_top=\u00a0\u00bb\u00a0\u00bb border_sizes_right=\u00a0\u00bb\u00a0\u00bb border_sizes_bottom=\u00a0\u00bb\u00a0\u00bb border_sizes_left=\u00a0\u00bb\u00a0\u00bb border_color=\u00a0\u00bb\u00a0\u00bb border_style=\u00a0\u00bbsolid\u00a0\u00bb border_radius_top_left=\u00a0\u00bb\u00a0\u00bb border_radius_top_right=\u00a0\u00bb\u00a0\u00bb border_radius_bottom_right=\u00a0\u00bb\u00a0\u00bb border_radius_bottom_left=\u00a0\u00bb\u00a0\u00bb box_shadow=\u00a0\u00bbno\u00a0\u00bb box_shadow_vertical=\u00a0\u00bb\u00a0\u00bb box_shadow_horizontal=\u00a0\u00bb\u00a0\u00bb box_shadow_blur=\u00a0\u00bb0&Prime; box_shadow_spread=\u00a0\u00bb0&Prime; box_shadow_color=\u00a0\u00bb\u00a0\u00bb box_shadow_style=\u00a0\u00bb\u00a0\u00bb background_type=\u00a0\u00bbsingle\u00a0\u00bb gradient_start_color=\u00a0\u00bb\u00a0\u00bb gradient_end_color=\u00a0\u00bb\u00a0\u00bb gradient_start_position=\u00a0\u00bb0&Prime; gradient_end_position=\u00a0\u00bb100&Prime; gradient_type=\u00a0\u00bblinear\u00a0\u00bb radial_direction=\u00a0\u00bbcenter center\u00a0\u00bb linear_angle=\u00a0\u00bb180&Prime; background_color=\u00a0\u00bb\u00a0\u00bb background_image=\u00a0\u00bb\u00a0\u00bb background_position=\u00a0\u00bbleft top\u00a0\u00bb background_repeat=\u00a0\u00bbno-repeat\u00a0\u00bb background_blend_mode=\u00a0\u00bbnone\u00a0\u00bb render_logics=\u00a0\u00bb\u00a0\u00bb filter_type=\u00a0\u00bbregular\u00a0\u00bb filter_hue=\u00a0\u00bb0&Prime; filter_saturation=\u00a0\u00bb100&Prime; filter_brightness=\u00a0\u00bb100&Prime; filter_contrast=\u00a0\u00bb100&Prime; filter_invert=\u00a0\u00bb0&Prime; filter_sepia=\u00a0\u00bb0&Prime; filter_opacity=\u00a0\u00bb100&Prime; filter_blur=\u00a0\u00bb0&Prime; filter_hue_hover=\u00a0\u00bb0&Prime; filter_saturation_hover=\u00a0\u00bb100&Prime; filter_brightness_hover=\u00a0\u00bb100&Prime; filter_contrast_hover=\u00a0\u00bb100&Prime; filter_invert_hover=\u00a0\u00bb0&Prime; filter_sepia_hover=\u00a0\u00bb0&Prime; filter_opacity_hover=\u00a0\u00bb100&Prime; filter_blur_hover=\u00a0\u00bb0&Prime; animation_type=\u00a0\u00bb\u00a0\u00bb animation_direction=\u00a0\u00bbleft\u00a0\u00bb animation_speed=\u00a0\u00bb0.3&Prime; animation_offset=\u00a0\u00bb\u00a0\u00bb last=\u00a0\u00bbno\u00a0\u00bb border_position=\u00a0\u00bball\u00a0\u00bb][fusion_text columns=\u00a0\u00bb\u00a0\u00bb column_min_width=\u00a0\u00bb\u00a0\u00bb column_spacing=\u00a0\u00bb\u00a0\u00bb rule_style=\u00a0\u00bbdefault\u00a0\u00bb rule_size=\u00a0\u00bb\u00a0\u00bb rule_color=\u00a0\u00bb\u00a0\u00bb content_alignment_medium=\u00a0\u00bb\u00a0\u00bb content_alignment_small=\u00a0\u00bb\u00a0\u00bb content_alignment=\u00a0\u00bb\u00a0\u00bb hide_on_mobile=\u00a0\u00bbsmall-visibility,medium-visibility,large-visibility\u00a0\u00bb sticky_display=\u00a0\u00bbnormal,sticky\u00a0\u00bb class=\u00a0\u00bb\u00a0\u00bb id=\u00a0\u00bb\u00a0\u00bb margin_top=\u00a0\u00bb\u00a0\u00bb margin_right=\u00a0\u00bb\u00a0\u00bb margin_bottom=\u00a0\u00bb\u00a0\u00bb margin_left=\u00a0\u00bb\u00a0\u00bb font_size=\u00a0\u00bb\u00a0\u00bb fusion_font_family_text_font=\u00a0\u00bb\u00a0\u00bb fusion_font_variant_text_font=\u00a0\u00bb\u00a0\u00bb line_height=\u00a0\u00bb\u00a0\u00bb letter_spacing=\u00a0\u00bb\u00a0\u00bb text_color=\u00a0\u00bb\u00a0\u00bb animation_type=\u00a0\u00bb\u00a0\u00bb animation_direction=\u00a0\u00bbleft\u00a0\u00bb animation_speed=\u00a0\u00bb0.3&Prime; animation_offset=\u00a0\u00bb\u00a0\u00bb]<\/p>\n<p>Vous pouvez contacter le District Belgium-Luxembourg de Kiwanis en \u00e9crivant \u00e0: <a href=\"mailto:Frank.deloffer@skynet.be\"> Frank Deloffer<\/a> ou en vous servant du formulaire ci-contre.<\/p>\n<hr>\n<h3 style=\"--fontSize: 60; line-height: 1;\" data-fontsize=\"60\" data-lineheight=\"60px\" class=\"fusion-responsive-typography-calculated\">Vous avez une question, une remarque \u00e0 propos du site kiwanis.be?<\/h3>\n<p>Envoyez un mail \u00e0 <a href=\"mailto:kiwanisbelux.communication@gmail.com\">Paul Henon<\/a>.<\/p>\n<hr>\n<h3 style=\"--fontSize: 60; line-height: 1;\" data-fontsize=\"60\" data-lineheight=\"60px\" class=\"fusion-responsive-typography-calculated\">Vous avez  besoin d&rsquo;aide ou de promouvoir votre cause?<\/h3>\n<p>Les clubs Kiwanis sont autonomes dans le choix de leurs projets sociaux. Les demandes d&rsquo;aide doivent donc \u00eatre faites directement aux clubs. Le District Belgium-Luxembourg ne peut donner de suite \u00e0 ces demandes. Veuillez contacter un club de votre r\u00e9gion ou en demander les coordonn\u00e9es \u00e0 <a href=\"mailto:Frank.deloffer@skynet.be\">Frank Deloffer<\/a>.<\/p>\n<p>[\/fusion_text][\/fusion_builder_column][fusion_builder_column type=\u00a0\u00bb1_3&Prime; type=\u00a0\u00bb1_3&Prime; align_self=\u00a0\u00bbauto\u00a0\u00bb content_layout=\u00a0\u00bbcolumn\u00a0\u00bb align_content=\u00a0\u00bbflex-start\u00a0\u00bb valign_content=\u00a0\u00bbflex-start\u00a0\u00bb content_wrap=\u00a0\u00bbwrap\u00a0\u00bb spacing=\u00a0\u00bb\u00a0\u00bb center_content=\u00a0\u00bbno\u00a0\u00bb link=\u00a0\u00bb\u00a0\u00bb target=\u00a0\u00bb_self\u00a0\u00bb min_height=\u00a0\u00bb\u00a0\u00bb hide_on_mobile=\u00a0\u00bbsmall-visibility,medium-visibility,large-visibility\u00a0\u00bb sticky_display=\u00a0\u00bbnormal,sticky\u00a0\u00bb class=\u00a0\u00bb\u00a0\u00bb id=\u00a0\u00bb\u00a0\u00bb background_image_id=\u00a0\u00bb\u00a0\u00bb type_medium=\u00a0\u00bb\u00a0\u00bb type_small=\u00a0\u00bb\u00a0\u00bb order_medium=\u00a0\u00bb0&Prime; order_small=\u00a0\u00bb0&Prime; spacing_left_medium=\u00a0\u00bb\u00a0\u00bb spacing_right_medium=\u00a0\u00bb\u00a0\u00bb spacing_left_small=\u00a0\u00bb\u00a0\u00bb spacing_right_small=\u00a0\u00bb\u00a0\u00bb spacing_left=\u00a0\u00bb\u00a0\u00bb spacing_right=\u00a0\u00bb\u00a0\u00bb margin_top_medium=\u00a0\u00bb\u00a0\u00bb margin_bottom_medium=\u00a0\u00bb\u00a0\u00bb margin_top_small=\u00a0\u00bb\u00a0\u00bb margin_bottom_small=\u00a0\u00bb\u00a0\u00bb margin_top=\u00a0\u00bb40px\u00a0\u00bb margin_bottom=\u00a0\u00bb\u00a0\u00bb padding_top_medium=\u00a0\u00bb\u00a0\u00bb padding_right_medium=\u00a0\u00bb\u00a0\u00bb padding_bottom_medium=\u00a0\u00bb\u00a0\u00bb padding_left_medium=\u00a0\u00bb\u00a0\u00bb padding_top_small=\u00a0\u00bb\u00a0\u00bb padding_right_small=\u00a0\u00bb\u00a0\u00bb padding_bottom_small=\u00a0\u00bb\u00a0\u00bb padding_left_small=\u00a0\u00bb\u00a0\u00bb padding_top=\u00a0\u00bb40px\u00a0\u00bb padding_right=\u00a0\u00bb\u00a0\u00bb padding_bottom=\u00a0\u00bb\u00a0\u00bb padding_left=\u00a0\u00bb\u00a0\u00bb hover_type=\u00a0\u00bbnone\u00a0\u00bb border_sizes_top=\u00a0\u00bb\u00a0\u00bb border_sizes_right=\u00a0\u00bb\u00a0\u00bb border_sizes_bottom=\u00a0\u00bb\u00a0\u00bb border_sizes_left=\u00a0\u00bb\u00a0\u00bb border_color=\u00a0\u00bb\u00a0\u00bb border_style=\u00a0\u00bbsolid\u00a0\u00bb border_radius_top_left=\u00a0\u00bb\u00a0\u00bb border_radius_top_right=\u00a0\u00bb\u00a0\u00bb border_radius_bottom_right=\u00a0\u00bb\u00a0\u00bb border_radius_bottom_left=\u00a0\u00bb\u00a0\u00bb box_shadow=\u00a0\u00bbno\u00a0\u00bb box_shadow_vertical=\u00a0\u00bb\u00a0\u00bb box_shadow_horizontal=\u00a0\u00bb\u00a0\u00bb box_shadow_blur=\u00a0\u00bb0&Prime; box_shadow_spread=\u00a0\u00bb0&Prime; box_shadow_color=\u00a0\u00bb\u00a0\u00bb box_shadow_style=\u00a0\u00bb\u00a0\u00bb background_type=\u00a0\u00bbsingle\u00a0\u00bb gradient_start_color=\u00a0\u00bb\u00a0\u00bb gradient_end_color=\u00a0\u00bb\u00a0\u00bb gradient_start_position=\u00a0\u00bb0&Prime; gradient_end_position=\u00a0\u00bb100&Prime; gradient_type=\u00a0\u00bblinear\u00a0\u00bb radial_direction=\u00a0\u00bbcenter center\u00a0\u00bb linear_angle=\u00a0\u00bb180&Prime; background_color=\u00a0\u00bb\u00a0\u00bb background_image=\u00a0\u00bb\u00a0\u00bb background_position=\u00a0\u00bbleft top\u00a0\u00bb background_repeat=\u00a0\u00bbno-repeat\u00a0\u00bb background_blend_mode=\u00a0\u00bbnone\u00a0\u00bb render_logics=\u00a0\u00bb\u00a0\u00bb filter_type=\u00a0\u00bbregular\u00a0\u00bb filter_hue=\u00a0\u00bb0&Prime; filter_saturation=\u00a0\u00bb100&Prime; filter_brightness=\u00a0\u00bb100&Prime; filter_contrast=\u00a0\u00bb100&Prime; filter_invert=\u00a0\u00bb0&Prime; filter_sepia=\u00a0\u00bb0&Prime; filter_opacity=\u00a0\u00bb100&Prime; filter_blur=\u00a0\u00bb0&Prime; filter_hue_hover=\u00a0\u00bb0&Prime; filter_saturation_hover=\u00a0\u00bb100&Prime; filter_brightness_hover=\u00a0\u00bb100&Prime; filter_contrast_hover=\u00a0\u00bb100&Prime; filter_invert_hover=\u00a0\u00bb0&Prime; filter_sepia_hover=\u00a0\u00bb0&Prime; filter_opacity_hover=\u00a0\u00bb100&Prime; filter_blur_hover=\u00a0\u00bb0&Prime; animation_type=\u00a0\u00bb\u00a0\u00bb animation_direction=\u00a0\u00bbleft\u00a0\u00bb animation_speed=\u00a0\u00bb0.3&Prime; animation_offset=\u00a0\u00bb\u00a0\u00bb last=\u00a0\u00bbno\u00a0\u00bb border_position=\u00a0\u00bball\u00a0\u00bb][fusion_code]W2Zvcm1pbmF0b3JfZm9ybSBpZD0iMzgyIl0=[\/fusion_code][\/fusion_builder_column][\/fusion_builder_row][\/fusion_builder_container]<\/p>\n","protected":false},"excerpt":{"rendered":"<p>[fusion_builder_container type=\u00a0\u00bbflex\u00a0\u00bb hundred_percent=\u00a0\u00bbno\u00a0\u00bb hundred_percent_height=\u00a0\u00bbno\u00a0\u00bb hundred_percent_height_scroll=\u00a0\u00bbno\u00a0\u00bb align_content=\u00a0\u00bbstretch\u00a0\u00bb flex_align_items=\u00a0\u00bbflex-start\u00a0\u00bb flex_justify_content=\u00a0\u00bbflex-start\u00a0\u00bb hundred_percent_height_center_content=\u00a0\u00bbyes\u00a0\u00bb equal_height_columns=\u00a0\u00bbno\u00a0\u00bb container_tag=\u00a0\u00bbdiv\u00a0\u00bb hide_on_mobile=\u00a0\u00bbsmall-visibility,medium-visibility,large-visibility\u00a0\u00bb status=\u00a0\u00bbpublished\u00a0\u00bb border_style=\u00a0\u00bbsolid\u00a0\u00bb box_shadow=\u00a0\u00bbno\u00a0\u00bb box_shadow_blur=\u00a0\u00bb0&Prime; box_shadow_spread=\u00a0\u00bb0&Prime; gradient_start_position=\u00a0\u00bb0&Prime; gradient_end_position=\u00a0\u00bb100&Prime; gradient_type=\u00a0\u00bblinear\u00a0\u00bb radial_direction=\u00a0\u00bbcenter center\u00a0\u00bb linear_angle=\u00a0\u00bb180&Prime; background_position=\u00a0\u00bbcenter center\u00a0\u00bb background_repeat=\u00a0\u00bbno-repeat\u00a0\u00bb fade=\u00a0\u00bbno\u00a0\u00bb background_parallax=\u00a0\u00bbnone\u00a0\u00bb enable_mobile=\u00a0\u00bbno\u00a0\u00bb parallax_speed=\u00a0\u00bb0.3&Prime; [&hellip;]<\/p>\n","protected":false},"author":1,"featured_media":14,"parent":0,"menu_order":32,"comment_status":"closed","ping_status":"closed","template":"100-width.php","meta":{"_et_pb_use_builder":"","_et_pb_old_content":"","_et_gb_content_width":""},"yoast_head":"<!-- This site is optimized with the Yoast SEO plugin v19.8 - https:\/\/yoast.com\/wordpress\/plugins\/seo\/ -->\n<title>Contactez-nous - Kiwanis Dilbeek Bruegel<\/title>\n<meta name=\"robots\" content=\"noindex, follow, max-snippet:-1, max-image-preview:large, max-video-preview:-1\" \/>\n<meta property=\"og:locale\" content=\"fr_FR\" \/>\n<meta property=\"og:type\" content=\"article\" \/>\n<meta property=\"og:title\" content=\"Contactez-nous - Kiwanis Dilbeek Bruegel\" \/>\n<meta property=\"og:description\" content=\"[fusion_builder_container type=\u00a0\u00bbflex\u00a0\u00bb hundred_percent=\u00a0\u00bbno\u00a0\u00bb hundred_percent_height=\u00a0\u00bbno\u00a0\u00bb hundred_percent_height_scroll=\u00a0\u00bbno\u00a0\u00bb align_content=\u00a0\u00bbstretch\u00a0\u00bb flex_align_items=\u00a0\u00bbflex-start\u00a0\u00bb flex_justify_content=\u00a0\u00bbflex-start\u00a0\u00bb hundred_percent_height_center_content=\u00a0\u00bbyes\u00a0\u00bb equal_height_columns=\u00a0\u00bbno\u00a0\u00bb container_tag=\u00a0\u00bbdiv\u00a0\u00bb hide_on_mobile=\u00a0\u00bbsmall-visibility,medium-visibility,large-visibility\u00a0\u00bb status=\u00a0\u00bbpublished\u00a0\u00bb border_style=\u00a0\u00bbsolid\u00a0\u00bb box_shadow=\u00a0\u00bbno\u00a0\u00bb box_shadow_blur=\u00a0\u00bb0&Prime; box_shadow_spread=\u00a0\u00bb0&Prime; gradient_start_position=\u00a0\u00bb0&Prime; gradient_end_position=\u00a0\u00bb100&Prime; gradient_type=\u00a0\u00bblinear\u00a0\u00bb radial_direction=\u00a0\u00bbcenter center\u00a0\u00bb linear_angle=\u00a0\u00bb180&Prime; background_position=\u00a0\u00bbcenter center\u00a0\u00bb background_repeat=\u00a0\u00bbno-repeat\u00a0\u00bb fade=\u00a0\u00bbno\u00a0\u00bb background_parallax=\u00a0\u00bbnone\u00a0\u00bb enable_mobile=\u00a0\u00bbno\u00a0\u00bb parallax_speed=\u00a0\u00bb0.3&Prime; [&hellip;]\" \/>\n<meta property=\"og:url\" content=\"https:\/\/webkrea.kiwanisbelux.site\/bruegel\/contactez-nous\/\" \/>\n<meta property=\"og:site_name\" content=\"Kiwanis Dilbeek Bruegel\" \/>\n<meta property=\"article:modified_time\" content=\"2021-06-11T09:53:06+00:00\" \/>\n<meta property=\"og:image\" content=\"https:\/\/webkrea.kiwanisbelux.site\/bruegel\/wp-content\/uploads\/sites\/22\/2021\/04\/illustration2.jpg\" \/>\n\t<meta property=\"og:image:width\" content=\"1800\" \/>\n\t<meta property=\"og:image:height\" content=\"904\" \/>\n\t<meta property=\"og:image:type\" content=\"image\/jpeg\" \/>\n<meta name=\"twitter:card\" content=\"summary_large_image\" \/>\n<meta name=\"twitter:label1\" content=\"Dur\u00e9e de lecture estim\u00e9e\" \/>\n\t<meta name=\"twitter:data1\" content=\"5 minutes\" \/>\n<script type=\"application\/ld+json\" class=\"yoast-schema-graph\">{\"@context\":\"https:\/\/schema.org\",\"@graph\":[{\"@type\":\"WebPage\",\"@id\":\"https:\/\/webkrea.kiwanisbelux.site\/bruegel\/contactez-nous\/\",\"url\":\"https:\/\/webkrea.kiwanisbelux.site\/bruegel\/contactez-nous\/\",\"name\":\"Contactez-nous - Kiwanis Dilbeek Bruegel\",\"isPartOf\":{\"@id\":\"https:\/\/webkrea.kiwanisbelux.site\/bruegel\/#website\"},\"datePublished\":\"2021-04-19T15:07:17+00:00\",\"dateModified\":\"2021-06-11T09:53:06+00:00\",\"breadcrumb\":{\"@id\":\"https:\/\/webkrea.kiwanisbelux.site\/bruegel\/contactez-nous\/#breadcrumb\"},\"inLanguage\":\"fr-FR\",\"potentialAction\":[{\"@type\":\"ReadAction\",\"target\":[\"https:\/\/webkrea.kiwanisbelux.site\/bruegel\/contactez-nous\/\"]}]},{\"@type\":\"BreadcrumbList\",\"@id\":\"https:\/\/webkrea.kiwanisbelux.site\/bruegel\/contactez-nous\/#breadcrumb\",\"itemListElement\":[{\"@type\":\"ListItem\",\"position\":1,\"name\":\"Home\",\"item\":\"https:\/\/webkrea.kiwanisbelux.site\/bruegel\/\"},{\"@type\":\"ListItem\",\"position\":2,\"name\":\"Contactez-nous\"}]},{\"@type\":\"WebSite\",\"@id\":\"https:\/\/webkrea.kiwanisbelux.site\/bruegel\/#website\",\"url\":\"https:\/\/webkrea.kiwanisbelux.site\/bruegel\/\",\"name\":\"Kiwanis Dilbeek Bruegel\",\"description\":\"\",\"publisher\":{\"@id\":\"https:\/\/webkrea.kiwanisbelux.site\/bruegel\/#organization\"},\"potentialAction\":[{\"@type\":\"SearchAction\",\"target\":{\"@type\":\"EntryPoint\",\"urlTemplate\":\"https:\/\/webkrea.kiwanisbelux.site\/bruegel\/?s={search_term_string}\"},\"query-input\":\"required name=search_term_string\"}],\"inLanguage\":\"fr-FR\"},{\"@type\":\"Organization\",\"@id\":\"https:\/\/webkrea.kiwanisbelux.site\/bruegel\/#organization\",\"name\":\"Kiwanis\",\"url\":\"https:\/\/webkrea.kiwanisbelux.site\/bruegel\/\",\"sameAs\":[],\"logo\":{\"@type\":\"ImageObject\",\"inLanguage\":\"fr-FR\",\"@id\":\"https:\/\/webkrea.kiwanisbelux.site\/bruegel\/#\/schema\/logo\/image\/\",\"url\":\"https:\/\/webkrea.kiwanisbelux.site\/bruegel\/wp-content\/uploads\/sites\/22\/2021\/04\/kiwanis-logo@2x.png\",\"contentUrl\":\"https:\/\/webkrea.kiwanisbelux.site\/bruegel\/wp-content\/uploads\/sites\/22\/2021\/04\/kiwanis-logo@2x.png\",\"width\":555,\"height\":100,\"caption\":\"Kiwanis\"},\"image\":{\"@id\":\"https:\/\/webkrea.kiwanisbelux.site\/bruegel\/#\/schema\/logo\/image\/\"}}]}<\/script>\n<!-- \/ Yoast SEO plugin. -->","yoast_head_json":{"title":"Contactez-nous - Kiwanis Dilbeek Bruegel","robots":{"index":"noindex","follow":"follow","max-snippet":"max-snippet:-1","max-image-preview":"max-image-preview:large","max-video-preview":"max-video-preview:-1"},"og_locale":"fr_FR","og_type":"article","og_title":"Contactez-nous - Kiwanis Dilbeek Bruegel","og_description":"[fusion_builder_container type=\u00a0\u00bbflex\u00a0\u00bb hundred_percent=\u00a0\u00bbno\u00a0\u00bb hundred_percent_height=\u00a0\u00bbno\u00a0\u00bb hundred_percent_height_scroll=\u00a0\u00bbno\u00a0\u00bb align_content=\u00a0\u00bbstretch\u00a0\u00bb flex_align_items=\u00a0\u00bbflex-start\u00a0\u00bb flex_justify_content=\u00a0\u00bbflex-start\u00a0\u00bb hundred_percent_height_center_content=\u00a0\u00bbyes\u00a0\u00bb equal_height_columns=\u00a0\u00bbno\u00a0\u00bb container_tag=\u00a0\u00bbdiv\u00a0\u00bb hide_on_mobile=\u00a0\u00bbsmall-visibility,medium-visibility,large-visibility\u00a0\u00bb status=\u00a0\u00bbpublished\u00a0\u00bb border_style=\u00a0\u00bbsolid\u00a0\u00bb box_shadow=\u00a0\u00bbno\u00a0\u00bb box_shadow_blur=\u00a0\u00bb0&Prime; box_shadow_spread=\u00a0\u00bb0&Prime; gradient_start_position=\u00a0\u00bb0&Prime; gradient_end_position=\u00a0\u00bb100&Prime; gradient_type=\u00a0\u00bblinear\u00a0\u00bb radial_direction=\u00a0\u00bbcenter center\u00a0\u00bb linear_angle=\u00a0\u00bb180&Prime; background_position=\u00a0\u00bbcenter center\u00a0\u00bb background_repeat=\u00a0\u00bbno-repeat\u00a0\u00bb fade=\u00a0\u00bbno\u00a0\u00bb background_parallax=\u00a0\u00bbnone\u00a0\u00bb enable_mobile=\u00a0\u00bbno\u00a0\u00bb parallax_speed=\u00a0\u00bb0.3&Prime; [&hellip;]","og_url":"https:\/\/webkrea.kiwanisbelux.site\/bruegel\/contactez-nous\/","og_site_name":"Kiwanis Dilbeek Bruegel","article_modified_time":"2021-06-11T09:53:06+00:00","og_image":[{"width":1800,"height":904,"url":"https:\/\/webkrea.kiwanisbelux.site\/bruegel\/wp-content\/uploads\/sites\/22\/2021\/04\/illustration2.jpg","type":"image\/jpeg"}],"twitter_card":"summary_large_image","twitter_misc":{"Dur\u00e9e de lecture estim\u00e9e":"5 minutes"},"schema":{"@context":"https:\/\/schema.org","@graph":[{"@type":"WebPage","@id":"https:\/\/webkrea.kiwanisbelux.site\/bruegel\/contactez-nous\/","url":"https:\/\/webkrea.kiwanisbelux.site\/bruegel\/contactez-nous\/","name":"Contactez-nous - Kiwanis Dilbeek Bruegel","isPartOf":{"@id":"https:\/\/webkrea.kiwanisbelux.site\/bruegel\/#website"},"datePublished":"2021-04-19T15:07:17+00:00","dateModified":"2021-06-11T09:53:06+00:00","breadcrumb":{"@id":"https:\/\/webkrea.kiwanisbelux.site\/bruegel\/contactez-nous\/#breadcrumb"},"inLanguage":"fr-FR","potentialAction":[{"@type":"ReadAction","target":["https:\/\/webkrea.kiwanisbelux.site\/bruegel\/contactez-nous\/"]}]},{"@type":"BreadcrumbList","@id":"https:\/\/webkrea.kiwanisbelux.site\/bruegel\/contactez-nous\/#breadcrumb","itemListElement":[{"@type":"ListItem","position":1,"name":"Home","item":"https:\/\/webkrea.kiwanisbelux.site\/bruegel\/"},{"@type":"ListItem","position":2,"name":"Contactez-nous"}]},{"@type":"WebSite","@id":"https:\/\/webkrea.kiwanisbelux.site\/bruegel\/#website","url":"https:\/\/webkrea.kiwanisbelux.site\/bruegel\/","name":"Kiwanis Dilbeek Bruegel","description":"","publisher":{"@id":"https:\/\/webkrea.kiwanisbelux.site\/bruegel\/#organization"},"potentialAction":[{"@type":"SearchAction","target":{"@type":"EntryPoint","urlTemplate":"https:\/\/webkrea.kiwanisbelux.site\/bruegel\/?s={search_term_string}"},"query-input":"required name=search_term_string"}],"inLanguage":"fr-FR"},{"@type":"Organization","@id":"https:\/\/webkrea.kiwanisbelux.site\/bruegel\/#organization","name":"Kiwanis","url":"https:\/\/webkrea.kiwanisbelux.site\/bruegel\/","sameAs":[],"logo":{"@type":"ImageObject","inLanguage":"fr-FR","@id":"https:\/\/webkrea.kiwanisbelux.site\/bruegel\/#\/schema\/logo\/image\/","url":"https:\/\/webkrea.kiwanisbelux.site\/bruegel\/wp-content\/uploads\/sites\/22\/2021\/04\/kiwanis-logo@2x.png","contentUrl":"https:\/\/webkrea.kiwanisbelux.site\/bruegel\/wp-content\/uploads\/sites\/22\/2021\/04\/kiwanis-logo@2x.png","width":555,"height":100,"caption":"Kiwanis"},"image":{"@id":"https:\/\/webkrea.kiwanisbelux.site\/bruegel\/#\/schema\/logo\/image\/"}}]}},"_links":{"self":[{"href":"https:\/\/webkrea.kiwanisbelux.site\/bruegel\/wp-json\/wp\/v2\/pages\/174"}],"collection":[{"href":"https:\/\/webkrea.kiwanisbelux.site\/bruegel\/wp-json\/wp\/v2\/pages"}],"about":[{"href":"https:\/\/webkrea.kiwanisbelux.site\/bruegel\/wp-json\/wp\/v2\/types\/page"}],"author":[{"embeddable":true,"href":"https:\/\/webkrea.kiwanisbelux.site\/bruegel\/wp-json\/wp\/v2\/users\/1"}],"replies":[{"embeddable":true,"href":"https:\/\/webkrea.kiwanisbelux.site\/bruegel\/wp-json\/wp\/v2\/comments?post=174"}],"version-history":[{"count":7,"href":"https:\/\/webkrea.kiwanisbelux.site\/bruegel\/wp-json\/wp\/v2\/pages\/174\/revisions"}],"predecessor-version":[{"id":397,"href":"https:\/\/webkrea.kiwanisbelux.site\/bruegel\/wp-json\/wp\/v2\/pages\/174\/revisions\/397"}],"wp:featuredmedia":[{"embeddable":true,"href":"https:\/\/webkrea.kiwanisbelux.site\/bruegel\/wp-json\/wp\/v2\/media\/14"}],"wp:attachment":[{"href":"https:\/\/webkrea.kiwanisbelux.site\/bruegel\/wp-json\/wp\/v2\/media?parent=174"}],"curies":[{"name":"wp","href":"https:\/\/api.w.org\/{rel}","templated":true}]}}