{"id":1549,"date":"2022-05-11T12:36:17","date_gmt":"2022-05-11T10:36:04","guid":{"rendered":"https:\/\/clients.webkrea.be\/kiwanis\/?page_id=1549"},"modified":"2022-07-27T15:14:35","modified_gmt":"2022-07-27T13:14:35","slug":"objectifs-et-valeurs","status":"publish","type":"page","link":"https:\/\/webkrea.kiwanisbelux.site\/bruegel\/a-propos\/objectifs-et-valeurs\/","title":{"rendered":"Nos objectifs et nos valeurs"},"content":{"rendered":"<p>[et_pb_section fb_built=\u00a0\u00bb1&Prime; admin_label=\u00a0\u00bbsection\u00a0\u00bb _builder_version=\u00a0\u00bb4.16&Prime; global_colors_info=\u00a0\u00bb{}\u00a0\u00bb][et_pb_row admin_label=\u00a0\u00bbrow\u00a0\u00bb _builder_version=\u00a0\u00bb4.16&Prime; background_size=\u00a0\u00bbinitial\u00a0\u00bb background_position=\u00a0\u00bbtop_left\u00a0\u00bb background_repeat=\u00a0\u00bbrepeat\u00a0\u00bb global_colors_info=\u00a0\u00bb{}\u00a0\u00bb][et_pb_column type=\u00a0\u00bb4_4&Prime; _builder_version=\u00a0\u00bb4.16&Prime; custom_padding=\u00a0\u00bb|||\u00a0\u00bb global_colors_info=\u00a0\u00bb{}\u00a0\u00bb custom_padding__hover=\u00a0\u00bb|||\u00a0\u00bb][et_pb_text admin_label=\u00a0\u00bbText\u00a0\u00bb _builder_version=\u00a0\u00bb4.17.6&Prime; background_size=\u00a0\u00bbinitial\u00a0\u00bb background_position=\u00a0\u00bbtop_left\u00a0\u00bb background_repeat=\u00a0\u00bbrepeat\u00a0\u00bb global_colors_info=\u00a0\u00bb{}\u00a0\u00bb]Le Kiwanis est une philosophie, reposant sur un certain nombre de valeurs fondamentales qui forment la base de notre mouvement et qui nous distinguent de toutes les autres associations!<br \/>\nCes valeurs fondamentales ont \u00e9t\u00e9 r\u00e9dig\u00e9es il y a 100 ans et sont aujourd\u2019hui, dans le monde o\u00f9 nous vivons, plus actuelles que jamais.<\/p>\n<h2>Nos valeurs<\/h2>\n<ul>\n<li>Assurer la primaut\u00e9 des valeurs humaines et spirituelles sur les valeurs mat\u00e9rielles.<\/li>\n<li>Encourager l&rsquo;application quotidienne de la R\u00e8gle d&rsquo;Or dans toutes les relations humaines: &lsquo;Fais pour autrui ce que tu voudrais qu&rsquo;il fasse pour toi&rsquo;.<\/li>\n<li>Promouvoir l&rsquo;adoption et l&rsquo;application de principes \u00e9lev\u00e9s dans la vie sociale, professionnelle et des affaires.<\/li>\n<li>D\u00e9velopper, par le pr\u00e9cepte et par l&rsquo;exemple, une notion de service plus intelligente, plus active et efficace.<\/li>\n<li>Procurer, par l&rsquo;interm\u00e9diaire du club, des moyens pratiques pour former des amiti\u00e9s durables, rendre des services altruistes et construire une communaut\u00e9 meilleure.<\/li>\n<li>Collaborer \u00e0 la cr\u00e9ation et au maintien d&rsquo;une opinion publique saine et d&rsquo;un id\u00e9alisme \u00e9lev\u00e9 rendant possible le d\u00e9veloppement de l&rsquo;honn\u00eatet\u00e9, de la justice, de l&rsquo;amour de la patrie et de la bonne volont\u00e9.<\/li>\n<\/ul>\n<p>[\/et_pb_text][\/et_pb_column][\/et_pb_row][\/et_pb_section]<\/p>\n","protected":false},"excerpt":{"rendered":"<p>Le Kiwanis est une philosophie, reposant sur un certain nombre de valeurs fondamentales qui forment la base de notre mouvement et qui nous distinguent de toutes les autres associations! Ces [&hellip;]<\/p>\n","protected":false},"author":2,"featured_media":0,"parent":153,"menu_order":1,"comment_status":"closed","ping_status":"closed","template":"","meta":{"_et_pb_use_builder":"on","_et_pb_old_content":"[fusion_builder_container type=\"flex\" hundred_percent=\"no\" hundred_percent_height=\"no\" min_height=\"\" hundred_percent_height_scroll=\"no\" align_content=\"stretch\" flex_align_items=\"flex-start\" flex_justify_content=\"flex-start\" flex_column_spacing=\"\" hundred_percent_height_center_content=\"yes\" equal_height_columns=\"no\" container_tag=\"div\" menu_anchor=\"\" hide_on_mobile=\"small-visibility,medium-visibility,large-visibility\" status=\"published\" publish_date=\"\" class=\"\" id=\"\" spacing_medium=\"\" margin_top_medium=\"\" margin_bottom_medium=\"\" spacing_small=\"\" margin_top_small=\"\" margin_bottom_small=\"\" margin_top=\"\" margin_bottom=\"\" padding_dimensions_medium=\"\" padding_top_medium=\"\" padding_right_medium=\"\" padding_bottom_medium=\"\" padding_left_medium=\"\" padding_dimensions_small=\"\" padding_top_small=\"\" padding_right_small=\"\" padding_bottom_small=\"\" padding_left_small=\"\" padding_top=\"\" padding_right=\"\" padding_bottom=\"\" padding_left=\"\" link_color=\"\" link_hover_color=\"\" border_sizes=\"\" border_sizes_top=\"\" border_sizes_right=\"\" border_sizes_bottom=\"\" border_sizes_left=\"\" border_color=\"\" border_style=\"solid\" box_shadow=\"no\" box_shadow_vertical=\"\" box_shadow_horizontal=\"\" box_shadow_blur=\"0\" box_shadow_spread=\"0\" box_shadow_color=\"\" box_shadow_style=\"\" z_index=\"\" overflow=\"\" gradient_start_color=\"\" gradient_end_color=\"\" gradient_start_position=\"0\" gradient_end_position=\"100\" gradient_type=\"linear\" radial_direction=\"center center\" linear_angle=\"180\" background_color=\"\" background_image=\"\" background_position=\"center center\" background_repeat=\"no-repeat\" fade=\"no\" background_parallax=\"none\" enable_mobile=\"no\" parallax_speed=\"0.3\" background_blend_mode=\"none\" video_mp4=\"\" video_webm=\"\" video_ogv=\"\" video_url=\"\" video_aspect_ratio=\"16:9\" video_loop=\"yes\" video_mute=\"yes\" video_preview_image=\"\" render_logics=\"\" absolute=\"off\" absolute_devices=\"small,medium,large\" sticky=\"off\" sticky_devices=\"small-visibility,medium-visibility,large-visibility\" sticky_background_color=\"\" sticky_height=\"\" sticky_offset=\"\" sticky_transition_offset=\"0\" scroll_offset=\"0\" animation_type=\"\" animation_direction=\"left\" animation_speed=\"0.3\" animation_offset=\"\" filter_hue=\"0\" filter_saturation=\"100\" filter_brightness=\"100\" filter_contrast=\"100\" filter_invert=\"0\" filter_sepia=\"0\" filter_opacity=\"100\" filter_blur=\"0\" filter_hue_hover=\"0\" filter_saturation_hover=\"100\" filter_brightness_hover=\"100\" filter_contrast_hover=\"100\" filter_invert_hover=\"0\" filter_sepia_hover=\"0\" filter_opacity_hover=\"100\" filter_blur_hover=\"0\"][fusion_builder_row][fusion_builder_column type=\"1_1\" align_self=\"auto\" content_layout=\"column\" align_content=\"flex-start\" valign_content=\"flex-start\" content_wrap=\"wrap\" spacing=\"\" center_content=\"no\" link=\"\" target=\"_self\" min_height=\"\" hide_on_mobile=\"small-visibility,medium-visibility,large-visibility\" sticky_display=\"normal,sticky\" class=\"\" id=\"\" type_medium=\"\" type_small=\"\" order_medium=\"0\" order_small=\"0\" dimension_spacing_medium=\"\" dimension_spacing_small=\"\" dimension_spacing=\"\" dimension_margin_medium=\"\" dimension_margin_small=\"\" margin_top=\"\" margin_bottom=\"\" padding_medium=\"\" padding_small=\"\" padding_top=\"\" padding_right=\"\" padding_bottom=\"\" padding_left=\"\" hover_type=\"none\" border_sizes=\"\" border_color=\"\" border_style=\"solid\" border_radius=\"\" box_shadow=\"no\" dimension_box_shadow=\"\" box_shadow_blur=\"0\" box_shadow_spread=\"0\" box_shadow_color=\"\" box_shadow_style=\"\" background_type=\"single\" gradient_start_color=\"\" gradient_end_color=\"\" gradient_start_position=\"0\" gradient_end_position=\"100\" gradient_type=\"linear\" radial_direction=\"center center\" linear_angle=\"180\" background_color=\"\" background_image=\"\" background_image_id=\"\" background_position=\"left top\" background_repeat=\"no-repeat\" background_blend_mode=\"none\" render_logics=\"\" filter_type=\"regular\" filter_hue=\"0\" filter_saturation=\"100\" filter_brightness=\"100\" filter_contrast=\"100\" filter_invert=\"0\" filter_sepia=\"0\" filter_opacity=\"100\" filter_blur=\"0\" filter_hue_hover=\"0\" filter_saturation_hover=\"100\" filter_brightness_hover=\"100\" filter_contrast_hover=\"100\" filter_invert_hover=\"0\" filter_sepia_hover=\"0\" filter_opacity_hover=\"100\" filter_blur_hover=\"0\" animation_type=\"\" animation_direction=\"left\" animation_speed=\"0.3\" animation_offset=\"\" last=\"no\" border_position=\"all\"][fusion_text columns=\"\" column_min_width=\"\" column_spacing=\"\" rule_style=\"default\" rule_size=\"\" rule_color=\"\" content_alignment_medium=\"\" content_alignment_small=\"\" content_alignment=\"\" hide_on_mobile=\"small-visibility,medium-visibility,large-visibility\" sticky_display=\"normal,sticky\" class=\"\" id=\"\" margin_top=\"\" margin_right=\"\" margin_bottom=\"\" margin_left=\"\" font_size=\"\" fusion_font_family_text_font=\"\" fusion_font_variant_text_font=\"\" line_height=\"\" letter_spacing=\"\" text_color=\"\" animation_type=\"\" animation_direction=\"left\" animation_speed=\"0.3\" animation_offset=\"\"]\r\n<div class=\"contentcontainer\">\r\n<div class=\"middlecontainer\">\r\n<div class=\"content\">\r\n\r\nLe Kiwanis est une philosophie, reposant sur un certain nombre de valeurs fondamentales qui forment la base de notre mouvement et qui nous distinguent de toutes les autres associations!\r\nCes valeurs fondamentales ont \u00e9t\u00e9 r\u00e9dig\u00e9es il y a 100 ans et sont aujourd\u2019hui, dans le monde o\u00f9 nous vivons, plus actuelles que jamais.\r\n<h2>Nos valeurs<\/h2>\r\n<ul>\r\n \t<li>Assurer la primaut\u00e9 des valeurs humaines et spirituelles sur les valeurs mat\u00e9rielles.<\/li>\r\n \t<li>Encourager l'application quotidienne de la R\u00e8gle d'Or dans toutes les relations humaines: 'Fais pour autrui ce que tu voudrais qu'il fasse pour toi'.<\/li>\r\n \t<li>Promouvoir l'adoption et l'application de principes \u00e9lev\u00e9s dans la vie sociale, professionnelle et des affaires.<\/li>\r\n \t<li>D\u00e9velopper, par le pr\u00e9cepte et par l'exemple, une notion de service plus intelligente, plus active et efficace.<\/li>\r\n \t<li>Procurer, par l'interm\u00e9diaire du club, des moyens pratiques pour former des amiti\u00e9s durables, rendre des services altruistes et construire une communaut\u00e9 meilleure.<\/li>\r\n \t<li>Collaborer \u00e0 la cr\u00e9ation et au maintien d'une opinion publique saine et d'un id\u00e9alisme \u00e9lev\u00e9 rendant possible le d\u00e9veloppement de l'honn\u00eatet\u00e9, de la justice, de l'amour de la patrie et de la bonne volont\u00e9.<\/li>\r\n<\/ul>\r\n<\/div>\r\n<\/div>\r\n<div class=\"rightcontainer\"><\/div>\r\n<\/div>\r\n<div class=\"footercontainer\"><\/div>\r\n[\/fusion_text][\/fusion_builder_column][\/fusion_builder_row][\/fusion_builder_container]","_et_gb_content_width":""},"yoast_head":"<!-- This site is optimized with the Yoast SEO plugin v19.8 - https:\/\/yoast.com\/wordpress\/plugins\/seo\/ -->\n<title>Nos objectifs et nos valeurs - Kiwanis Dilbeek Bruegel<\/title>\n<meta name=\"robots\" content=\"noindex, follow, max-snippet:-1, max-image-preview:large, max-video-preview:-1\" \/>\n<meta property=\"og:locale\" content=\"fr_FR\" \/>\n<meta property=\"og:type\" content=\"article\" \/>\n<meta property=\"og:title\" content=\"Nos objectifs et nos valeurs - Kiwanis Dilbeek Bruegel\" \/>\n<meta property=\"og:description\" content=\"Le Kiwanis est une philosophie, reposant sur un certain nombre de valeurs fondamentales qui forment la base de notre mouvement et qui nous distinguent de toutes les autres associations! Ces [&hellip;]\" \/>\n<meta property=\"og:url\" content=\"https:\/\/webkrea.kiwanisbelux.site\/bruegel\/a-propos\/objectifs-et-valeurs\/\" \/>\n<meta property=\"og:site_name\" content=\"Kiwanis Dilbeek Bruegel\" \/>\n<meta property=\"article:modified_time\" content=\"2022-07-27T13:14:35+00:00\" \/>\n<meta name=\"twitter:card\" content=\"summary_large_image\" \/>\n<meta name=\"twitter:label1\" content=\"Dur\u00e9e de lecture estim\u00e9e\" \/>\n\t<meta name=\"twitter:data1\" content=\"1 minute\" \/>\n<script type=\"application\/ld+json\" class=\"yoast-schema-graph\">{\"@context\":\"https:\/\/schema.org\",\"@graph\":[{\"@type\":\"WebPage\",\"@id\":\"https:\/\/webkrea.kiwanisbelux.site\/bruegel\/a-propos\/objectifs-et-valeurs\/\",\"url\":\"https:\/\/webkrea.kiwanisbelux.site\/bruegel\/a-propos\/objectifs-et-valeurs\/\",\"name\":\"Nos objectifs et nos valeurs - Kiwanis Dilbeek Bruegel\",\"isPartOf\":{\"@id\":\"https:\/\/webkrea.kiwanisbelux.site\/bruegel\/#website\"},\"datePublished\":\"2022-05-11T10:36:04+00:00\",\"dateModified\":\"2022-07-27T13:14:35+00:00\",\"breadcrumb\":{\"@id\":\"https:\/\/webkrea.kiwanisbelux.site\/bruegel\/a-propos\/objectifs-et-valeurs\/#breadcrumb\"},\"inLanguage\":\"fr-FR\",\"potentialAction\":[{\"@type\":\"ReadAction\",\"target\":[\"https:\/\/webkrea.kiwanisbelux.site\/bruegel\/a-propos\/objectifs-et-valeurs\/\"]}]},{\"@type\":\"BreadcrumbList\",\"@id\":\"https:\/\/webkrea.kiwanisbelux.site\/bruegel\/a-propos\/objectifs-et-valeurs\/#breadcrumb\",\"itemListElement\":[{\"@type\":\"ListItem\",\"position\":1,\"name\":\"Home\",\"item\":\"https:\/\/webkrea.kiwanisbelux.site\/bruegel\/\"},{\"@type\":\"ListItem\",\"position\":2,\"name\":\"A propos\",\"item\":\"https:\/\/webkrea.kiwanisbelux.site\/bruegel\/a-propos\/\"},{\"@type\":\"ListItem\",\"position\":3,\"name\":\"Nos objectifs et nos valeurs\"}]},{\"@type\":\"WebSite\",\"@id\":\"https:\/\/webkrea.kiwanisbelux.site\/bruegel\/#website\",\"url\":\"https:\/\/webkrea.kiwanisbelux.site\/bruegel\/\",\"name\":\"Kiwanis Dilbeek Bruegel\",\"description\":\"\",\"publisher\":{\"@id\":\"https:\/\/webkrea.kiwanisbelux.site\/bruegel\/#organization\"},\"potentialAction\":[{\"@type\":\"SearchAction\",\"target\":{\"@type\":\"EntryPoint\",\"urlTemplate\":\"https:\/\/webkrea.kiwanisbelux.site\/bruegel\/?s={search_term_string}\"},\"query-input\":\"required name=search_term_string\"}],\"inLanguage\":\"fr-FR\"},{\"@type\":\"Organization\",\"@id\":\"https:\/\/webkrea.kiwanisbelux.site\/bruegel\/#organization\",\"name\":\"Kiwanis\",\"url\":\"https:\/\/webkrea.kiwanisbelux.site\/bruegel\/\",\"sameAs\":[],\"logo\":{\"@type\":\"ImageObject\",\"inLanguage\":\"fr-FR\",\"@id\":\"https:\/\/webkrea.kiwanisbelux.site\/bruegel\/#\/schema\/logo\/image\/\",\"url\":\"https:\/\/webkrea.kiwanisbelux.site\/bruegel\/wp-content\/uploads\/sites\/22\/2021\/04\/kiwanis-logo@2x.png\",\"contentUrl\":\"https:\/\/webkrea.kiwanisbelux.site\/bruegel\/wp-content\/uploads\/sites\/22\/2021\/04\/kiwanis-logo@2x.png\",\"width\":555,\"height\":100,\"caption\":\"Kiwanis\"},\"image\":{\"@id\":\"https:\/\/webkrea.kiwanisbelux.site\/bruegel\/#\/schema\/logo\/image\/\"}}]}<\/script>\n<!-- \/ Yoast SEO plugin. -->","yoast_head_json":{"title":"Nos objectifs et nos valeurs - Kiwanis Dilbeek Bruegel","robots":{"index":"noindex","follow":"follow","max-snippet":"max-snippet:-1","max-image-preview":"max-image-preview:large","max-video-preview":"max-video-preview:-1"},"og_locale":"fr_FR","og_type":"article","og_title":"Nos objectifs et nos valeurs - Kiwanis Dilbeek Bruegel","og_description":"Le Kiwanis est une philosophie, reposant sur un certain nombre de valeurs fondamentales qui forment la base de notre mouvement et qui nous distinguent de toutes les autres associations! Ces [&hellip;]","og_url":"https:\/\/webkrea.kiwanisbelux.site\/bruegel\/a-propos\/objectifs-et-valeurs\/","og_site_name":"Kiwanis Dilbeek Bruegel","article_modified_time":"2022-07-27T13:14:35+00:00","twitter_card":"summary_large_image","twitter_misc":{"Dur\u00e9e de lecture estim\u00e9e":"1 minute"},"schema":{"@context":"https:\/\/schema.org","@graph":[{"@type":"WebPage","@id":"https:\/\/webkrea.kiwanisbelux.site\/bruegel\/a-propos\/objectifs-et-valeurs\/","url":"https:\/\/webkrea.kiwanisbelux.site\/bruegel\/a-propos\/objectifs-et-valeurs\/","name":"Nos objectifs et nos valeurs - Kiwanis Dilbeek Bruegel","isPartOf":{"@id":"https:\/\/webkrea.kiwanisbelux.site\/bruegel\/#website"},"datePublished":"2022-05-11T10:36:04+00:00","dateModified":"2022-07-27T13:14:35+00:00","breadcrumb":{"@id":"https:\/\/webkrea.kiwanisbelux.site\/bruegel\/a-propos\/objectifs-et-valeurs\/#breadcrumb"},"inLanguage":"fr-FR","potentialAction":[{"@type":"ReadAction","target":["https:\/\/webkrea.kiwanisbelux.site\/bruegel\/a-propos\/objectifs-et-valeurs\/"]}]},{"@type":"BreadcrumbList","@id":"https:\/\/webkrea.kiwanisbelux.site\/bruegel\/a-propos\/objectifs-et-valeurs\/#breadcrumb","itemListElement":[{"@type":"ListItem","position":1,"name":"Home","item":"https:\/\/webkrea.kiwanisbelux.site\/bruegel\/"},{"@type":"ListItem","position":2,"name":"A propos","item":"https:\/\/webkrea.kiwanisbelux.site\/bruegel\/a-propos\/"},{"@type":"ListItem","position":3,"name":"Nos objectifs et nos valeurs"}]},{"@type":"WebSite","@id":"https:\/\/webkrea.kiwanisbelux.site\/bruegel\/#website","url":"https:\/\/webkrea.kiwanisbelux.site\/bruegel\/","name":"Kiwanis Dilbeek Bruegel","description":"","publisher":{"@id":"https:\/\/webkrea.kiwanisbelux.site\/bruegel\/#organization"},"potentialAction":[{"@type":"SearchAction","target":{"@type":"EntryPoint","urlTemplate":"https:\/\/webkrea.kiwanisbelux.site\/bruegel\/?s={search_term_string}"},"query-input":"required name=search_term_string"}],"inLanguage":"fr-FR"},{"@type":"Organization","@id":"https:\/\/webkrea.kiwanisbelux.site\/bruegel\/#organization","name":"Kiwanis","url":"https:\/\/webkrea.kiwanisbelux.site\/bruegel\/","sameAs":[],"logo":{"@type":"ImageObject","inLanguage":"fr-FR","@id":"https:\/\/webkrea.kiwanisbelux.site\/bruegel\/#\/schema\/logo\/image\/","url":"https:\/\/webkrea.kiwanisbelux.site\/bruegel\/wp-content\/uploads\/sites\/22\/2021\/04\/kiwanis-logo@2x.png","contentUrl":"https:\/\/webkrea.kiwanisbelux.site\/bruegel\/wp-content\/uploads\/sites\/22\/2021\/04\/kiwanis-logo@2x.png","width":555,"height":100,"caption":"Kiwanis"},"image":{"@id":"https:\/\/webkrea.kiwanisbelux.site\/bruegel\/#\/schema\/logo\/image\/"}}]}},"_links":{"self":[{"href":"https:\/\/webkrea.kiwanisbelux.site\/bruegel\/wp-json\/wp\/v2\/pages\/1549"}],"collection":[{"href":"https:\/\/webkrea.kiwanisbelux.site\/bruegel\/wp-json\/wp\/v2\/pages"}],"about":[{"href":"https:\/\/webkrea.kiwanisbelux.site\/bruegel\/wp-json\/wp\/v2\/types\/page"}],"author":[{"embeddable":true,"href":"https:\/\/webkrea.kiwanisbelux.site\/bruegel\/wp-json\/wp\/v2\/users\/2"}],"replies":[{"embeddable":true,"href":"https:\/\/webkrea.kiwanisbelux.site\/bruegel\/wp-json\/wp\/v2\/comments?post=1549"}],"version-history":[{"count":5,"href":"https:\/\/webkrea.kiwanisbelux.site\/bruegel\/wp-json\/wp\/v2\/pages\/1549\/revisions"}],"predecessor-version":[{"id":1856,"href":"https:\/\/webkrea.kiwanisbelux.site\/bruegel\/wp-json\/wp\/v2\/pages\/1549\/revisions\/1856"}],"up":[{"embeddable":true,"href":"https:\/\/webkrea.kiwanisbelux.site\/bruegel\/wp-json\/wp\/v2\/pages\/153"}],"wp:attachment":[{"href":"https:\/\/webkrea.kiwanisbelux.site\/bruegel\/wp-json\/wp\/v2\/media?parent=1549"}],"curies":[{"name":"wp","href":"https:\/\/api.w.org\/{rel}","templated":true}]}}