{"id":2337,"date":"2022-08-21T12:15:52","date_gmt":"2022-08-21T10:15:52","guid":{"rendered":"https:\/\/webkrea.kiwanisbelux.site\/bruegel\/?page_id=2337"},"modified":"2022-09-02T08:22:58","modified_gmt":"2022-09-02T06:22:58","slug":"kiwanis-kerst-in-the-stad-2017","status":"publish","type":"page","link":"https:\/\/webkrea.kiwanisbelux.site\/bruegel\/nl\/sociale-acties\/kiwanis-kerst-in-the-stad-2017\/","title":{"rendered":"Kiwanis Kerst in the stad 2017"},"content":{"rendered":"[et_pb_section fb_built=&#8221;1&#8243; admin_label=&#8221;section&#8221; _builder_version=&#8221;4.16&#8243; global_colors_info=&#8221;{}&#8221;][et_pb_row admin_label=&#8221;row&#8221; _builder_version=&#8221;4.16&#8243; background_size=&#8221;initial&#8221; background_position=&#8221;top_left&#8221; background_repeat=&#8221;repeat&#8221; global_colors_info=&#8221;{}&#8221;][et_pb_column type=&#8221;4_4&#8243; _builder_version=&#8221;4.16&#8243; custom_padding=&#8221;|||&#8221; global_colors_info=&#8221;{}&#8221; custom_padding__hover=&#8221;|||&#8221;][et_pb_text admin_label=&#8221;Text&#8221; _builder_version=&#8221;4.16&#8243; background_size=&#8221;initial&#8221; background_position=&#8221;top_left&#8221; background_repeat=&#8221;repeat&#8221; global_colors_info=&#8221;{}&#8221;]\n<p>Wind, vriezen dat het kraakt, sneeuw, gladde en gevaarlijke wegen en toch waren onze leden van Dilbeek op post trouw aan een op vooraf bepaald schema. Bij morgenstond en felle vries koude zorgen enkele vrijwilligers voor een minimum aan komfoort in de tent. Er wordt koffie, th\u00e9 en soep gebracht door een van de charmante echtgenotes voorbereid. Even herinneren aan het feit dat enkele dagen vooraf leden van de club &#8221;flyers&#8221; verdeeld hebben in de brievenbussen uit de omgeving en uitgedeeld hebben op de kerstmarkt in het kasteel &#8221;Karreveld&#8221;.Vlug kregen we bezoek, speelgoed, kleding voor kinderen van elke ouderdom, niet vergankelijke eetwaren enz\u2026.. stapelden zich op.<\/p>\n\n\n\n<figure class=\"wp-block-image size-large is-resized\"><img loading=\"lazy\" src=\"https:\/\/webkrea.kiwanisbelux.site\/bruegel\/wp-content\/uploads\/sites\/22\/2022\/07\/IMG_20171210_104249crop-lr-1024x747.jpg\" alt=\"\" class=\"wp-image-1949\" width=\"318\" height=\"231\"\/><\/figure>\n\n\n\n<p>Onze Ltn. Gouverneur kwam ons ook aanmoedigen. Zoals elk jaar in de loop van de dag kwam een bus van de MIVB. Vergezeld door charmante &#8220;radio Nostalgie hotessen&#8221; de giften ophalen om naar het verzamelpunt te brengen waar verschillende sociale organisaties de giften konden ophalen.Het totaal volume verzamelde giften lag iets lager dan vorig jaar en toch was het een prachtige dag die volledig de sociale Kiwanis doelstellingen beogden.<br>Proficiat en dank aan allen.<\/p>\n[\/et_pb_text][et_pb_divider _builder_version=&#8221;4.18.0&#8243; _module_preset=&#8221;default&#8221; hover_enabled=&#8221;0&#8243; sticky_enabled=&#8221;0&#8243;][\/et_pb_divider][et_pb_text _builder_version=&#8221;4.18.0&#8243; _dynamic_attributes=&#8221;content&#8221; _module_preset=&#8221;default&#8221; text_font_size=&#8221;12px&#8221; global_colors_info=&#8221;{}&#8221; global_module=&#8221;2663&#8243; theme_builder_area=&#8221;post_content&#8221;]@ET-DC@eyJkeW5hbWljIjp0cnVlLCJjb250ZW50IjoiY3VycmVudF9kYXRlIiwic2V0dGluZ3MiOnsiYmVmb3JlIjoiTGFhdHN0ZSB1aXRnYXZlICIsImFmdGVyIjoiIiwiZGF0ZV9mb3JtYXQiOiJkZWZhdWx0IiwiY3VzdG9tX2RhdGVfZm9ybWF0IjoiIn19@[\/et_pb_text][\/et_pb_column][\/et_pb_row][\/et_pb_section]","protected":false},"excerpt":{"rendered":"<p>[et_pb_section fb_built=&#8221;1&#8243; admin_label=&#8221;section&#8221; _builder_version=&#8221;4.16&#8243; global_colors_info=&#8221;{}&#8221;][et_pb_row admin_label=&#8221;row&#8221; _builder_version=&#8221;4.16&#8243; background_size=&#8221;initial&#8221; background_position=&#8221;top_left&#8221; background_repeat=&#8221;repeat&#8221; global_colors_info=&#8221;{}&#8221;][et_pb_column type=&#8221;4_4&#8243; _builder_version=&#8221;4.16&#8243; custom_padding=&#8221;|||&#8221; global_colors_info=&#8221;{}&#8221; custom_padding__hover=&#8221;|||&#8221;][et_pb_text admin_label=&#8221;Text&#8221; _builder_version=&#8221;4.16&#8243; background_size=&#8221;initial&#8221; background_position=&#8221;top_left&#8221; background_repeat=&#8221;repeat&#8221; global_colors_info=&#8221;{}&#8221;] Wind, vriezen dat het kraakt, sneeuw, gladde en [&hellip;]<\/p>\n","protected":false},"author":6,"featured_media":0,"parent":2329,"menu_order":3,"comment_status":"closed","ping_status":"closed","template":"","meta":{"_et_pb_use_builder":"off","_et_pb_old_content":"<!-- wp:paragraph -->\n<p>Qu'il vente, g\u00e8le \u00e0 pierre fendre, qu'il neige et qu'un verglas par endroit rend les routes dangereuses, les petits gars du club de Dilbeek \u00e9taient fid\u00e8les au poste. T\u00e2ches qui ont \u00e9t\u00e9 \u00e9tablies suivant un horaire&nbsp; pour la journ\u00e9e. D\u00e8s le matin t\u00f4t quelques volontaires peaufinent par un froid de canard un minimum de confort pour accueillir les b\u00e9n\u00e9voles. N'oublions pas le caf\u00e9-th\u00e9 et la soupe pr\u00e9par\u00e9s par une des ''tr\u00e8s'' charmantes \u00e9pouses. Rappelons \u00e9galement que quelques jours avant l'op\u00e9ration certains membres ont distribu\u00e9 des ''flyers'' dans les bo\u00eetes aux lettres des environs et distribu\u00e9 avec commentaires aux visiteurs du march\u00e9 de No\u00ebl au ch\u00e2teau du Karreveld.<\/p>\n<!-- \/wp:paragraph -->\n\n<!-- wp:image {\"id\":1949,\"width\":318,\"height\":231,\"sizeSlug\":\"large\",\"linkDestination\":\"none\"} -->\n<figure class=\"wp-block-image size-large is-resized\"><img src=\"https:\/\/webkrea.kiwanisbelux.site\/bruegel\/wp-content\/uploads\/sites\/22\/2022\/07\/IMG_20171210_104249crop-lr-1024x747.jpg\" alt=\"\" class=\"wp-image-1949\" width=\"318\" height=\"231\" \/><figcaption>dav<\/figcaption><\/figure>\n<!-- \/wp:image -->\n\n<!-- wp:paragraph -->\n<p>Tr\u00e8s rapidement les chalands se sont pr\u00e9sent\u00e9s avec les dons, jouets, habillement pour enfants de tous \u00e2ges, alimentation non p\u00e9rissable etc....&nbsp; Nous avons \u00e9galement b\u00e9n\u00e9fici\u00e9 de la visite de notre Lt. Gouverneur et comme chaque ann\u00e9e en milieu de journ\u00e9e un bus de la STIB accompagn\u00e9 de tr\u00e8s charmantes h\u00f4tesses ''radio Nostalgie'' a charg\u00e9 les dons d\u00e9j\u00e0 r\u00e9colt\u00e9s pour les amener au lieu de rassemblement o\u00f9 plusieurs \u0153uvres ont pu faire leurs choix.Bien que la quantit\u00e9 de dons recueillis fut l\u00e9g\u00e8rement moindre que l'an pass\u00e9 ce fut une magnifique journ\u00e9e r\u00e9pondant parfaitement \u00e0 nos objectifs sociaux.<\/p>\n<!-- \/wp:paragraph -->\n\n<!-- wp:paragraph -->\n<p>Bravo et merci \u00e0 tous.&nbsp;<\/p>\n<!-- \/wp:paragraph -->","_et_gb_content_width":""},"yoast_head":"<!-- This site is optimized with the Yoast SEO plugin v19.8 - https:\/\/yoast.com\/wordpress\/plugins\/seo\/ -->\n<title>Kiwanis Kerst in the stad 2017 - Kiwanis Dilbeek Bruegel<\/title>\n<meta name=\"robots\" content=\"noindex, follow, max-snippet:-1, max-image-preview:large, max-video-preview:-1\" \/>\n<meta property=\"og:locale\" content=\"nl_NL\" \/>\n<meta property=\"og:type\" content=\"article\" \/>\n<meta property=\"og:title\" content=\"Kiwanis Kerst in the stad 2017 - Kiwanis Dilbeek Bruegel\" \/>\n<meta property=\"og:description\" content=\"[et_pb_section fb_built=&#8221;1&#8243; admin_label=&#8221;section&#8221; _builder_version=&#8221;4.16&#8243; global_colors_info=&#8221;{}&#8221;][et_pb_row admin_label=&#8221;row&#8221; _builder_version=&#8221;4.16&#8243; background_size=&#8221;initial&#8221; background_position=&#8221;top_left&#8221; background_repeat=&#8221;repeat&#8221; global_colors_info=&#8221;{}&#8221;][et_pb_column type=&#8221;4_4&#8243; _builder_version=&#8221;4.16&#8243; custom_padding=&#8221;|||&#8221; global_colors_info=&#8221;{}&#8221; custom_padding__hover=&#8221;|||&#8221;][et_pb_text admin_label=&#8221;Text&#8221; _builder_version=&#8221;4.16&#8243; background_size=&#8221;initial&#8221; background_position=&#8221;top_left&#8221; background_repeat=&#8221;repeat&#8221; global_colors_info=&#8221;{}&#8221;] Wind, vriezen dat het kraakt, sneeuw, gladde en [&hellip;]\" \/>\n<meta property=\"og:url\" content=\"https:\/\/webkrea.kiwanisbelux.site\/bruegel\/nl\/sociale-acties\/kiwanis-kerst-in-the-stad-2017\/\" \/>\n<meta property=\"og:site_name\" content=\"Kiwanis Dilbeek Bruegel\" \/>\n<meta property=\"article:modified_time\" content=\"2022-09-02T06:22:58+00:00\" \/>\n<meta property=\"og:image\" content=\"https:\/\/webkrea.kiwanisbelux.site\/bruegel\/wp-content\/uploads\/sites\/22\/2022\/07\/IMG_20171210_104249crop-lr-1024x747.jpg\" \/>\n<meta name=\"twitter:card\" content=\"summary_large_image\" \/>\n<meta name=\"twitter:label1\" content=\"Geschatte leestijd\" \/>\n\t<meta name=\"twitter:data1\" content=\"2 minuten\" \/>\n<script type=\"application\/ld+json\" class=\"yoast-schema-graph\">{\"@context\":\"https:\/\/schema.org\",\"@graph\":[{\"@type\":\"WebPage\",\"@id\":\"https:\/\/webkrea.kiwanisbelux.site\/bruegel\/nl\/sociale-acties\/kiwanis-kerst-in-the-stad-2017\/\",\"url\":\"https:\/\/webkrea.kiwanisbelux.site\/bruegel\/nl\/sociale-acties\/kiwanis-kerst-in-the-stad-2017\/\",\"name\":\"Kiwanis Kerst in the stad 2017 - Kiwanis Dilbeek Bruegel\",\"isPartOf\":{\"@id\":\"https:\/\/webkrea.kiwanisbelux.site\/bruegel\/nl\/#website\"},\"datePublished\":\"2022-08-21T10:15:52+00:00\",\"dateModified\":\"2022-09-02T06:22:58+00:00\",\"breadcrumb\":{\"@id\":\"https:\/\/webkrea.kiwanisbelux.site\/bruegel\/nl\/sociale-acties\/kiwanis-kerst-in-the-stad-2017\/#breadcrumb\"},\"inLanguage\":\"nl\",\"potentialAction\":[{\"@type\":\"ReadAction\",\"target\":[\"https:\/\/webkrea.kiwanisbelux.site\/bruegel\/nl\/sociale-acties\/kiwanis-kerst-in-the-stad-2017\/\"]}]},{\"@type\":\"BreadcrumbList\",\"@id\":\"https:\/\/webkrea.kiwanisbelux.site\/bruegel\/nl\/sociale-acties\/kiwanis-kerst-in-the-stad-2017\/#breadcrumb\",\"itemListElement\":[{\"@type\":\"ListItem\",\"position\":1,\"name\":\"Home\",\"item\":\"https:\/\/webkrea.kiwanisbelux.site\/bruegel\/nl\/\"},{\"@type\":\"ListItem\",\"position\":2,\"name\":\"Sociale acties\",\"item\":\"https:\/\/webkrea.kiwanisbelux.site\/bruegel\/nl\/sociale-acties\/\"},{\"@type\":\"ListItem\",\"position\":3,\"name\":\"Kiwanis Kerst in the stad 2017\"}]},{\"@type\":\"WebSite\",\"@id\":\"https:\/\/webkrea.kiwanisbelux.site\/bruegel\/nl\/#website\",\"url\":\"https:\/\/webkrea.kiwanisbelux.site\/bruegel\/nl\/\",\"name\":\"Kiwanis Dilbeek Bruegel\",\"description\":\"\",\"publisher\":{\"@id\":\"https:\/\/webkrea.kiwanisbelux.site\/bruegel\/nl\/#organization\"},\"potentialAction\":[{\"@type\":\"SearchAction\",\"target\":{\"@type\":\"EntryPoint\",\"urlTemplate\":\"https:\/\/webkrea.kiwanisbelux.site\/bruegel\/nl\/?s={search_term_string}\"},\"query-input\":\"required name=search_term_string\"}],\"inLanguage\":\"nl\"},{\"@type\":\"Organization\",\"@id\":\"https:\/\/webkrea.kiwanisbelux.site\/bruegel\/nl\/#organization\",\"name\":\"Kiwanis\",\"url\":\"https:\/\/webkrea.kiwanisbelux.site\/bruegel\/nl\/\",\"sameAs\":[],\"logo\":{\"@type\":\"ImageObject\",\"inLanguage\":\"nl\",\"@id\":\"https:\/\/webkrea.kiwanisbelux.site\/bruegel\/nl\/#\/schema\/logo\/image\/\",\"url\":\"https:\/\/webkrea.kiwanisbelux.site\/bruegel\/wp-content\/uploads\/sites\/22\/2021\/04\/kiwanis-logo@2x.png\",\"contentUrl\":\"https:\/\/webkrea.kiwanisbelux.site\/bruegel\/wp-content\/uploads\/sites\/22\/2021\/04\/kiwanis-logo@2x.png\",\"width\":555,\"height\":100,\"caption\":\"Kiwanis\"},\"image\":{\"@id\":\"https:\/\/webkrea.kiwanisbelux.site\/bruegel\/nl\/#\/schema\/logo\/image\/\"}}]}<\/script>\n<!-- \/ Yoast SEO plugin. -->","yoast_head_json":{"title":"Kiwanis Kerst in the stad 2017 - Kiwanis Dilbeek Bruegel","robots":{"index":"noindex","follow":"follow","max-snippet":"max-snippet:-1","max-image-preview":"max-image-preview:large","max-video-preview":"max-video-preview:-1"},"og_locale":"nl_NL","og_type":"article","og_title":"Kiwanis Kerst in the stad 2017 - Kiwanis Dilbeek Bruegel","og_description":"[et_pb_section fb_built=&#8221;1&#8243; admin_label=&#8221;section&#8221; _builder_version=&#8221;4.16&#8243; global_colors_info=&#8221;{}&#8221;][et_pb_row admin_label=&#8221;row&#8221; _builder_version=&#8221;4.16&#8243; background_size=&#8221;initial&#8221; background_position=&#8221;top_left&#8221; background_repeat=&#8221;repeat&#8221; global_colors_info=&#8221;{}&#8221;][et_pb_column type=&#8221;4_4&#8243; _builder_version=&#8221;4.16&#8243; custom_padding=&#8221;|||&#8221; global_colors_info=&#8221;{}&#8221; custom_padding__hover=&#8221;|||&#8221;][et_pb_text admin_label=&#8221;Text&#8221; _builder_version=&#8221;4.16&#8243; background_size=&#8221;initial&#8221; background_position=&#8221;top_left&#8221; background_repeat=&#8221;repeat&#8221; global_colors_info=&#8221;{}&#8221;] Wind, vriezen dat het kraakt, sneeuw, gladde en [&hellip;]","og_url":"https:\/\/webkrea.kiwanisbelux.site\/bruegel\/nl\/sociale-acties\/kiwanis-kerst-in-the-stad-2017\/","og_site_name":"Kiwanis Dilbeek Bruegel","article_modified_time":"2022-09-02T06:22:58+00:00","og_image":[{"url":"https:\/\/webkrea.kiwanisbelux.site\/bruegel\/wp-content\/uploads\/sites\/22\/2022\/07\/IMG_20171210_104249crop-lr-1024x747.jpg"}],"twitter_card":"summary_large_image","twitter_misc":{"Geschatte leestijd":"2 minuten"},"schema":{"@context":"https:\/\/schema.org","@graph":[{"@type":"WebPage","@id":"https:\/\/webkrea.kiwanisbelux.site\/bruegel\/nl\/sociale-acties\/kiwanis-kerst-in-the-stad-2017\/","url":"https:\/\/webkrea.kiwanisbelux.site\/bruegel\/nl\/sociale-acties\/kiwanis-kerst-in-the-stad-2017\/","name":"Kiwanis Kerst in the stad 2017 - Kiwanis Dilbeek Bruegel","isPartOf":{"@id":"https:\/\/webkrea.kiwanisbelux.site\/bruegel\/nl\/#website"},"datePublished":"2022-08-21T10:15:52+00:00","dateModified":"2022-09-02T06:22:58+00:00","breadcrumb":{"@id":"https:\/\/webkrea.kiwanisbelux.site\/bruegel\/nl\/sociale-acties\/kiwanis-kerst-in-the-stad-2017\/#breadcrumb"},"inLanguage":"nl","potentialAction":[{"@type":"ReadAction","target":["https:\/\/webkrea.kiwanisbelux.site\/bruegel\/nl\/sociale-acties\/kiwanis-kerst-in-the-stad-2017\/"]}]},{"@type":"BreadcrumbList","@id":"https:\/\/webkrea.kiwanisbelux.site\/bruegel\/nl\/sociale-acties\/kiwanis-kerst-in-the-stad-2017\/#breadcrumb","itemListElement":[{"@type":"ListItem","position":1,"name":"Home","item":"https:\/\/webkrea.kiwanisbelux.site\/bruegel\/nl\/"},{"@type":"ListItem","position":2,"name":"Sociale acties","item":"https:\/\/webkrea.kiwanisbelux.site\/bruegel\/nl\/sociale-acties\/"},{"@type":"ListItem","position":3,"name":"Kiwanis Kerst in the stad 2017"}]},{"@type":"WebSite","@id":"https:\/\/webkrea.kiwanisbelux.site\/bruegel\/nl\/#website","url":"https:\/\/webkrea.kiwanisbelux.site\/bruegel\/nl\/","name":"Kiwanis Dilbeek Bruegel","description":"","publisher":{"@id":"https:\/\/webkrea.kiwanisbelux.site\/bruegel\/nl\/#organization"},"potentialAction":[{"@type":"SearchAction","target":{"@type":"EntryPoint","urlTemplate":"https:\/\/webkrea.kiwanisbelux.site\/bruegel\/nl\/?s={search_term_string}"},"query-input":"required name=search_term_string"}],"inLanguage":"nl"},{"@type":"Organization","@id":"https:\/\/webkrea.kiwanisbelux.site\/bruegel\/nl\/#organization","name":"Kiwanis","url":"https:\/\/webkrea.kiwanisbelux.site\/bruegel\/nl\/","sameAs":[],"logo":{"@type":"ImageObject","inLanguage":"nl","@id":"https:\/\/webkrea.kiwanisbelux.site\/bruegel\/nl\/#\/schema\/logo\/image\/","url":"https:\/\/webkrea.kiwanisbelux.site\/bruegel\/wp-content\/uploads\/sites\/22\/2021\/04\/kiwanis-logo@2x.png","contentUrl":"https:\/\/webkrea.kiwanisbelux.site\/bruegel\/wp-content\/uploads\/sites\/22\/2021\/04\/kiwanis-logo@2x.png","width":555,"height":100,"caption":"Kiwanis"},"image":{"@id":"https:\/\/webkrea.kiwanisbelux.site\/bruegel\/nl\/#\/schema\/logo\/image\/"}}]}},"_links":{"self":[{"href":"https:\/\/webkrea.kiwanisbelux.site\/bruegel\/nl\/wp-json\/wp\/v2\/pages\/2337"}],"collection":[{"href":"https:\/\/webkrea.kiwanisbelux.site\/bruegel\/nl\/wp-json\/wp\/v2\/pages"}],"about":[{"href":"https:\/\/webkrea.kiwanisbelux.site\/bruegel\/nl\/wp-json\/wp\/v2\/types\/page"}],"author":[{"embeddable":true,"href":"https:\/\/webkrea.kiwanisbelux.site\/bruegel\/nl\/wp-json\/wp\/v2\/users\/6"}],"replies":[{"embeddable":true,"href":"https:\/\/webkrea.kiwanisbelux.site\/bruegel\/nl\/wp-json\/wp\/v2\/comments?post=2337"}],"version-history":[{"count":4,"href":"https:\/\/webkrea.kiwanisbelux.site\/bruegel\/nl\/wp-json\/wp\/v2\/pages\/2337\/revisions"}],"predecessor-version":[{"id":2737,"href":"https:\/\/webkrea.kiwanisbelux.site\/bruegel\/nl\/wp-json\/wp\/v2\/pages\/2337\/revisions\/2737"}],"up":[{"embeddable":true,"href":"https:\/\/webkrea.kiwanisbelux.site\/bruegel\/nl\/wp-json\/wp\/v2\/pages\/2329"}],"wp:attachment":[{"href":"https:\/\/webkrea.kiwanisbelux.site\/bruegel\/nl\/wp-json\/wp\/v2\/media?parent=2337"}],"curies":[{"name":"wp","href":"https:\/\/api.w.org\/{rel}","templated":true}]}}