{"id":2335,"date":"2022-08-21T12:12:34","date_gmt":"2022-08-21T10:12:34","guid":{"rendered":"https:\/\/webkrea.kiwanisbelux.site\/bruegel\/?page_id=2335"},"modified":"2022-09-02T08:18:28","modified_gmt":"2022-09-02T06:18:28","slug":"reci","status":"publish","type":"page","link":"https:\/\/webkrea.kiwanisbelux.site\/bruegel\/nl\/sociale-acties\/reci\/","title":{"rendered":"R\u00e9CI"},"content":{"rendered":"\n[et_pb_section fb_built=&#8221;1&#8243; admin_label=&#8221;section&#8221; _builder_version=&#8221;4.16&#8243; global_colors_info=&#8221;{}&#8221;][et_pb_row admin_label=&#8221;row&#8221; _builder_version=&#8221;4.16&#8243; background_size=&#8221;initial&#8221; background_position=&#8221;top_left&#8221; background_repeat=&#8221;repeat&#8221; global_colors_info=&#8221;{}&#8221;][et_pb_column type=&#8221;4_4&#8243; _builder_version=&#8221;4.16&#8243; custom_padding=&#8221;|||&#8221; global_colors_info=&#8221;{}&#8221; custom_padding__hover=&#8221;|||&#8221;][et_pb_text admin_label=&#8221;Text&#8221; _builder_version=&#8221;4.16&#8243; background_size=&#8221;initial&#8221; background_position=&#8221;top_left&#8221; background_repeat=&#8221;repeat&#8221; global_colors_info=&#8221;{}&#8221;]<!-- divi:image {\"id\":1939,\"sizeSlug\":\"full\",\"linkDestination\":\"none\"} -->\n<figure class=\"wp-block-image size-full\"><img loading=\"lazy\" width=\"250\" height=\"171\" src=\"https:\/\/webkrea.kiwanisbelux.site\/bruegel\/wp-content\/uploads\/sites\/22\/2022\/07\/logo-v.png\" alt=\"\" class=\"wp-image-1939\"><\/figure>\n<!-- \/divi:image --><!-- divi:heading -->\n<h2>Voorstelling van de vzw R\u00e9CI-Bruxelles:<\/h2>\nOpgericht in 1992 door ouders en professionals,\nR\u00e9CI (R\u00e9seau de Coordination et d&#8217;Intervention pour l&#8217;int\u00e9gration de personnes pr\u00e9sentant un handicap moteur) beoogt de ondersteuning van de ontwikkeling van het welzijn, de autonomie, de persoonlijke ontplooiing en de sociale integratie van kinderen en adolescenten met een motorische handicap.\n\nR\u00e9CI-Brussels is door het COCOF erkend als een ondersteunende dienst en een dienst ter bevordering van de integratie in het reguliere onderwijs.\nElk jaar begeleidt de dienst meer dan 70 Brusselse kinderen en tieners, van wie meer dan de helft naar het reguliere onderwijs gaat.\n\nHet team bestaat momenteel uit 7 ondersteunende medewerkers (met verschillende achtergronden, van wie een aantal parttime), alsmede een directeur en een boekhoudkundig secretaresse.\n\n<!-- \/divi:heading --><!-- divi:paragraph --><!-- \/divi:paragraph --><!-- divi:heading -->\n<h2>Activiteiten van R\u00e9CI-Bruxelles<\/h2>\n<!-- \/divi:heading --><!-- divi:list -->\n\n&nbsp;\n<ul>\n \t<li><em>Uitgebreide ondersteuning\nDankzij haar multidisciplinair team kan R\u00e9CI kinderen, adolescenten en gezinnen verschillende diensten aanbieden: luisterend oor, psychologische ondersteuning, advies op het gebied van ergotherapie en logopedie, ondersteuning bij sociale procedures, advies over schoolori\u00ebntatie, enz.<\/em><\/li>\n \t<li><em>Hulp bij schoolintegratie\nDankzij haar multidisciplinair team kan R\u00e9CI kinderen, adolescenten en gezinnen verschillende diensten aanbieden: luisterend oor, psychologische ondersteuning, advies in ergotherapie en logopedie, ondersteuning bij sociale procedures, schoolbegeleiding, enz.<\/em><\/li>\n \t<li><em>Vrije tijd\nTijdens de schoolvakanties bieden wij een vrijetijdsdag aan om kinderen en adolescenten de mogelijkheid te bieden activiteiten te ontdekken die zij met hun familie niet kunnen doen (paardrijden, clownerie, muzikale initiatie, enz.).<\/em><\/li>\n<\/ul>\n<em><\/em>\n\n<em>Dankzij Kiwanis hebben ook verschillende kinderen de kans om een dag te genieten bij Pairi Daiza.<\/em>\n\n<!-- \/divi:paragraph --><!-- divi:paragraph -->\n\n<a href=\"http:\/\/www.reci-bruxelles.be\/\" target=\"_blank\" rel=\"noreferrer noopener\">Internet site R\u00e9CI<\/a>\n\n<!-- \/divi:paragraph -->[\/et_pb_text][\/et_pb_column][\/et_pb_row][et_pb_row _builder_version=&#8221;4.18.0&#8243; _module_preset=&#8221;default&#8221; global_colors_info=&#8221;{}&#8221;][et_pb_column type=&#8221;4_4&#8243; _builder_version=&#8221;4.18.0&#8243; _module_preset=&#8221;default&#8221; global_colors_info=&#8221;{}&#8221;][et_pb_divider _builder_version=&#8221;4.18.0&#8243; _module_preset=&#8221;default&#8221; global_colors_info=&#8221;{}&#8221;][\/et_pb_divider][et_pb_text _builder_version=&#8221;4.18.0&#8243; _dynamic_attributes=&#8221;content&#8221; _module_preset=&#8221;default&#8221; text_font_size=&#8221;12px&#8221; global_module=&#8221;2663&#8243; global_colors_info=&#8221;{}&#8221;]@ET-DC@eyJkeW5hbWljIjp0cnVlLCJjb250ZW50IjoiY3VycmVudF9kYXRlIiwic2V0dGluZ3MiOnsiYmVmb3JlIjoiTGFhdHN0ZSB1aXRnYXZlICIsImFmdGVyIjoiIiwiZGF0ZV9mb3JtYXQiOiJkZWZhdWx0IiwiY3VzdG9tX2RhdGVfZm9ybWF0IjoiIn19@[\/et_pb_text][\/et_pb_column][\/et_pb_row][\/et_pb_section]\n","protected":false},"excerpt":{"rendered":"","protected":false},"author":6,"featured_media":0,"parent":2329,"menu_order":2,"comment_status":"closed","ping_status":"closed","template":"","meta":{"_et_pb_use_builder":"off","_et_pb_old_content":"[et_pb_section fb_built=\"1\" admin_label=\"section\" _builder_version=\"4.16\" global_colors_info=\"{}\"][et_pb_row admin_label=\"row\" _builder_version=\"4.16\" background_size=\"initial\" background_position=\"top_left\" background_repeat=\"repeat\" global_colors_info=\"{}\"][et_pb_column type=\"4_4\" _builder_version=\"4.16\" custom_padding=\"|||\" global_colors_info=\"{}\" custom_padding__hover=\"|||\"][et_pb_text admin_label=\"Text\" _builder_version=\"4.16\" background_size=\"initial\" background_position=\"top_left\" background_repeat=\"repeat\" global_colors_info=\"{}\"]<!-- divi:image {\"id\":1939,\"sizeSlug\":\"full\",\"linkDestination\":\"none\"} -->\n<figure class=\"wp-block-image size-full\"><img src=\"https:\/\/webkrea.kiwanisbelux.site\/bruegel\/wp-content\/uploads\/sites\/22\/2022\/07\/logo-v.png\" alt=\"\" class=\"wp-image-1939\"><\/figure>\n<!-- \/divi:image --><!-- divi:heading -->\n<h2>Voorstelling van de vzw R\u00e9CI-Bruxelles:<\/h2>\nOpgericht in 1992 door ouders en professionals,\nR\u00e9CI (R\u00e9seau de Coordination et d'Intervention pour l'int\u00e9gration de personnes pr\u00e9sentant un handicap moteur) beoogt de ondersteuning van de ontwikkeling van het welzijn, de autonomie, de persoonlijke ontplooiing en de sociale integratie van kinderen en adolescenten met een motorische handicap.\n\nR\u00e9CI-Brussels is door het COCOF erkend als een ondersteunende dienst en een dienst ter bevordering van de integratie in het reguliere onderwijs.\nElk jaar begeleidt de dienst meer dan 70 Brusselse kinderen en tieners, van wie meer dan de helft naar het reguliere onderwijs gaat.\n\nHet team bestaat momenteel uit 7 ondersteunende medewerkers (met verschillende achtergronden, van wie een aantal parttime), alsmede een directeur en een boekhoudkundig secretaresse.\n\n<!-- \/divi:heading --><!-- divi:paragraph --><!-- \/divi:paragraph --><!-- divi:heading -->\n<h2>Activiteiten van R\u00e9CI-Bruxelles<\/h2>\n<!-- \/divi:heading --><!-- divi:list -->\n\n&nbsp;\n<ul>\n \t<li><em>Uitgebreide ondersteuning\nDankzij haar multidisciplinair team kan R\u00e9CI kinderen, adolescenten en gezinnen verschillende diensten aanbieden: luisterend oor, psychologische ondersteuning, advies op het gebied van ergotherapie en logopedie, ondersteuning bij sociale procedures, advies over schoolori\u00ebntatie, enz.<\/em><\/li>\n \t<li><em>Hulp bij schoolintegratie\nDankzij haar multidisciplinair team kan R\u00e9CI kinderen, adolescenten en gezinnen verschillende diensten aanbieden: luisterend oor, psychologische ondersteuning, advies in ergotherapie en logopedie, ondersteuning bij sociale procedures, schoolbegeleiding, enz.<\/em><\/li>\n \t<li><em>Vrije tijd\nTijdens de schoolvakanties bieden wij een vrijetijdsdag aan om kinderen en adolescenten de mogelijkheid te bieden activiteiten te ontdekken die zij met hun familie niet kunnen doen (paardrijden, clownerie, muzikale initiatie, enz.).<\/em><\/li>\n<\/ul>\n<em><\/em>\n\n<em>Dankzij Kiwanis hebben ook verschillende kinderen de kans om een dag te genieten bij Pairi Daiza.<\/em>\n\n<!-- \/divi:paragraph --><!-- divi:paragraph -->\n\n<a href=\"http:\/\/www.reci-bruxelles.be\/\" target=\"_blank\" rel=\"noreferrer noopener\">Internet site R\u00e9CI<\/a>\n\n<!-- \/divi:paragraph -->[\/et_pb_text][\/et_pb_column][\/et_pb_row][et_pb_row _builder_version=\"4.18.0\" _module_preset=\"default\" global_colors_info=\"{}\"][et_pb_column type=\"4_4\" _builder_version=\"4.18.0\" _module_preset=\"default\" global_colors_info=\"{}\"][et_pb_divider _builder_version=\"4.18.0\" _module_preset=\"default\" global_colors_info=\"{}\"][\/et_pb_divider][et_pb_text _builder_version=\"4.18.0\" _dynamic_attributes=\"content\" _module_preset=\"default\" text_font_size=\"12px\" global_module=\"2663\" global_colors_info=\"{}\"]@ET-DC@eyJkeW5hbWljIjp0cnVlLCJjb250ZW50IjoiY3VycmVudF9kYXRlIiwic2V0dGluZ3MiOnsiYmVmb3JlIjoiTGFhdHN0ZSB1aXRnYXZlICIsImFmdGVyIjoiIiwiZGF0ZV9mb3JtYXQiOiJkZWZhdWx0IiwiY3VzdG9tX2RhdGVfZm9ybWF0IjoiIn19@[\/et_pb_text][\/et_pb_column][\/et_pb_row][\/et_pb_section]","_et_gb_content_width":"1200"},"yoast_head":"<!-- This site is optimized with the Yoast SEO plugin v19.8 - https:\/\/yoast.com\/wordpress\/plugins\/seo\/ -->\n<title>R\u00e9CI - Kiwanis Dilbeek Bruegel<\/title>\n<meta name=\"robots\" content=\"noindex, follow, max-snippet:-1, max-image-preview:large, max-video-preview:-1\" \/>\n<meta property=\"og:locale\" content=\"nl_NL\" \/>\n<meta property=\"og:type\" content=\"article\" \/>\n<meta property=\"og:title\" content=\"R\u00e9CI - Kiwanis Dilbeek Bruegel\" \/>\n<meta property=\"og:url\" content=\"https:\/\/webkrea.kiwanisbelux.site\/bruegel\/nl\/sociale-acties\/reci\/\" \/>\n<meta property=\"og:site_name\" content=\"Kiwanis Dilbeek Bruegel\" \/>\n<meta property=\"article:modified_time\" content=\"2022-09-02T06:18:28+00:00\" \/>\n<meta property=\"og:image\" content=\"https:\/\/webkrea.kiwanisbelux.site\/bruegel\/wp-content\/uploads\/sites\/22\/2022\/07\/logo-v.png\" \/>\n<meta name=\"twitter:card\" content=\"summary_large_image\" \/>\n<meta name=\"twitter:label1\" content=\"Geschatte leestijd\" \/>\n\t<meta name=\"twitter:data1\" content=\"2 minuten\" \/>\n<script type=\"application\/ld+json\" class=\"yoast-schema-graph\">{\"@context\":\"https:\/\/schema.org\",\"@graph\":[{\"@type\":\"WebPage\",\"@id\":\"https:\/\/webkrea.kiwanisbelux.site\/bruegel\/nl\/sociale-acties\/reci\/\",\"url\":\"https:\/\/webkrea.kiwanisbelux.site\/bruegel\/nl\/sociale-acties\/reci\/\",\"name\":\"R\u00e9CI - Kiwanis Dilbeek Bruegel\",\"isPartOf\":{\"@id\":\"https:\/\/webkrea.kiwanisbelux.site\/bruegel\/nl\/#website\"},\"datePublished\":\"2022-08-21T10:12:34+00:00\",\"dateModified\":\"2022-09-02T06:18:28+00:00\",\"breadcrumb\":{\"@id\":\"https:\/\/webkrea.kiwanisbelux.site\/bruegel\/nl\/sociale-acties\/reci\/#breadcrumb\"},\"inLanguage\":\"nl\",\"potentialAction\":[{\"@type\":\"ReadAction\",\"target\":[\"https:\/\/webkrea.kiwanisbelux.site\/bruegel\/nl\/sociale-acties\/reci\/\"]}]},{\"@type\":\"BreadcrumbList\",\"@id\":\"https:\/\/webkrea.kiwanisbelux.site\/bruegel\/nl\/sociale-acties\/reci\/#breadcrumb\",\"itemListElement\":[{\"@type\":\"ListItem\",\"position\":1,\"name\":\"Home\",\"item\":\"https:\/\/webkrea.kiwanisbelux.site\/bruegel\/nl\/\"},{\"@type\":\"ListItem\",\"position\":2,\"name\":\"Sociale acties\",\"item\":\"https:\/\/webkrea.kiwanisbelux.site\/bruegel\/nl\/sociale-acties\/\"},{\"@type\":\"ListItem\",\"position\":3,\"name\":\"R\u00e9CI\"}]},{\"@type\":\"WebSite\",\"@id\":\"https:\/\/webkrea.kiwanisbelux.site\/bruegel\/nl\/#website\",\"url\":\"https:\/\/webkrea.kiwanisbelux.site\/bruegel\/nl\/\",\"name\":\"Kiwanis Dilbeek Bruegel\",\"description\":\"\",\"publisher\":{\"@id\":\"https:\/\/webkrea.kiwanisbelux.site\/bruegel\/nl\/#organization\"},\"potentialAction\":[{\"@type\":\"SearchAction\",\"target\":{\"@type\":\"EntryPoint\",\"urlTemplate\":\"https:\/\/webkrea.kiwanisbelux.site\/bruegel\/nl\/?s={search_term_string}\"},\"query-input\":\"required name=search_term_string\"}],\"inLanguage\":\"nl\"},{\"@type\":\"Organization\",\"@id\":\"https:\/\/webkrea.kiwanisbelux.site\/bruegel\/nl\/#organization\",\"name\":\"Kiwanis\",\"url\":\"https:\/\/webkrea.kiwanisbelux.site\/bruegel\/nl\/\",\"sameAs\":[],\"logo\":{\"@type\":\"ImageObject\",\"inLanguage\":\"nl\",\"@id\":\"https:\/\/webkrea.kiwanisbelux.site\/bruegel\/nl\/#\/schema\/logo\/image\/\",\"url\":\"https:\/\/webkrea.kiwanisbelux.site\/bruegel\/wp-content\/uploads\/sites\/22\/2021\/04\/kiwanis-logo@2x.png\",\"contentUrl\":\"https:\/\/webkrea.kiwanisbelux.site\/bruegel\/wp-content\/uploads\/sites\/22\/2021\/04\/kiwanis-logo@2x.png\",\"width\":555,\"height\":100,\"caption\":\"Kiwanis\"},\"image\":{\"@id\":\"https:\/\/webkrea.kiwanisbelux.site\/bruegel\/nl\/#\/schema\/logo\/image\/\"}}]}<\/script>\n<!-- \/ Yoast SEO plugin. -->","yoast_head_json":{"title":"R\u00e9CI - Kiwanis Dilbeek Bruegel","robots":{"index":"noindex","follow":"follow","max-snippet":"max-snippet:-1","max-image-preview":"max-image-preview:large","max-video-preview":"max-video-preview:-1"},"og_locale":"nl_NL","og_type":"article","og_title":"R\u00e9CI - Kiwanis Dilbeek Bruegel","og_url":"https:\/\/webkrea.kiwanisbelux.site\/bruegel\/nl\/sociale-acties\/reci\/","og_site_name":"Kiwanis Dilbeek Bruegel","article_modified_time":"2022-09-02T06:18:28+00:00","og_image":[{"url":"https:\/\/webkrea.kiwanisbelux.site\/bruegel\/wp-content\/uploads\/sites\/22\/2022\/07\/logo-v.png"}],"twitter_card":"summary_large_image","twitter_misc":{"Geschatte leestijd":"2 minuten"},"schema":{"@context":"https:\/\/schema.org","@graph":[{"@type":"WebPage","@id":"https:\/\/webkrea.kiwanisbelux.site\/bruegel\/nl\/sociale-acties\/reci\/","url":"https:\/\/webkrea.kiwanisbelux.site\/bruegel\/nl\/sociale-acties\/reci\/","name":"R\u00e9CI - Kiwanis Dilbeek Bruegel","isPartOf":{"@id":"https:\/\/webkrea.kiwanisbelux.site\/bruegel\/nl\/#website"},"datePublished":"2022-08-21T10:12:34+00:00","dateModified":"2022-09-02T06:18:28+00:00","breadcrumb":{"@id":"https:\/\/webkrea.kiwanisbelux.site\/bruegel\/nl\/sociale-acties\/reci\/#breadcrumb"},"inLanguage":"nl","potentialAction":[{"@type":"ReadAction","target":["https:\/\/webkrea.kiwanisbelux.site\/bruegel\/nl\/sociale-acties\/reci\/"]}]},{"@type":"BreadcrumbList","@id":"https:\/\/webkrea.kiwanisbelux.site\/bruegel\/nl\/sociale-acties\/reci\/#breadcrumb","itemListElement":[{"@type":"ListItem","position":1,"name":"Home","item":"https:\/\/webkrea.kiwanisbelux.site\/bruegel\/nl\/"},{"@type":"ListItem","position":2,"name":"Sociale acties","item":"https:\/\/webkrea.kiwanisbelux.site\/bruegel\/nl\/sociale-acties\/"},{"@type":"ListItem","position":3,"name":"R\u00e9CI"}]},{"@type":"WebSite","@id":"https:\/\/webkrea.kiwanisbelux.site\/bruegel\/nl\/#website","url":"https:\/\/webkrea.kiwanisbelux.site\/bruegel\/nl\/","name":"Kiwanis Dilbeek Bruegel","description":"","publisher":{"@id":"https:\/\/webkrea.kiwanisbelux.site\/bruegel\/nl\/#organization"},"potentialAction":[{"@type":"SearchAction","target":{"@type":"EntryPoint","urlTemplate":"https:\/\/webkrea.kiwanisbelux.site\/bruegel\/nl\/?s={search_term_string}"},"query-input":"required name=search_term_string"}],"inLanguage":"nl"},{"@type":"Organization","@id":"https:\/\/webkrea.kiwanisbelux.site\/bruegel\/nl\/#organization","name":"Kiwanis","url":"https:\/\/webkrea.kiwanisbelux.site\/bruegel\/nl\/","sameAs":[],"logo":{"@type":"ImageObject","inLanguage":"nl","@id":"https:\/\/webkrea.kiwanisbelux.site\/bruegel\/nl\/#\/schema\/logo\/image\/","url":"https:\/\/webkrea.kiwanisbelux.site\/bruegel\/wp-content\/uploads\/sites\/22\/2021\/04\/kiwanis-logo@2x.png","contentUrl":"https:\/\/webkrea.kiwanisbelux.site\/bruegel\/wp-content\/uploads\/sites\/22\/2021\/04\/kiwanis-logo@2x.png","width":555,"height":100,"caption":"Kiwanis"},"image":{"@id":"https:\/\/webkrea.kiwanisbelux.site\/bruegel\/nl\/#\/schema\/logo\/image\/"}}]}},"_links":{"self":[{"href":"https:\/\/webkrea.kiwanisbelux.site\/bruegel\/nl\/wp-json\/wp\/v2\/pages\/2335"}],"collection":[{"href":"https:\/\/webkrea.kiwanisbelux.site\/bruegel\/nl\/wp-json\/wp\/v2\/pages"}],"about":[{"href":"https:\/\/webkrea.kiwanisbelux.site\/bruegel\/nl\/wp-json\/wp\/v2\/types\/page"}],"author":[{"embeddable":true,"href":"https:\/\/webkrea.kiwanisbelux.site\/bruegel\/nl\/wp-json\/wp\/v2\/users\/6"}],"replies":[{"embeddable":true,"href":"https:\/\/webkrea.kiwanisbelux.site\/bruegel\/nl\/wp-json\/wp\/v2\/comments?post=2335"}],"version-history":[{"count":9,"href":"https:\/\/webkrea.kiwanisbelux.site\/bruegel\/nl\/wp-json\/wp\/v2\/pages\/2335\/revisions"}],"predecessor-version":[{"id":2733,"href":"https:\/\/webkrea.kiwanisbelux.site\/bruegel\/nl\/wp-json\/wp\/v2\/pages\/2335\/revisions\/2733"}],"up":[{"embeddable":true,"href":"https:\/\/webkrea.kiwanisbelux.site\/bruegel\/nl\/wp-json\/wp\/v2\/pages\/2329"}],"wp:attachment":[{"href":"https:\/\/webkrea.kiwanisbelux.site\/bruegel\/nl\/wp-json\/wp\/v2\/media?parent=2335"}],"curies":[{"name":"wp","href":"https:\/\/api.w.org\/{rel}","templated":true}]}}