{"id":2327,"date":"2022-08-21T12:02:57","date_gmt":"2022-08-21T10:02:57","guid":{"rendered":"https:\/\/webkrea.kiwanisbelux.site\/bruegel\/?page_id=2327"},"modified":"2022-08-21T12:02:59","modified_gmt":"2022-08-21T10:02:59","slug":"wie-zijn-wij","status":"publish","type":"page","link":"https:\/\/webkrea.kiwanisbelux.site\/bruegel\/nl\/wie-zijn-wij\/","title":{"rendered":"Wie zijn wij ?"},"content":{"rendered":"\n<p><\/p>\n\n\n\n<h2><\/h2>\n\n\n\n<p>Le Kiwanis Bruegel est un club-service dont un des objectifs est de collecter de l\u2019argent pour ses actions sociales. Mais celles-ci consistent tout aussi r\u00e9guli\u00e8rement en un don de nous-m\u00eames et de notre temps pour pr\u00eater main forte \u00e0 ceux qui en ont le plus besoin, et principalement les enfants.<\/p>\n\n\n\n<h2><br>Qu&#8217;est-ce le Kiwanis ?<\/h2>\n\n\n\n<p>Le Kiwanis est une organisation internationale structur\u00e9e en districts r\u00e9gionaux. Le KDB est un des 9 clubs de \u00ab Bruxelles Agglom Brussel \u00bb, une des 19 Divisions du district Belgium-Luxembourg. Ce dernier compte actuellement 198 clubs totalisant pr\u00e8s de 4.500 membres (pr\u00e8s de 3.900 hommes et plus de 600 femmes). Sur le plan mondial, il y a plus de 16.000 clubs r\u00e9partis dans 82 pays, avec un total de plus de 600.000 membres.<br>Les clubs Kiwanis sont autonomes. Toutefois, ils s\u2019engagent \u00e0 respecter des r\u00e8gles et des obligations impos\u00e9es par le Kiwanis International dont si\u00e8ge principal est \u00e9tabli \u00e0 Indianapolis aux Etats-Unis. Les activit\u00e9s europ\u00e9ennes sont coordonn\u00e9es par le Centre R\u00e9gional de Services (R.S.C.) \u00e0 Gand.<\/p>\n\n\n\n<h2><br>Comment est n\u00e9 le Kiwanis ?<\/h2>\n\n\n\n<p>Le Kiwanis est une initiative de deux Am\u00e9ricains qui ont eu l\u2019id\u00e9e de r\u00e9unir des personnes de professions diff\u00e9rentes dans un but d\u2019entraide. Le premier club fut donc cr\u00e9\u00e9 \u00e0 D\u00e9troit, dans l\u2019Etat de Michigan, le 21 janvier 1915. Cette date est consid\u00e9r\u00e9e comme la date de naissance du Kiwanis.<br>En novembre 1916, le Kiwanis s\u2019est internationalis\u00e9 par la cr\u00e9ation d&#8217;un premier club canadien, \u00e0 Hamilton, dans l\u2019Ontario. Ce n\u2019est qu\u2019en 1963 que fut cr\u00e9\u00e9 le premier club en dehors des Etats-Unis et du Canada, \u00e0 savoir \u00e0 Vienne, en Autriche.<\/p>\n\n\n\n<h2>D\u2019o\u00f9 vient le nom de Kiwanis ?<\/h2>\n\n\n\n<p>\u00ab NunKee-wan-is \u00bb constituent la racine du nom actuel. C\u2019est une expression des Indiens Ochipew qui vivaient dans les environs de D\u00e9troit. Elle est traduite et interpr\u00e9t\u00e9e de diff\u00e9rentes fa\u00e7ons : \u00ab nous faisons du commerce \u00bb, \u00ab nous nous amusons \u00bb, \u00ab nous faisons du bruit \u00bb ou encore \u00ab affirme-toi \u00bb. En tout cas, ces traductions expriment d\u2019une fa\u00e7on ou d\u2019une autre quelque chose de commun. Les premiers Kiwaniens se sont bien amus\u00e9s entre eux, se sont fait entendre, mais ne faisaient pas r\u00e9ellement du commerce. Ils se sont plut\u00f4t mis au service des autres, sans aucun int\u00e9r\u00eat personnel. Aujourd\u2019hui, le terme Kiwanis est surtout au service de notre R\u00e8gle d\u2019Or : \u00ab Fais pour les autres ce que tu voudrais qu\u2019ils fassent pour toi \u00bb.<\/p>\n\n\n\n<h2>L\u2019\u00e9thique kiwanienne<\/h2>\n\n\n\n<p>Elle s\u2019articule autour de 6 r\u00e8gles fondamentales et constitutionnelles :<\/p>\n\n\n\n<ul><li>Appliquer et promouvoir au quotidien la R\u00e8gle d\u2019Or<\/li><li>Assurer la primaut\u00e9 des valeurs humaines et spirituelles sur les valeurs mat\u00e9rielles<\/li><li>Adopter les m\u00e9thodes les plus justes dans la vie sociale, professionnelle et des affaires<\/li><li>D\u00e9velopper et propager la notion de service envers les autres<\/li><li>Renforcer les amiti\u00e9s, rendre des services altruistes et construire des communaut\u00e9s meilleures \u00e0 traverse les clubs<\/li><li>Vivre ensemble en respectant la libert\u00e9 individuelle et favorisant toutes les bonnes volont\u00e9s<\/li><\/ul>\n","protected":false},"excerpt":{"rendered":"<p>Le Kiwanis Bruegel est un club-service dont un des objectifs est de collecter de l\u2019argent pour ses actions sociales. Mais celles-ci consistent tout aussi r\u00e9guli\u00e8rement en un don de nous-m\u00eames [&hellip;]<\/p>\n","protected":false},"author":6,"featured_media":0,"parent":0,"menu_order":3,"comment_status":"closed","ping_status":"closed","template":"","meta":{"_et_pb_use_builder":"off","_et_pb_old_content":"","_et_gb_content_width":""},"yoast_head":"<!-- This site is optimized with the Yoast SEO plugin v19.8 - https:\/\/yoast.com\/wordpress\/plugins\/seo\/ -->\n<title>Wie zijn wij ? - Kiwanis Dilbeek Bruegel<\/title>\n<meta name=\"robots\" content=\"noindex, follow, max-snippet:-1, max-image-preview:large, max-video-preview:-1\" \/>\n<meta property=\"og:locale\" content=\"nl_NL\" \/>\n<meta property=\"og:type\" content=\"article\" \/>\n<meta property=\"og:title\" content=\"Wie zijn wij ? - Kiwanis Dilbeek Bruegel\" \/>\n<meta property=\"og:description\" content=\"Le Kiwanis Bruegel est un club-service dont un des objectifs est de collecter de l\u2019argent pour ses actions sociales. Mais celles-ci consistent tout aussi r\u00e9guli\u00e8rement en un don de nous-m\u00eames [&hellip;]\" \/>\n<meta property=\"og:url\" content=\"https:\/\/webkrea.kiwanisbelux.site\/bruegel\/nl\/wie-zijn-wij\/\" \/>\n<meta property=\"og:site_name\" content=\"Kiwanis Dilbeek Bruegel\" \/>\n<meta property=\"article:modified_time\" content=\"2022-08-21T10:02:59+00:00\" \/>\n<meta name=\"twitter:card\" content=\"summary_large_image\" \/>\n<meta name=\"twitter:label1\" content=\"Geschatte leestijd\" \/>\n\t<meta name=\"twitter:data1\" content=\"3 minuten\" \/>\n<script type=\"application\/ld+json\" class=\"yoast-schema-graph\">{\"@context\":\"https:\/\/schema.org\",\"@graph\":[{\"@type\":\"WebPage\",\"@id\":\"https:\/\/webkrea.kiwanisbelux.site\/bruegel\/nl\/wie-zijn-wij\/\",\"url\":\"https:\/\/webkrea.kiwanisbelux.site\/bruegel\/nl\/wie-zijn-wij\/\",\"name\":\"Wie zijn wij ? - Kiwanis Dilbeek Bruegel\",\"isPartOf\":{\"@id\":\"https:\/\/webkrea.kiwanisbelux.site\/bruegel\/nl\/#website\"},\"datePublished\":\"2022-08-21T10:02:57+00:00\",\"dateModified\":\"2022-08-21T10:02:59+00:00\",\"breadcrumb\":{\"@id\":\"https:\/\/webkrea.kiwanisbelux.site\/bruegel\/nl\/wie-zijn-wij\/#breadcrumb\"},\"inLanguage\":\"nl\",\"potentialAction\":[{\"@type\":\"ReadAction\",\"target\":[\"https:\/\/webkrea.kiwanisbelux.site\/bruegel\/nl\/wie-zijn-wij\/\"]}]},{\"@type\":\"BreadcrumbList\",\"@id\":\"https:\/\/webkrea.kiwanisbelux.site\/bruegel\/nl\/wie-zijn-wij\/#breadcrumb\",\"itemListElement\":[{\"@type\":\"ListItem\",\"position\":1,\"name\":\"Home\",\"item\":\"https:\/\/webkrea.kiwanisbelux.site\/bruegel\/nl\/\"},{\"@type\":\"ListItem\",\"position\":2,\"name\":\"Wie zijn wij ?\"}]},{\"@type\":\"WebSite\",\"@id\":\"https:\/\/webkrea.kiwanisbelux.site\/bruegel\/nl\/#website\",\"url\":\"https:\/\/webkrea.kiwanisbelux.site\/bruegel\/nl\/\",\"name\":\"Kiwanis Dilbeek Bruegel\",\"description\":\"\",\"publisher\":{\"@id\":\"https:\/\/webkrea.kiwanisbelux.site\/bruegel\/nl\/#organization\"},\"potentialAction\":[{\"@type\":\"SearchAction\",\"target\":{\"@type\":\"EntryPoint\",\"urlTemplate\":\"https:\/\/webkrea.kiwanisbelux.site\/bruegel\/nl\/?s={search_term_string}\"},\"query-input\":\"required name=search_term_string\"}],\"inLanguage\":\"nl\"},{\"@type\":\"Organization\",\"@id\":\"https:\/\/webkrea.kiwanisbelux.site\/bruegel\/nl\/#organization\",\"name\":\"Kiwanis\",\"url\":\"https:\/\/webkrea.kiwanisbelux.site\/bruegel\/nl\/\",\"sameAs\":[],\"logo\":{\"@type\":\"ImageObject\",\"inLanguage\":\"nl\",\"@id\":\"https:\/\/webkrea.kiwanisbelux.site\/bruegel\/nl\/#\/schema\/logo\/image\/\",\"url\":\"https:\/\/webkrea.kiwanisbelux.site\/bruegel\/wp-content\/uploads\/sites\/22\/2021\/04\/kiwanis-logo@2x.png\",\"contentUrl\":\"https:\/\/webkrea.kiwanisbelux.site\/bruegel\/wp-content\/uploads\/sites\/22\/2021\/04\/kiwanis-logo@2x.png\",\"width\":555,\"height\":100,\"caption\":\"Kiwanis\"},\"image\":{\"@id\":\"https:\/\/webkrea.kiwanisbelux.site\/bruegel\/nl\/#\/schema\/logo\/image\/\"}}]}<\/script>\n<!-- \/ Yoast SEO plugin. -->","yoast_head_json":{"title":"Wie zijn wij ? - Kiwanis Dilbeek Bruegel","robots":{"index":"noindex","follow":"follow","max-snippet":"max-snippet:-1","max-image-preview":"max-image-preview:large","max-video-preview":"max-video-preview:-1"},"og_locale":"nl_NL","og_type":"article","og_title":"Wie zijn wij ? - Kiwanis Dilbeek Bruegel","og_description":"Le Kiwanis Bruegel est un club-service dont un des objectifs est de collecter de l\u2019argent pour ses actions sociales. Mais celles-ci consistent tout aussi r\u00e9guli\u00e8rement en un don de nous-m\u00eames [&hellip;]","og_url":"https:\/\/webkrea.kiwanisbelux.site\/bruegel\/nl\/wie-zijn-wij\/","og_site_name":"Kiwanis Dilbeek Bruegel","article_modified_time":"2022-08-21T10:02:59+00:00","twitter_card":"summary_large_image","twitter_misc":{"Geschatte leestijd":"3 minuten"},"schema":{"@context":"https:\/\/schema.org","@graph":[{"@type":"WebPage","@id":"https:\/\/webkrea.kiwanisbelux.site\/bruegel\/nl\/wie-zijn-wij\/","url":"https:\/\/webkrea.kiwanisbelux.site\/bruegel\/nl\/wie-zijn-wij\/","name":"Wie zijn wij ? - Kiwanis Dilbeek Bruegel","isPartOf":{"@id":"https:\/\/webkrea.kiwanisbelux.site\/bruegel\/nl\/#website"},"datePublished":"2022-08-21T10:02:57+00:00","dateModified":"2022-08-21T10:02:59+00:00","breadcrumb":{"@id":"https:\/\/webkrea.kiwanisbelux.site\/bruegel\/nl\/wie-zijn-wij\/#breadcrumb"},"inLanguage":"nl","potentialAction":[{"@type":"ReadAction","target":["https:\/\/webkrea.kiwanisbelux.site\/bruegel\/nl\/wie-zijn-wij\/"]}]},{"@type":"BreadcrumbList","@id":"https:\/\/webkrea.kiwanisbelux.site\/bruegel\/nl\/wie-zijn-wij\/#breadcrumb","itemListElement":[{"@type":"ListItem","position":1,"name":"Home","item":"https:\/\/webkrea.kiwanisbelux.site\/bruegel\/nl\/"},{"@type":"ListItem","position":2,"name":"Wie zijn wij ?"}]},{"@type":"WebSite","@id":"https:\/\/webkrea.kiwanisbelux.site\/bruegel\/nl\/#website","url":"https:\/\/webkrea.kiwanisbelux.site\/bruegel\/nl\/","name":"Kiwanis Dilbeek Bruegel","description":"","publisher":{"@id":"https:\/\/webkrea.kiwanisbelux.site\/bruegel\/nl\/#organization"},"potentialAction":[{"@type":"SearchAction","target":{"@type":"EntryPoint","urlTemplate":"https:\/\/webkrea.kiwanisbelux.site\/bruegel\/nl\/?s={search_term_string}"},"query-input":"required name=search_term_string"}],"inLanguage":"nl"},{"@type":"Organization","@id":"https:\/\/webkrea.kiwanisbelux.site\/bruegel\/nl\/#organization","name":"Kiwanis","url":"https:\/\/webkrea.kiwanisbelux.site\/bruegel\/nl\/","sameAs":[],"logo":{"@type":"ImageObject","inLanguage":"nl","@id":"https:\/\/webkrea.kiwanisbelux.site\/bruegel\/nl\/#\/schema\/logo\/image\/","url":"https:\/\/webkrea.kiwanisbelux.site\/bruegel\/wp-content\/uploads\/sites\/22\/2021\/04\/kiwanis-logo@2x.png","contentUrl":"https:\/\/webkrea.kiwanisbelux.site\/bruegel\/wp-content\/uploads\/sites\/22\/2021\/04\/kiwanis-logo@2x.png","width":555,"height":100,"caption":"Kiwanis"},"image":{"@id":"https:\/\/webkrea.kiwanisbelux.site\/bruegel\/nl\/#\/schema\/logo\/image\/"}}]}},"_links":{"self":[{"href":"https:\/\/webkrea.kiwanisbelux.site\/bruegel\/nl\/wp-json\/wp\/v2\/pages\/2327"}],"collection":[{"href":"https:\/\/webkrea.kiwanisbelux.site\/bruegel\/nl\/wp-json\/wp\/v2\/pages"}],"about":[{"href":"https:\/\/webkrea.kiwanisbelux.site\/bruegel\/nl\/wp-json\/wp\/v2\/types\/page"}],"author":[{"embeddable":true,"href":"https:\/\/webkrea.kiwanisbelux.site\/bruegel\/nl\/wp-json\/wp\/v2\/users\/6"}],"replies":[{"embeddable":true,"href":"https:\/\/webkrea.kiwanisbelux.site\/bruegel\/nl\/wp-json\/wp\/v2\/comments?post=2327"}],"version-history":[{"count":1,"href":"https:\/\/webkrea.kiwanisbelux.site\/bruegel\/nl\/wp-json\/wp\/v2\/pages\/2327\/revisions"}],"predecessor-version":[{"id":2328,"href":"https:\/\/webkrea.kiwanisbelux.site\/bruegel\/nl\/wp-json\/wp\/v2\/pages\/2327\/revisions\/2328"}],"wp:attachment":[{"href":"https:\/\/webkrea.kiwanisbelux.site\/bruegel\/nl\/wp-json\/wp\/v2\/media?parent=2327"}],"curies":[{"name":"wp","href":"https:\/\/api.w.org\/{rel}","templated":true}]}}