{"id":2298,"date":"2022-08-21T11:21:28","date_gmt":"2022-08-21T09:21:28","guid":{"rendered":"https:\/\/webkrea.kiwanisbelux.site\/bruegel\/?page_id=2298"},"modified":"2022-09-02T08:42:49","modified_gmt":"2022-09-02T06:42:49","slug":"ticketing","status":"publish","type":"page","link":"https:\/\/webkrea.kiwanisbelux.site\/bruegel\/nl\/hommage-a-brel\/ticketing\/","title":{"rendered":"Ticketing"},"content":{"rendered":"<p>[et_pb_section fb_built=&#8221;1&#8243; _builder_version=&#8221;4.16&#8243; global_colors_info=&#8221;{}&#8221;][et_pb_row _builder_version=&#8221;4.17.6&#8243; _module_preset=&#8221;default&#8221; global_colors_info=&#8221;{}&#8221;][et_pb_column type=&#8221;4_4&#8243; _builder_version=&#8221;4.17.6&#8243; _module_preset=&#8221;default&#8221; global_colors_info=&#8221;{}&#8221;][et_pb_image src=&#8221;https:\/\/webkrea.kiwanisbelux.site\/bruegel\/wp-content\/uploads\/sites\/22\/2022\/08\/Hommage-a-brel-filip-jordens-www-header.png&#8221; title_text=&#8221;Hommage-a-brel-filip-jordens-www-header&#8221; _builder_version=&#8221;4.17.6&#8243; _module_preset=&#8221;default&#8221; global_colors_info=&#8221;{}&#8221;][\/et_pb_image][\/et_pb_column][\/et_pb_row][et_pb_row column_structure=&#8221;1_2,1_2&#8243; _builder_version=&#8221;4.17.6&#8243; _module_preset=&#8221;default&#8221; global_colors_info=&#8221;{}&#8221;][et_pb_column type=&#8221;1_2&#8243; _builder_version=&#8221;4.17.6&#8243; _module_preset=&#8221;default&#8221; global_colors_info=&#8221;{}&#8221;][et_pb_text _builder_version=&#8221;4.17.6&#8243; _module_preset=&#8221;default&#8221; min_height=&#8221;87.2px&#8221; locked=&#8221;off&#8221; global_colors_info=&#8221;{}&#8221;]<\/p>\n<p style=\"text-align: right\">\n<p style=\"text-align: right\"><span style=\"color: #337ab7\">2<sup>de<\/sup> balkon\u00a0zijdeling en achtergrond 15 \u20ac<\/span><\/p>\n<p>[\/et_pb_text][et_pb_text _builder_version=&#8221;4.18.0&#8243; _module_preset=&#8221;default&#8221; custom_margin=&#8221;||79px|||&#8221; global_colors_info=&#8221;{}&#8221;]<\/p>\n<p style=\"text-align: right\"><span style=\"color: #eba721\">\u00a02<sup>\u00e8me<\/sup> balkon midden\u00a0 25 \u20ac <\/span><\/p>\n<p>[\/et_pb_text][et_pb_text _builder_version=&#8221;4.18.0&#8243; _module_preset=&#8221;default&#8221; min_height=&#8221;105.2px&#8221; global_colors_info=&#8221;{}&#8221; custom_padding=&#8221;||0px|||&#8221;]<\/p>\n<p style=\"text-align: right\"><span style=\"color: #e92dff\">1<sup>ste<\/sup> balkon 25 \u20ac<\/span><\/p>\n<p>[\/et_pb_text][et_pb_text _builder_version=&#8221;4.17.6&#8243; _module_preset=&#8221;default&#8221; min_height=&#8221;189.2px&#8221; custom_padding=&#8221;||17px|||&#8221; global_colors_info=&#8221;{}&#8221;]<\/p>\n<p style=\"text-align: right\"><span style=\"color: #004179\"><span style=\"color: #44b6ae\">parterre 35 \u20ac<\/span><\/span><\/p>\n<p>[\/et_pb_text][et_pb_text _builder_version=&#8221;4.18.0&#8243; _module_preset=&#8221;default&#8221; custom_margin=&#8221;||-13px|||&#8221; global_colors_info=&#8221;{}&#8221;]<\/p>\n<p style=\"text-align: right; line-height: 1; color: #b49759;\"><span><strong>Gold \/ Vip 50\u20ac<\/strong><\/span><\/p>\n<p style=\"text-align: right; line-height: 1; color: #b49759;\"><span>Inclusief:\u00a0\u00a0\u00a0\u00a0\u00a0\u00a0\u00a0\u00a0\u00a0\u00a0\u00a0\u00a0\u00a0\u00a0\u00a0\u00a0\u00a0 <br \/><\/span><span><\/span><span>1 glas champagne<br \/>2 broodjes<\/span><\/p>\n<p>[\/et_pb_text][\/et_pb_column][et_pb_column type=&#8221;1_2&#8243; _builder_version=&#8221;4.17.6&#8243; _module_preset=&#8221;default&#8221; global_colors_info=&#8221;{}&#8221;][et_pb_image src=&#8221;https:\/\/webkrea.kiwanisbelux.site\/bruegel\/wp-content\/uploads\/sites\/22\/2022\/07\/plan-salle-www-1.png&#8221; alt=&#8221;Plan de la salle Jacque BREL&#8221; title_text=&#8221;plan-salle-www&#8221; _builder_version=&#8221;4.18.0&#8243; _module_preset=&#8221;default&#8221; hover_enabled=&#8221;0&#8243; global_colors_info=&#8221;{}&#8221; sticky_enabled=&#8221;0&#8243;][\/et_pb_image][\/et_pb_column][\/et_pb_row][et_pb_row _builder_version=&#8221;4.17.6&#8243; _module_preset=&#8221;default&#8221; global_colors_info=&#8221;{}&#8221;][et_pb_column type=&#8221;4_4&#8243; _builder_version=&#8221;4.17.6&#8243; _module_preset=&#8221;default&#8221; global_colors_info=&#8221;{}&#8221;][et_pb_text _builder_version=&#8221;4.18.0&#8243; _module_preset=&#8221;default&#8221; text_text_color=&#8221;#FFFFFF&#8221; global_colors_info=&#8221;{}&#8221;]<\/p>\n<p style=\"text-align: center;background-color: #003874\">Aankopen ter plaats 5\u20ac suppl.<\/p>\n<p>[\/et_pb_text][et_pb_text _builder_version=&#8221;4.18.0&#8243; _module_preset=&#8221;default&#8221; global_colors_info=&#8221;{}&#8221;]<a href=\"\/kiwanis2\/bruegel\/wp-content\/uploads\/sites\/22\/2022\/07\/plan-salle-www-1.png\"><span style=\"color: #004179\">Vergroot het zaalplan hier  <\/span><\/a>[\/et_pb_text][et_pb_image src=&#8221;https:\/\/webkrea.kiwanisbelux.site\/bruegel\/wp-content\/uploads\/sites\/22\/2022\/07\/reserveer-nu.png&#8221; title_text=&#8221;reserveer-nu&#8221; url=&#8221;http:\/\/hommage-a-brel\/reservation\/&#8221; align=&#8221;center&#8221; _builder_version=&#8221;4.18.0&#8243; _module_preset=&#8221;default&#8221; global_colors_info=&#8221;{}&#8221;][\/et_pb_image][et_pb_divider _builder_version=&#8221;4.17.6&#8243; _module_preset=&#8221;default&#8221; global_colors_info=&#8221;{}&#8221;][\/et_pb_divider][et_pb_text _builder_version=&#8221;4.18.0&#8243; _module_preset=&#8221;default&#8221; global_module=&#8221;2613&#8243; global_colors_info=&#8221;{}&#8221;]<\/p>\n<h5>U bent verhinderd ? Dan kan U ons ook steunen<\/h5>\n<ul>\n<li>Een gift op rekening <a href=\"faire-un-don\">hier<\/a><\/li>\n<li>Met een publicitaire ruimte in onze programma<\/li>\n<li>Sponsoring van de avond hier<\/li>\n<\/ul>\n<p>Contact met ons opnemen <a href=\"hoe-ons-steunen\">hier<\/a><\/p>\n<p>[\/et_pb_text][et_pb_text _builder_version=&#8221;4.18.0&#8243; _dynamic_attributes=&#8221;content&#8221; _module_preset=&#8221;default&#8221; text_font_size=&#8221;12px&#8221; global_module=&#8221;2663&#8243; global_colors_info=&#8221;{}&#8221;]@ET-DC@eyJkeW5hbWljIjp0cnVlLCJjb250ZW50IjoiY3VycmVudF9kYXRlIiwic2V0dGluZ3MiOnsiYmVmb3JlIjoiTGFhdHN0ZSB1aXRnYXZlICIsImFmdGVyIjoiIiwiZGF0ZV9mb3JtYXQiOiJkZWZhdWx0IiwiY3VzdG9tX2RhdGVfZm9ybWF0IjoiIn19@[\/et_pb_text][\/et_pb_column][\/et_pb_row][\/et_pb_section][et_pb_section fb_built=&#8221;1&#8243; _builder_version=&#8221;4.17.6&#8243; _module_preset=&#8221;default&#8221; global_colors_info=&#8221;{}&#8221;][\/et_pb_section]<\/p>\n","protected":false},"excerpt":{"rendered":"<p>2de balkon\u00a0zijdeling en achtergrond 15 \u20ac\u00a02\u00e8me balkon midden\u00a0 25 \u20ac 1ste balkon 25 \u20acparterre 35 \u20acGold \/ Vip 50\u20ac Inclusief:\u00a0\u00a0\u00a0\u00a0\u00a0\u00a0\u00a0\u00a0\u00a0\u00a0\u00a0\u00a0\u00a0\u00a0\u00a0\u00a0\u00a0 1 glas champagne2 broodjesAankopen ter plaats 5\u20ac suppl.Vergroot het zaalplan [&hellip;]<\/p>\n","protected":false},"author":6,"featured_media":2421,"parent":2294,"menu_order":0,"comment_status":"closed","ping_status":"closed","template":"","meta":{"_et_pb_use_builder":"on","_et_pb_old_content":"<!-- wp:shortcode -->\n[et_pb_section fb_built=\"1\" _builder_version=\"4.16\" global_colors_info=\"{}\"][et_pb_row _builder_version=\"4.17.6\" _module_preset=\"default\"][et_pb_column _builder_version=\"4.17.6\" _module_preset=\"default\" type=\"4_4\"][et_pb_image src=\"https:\/\/webkrea.kiwanisbelux.site\/bruegel\/wp-content\/uploads\/sites\/22\/2022\/08\/Hommage-a-brel-filip-jordens-www-header.png\" _builder_version=\"4.17.6\" _module_preset=\"default\" title_text=\"Hommage-a-brel-filip-jordens-www-header\" hover_enabled=\"0\" sticky_enabled=\"0\"][\/et_pb_image][\/et_pb_column][\/et_pb_row][et_pb_row column_structure=\"1_2,1_2\" _builder_version=\"4.17.6\" _module_preset=\"default\" global_colors_info=\"{}\"][et_pb_column type=\"1_2\" _builder_version=\"4.17.6\" _module_preset=\"default\" global_colors_info=\"{}\"][et_pb_text _builder_version=\"4.17.6\" _module_preset=\"default\" min_height=\"117.2px\" locked=\"off\" global_colors_info=\"{}\"]\n<p style=\"text-align: right;\">\n<p style=\"text-align: right;\"><span style=\"color: #337ab7;\">2<sup>de<\/sup> balkon\u00a0zijdeling en achtergrond 15 \u20ac<\/span><\/p>\n[\/et_pb_text][et_pb_text _builder_version=\"4.17.6\" _module_preset=\"default\" global_colors_info=\"{}\" custom_margin=\"||95px|||\"]\n<p style=\"text-align: right;\"><span style=\"color: #eba721;\">\u00a02<sup>\u00e8me<\/sup> balcon centre\u00a0 25 \u20ac <\/span><\/p>\n[\/et_pb_text][et_pb_text _builder_version=\"4.17.6\" _module_preset=\"default\" global_colors_info=\"{}\" min_height=\"221.2px\"]\n<p style=\"text-align: right;\"><span style=\"color: #e92dff;\">premier balcon 25 \u20ac<\/span><\/p>\n[\/et_pb_text][et_pb_text _builder_version=\"4.17.6\" _module_preset=\"default\" global_colors_info=\"{}\" min_height=\"94.2px\"]\n<p style=\"text-align: right;\"><span style=\"color: #004179;\"><span style=\"color: #44b6ae;\">parterre 35 \u20ac<\/span><\/span><\/p>\n[\/et_pb_text][et_pb_text _builder_version=\"4.17.6\" _module_preset=\"default\" hover_enabled=\"0\" global_colors_info=\"{}\" sticky_enabled=\"0\" custom_margin=\"||-13px|||\"]\n<p style=\"text-align: right;\"><span style=\"color: #b49759;\"><strong>Gold \/ Vip 50\u20ac<\/strong>\nInclus:\n1 verre de champagne\n2 sandwiches<\/span><\/p>\n[\/et_pb_text][\/et_pb_column][et_pb_column type=\"1_2\" _builder_version=\"4.17.6\" _module_preset=\"default\" global_colors_info=\"{}\"][et_pb_image src=\"https:\/\/webkrea.kiwanisbelux.site\/bruegel\/wp-content\/uploads\/sites\/22\/2022\/07\/plan-salle-www-1.png\" alt=\"Plan de la salle Jacque BREL\" title_text=\"plan-salle-www\" _builder_version=\"4.17.6\" _module_preset=\"default\" global_colors_info=\"{}\"][\/et_pb_image][\/et_pb_column][\/et_pb_row][et_pb_row _builder_version=\"4.17.6\" _module_preset=\"default\"][et_pb_column _builder_version=\"4.17.6\" _module_preset=\"default\" type=\"4_4\"][et_pb_text _builder_version=\"4.17.6\" _module_preset=\"default\" hover_enabled=\"0\" sticky_enabled=\"0\" text_text_color=\"#FFFFFF\"]\n<p style=\"text-align: center; background-color: #003874;\">Achat sur place ajoutez 5\u20ac par place<\/p>\n[\/et_pb_text][et_pb_text _builder_version=\"4.17.6\" _module_preset=\"default\" hover_enabled=\"0\" sticky_enabled=\"0\"]\n\n<a href=\"\/kiwanis2\/bruegel\/wp-content\/uploads\/sites\/22\/2022\/07\/plan-salle-www-1.png\"><span style=\"color: #004179;\">Agrandir le plan de la salle ici <\/span><\/a>\n\n[\/et_pb_text][et_pb_image src=\"https:\/\/webkrea.kiwanisbelux.site\/bruegel\/wp-content\/uploads\/sites\/22\/2022\/07\/reservez-maintenant.png\" _builder_version=\"4.17.6\" _module_preset=\"default\" title_text=\"reservez-maintenant\" url=\"hommage-a-brel\/reservation\/\" hover_enabled=\"0\" sticky_enabled=\"0\" align=\"center\"][\/et_pb_image][et_pb_divider _builder_version=\"4.17.6\" _module_preset=\"default\" hover_enabled=\"0\" sticky_enabled=\"0\"][\/et_pb_divider][et_pb_text _builder_version=\"4.17.6\" _module_preset=\"default\" width=\"100%\" max_width=\"100%\" saved_tabs=\"all\" global_colors_info=\"{}\" global_module=\"2377\" theme_builder_area=\"post_content\"]\n<h5>Emp\u00each\u00e9 ? Vous pouvez aussi nous soutenir par<\/h5>\n<ul>\n \t<li>Une promesse de don <a href=\"..\/faire-un-don\">ici<\/a><\/li>\n \t<li>Insertion d'une publicit\u00e9 dans le programme<\/li>\n \t<li>M\u00e9c\u00e9nats en sponsorisant la soir\u00e9e<\/li>\n<\/ul>\nToutes les informations <a href=\"..\/nous-soutenir\">ici<\/a>\n\n[\/et_pb_text][\/et_pb_column][\/et_pb_row][\/et_pb_section]\n<!-- \/wp:shortcode -->\n\n<!-- wp:paragraph -->\n<p>[et_pb_section fb_built=\"1\" _builder_version=\"4.17.6\" _module_preset=\"default\" global_colors_info=\"{}\"][\/et_pb_section]<\/p>\n<!-- \/wp:paragraph -->","_et_gb_content_width":""},"yoast_head":"<!-- This site is optimized with the Yoast SEO plugin v19.8 - https:\/\/yoast.com\/wordpress\/plugins\/seo\/ -->\n<title>Ticketing - Kiwanis Dilbeek Bruegel<\/title>\n<meta name=\"robots\" content=\"noindex, follow, max-snippet:-1, max-image-preview:large, max-video-preview:-1\" \/>\n<meta property=\"og:locale\" content=\"nl_NL\" \/>\n<meta property=\"og:type\" content=\"article\" \/>\n<meta property=\"og:title\" content=\"Ticketing - Kiwanis Dilbeek Bruegel\" \/>\n<meta property=\"og:description\" content=\"2de balkon\u00a0zijdeling en achtergrond 15 \u20ac\u00a02\u00e8me balkon midden\u00a0 25 \u20ac 1ste balkon 25 \u20acparterre 35 \u20acGold \/ Vip 50\u20ac Inclusief:\u00a0\u00a0\u00a0\u00a0\u00a0\u00a0\u00a0\u00a0\u00a0\u00a0\u00a0\u00a0\u00a0\u00a0\u00a0\u00a0\u00a0 1 glas champagne2 broodjesAankopen ter plaats 5\u20ac suppl.Vergroot het zaalplan [&hellip;]\" \/>\n<meta property=\"og:url\" content=\"https:\/\/webkrea.kiwanisbelux.site\/bruegel\/nl\/hommage-a-brel\/ticketing\/\" \/>\n<meta property=\"og:site_name\" content=\"Kiwanis Dilbeek Bruegel\" \/>\n<meta property=\"article:modified_time\" content=\"2022-09-02T06:42:49+00:00\" \/>\n<meta property=\"og:image\" content=\"https:\/\/webkrea.kiwanisbelux.site\/bruegel\/wp-content\/uploads\/sites\/22\/2022\/08\/hommage-brel-wp.jpg\" \/>\n\t<meta property=\"og:image:width\" content=\"1358\" \/>\n\t<meta property=\"og:image:height\" content=\"339\" \/>\n\t<meta property=\"og:image:type\" content=\"image\/jpeg\" \/>\n<meta name=\"twitter:card\" content=\"summary_large_image\" \/>\n<meta name=\"twitter:label1\" content=\"Geschatte leestijd\" \/>\n\t<meta name=\"twitter:data1\" content=\"1 minuut\" \/>\n<script type=\"application\/ld+json\" class=\"yoast-schema-graph\">{\"@context\":\"https:\/\/schema.org\",\"@graph\":[{\"@type\":\"WebPage\",\"@id\":\"https:\/\/webkrea.kiwanisbelux.site\/bruegel\/nl\/hommage-a-brel\/ticketing\/\",\"url\":\"https:\/\/webkrea.kiwanisbelux.site\/bruegel\/nl\/hommage-a-brel\/ticketing\/\",\"name\":\"Ticketing - Kiwanis Dilbeek Bruegel\",\"isPartOf\":{\"@id\":\"https:\/\/webkrea.kiwanisbelux.site\/bruegel\/nl\/#website\"},\"datePublished\":\"2022-08-21T09:21:28+00:00\",\"dateModified\":\"2022-09-02T06:42:49+00:00\",\"breadcrumb\":{\"@id\":\"https:\/\/webkrea.kiwanisbelux.site\/bruegel\/nl\/hommage-a-brel\/ticketing\/#breadcrumb\"},\"inLanguage\":\"nl\",\"potentialAction\":[{\"@type\":\"ReadAction\",\"target\":[\"https:\/\/webkrea.kiwanisbelux.site\/bruegel\/nl\/hommage-a-brel\/ticketing\/\"]}]},{\"@type\":\"BreadcrumbList\",\"@id\":\"https:\/\/webkrea.kiwanisbelux.site\/bruegel\/nl\/hommage-a-brel\/ticketing\/#breadcrumb\",\"itemListElement\":[{\"@type\":\"ListItem\",\"position\":1,\"name\":\"Home\",\"item\":\"https:\/\/webkrea.kiwanisbelux.site\/bruegel\/nl\/\"},{\"@type\":\"ListItem\",\"position\":2,\"name\":\"Hommage \u00e0 BREL\",\"item\":\"https:\/\/webkrea.kiwanisbelux.site\/bruegel\/nl\/hommage-a-brel\/\"},{\"@type\":\"ListItem\",\"position\":3,\"name\":\"Ticketing\"}]},{\"@type\":\"WebSite\",\"@id\":\"https:\/\/webkrea.kiwanisbelux.site\/bruegel\/nl\/#website\",\"url\":\"https:\/\/webkrea.kiwanisbelux.site\/bruegel\/nl\/\",\"name\":\"Kiwanis Dilbeek Bruegel\",\"description\":\"\",\"publisher\":{\"@id\":\"https:\/\/webkrea.kiwanisbelux.site\/bruegel\/nl\/#organization\"},\"potentialAction\":[{\"@type\":\"SearchAction\",\"target\":{\"@type\":\"EntryPoint\",\"urlTemplate\":\"https:\/\/webkrea.kiwanisbelux.site\/bruegel\/nl\/?s={search_term_string}\"},\"query-input\":\"required name=search_term_string\"}],\"inLanguage\":\"nl\"},{\"@type\":\"Organization\",\"@id\":\"https:\/\/webkrea.kiwanisbelux.site\/bruegel\/nl\/#organization\",\"name\":\"Kiwanis\",\"url\":\"https:\/\/webkrea.kiwanisbelux.site\/bruegel\/nl\/\",\"sameAs\":[],\"logo\":{\"@type\":\"ImageObject\",\"inLanguage\":\"nl\",\"@id\":\"https:\/\/webkrea.kiwanisbelux.site\/bruegel\/nl\/#\/schema\/logo\/image\/\",\"url\":\"https:\/\/webkrea.kiwanisbelux.site\/bruegel\/wp-content\/uploads\/sites\/22\/2021\/04\/kiwanis-logo@2x.png\",\"contentUrl\":\"https:\/\/webkrea.kiwanisbelux.site\/bruegel\/wp-content\/uploads\/sites\/22\/2021\/04\/kiwanis-logo@2x.png\",\"width\":555,\"height\":100,\"caption\":\"Kiwanis\"},\"image\":{\"@id\":\"https:\/\/webkrea.kiwanisbelux.site\/bruegel\/nl\/#\/schema\/logo\/image\/\"}}]}<\/script>\n<!-- \/ Yoast SEO plugin. -->","yoast_head_json":{"title":"Ticketing - Kiwanis Dilbeek Bruegel","robots":{"index":"noindex","follow":"follow","max-snippet":"max-snippet:-1","max-image-preview":"max-image-preview:large","max-video-preview":"max-video-preview:-1"},"og_locale":"nl_NL","og_type":"article","og_title":"Ticketing - Kiwanis Dilbeek Bruegel","og_description":"2de balkon\u00a0zijdeling en achtergrond 15 \u20ac\u00a02\u00e8me balkon midden\u00a0 25 \u20ac 1ste balkon 25 \u20acparterre 35 \u20acGold \/ Vip 50\u20ac Inclusief:\u00a0\u00a0\u00a0\u00a0\u00a0\u00a0\u00a0\u00a0\u00a0\u00a0\u00a0\u00a0\u00a0\u00a0\u00a0\u00a0\u00a0 1 glas champagne2 broodjesAankopen ter plaats 5\u20ac suppl.Vergroot het zaalplan [&hellip;]","og_url":"https:\/\/webkrea.kiwanisbelux.site\/bruegel\/nl\/hommage-a-brel\/ticketing\/","og_site_name":"Kiwanis Dilbeek Bruegel","article_modified_time":"2022-09-02T06:42:49+00:00","og_image":[{"width":1358,"height":339,"url":"https:\/\/webkrea.kiwanisbelux.site\/bruegel\/wp-content\/uploads\/sites\/22\/2022\/08\/hommage-brel-wp.jpg","type":"image\/jpeg"}],"twitter_card":"summary_large_image","twitter_misc":{"Geschatte leestijd":"1 minuut"},"schema":{"@context":"https:\/\/schema.org","@graph":[{"@type":"WebPage","@id":"https:\/\/webkrea.kiwanisbelux.site\/bruegel\/nl\/hommage-a-brel\/ticketing\/","url":"https:\/\/webkrea.kiwanisbelux.site\/bruegel\/nl\/hommage-a-brel\/ticketing\/","name":"Ticketing - Kiwanis Dilbeek Bruegel","isPartOf":{"@id":"https:\/\/webkrea.kiwanisbelux.site\/bruegel\/nl\/#website"},"datePublished":"2022-08-21T09:21:28+00:00","dateModified":"2022-09-02T06:42:49+00:00","breadcrumb":{"@id":"https:\/\/webkrea.kiwanisbelux.site\/bruegel\/nl\/hommage-a-brel\/ticketing\/#breadcrumb"},"inLanguage":"nl","potentialAction":[{"@type":"ReadAction","target":["https:\/\/webkrea.kiwanisbelux.site\/bruegel\/nl\/hommage-a-brel\/ticketing\/"]}]},{"@type":"BreadcrumbList","@id":"https:\/\/webkrea.kiwanisbelux.site\/bruegel\/nl\/hommage-a-brel\/ticketing\/#breadcrumb","itemListElement":[{"@type":"ListItem","position":1,"name":"Home","item":"https:\/\/webkrea.kiwanisbelux.site\/bruegel\/nl\/"},{"@type":"ListItem","position":2,"name":"Hommage \u00e0 BREL","item":"https:\/\/webkrea.kiwanisbelux.site\/bruegel\/nl\/hommage-a-brel\/"},{"@type":"ListItem","position":3,"name":"Ticketing"}]},{"@type":"WebSite","@id":"https:\/\/webkrea.kiwanisbelux.site\/bruegel\/nl\/#website","url":"https:\/\/webkrea.kiwanisbelux.site\/bruegel\/nl\/","name":"Kiwanis Dilbeek Bruegel","description":"","publisher":{"@id":"https:\/\/webkrea.kiwanisbelux.site\/bruegel\/nl\/#organization"},"potentialAction":[{"@type":"SearchAction","target":{"@type":"EntryPoint","urlTemplate":"https:\/\/webkrea.kiwanisbelux.site\/bruegel\/nl\/?s={search_term_string}"},"query-input":"required name=search_term_string"}],"inLanguage":"nl"},{"@type":"Organization","@id":"https:\/\/webkrea.kiwanisbelux.site\/bruegel\/nl\/#organization","name":"Kiwanis","url":"https:\/\/webkrea.kiwanisbelux.site\/bruegel\/nl\/","sameAs":[],"logo":{"@type":"ImageObject","inLanguage":"nl","@id":"https:\/\/webkrea.kiwanisbelux.site\/bruegel\/nl\/#\/schema\/logo\/image\/","url":"https:\/\/webkrea.kiwanisbelux.site\/bruegel\/wp-content\/uploads\/sites\/22\/2021\/04\/kiwanis-logo@2x.png","contentUrl":"https:\/\/webkrea.kiwanisbelux.site\/bruegel\/wp-content\/uploads\/sites\/22\/2021\/04\/kiwanis-logo@2x.png","width":555,"height":100,"caption":"Kiwanis"},"image":{"@id":"https:\/\/webkrea.kiwanisbelux.site\/bruegel\/nl\/#\/schema\/logo\/image\/"}}]}},"_links":{"self":[{"href":"https:\/\/webkrea.kiwanisbelux.site\/bruegel\/nl\/wp-json\/wp\/v2\/pages\/2298"}],"collection":[{"href":"https:\/\/webkrea.kiwanisbelux.site\/bruegel\/nl\/wp-json\/wp\/v2\/pages"}],"about":[{"href":"https:\/\/webkrea.kiwanisbelux.site\/bruegel\/nl\/wp-json\/wp\/v2\/types\/page"}],"author":[{"embeddable":true,"href":"https:\/\/webkrea.kiwanisbelux.site\/bruegel\/nl\/wp-json\/wp\/v2\/users\/6"}],"replies":[{"embeddable":true,"href":"https:\/\/webkrea.kiwanisbelux.site\/bruegel\/nl\/wp-json\/wp\/v2\/comments?post=2298"}],"version-history":[{"count":10,"href":"https:\/\/webkrea.kiwanisbelux.site\/bruegel\/nl\/wp-json\/wp\/v2\/pages\/2298\/revisions"}],"predecessor-version":[{"id":2748,"href":"https:\/\/webkrea.kiwanisbelux.site\/bruegel\/nl\/wp-json\/wp\/v2\/pages\/2298\/revisions\/2748"}],"up":[{"embeddable":true,"href":"https:\/\/webkrea.kiwanisbelux.site\/bruegel\/nl\/wp-json\/wp\/v2\/pages\/2294"}],"wp:featuredmedia":[{"embeddable":true,"href":"https:\/\/webkrea.kiwanisbelux.site\/bruegel\/nl\/wp-json\/wp\/v2\/media\/2421"}],"wp:attachment":[{"href":"https:\/\/webkrea.kiwanisbelux.site\/bruegel\/nl\/wp-json\/wp\/v2\/media?parent=2298"}],"curies":[{"name":"wp","href":"https:\/\/api.w.org\/{rel}","templated":true}]}}